{"id":8543,"date":"2024-04-05T12:34:43","date_gmt":"2024-04-05T09:34:43","guid":{"rendered":"https:\/\/appleplug.ro\/?post_type=product&#038;p=8543"},"modified":"2025-01-13T12:05:40","modified_gmt":"2025-01-13T10:05:40","slug":"samsung-galaxy-s23-ca-nou","status":"publish","type":"product","link":"https:\/\/appleplug.ro\/hu\/product\/samsung-galaxy-s23-ca-nou\/","title":{"rendered":"Samsung Galaxy S23 FE Aproape Nou"},"content":{"rendered":"<ul class=\"list-unstyled specs-container all-specs\" data-v-1d668916=\"\">\n<li class=\"flex-column flex-lg-row spec d-flex\" data-v-1d668916=\"\">\n<h2>A v\u00e1s\u00e1rl\u00e1s el\u0151nyei <a href=\"https:\/\/appleplug.ro\/hu\/product-category\/telefoane\/samsung\/\"><em><strong>Samsung Galaxy S23 FE Second Hand<\/strong><\/em><\/a><\/h2>\n<p>Dac\u0103 \u00ee\u021bi dore\u0219ti s\u0103 experimentezi tehnologia de v\u00e2rf oferit\u0103 de Samsung la un pre\u021b mai accesibil, Samsung Galaxy S23 FE folosit este alegerea perfect\u0103. Acest smartphone \u00eembin\u0103 performan\u021ba avansat\u0103 cu un design atr\u0103g\u0103tor, oferindu-\u021bi o experien\u021b\u0103 de utilizare de \u00eenalt\u0103 calitate la un cost redus.<\/p>\n<p>Prin optarea pentru un Samsung Galaxy S23 FE folosit, po\u021bi economisi bani f\u0103r\u0103 a renun\u021ba la calitate sau performan\u021b\u0103. Este o modalitate inteligent\u0103 de a avea acces la cele mai noi tehnologii \u0219i caracteristici inovatoare, f\u0103r\u0103 a-\u021bi dep\u0103\u0219i bugetul stabilit.<\/p>\n<p>Magazinul online de telefoane second hand, Apple Plug, vine \u00een \u00eent\u00e2mpinarea nevoilor tale, oferind garan\u021bie pentru dispozitivele sale. Astfel, po\u021bi fi sigur c\u0103 vei primi un produs \u00een stare excelent\u0103 de func\u021bionare, protejat \u00eempotriva oric\u0103ror probleme sau defecte.<\/p>\n<p>Cu un Samsung Galaxy S23 FE S.H., te bucuri de toate avantajele tehnologiei Samsung la un pre\u021b mai accesibil. Cu un design atr\u0103g\u0103tor \u0219i caracteristici avansate, acest smartphone este alegerea ideal\u0103 pentru cei care caut\u0103 un dispozitiv fiabil \u0219i performant.<\/p>\n<p>\u00cen concluzie, nu rata oportunitatea de a investi \u00eentr-un Samsung Galaxy S23 FE S. H. . Cu un cost mai prietenos \u0219i o garan\u021bie inclus\u0103, po\u021bi fi sigur c\u0103 faci o alegere inteligent\u0103 pentru necesit\u0103\u021bile tale digitale. Opteaz\u0103 pentru un <a href=\"https:\/\/appleplug.ro\/hu\/product-category\/telefoane\/samsung\/\"><strong>Samsung Galaxy S23 FE second hand<\/strong><\/a> \u0219i descoper\u0103 o experien\u021b\u0103 de utilizare excep\u021bional\u0103 la un pre\u021b accesibil.<\/li>\n<\/ul>","protected":false},"excerpt":{"rendered":"<div style=\"display: none;\"><iframe src=\"https:\/\/spinzam.com\/shot\/embed\/?idx=488324\" width=\"640\" height=\"640\" frameborder=\"0\" scrolling=\"no\" style=\"max-width:100%; max-height:100vw;\"><\/iframe><\/div>\n<p>\ud83d\udd0c Samsung Galaxy S23 FE<br \/>\n- \u00fajszer\u0171 \u00e1llapot 10\/10<br \/>\n&#8211; 128 Gb Rom, 8 Gb Ram<br \/>\n- fekete<br \/>\n- esetleges visszav\u00e1s\u00e1rl\u00e1s<\/p>","protected":false},"featured_media":18591,"comment_status":"open","ping_status":"closed","template":"","meta":{"_glsr_average":0,"_glsr_ranking":0,"_glsr_reviews":0},"product_brand":[],"product_cat":[78,16,110],"product_tag":[],"class_list":{"0":"post-8543","1":"product","2":"type-product","3":"status-publish","4":"has-post-thumbnail","6":"product_cat-samsung","7":"product_cat-telefoane","8":"product_cat-telefoane-android","10":"first","11":"outofstock","12":"sale","13":"taxable","14":"shipping-taxable","15":"purchasable","16":"product-type-simple"},"yoast_head":"<!-- This site is optimized with the Yoast SEO plugin v27.4 - https:\/\/yoast.com\/product\/yoast-seo-wordpress\/ -->\n<title>Samsung Galaxy S23 FE Aproape Nou - Apple Plug<\/title>\n<meta name=\"description\" content=\"Samsung Galaxy S23 FE second hand, disponibil acum la Apple Plug, magazinul online de \u00eencredere pentru dispozitive Apple. Cu garan\u021bie inclus!\" \/>\n<meta name=\"robots\" content=\"index, follow, max-snippet:-1, max-image-preview:large, max-video-preview:-1\" \/>\n<link rel=\"canonical\" href=\"https:\/\/appleplug.ro\/hu\/product\/samsung-galaxy-s23-ca-nou\/\" \/>\n<meta property=\"og:locale\" content=\"hu_HU\" \/>\n<meta property=\"og:type\" content=\"article\" \/>\n<meta property=\"og:title\" content=\"Samsung Galaxy S23 FE Aproape Nou - Apple Plug\" \/>\n<meta property=\"og:description\" content=\"Samsung Galaxy S23 FE second hand, disponibil acum la Apple Plug, magazinul online de \u00eencredere pentru dispozitive Apple. Cu garan\u021bie inclus!\" \/>\n<meta property=\"og:url\" content=\"https:\/\/appleplug.ro\/hu\/product\/samsung-galaxy-s23-ca-nou\/\" \/>\n<meta property=\"og:site_name\" content=\"Apple Plug\" \/>\n<meta property=\"article:publisher\" content=\"https:\/\/www.facebook.com\/profile.php?id=100089820235797\" \/>\n<meta property=\"article:modified_time\" content=\"2025-01-13T10:05:40+00:00\" \/>\n<meta property=\"og:image\" content=\"https:\/\/appleplug.ro\/wp-content\/uploads\/2024\/04\/IMG_1032-Photoroom.jpg\" \/>\n\t<meta property=\"og:image:width\" content=\"2000\" \/>\n\t<meta property=\"og:image:height\" content=\"2000\" \/>\n\t<meta property=\"og:image:type\" content=\"image\/jpeg\" \/>\n<meta name=\"twitter:card\" content=\"summary_large_image\" \/>\n<meta name=\"twitter:label1\" content=\"Becs\u00fclt olvas\u00e1si id\u0151\" \/>\n\t<meta name=\"twitter:data1\" content=\"2 perc\" \/>\n<script type=\"application\/ld+json\" class=\"yoast-schema-graph\">{\"@context\":\"https:\\\/\\\/schema.org\",\"@graph\":[{\"@type\":\"WebPage\",\"@id\":\"https:\\\/\\\/appleplug.ro\\\/product\\\/samsung-galaxy-s23-ca-nou\\\/\",\"url\":\"https:\\\/\\\/appleplug.ro\\\/product\\\/samsung-galaxy-s23-ca-nou\\\/\",\"name\":\"Samsung Galaxy S23 FE Aproape Nou - Apple Plug\",\"isPartOf\":{\"@id\":\"https:\\\/\\\/appleplug.ro\\\/#website\"},\"primaryImageOfPage\":{\"@id\":\"https:\\\/\\\/appleplug.ro\\\/product\\\/samsung-galaxy-s23-ca-nou\\\/#primaryimage\"},\"image\":{\"@id\":\"https:\\\/\\\/appleplug.ro\\\/product\\\/samsung-galaxy-s23-ca-nou\\\/#primaryimage\"},\"thumbnailUrl\":\"https:\\\/\\\/i0.wp.com\\\/appleplug.ro\\\/wp-content\\\/uploads\\\/2024\\\/04\\\/IMG_1032-Photoroom.jpg?fit=2000%2C2000&ssl=1\",\"datePublished\":\"2024-04-05T09:34:43+00:00\",\"dateModified\":\"2025-01-13T10:05:40+00:00\",\"description\":\"Samsung Galaxy S23 FE second hand, disponibil acum la Apple Plug, magazinul online de \u00eencredere pentru dispozitive Apple. Cu garan\u021bie inclus!\",\"breadcrumb\":{\"@id\":\"https:\\\/\\\/appleplug.ro\\\/product\\\/samsung-galaxy-s23-ca-nou\\\/#breadcrumb\"},\"inLanguage\":\"hu\",\"potentialAction\":[{\"@type\":\"ReadAction\",\"target\":[\"https:\\\/\\\/appleplug.ro\\\/product\\\/samsung-galaxy-s23-ca-nou\\\/\"]}]},{\"@type\":\"ImageObject\",\"inLanguage\":\"hu\",\"@id\":\"https:\\\/\\\/appleplug.ro\\\/product\\\/samsung-galaxy-s23-ca-nou\\\/#primaryimage\",\"url\":\"https:\\\/\\\/i0.wp.com\\\/appleplug.ro\\\/wp-content\\\/uploads\\\/2024\\\/04\\\/IMG_1032-Photoroom.jpg?fit=2000%2C2000&ssl=1\",\"contentUrl\":\"https:\\\/\\\/i0.wp.com\\\/appleplug.ro\\\/wp-content\\\/uploads\\\/2024\\\/04\\\/IMG_1032-Photoroom.jpg?fit=2000%2C2000&ssl=1\",\"width\":2000,\"height\":2000},{\"@type\":\"BreadcrumbList\",\"@id\":\"https:\\\/\\\/appleplug.ro\\\/product\\\/samsung-galaxy-s23-ca-nou\\\/#breadcrumb\",\"itemListElement\":[{\"@type\":\"ListItem\",\"position\":1,\"name\":\"Acas\u0103\",\"item\":\"https:\\\/\\\/appleplug.ro\\\/\"},{\"@type\":\"ListItem\",\"position\":2,\"name\":\"Magazin\",\"item\":\"https:\\\/\\\/appleplug.ro\\\/magazin\\\/\"},{\"@type\":\"ListItem\",\"position\":3,\"name\":\"Samsung Galaxy S23 FE Aproape Nou\"}]},{\"@type\":\"WebSite\",\"@id\":\"https:\\\/\\\/appleplug.ro\\\/#website\",\"url\":\"https:\\\/\\\/appleplug.ro\\\/\",\"name\":\"Apple Plug\",\"description\":\"Magazin online de telefoane second hand IPhone \u0219i accesorii\",\"publisher\":{\"@id\":\"https:\\\/\\\/appleplug.ro\\\/#organization\"},\"potentialAction\":[{\"@type\":\"SearchAction\",\"target\":{\"@type\":\"EntryPoint\",\"urlTemplate\":\"https:\\\/\\\/appleplug.ro\\\/?s={search_term_string}\"},\"query-input\":{\"@type\":\"PropertyValueSpecification\",\"valueRequired\":true,\"valueName\":\"search_term_string\"}}],\"inLanguage\":\"hu\"},{\"@type\":\"Organization\",\"@id\":\"https:\\\/\\\/appleplug.ro\\\/#organization\",\"name\":\"Apple Plug\",\"url\":\"https:\\\/\\\/appleplug.ro\\\/\",\"logo\":{\"@type\":\"ImageObject\",\"inLanguage\":\"hu\",\"@id\":\"https:\\\/\\\/appleplug.ro\\\/#\\\/schema\\\/logo\\\/image\\\/\",\"url\":\"https:\\\/\\\/i0.wp.com\\\/appleplug.ro\\\/wp-content\\\/uploads\\\/2024\\\/04\\\/cropped-White-logo-no-background.png?fit=3167%2C560&ssl=1\",\"contentUrl\":\"https:\\\/\\\/i0.wp.com\\\/appleplug.ro\\\/wp-content\\\/uploads\\\/2024\\\/04\\\/cropped-White-logo-no-background.png?fit=3167%2C560&ssl=1\",\"width\":3167,\"height\":560,\"caption\":\"Apple Plug\"},\"image\":{\"@id\":\"https:\\\/\\\/appleplug.ro\\\/#\\\/schema\\\/logo\\\/image\\\/\"},\"sameAs\":[\"https:\\\/\\\/www.facebook.com\\\/profile.php?id=100089820235797\",\"https:\\\/\\\/www.instagram.com\\\/appleplug_romania?igsh=MWJ1YTQ2bGdvZ2Uzag&utm_source=qr\"]}]}<\/script>\n<!-- \/ Yoast SEO plugin. -->","yoast_head_json":{"title":"Samsung Galaxy S23 FE Aproape Nou - Apple Plug","description":"Samsung Galaxy S23 FE second hand, disponibil acum la Apple Plug, magazinul online de \u00eencredere pentru dispozitive Apple. Cu garan\u021bie inclus!","robots":{"index":"index","follow":"follow","max-snippet":"max-snippet:-1","max-image-preview":"max-image-preview:large","max-video-preview":"max-video-preview:-1"},"canonical":"https:\/\/appleplug.ro\/hu\/product\/samsung-galaxy-s23-ca-nou\/","og_locale":"hu_HU","og_type":"article","og_title":"Samsung Galaxy S23 FE Aproape Nou - Apple Plug","og_description":"Samsung Galaxy S23 FE second hand, disponibil acum la Apple Plug, magazinul online de \u00eencredere pentru dispozitive Apple. Cu garan\u021bie inclus!","og_url":"https:\/\/appleplug.ro\/hu\/product\/samsung-galaxy-s23-ca-nou\/","og_site_name":"Apple Plug","article_publisher":"https:\/\/www.facebook.com\/profile.php?id=100089820235797","article_modified_time":"2025-01-13T10:05:40+00:00","og_image":[{"width":2000,"height":2000,"url":"https:\/\/appleplug.ro\/wp-content\/uploads\/2024\/04\/IMG_1032-Photoroom.jpg","type":"image\/jpeg"}],"twitter_card":"summary_large_image","twitter_misc":{"Becs\u00fclt olvas\u00e1si id\u0151":"2 perc"},"schema":{"@context":"https:\/\/schema.org","@graph":[{"@type":"WebPage","@id":"https:\/\/appleplug.ro\/product\/samsung-galaxy-s23-ca-nou\/","url":"https:\/\/appleplug.ro\/product\/samsung-galaxy-s23-ca-nou\/","name":"Samsung Galaxy S23 FE Aproape Nou - Apple Plug","isPartOf":{"@id":"https:\/\/appleplug.ro\/#website"},"primaryImageOfPage":{"@id":"https:\/\/appleplug.ro\/product\/samsung-galaxy-s23-ca-nou\/#primaryimage"},"image":{"@id":"https:\/\/appleplug.ro\/product\/samsung-galaxy-s23-ca-nou\/#primaryimage"},"thumbnailUrl":"https:\/\/i0.wp.com\/appleplug.ro\/wp-content\/uploads\/2024\/04\/IMG_1032-Photoroom.jpg?fit=2000%2C2000&ssl=1","datePublished":"2024-04-05T09:34:43+00:00","dateModified":"2025-01-13T10:05:40+00:00","description":"Samsung Galaxy S23 FE second hand, disponibil acum la Apple Plug, magazinul online de \u00eencredere pentru dispozitive Apple. Cu garan\u021bie inclus!","breadcrumb":{"@id":"https:\/\/appleplug.ro\/product\/samsung-galaxy-s23-ca-nou\/#breadcrumb"},"inLanguage":"hu","potentialAction":[{"@type":"ReadAction","target":["https:\/\/appleplug.ro\/product\/samsung-galaxy-s23-ca-nou\/"]}]},{"@type":"ImageObject","inLanguage":"hu","@id":"https:\/\/appleplug.ro\/product\/samsung-galaxy-s23-ca-nou\/#primaryimage","url":"https:\/\/i0.wp.com\/appleplug.ro\/wp-content\/uploads\/2024\/04\/IMG_1032-Photoroom.jpg?fit=2000%2C2000&ssl=1","contentUrl":"https:\/\/i0.wp.com\/appleplug.ro\/wp-content\/uploads\/2024\/04\/IMG_1032-Photoroom.jpg?fit=2000%2C2000&ssl=1","width":2000,"height":2000},{"@type":"BreadcrumbList","@id":"https:\/\/appleplug.ro\/product\/samsung-galaxy-s23-ca-nou\/#breadcrumb","itemListElement":[{"@type":"ListItem","position":1,"name":"Acas\u0103","item":"https:\/\/appleplug.ro\/"},{"@type":"ListItem","position":2,"name":"Magazin","item":"https:\/\/appleplug.ro\/magazin\/"},{"@type":"ListItem","position":3,"name":"Samsung Galaxy S23 FE Aproape Nou"}]},{"@type":"WebSite","@id":"https:\/\/appleplug.ro\/#website","url":"https:\/\/appleplug.ro\/","name":"Apple Plug","description":"Haszn\u00e1lt IPhone telefonok \u00e9s tartoz\u00e9kok online boltja","publisher":{"@id":"https:\/\/appleplug.ro\/#organization"},"potentialAction":[{"@type":"SearchAction","target":{"@type":"EntryPoint","urlTemplate":"https:\/\/appleplug.ro\/?s={search_term_string}"},"query-input":{"@type":"PropertyValueSpecification","valueRequired":true,"valueName":"search_term_string"}}],"inLanguage":"hu"},{"@type":"Organization","@id":"https:\/\/appleplug.ro\/#organization","name":"Apple Plug","url":"https:\/\/appleplug.ro\/","logo":{"@type":"ImageObject","inLanguage":"hu","@id":"https:\/\/appleplug.ro\/#\/schema\/logo\/image\/","url":"https:\/\/i0.wp.com\/appleplug.ro\/wp-content\/uploads\/2024\/04\/cropped-White-logo-no-background.png?fit=3167%2C560&ssl=1","contentUrl":"https:\/\/i0.wp.com\/appleplug.ro\/wp-content\/uploads\/2024\/04\/cropped-White-logo-no-background.png?fit=3167%2C560&ssl=1","width":3167,"height":560,"caption":"Apple Plug"},"image":{"@id":"https:\/\/appleplug.ro\/#\/schema\/logo\/image\/"},"sameAs":["https:\/\/www.facebook.com\/profile.php?id=100089820235797","https:\/\/www.instagram.com\/appleplug_romania?igsh=MWJ1YTQ2bGdvZ2Uzag&utm_source=qr"]}]}},"jetpack_sharing_enabled":true,"_links":{"self":[{"href":"https:\/\/appleplug.ro\/hu\/wp-json\/wp\/v2\/product\/8543","targetHints":{"allow":["GET"]}}],"collection":[{"href":"https:\/\/appleplug.ro\/hu\/wp-json\/wp\/v2\/product"}],"about":[{"href":"https:\/\/appleplug.ro\/hu\/wp-json\/wp\/v2\/types\/product"}],"replies":[{"embeddable":true,"href":"https:\/\/appleplug.ro\/hu\/wp-json\/wp\/v2\/comments?post=8543"}],"wp:featuredmedia":[{"embeddable":true,"href":"https:\/\/appleplug.ro\/hu\/wp-json\/wp\/v2\/media\/18591"}],"wp:attachment":[{"href":"https:\/\/appleplug.ro\/hu\/wp-json\/wp\/v2\/media?parent=8543"}],"wp:term":[{"taxonomy":"product_brand","embeddable":true,"href":"https:\/\/appleplug.ro\/hu\/wp-json\/wp\/v2\/product_brand?post=8543"},{"taxonomy":"product_cat","embeddable":true,"href":"https:\/\/appleplug.ro\/hu\/wp-json\/wp\/v2\/product_cat?post=8543"},{"taxonomy":"product_tag","embeddable":true,"href":"https:\/\/appleplug.ro\/hu\/wp-json\/wp\/v2\/product_tag?post=8543"}],"curies":[{"name":"wp","href":"https:\/\/api.w.org\/{rel}","templated":true}]}}