{"id":8507,"date":"2024-04-05T11:51:13","date_gmt":"2024-04-05T08:51:13","guid":{"rendered":"https:\/\/appleplug.ro\/?post_type=product&#038;p=8507"},"modified":"2025-12-22T15:22:17","modified_gmt":"2025-12-22T13:22:17","slug":"samsung-galaxy-z-flip6","status":"publish","type":"product","link":"https:\/\/appleplug.ro\/hu\/product\/samsung-galaxy-z-flip6\/","title":{"rendered":"Samsung Galaxy Z Flip6 12GB RAM 512GB 512GB 5G Ez\u00fcst \u00e1rny\u00e9k \u00daj\/z\u00e1rt \u00faj\/z\u00e1rt"},"content":{"rendered":"<ul class=\"list-unstyled specs-container all-specs\" data-v-1d668916=\"\">\n<li class=\"flex-column flex-lg-row spec d-flex\" data-v-1d668916=\"\">\n<h3 class=\"title\" data-v-91da3d00=\"\">M\u0171szaki adatok<\/h3>\n<ul class=\"list-unstyled specs-container all-specs\" data-v-91da3d00=\"\">\n<li class=\"flex-column flex-lg-row spec d-flex\" data-v-91da3d00=\"\">\n<h5 class=\"spec-title\" data-v-91da3d00=\"\">SIM-helyek<\/h5>\n<ul class=\"specs-list list-inline list-unstyled d-inline\" data-v-91da3d00=\"\">\n<li class=\"list-inline-item\" data-v-91da3d00=\"\">A  c\u00edmr\u0151l<\/li>\n<\/ul>\n<\/li>\n<li class=\"flex-column flex-lg-row spec d-flex\" data-v-91da3d00=\"\">\n<h5 class=\"spec-title\" data-v-91da3d00=\"\">SIM-t\u00edpus<\/h5>\n<ul class=\"specs-list list-inline list-unstyled d-inline\" data-v-91da3d00=\"\">\n<li class=\"list-inline-item\" data-v-91da3d00=\"\">Nano-SIM \u00e9s eSIM<\/li>\n<\/ul>\n<\/li>\n<li class=\"flex-column flex-lg-row spec d-flex\" data-v-91da3d00=\"\">\n<h5 class=\"spec-title\" data-v-91da3d00=\"\">RAM mem\u00f3ria<\/h5>\n<ul class=\"specs-list list-inline list-unstyled d-inline\" data-v-91da3d00=\"\">\n<li class=\"list-inline-item\" data-v-91da3d00=\"\">8 GB<\/li>\n<\/ul>\n<\/li>\n<li class=\"flex-column flex-lg-row spec d-flex\" data-v-91da3d00=\"\">\n<h5 class=\"spec-title\" data-v-91da3d00=\"\">Bels\u0151 mem\u00f3ria<\/h5>\n<ul class=\"specs-list list-inline list-unstyled d-inline\" data-v-91da3d00=\"\">\n<li class=\"list-inline-item\" data-v-91da3d00=\"\">256 GB<\/li>\n<\/ul>\n<\/li>\n<li class=\"flex-column flex-lg-row spec d-flex\" data-v-91da3d00=\"\">\n<h5 class=\"spec-title\" data-v-91da3d00=\"\">Micro-SD t\u00e1mogat\u00e1s<\/h5>\n<ul class=\"specs-list list-inline list-unstyled d-inline\" data-v-91da3d00=\"\">\n<li class=\"list-inline-item\" data-v-91da3d00=\"\">Nem<\/li>\n<\/ul>\n<\/li>\n<li class=\"flex-column flex-lg-row spec d-flex\" data-v-91da3d00=\"\">\n<h5 class=\"spec-title\" data-v-91da3d00=\"\">Processzor modell<\/h5>\n<ul class=\"specs-list list-inline list-unstyled d-inline\" data-v-91da3d00=\"\">\n<li class=\"list-inline-item\" data-v-91da3d00=\"\">Octa-core<\/li>\n<\/ul>\n<\/li>\n<li class=\"flex-column flex-lg-row spec d-flex\" data-v-91da3d00=\"\">\n<h5 class=\"spec-title\" data-v-91da3d00=\"\">Frekvencia processzor<\/h5>\n<ul class=\"specs-list list-inline list-unstyled d-inline\" data-v-91da3d00=\"\">\n<li class=\"list-inline-item\" data-v-91da3d00=\"\">1&#215;3.36 GHz Cortex-X3 &amp; 2&#215;2.8 GHz Cortex-A715 &amp; 2&#215;2.8 GHz Cortex-A710 &amp; 3&#215;2.0 GHz Cortex-A510<\/li>\n<\/ul>\n<\/li>\n<li class=\"flex-column flex-lg-row spec d-flex\" data-v-91da3d00=\"\">\n<h5 class=\"spec-title\" data-v-91da3d00=\"\">Oper\u00e1ci\u00f3s rendszer<\/h5>\n<ul class=\"specs-list list-inline list-unstyled d-inline\" data-v-91da3d00=\"\">\n<li class=\"list-inline-item\" data-v-91da3d00=\"\">Android 13, upgradable to Android 14, One UI 6<\/li>\n<\/ul>\n<\/li>\n<li class=\"flex-column flex-lg-row spec d-flex\" data-v-91da3d00=\"\">\n<h5 class=\"spec-title\" data-v-91da3d00=\"\">F\u0151 fogad\u00e1s kijelz\u0151<\/h5>\n<ul class=\"specs-list list-inline list-unstyled d-inline\" data-v-91da3d00=\"\">\n<li class=\"list-inline-item\" data-v-91da3d00=\"\">Foldable Dynamic AMOLED 2X, 120Hz, HDR10+, 1750 nits (peak)<\/li>\n<\/ul>\n<\/li>\n<li class=\"flex-column flex-lg-row spec d-flex\" data-v-91da3d00=\"\">\n<h5 class=\"spec-title\" data-v-91da3d00=\"\">Felbont\u00e1s (pixel)<\/h5>\n<ul class=\"specs-list list-inline list-unstyled d-inline\" data-v-91da3d00=\"\">\n<li class=\"list-inline-item\" data-v-91da3d00=\"\">1080 x 2640 pixels<\/li>\n<\/ul>\n<\/li>\n<li class=\"flex-column flex-lg-row spec d-flex\" data-v-91da3d00=\"\">\n<h5 class=\"spec-title\" data-v-91da3d00=\"\">Kik\u00f6t\u0151k<\/h5>\n<ul class=\"specs-list list-inline list-unstyled d-inline\" data-v-91da3d00=\"\">\n<li class=\"list-inline-item\" data-v-91da3d00=\"\">Fara Jack<\/li>\n<\/ul>\n<\/li>\n<li class=\"flex-column flex-lg-row spec d-flex\" data-v-91da3d00=\"\">\n<h5 class=\"spec-title\" data-v-91da3d00=\"\">Bluetooth<\/h5>\n<ul class=\"specs-list list-inline list-unstyled d-inline\" data-v-91da3d00=\"\">\n<li class=\"list-inline-item\" data-v-91da3d00=\"\">A  c\u00edmr\u0151l<\/li>\n<\/ul>\n<\/li>\n<li class=\"flex-column flex-lg-row spec d-flex\" data-v-91da3d00=\"\">\n<h5 class=\"spec-title\" data-v-91da3d00=\"\">WiFi<\/h5>\n<ul class=\"specs-list list-inline list-unstyled d-inline\" data-v-91da3d00=\"\">\n<li class=\"list-inline-item\" data-v-91da3d00=\"\">A  c\u00edmr\u0151l<\/li>\n<\/ul>\n<\/li>\n<li class=\"flex-column flex-lg-row spec d-flex\" data-v-91da3d00=\"\">\n<h5 class=\"spec-title\" data-v-91da3d00=\"\">NFC<\/h5>\n<ul class=\"specs-list list-inline list-unstyled d-inline\" data-v-91da3d00=\"\">\n<li class=\"list-inline-item\" data-v-91da3d00=\"\">A  c\u00edmr\u0151l<\/li>\n<\/ul>\n<\/li>\n<li class=\"flex-column flex-lg-row spec d-flex\" data-v-91da3d00=\"\">\n<h5 class=\"spec-title\" data-v-91da3d00=\"\">Akkumul\u00e1tor<\/h5>\n<ul class=\"specs-list list-inline list-unstyled d-inline\" data-v-91da3d00=\"\">\n<li class=\"list-inline-item\" data-v-91da3d00=\"\">Li-Po 3700 mAh<\/li>\n<\/ul>\n<\/li>\n<li class=\"flex-column flex-lg-row spec d-flex\" data-v-91da3d00=\"\">\n<h5 class=\"spec-title\" data-v-91da3d00=\"\">H\u00e1ts\u00f3 kamera<\/h5>\n<ul class=\"specs-list list-inline list-unstyled d-inline\" data-v-91da3d00=\"\">\n<li class=\"list-inline-item\" data-v-91da3d00=\"\">12 MP, f\/1.8, 24mm (wide), 1\/1.76\u201d, 1.8\u00b5m, Dual Pixel PDAF, OIS 12 MP, f\/2.2, 123\u02da (ultrawide), 1.12\u00b5m<\/li>\n<\/ul>\n<\/li>\n<li class=\"flex-column flex-lg-row spec d-flex\" data-v-91da3d00=\"\">\n<h5 class=\"spec-title\" data-v-91da3d00=\"\">El\u0151szoba<\/h5>\n<ul class=\"specs-list list-inline list-unstyled d-inline\" data-v-91da3d00=\"\">\n<li class=\"list-inline-item\" data-v-91da3d00=\"\">10 MP, f\/2.2, 23mm (wide), 1.22\u00b5m<\/li>\n<\/ul>\n<\/li>\n<li class=\"flex-column flex-lg-row spec d-flex\" data-v-91da3d00=\"\">\n<h5 class=\"spec-title\" data-v-91da3d00=\"\">M\u00e9retek (sz\u00e9less\u00e9g x magass\u00e1g x m\u00e9lys\u00e9g mm)<\/h5>\n<ul class=\"specs-list list-inline list-unstyled d-inline\" data-v-91da3d00=\"\">\n<li class=\"list-inline-item\" data-v-91da3d00=\"\">Unfolded: 159.2 x 128.2 x 6.9 mm Folded: 159.2 x 68 x 13.8-16.8 mm<\/li>\n<\/ul>\n<\/li>\n<li class=\"flex-column flex-lg-row spec d-flex\" data-v-91da3d00=\"\">\n<h5 class=\"spec-title\" data-v-91da3d00=\"\">Egy\u00e9b<\/h5>\n<ul class=\"specs-list list-inline list-unstyled d-inline\" data-v-91da3d00=\"\">\n<li class=\"list-inline-item\" data-v-91da3d00=\"\">Fingerprint (side-mounted), accelerometer, gyro, proximity, compass, barometer<\/li>\n<\/ul>\n<\/li>\n<\/ul>\n<\/li>\n<\/ul>","protected":false},"excerpt":{"rendered":"<div>\n<\/div>\n<p>\ud83d\udd0cSamsung Galaxy Z Flip 6<br \/>\n- \u00faj\/z\u00e1rt<br \/>\n- 512Gb<br \/>\n&#8211; 12Gb Ram<br \/>\n&#8211; silver shadow<br \/>\n- esetleges visszav\u00e1s\u00e1rl\u00e1s<\/p>\n<\/div>","protected":false},"featured_media":29495,"comment_status":"open","ping_status":"closed","template":"","meta":{"_glsr_average":0,"_glsr_ranking":0,"_glsr_reviews":0},"product_brand":[],"product_cat":[16,110],"product_tag":[],"class_list":{"0":"post-8507","1":"product","2":"type-product","3":"status-publish","4":"has-post-thumbnail","6":"product_cat-telefoane","7":"product_cat-telefoane-android","9":"first","10":"outofstock","11":"sale","12":"taxable","13":"shipping-taxable","14":"purchasable","15":"product-type-simple"},"yoast_head":"<!-- This site is optimized with the Yoast SEO plugin v27.4 - https:\/\/yoast.com\/product\/yoast-seo-wordpress\/ -->\n<title>Samsung Galaxy Z Flip6 12GB RAM 512GB 5G Silver Shadow Nou\/Sigilat - Apple Plug<\/title>\n<meta name=\"robots\" content=\"index, follow, max-snippet:-1, max-image-preview:large, max-video-preview:-1\" \/>\n<link rel=\"canonical\" href=\"https:\/\/appleplug.ro\/hu\/product\/samsung-galaxy-z-flip6\/\" \/>\n<meta property=\"og:locale\" content=\"hu_HU\" \/>\n<meta property=\"og:type\" content=\"article\" \/>\n<meta property=\"og:title\" content=\"Samsung Galaxy Z Flip6 12GB RAM 512GB 5G Silver Shadow Nou\/Sigilat - Apple Plug\" \/>\n<meta property=\"og:description\" content=\"\ud83d\udd0cSamsung Galaxy Z Flip 6 - nou\/sigilat - 512Gb - 12Gb Ram - silver shadow - posibilitate buy back\" \/>\n<meta property=\"og:url\" content=\"https:\/\/appleplug.ro\/hu\/product\/samsung-galaxy-z-flip6\/\" \/>\n<meta property=\"og:site_name\" content=\"Apple Plug\" \/>\n<meta property=\"article:publisher\" content=\"https:\/\/www.facebook.com\/profile.php?id=100089820235797\" \/>\n<meta property=\"article:modified_time\" content=\"2025-12-22T13:22:17+00:00\" \/>\n<meta property=\"og:image\" content=\"https:\/\/appleplug.ro\/wp-content\/uploads\/2024\/04\/samsung-galaxy-z-flip-6-second-hand-folosit-cu-garantie-la-un-pret-special-de-la-Apple-Plug-3.jpg\" \/>\n\t<meta property=\"og:image:width\" content=\"360\" \/>\n\t<meta property=\"og:image:height\" content=\"360\" \/>\n\t<meta property=\"og:image:type\" content=\"image\/jpeg\" \/>\n<meta name=\"twitter:card\" content=\"summary_large_image\" \/>\n<meta name=\"twitter:label1\" content=\"Becs\u00fclt olvas\u00e1si id\u0151\" \/>\n\t<meta name=\"twitter:data1\" content=\"1 perc\" \/>\n<script type=\"application\/ld+json\" class=\"yoast-schema-graph\">{\"@context\":\"https:\\\/\\\/schema.org\",\"@graph\":[{\"@type\":\"WebPage\",\"@id\":\"https:\\\/\\\/appleplug.ro\\\/product\\\/samsung-galaxy-z-flip6\\\/\",\"url\":\"https:\\\/\\\/appleplug.ro\\\/product\\\/samsung-galaxy-z-flip6\\\/\",\"name\":\"Samsung Galaxy Z Flip6 12GB RAM 512GB 5G Silver Shadow Nou\\\/Sigilat - Apple Plug\",\"isPartOf\":{\"@id\":\"https:\\\/\\\/appleplug.ro\\\/#website\"},\"primaryImageOfPage\":{\"@id\":\"https:\\\/\\\/appleplug.ro\\\/product\\\/samsung-galaxy-z-flip6\\\/#primaryimage\"},\"image\":{\"@id\":\"https:\\\/\\\/appleplug.ro\\\/product\\\/samsung-galaxy-z-flip6\\\/#primaryimage\"},\"thumbnailUrl\":\"https:\\\/\\\/i0.wp.com\\\/appleplug.ro\\\/wp-content\\\/uploads\\\/2024\\\/04\\\/samsung-galaxy-z-flip-6-second-hand-folosit-cu-garantie-la-un-pret-special-de-la-Apple-Plug-3.jpg?fit=360%2C360&ssl=1\",\"datePublished\":\"2024-04-05T08:51:13+00:00\",\"dateModified\":\"2025-12-22T13:22:17+00:00\",\"breadcrumb\":{\"@id\":\"https:\\\/\\\/appleplug.ro\\\/product\\\/samsung-galaxy-z-flip6\\\/#breadcrumb\"},\"inLanguage\":\"hu\",\"potentialAction\":[{\"@type\":\"ReadAction\",\"target\":[\"https:\\\/\\\/appleplug.ro\\\/product\\\/samsung-galaxy-z-flip6\\\/\"]}]},{\"@type\":\"ImageObject\",\"inLanguage\":\"hu\",\"@id\":\"https:\\\/\\\/appleplug.ro\\\/product\\\/samsung-galaxy-z-flip6\\\/#primaryimage\",\"url\":\"https:\\\/\\\/i0.wp.com\\\/appleplug.ro\\\/wp-content\\\/uploads\\\/2024\\\/04\\\/samsung-galaxy-z-flip-6-second-hand-folosit-cu-garantie-la-un-pret-special-de-la-Apple-Plug-3.jpg?fit=360%2C360&ssl=1\",\"contentUrl\":\"https:\\\/\\\/i0.wp.com\\\/appleplug.ro\\\/wp-content\\\/uploads\\\/2024\\\/04\\\/samsung-galaxy-z-flip-6-second-hand-folosit-cu-garantie-la-un-pret-special-de-la-Apple-Plug-3.jpg?fit=360%2C360&ssl=1\",\"width\":360,\"height\":360,\"caption\":\"samsung-galaxy-z-flip-6-second-hand-folosit-cu-garantie-la-un-pret-special-de-la-Apple-Plug-3\"},{\"@type\":\"BreadcrumbList\",\"@id\":\"https:\\\/\\\/appleplug.ro\\\/product\\\/samsung-galaxy-z-flip6\\\/#breadcrumb\",\"itemListElement\":[{\"@type\":\"ListItem\",\"position\":1,\"name\":\"Acas\u0103\",\"item\":\"https:\\\/\\\/appleplug.ro\\\/\"},{\"@type\":\"ListItem\",\"position\":2,\"name\":\"Magazin\",\"item\":\"https:\\\/\\\/appleplug.ro\\\/magazin\\\/\"},{\"@type\":\"ListItem\",\"position\":3,\"name\":\"Samsung Galaxy Z Flip6 12GB RAM 512GB 5G Silver Shadow Nou\\\/Sigilat\"}]},{\"@type\":\"WebSite\",\"@id\":\"https:\\\/\\\/appleplug.ro\\\/#website\",\"url\":\"https:\\\/\\\/appleplug.ro\\\/\",\"name\":\"Apple Plug\",\"description\":\"Magazin online de telefoane second hand IPhone \u0219i accesorii\",\"publisher\":{\"@id\":\"https:\\\/\\\/appleplug.ro\\\/#organization\"},\"potentialAction\":[{\"@type\":\"SearchAction\",\"target\":{\"@type\":\"EntryPoint\",\"urlTemplate\":\"https:\\\/\\\/appleplug.ro\\\/?s={search_term_string}\"},\"query-input\":{\"@type\":\"PropertyValueSpecification\",\"valueRequired\":true,\"valueName\":\"search_term_string\"}}],\"inLanguage\":\"hu\"},{\"@type\":\"Organization\",\"@id\":\"https:\\\/\\\/appleplug.ro\\\/#organization\",\"name\":\"Apple Plug\",\"url\":\"https:\\\/\\\/appleplug.ro\\\/\",\"logo\":{\"@type\":\"ImageObject\",\"inLanguage\":\"hu\",\"@id\":\"https:\\\/\\\/appleplug.ro\\\/#\\\/schema\\\/logo\\\/image\\\/\",\"url\":\"https:\\\/\\\/i0.wp.com\\\/appleplug.ro\\\/wp-content\\\/uploads\\\/2024\\\/04\\\/cropped-White-logo-no-background.png?fit=3167%2C560&ssl=1\",\"contentUrl\":\"https:\\\/\\\/i0.wp.com\\\/appleplug.ro\\\/wp-content\\\/uploads\\\/2024\\\/04\\\/cropped-White-logo-no-background.png?fit=3167%2C560&ssl=1\",\"width\":3167,\"height\":560,\"caption\":\"Apple Plug\"},\"image\":{\"@id\":\"https:\\\/\\\/appleplug.ro\\\/#\\\/schema\\\/logo\\\/image\\\/\"},\"sameAs\":[\"https:\\\/\\\/www.facebook.com\\\/profile.php?id=100089820235797\",\"https:\\\/\\\/www.instagram.com\\\/appleplug_romania?igsh=MWJ1YTQ2bGdvZ2Uzag&utm_source=qr\"]}]}<\/script>\n<!-- \/ Yoast SEO plugin. -->","yoast_head_json":{"title":"Samsung Galaxy Z Flip6 12GB RAM 512GB 5G Silver Shadow Nou\/Sigilat - Apple Plug","robots":{"index":"index","follow":"follow","max-snippet":"max-snippet:-1","max-image-preview":"max-image-preview:large","max-video-preview":"max-video-preview:-1"},"canonical":"https:\/\/appleplug.ro\/hu\/product\/samsung-galaxy-z-flip6\/","og_locale":"hu_HU","og_type":"article","og_title":"Samsung Galaxy Z Flip6 12GB RAM 512GB 5G Silver Shadow Nou\/Sigilat - Apple Plug","og_description":"\ud83d\udd0cSamsung Galaxy Z Flip 6 - nou\/sigilat - 512Gb - 12Gb Ram - silver shadow - posibilitate buy back","og_url":"https:\/\/appleplug.ro\/hu\/product\/samsung-galaxy-z-flip6\/","og_site_name":"Apple Plug","article_publisher":"https:\/\/www.facebook.com\/profile.php?id=100089820235797","article_modified_time":"2025-12-22T13:22:17+00:00","og_image":[{"width":360,"height":360,"url":"https:\/\/appleplug.ro\/wp-content\/uploads\/2024\/04\/samsung-galaxy-z-flip-6-second-hand-folosit-cu-garantie-la-un-pret-special-de-la-Apple-Plug-3.jpg","type":"image\/jpeg"}],"twitter_card":"summary_large_image","twitter_misc":{"Becs\u00fclt olvas\u00e1si id\u0151":"1 perc"},"schema":{"@context":"https:\/\/schema.org","@graph":[{"@type":"WebPage","@id":"https:\/\/appleplug.ro\/product\/samsung-galaxy-z-flip6\/","url":"https:\/\/appleplug.ro\/product\/samsung-galaxy-z-flip6\/","name":"Samsung Galaxy Z Flip6 12GB RAM 512GB 5G Silver Shadow Nou\/Sigilat - Apple Plug","isPartOf":{"@id":"https:\/\/appleplug.ro\/#website"},"primaryImageOfPage":{"@id":"https:\/\/appleplug.ro\/product\/samsung-galaxy-z-flip6\/#primaryimage"},"image":{"@id":"https:\/\/appleplug.ro\/product\/samsung-galaxy-z-flip6\/#primaryimage"},"thumbnailUrl":"https:\/\/i0.wp.com\/appleplug.ro\/wp-content\/uploads\/2024\/04\/samsung-galaxy-z-flip-6-second-hand-folosit-cu-garantie-la-un-pret-special-de-la-Apple-Plug-3.jpg?fit=360%2C360&ssl=1","datePublished":"2024-04-05T08:51:13+00:00","dateModified":"2025-12-22T13:22:17+00:00","breadcrumb":{"@id":"https:\/\/appleplug.ro\/product\/samsung-galaxy-z-flip6\/#breadcrumb"},"inLanguage":"hu","potentialAction":[{"@type":"ReadAction","target":["https:\/\/appleplug.ro\/product\/samsung-galaxy-z-flip6\/"]}]},{"@type":"ImageObject","inLanguage":"hu","@id":"https:\/\/appleplug.ro\/product\/samsung-galaxy-z-flip6\/#primaryimage","url":"https:\/\/i0.wp.com\/appleplug.ro\/wp-content\/uploads\/2024\/04\/samsung-galaxy-z-flip-6-second-hand-folosit-cu-garantie-la-un-pret-special-de-la-Apple-Plug-3.jpg?fit=360%2C360&ssl=1","contentUrl":"https:\/\/i0.wp.com\/appleplug.ro\/wp-content\/uploads\/2024\/04\/samsung-galaxy-z-flip-6-second-hand-folosit-cu-garantie-la-un-pret-special-de-la-Apple-Plug-3.jpg?fit=360%2C360&ssl=1","width":360,"height":360,"caption":"samsung-galaxy-z-flip-6-second-hand-folosit-cu-garantie-la-un-pret-special-de-la-Apple-Plug-3"},{"@type":"BreadcrumbList","@id":"https:\/\/appleplug.ro\/product\/samsung-galaxy-z-flip6\/#breadcrumb","itemListElement":[{"@type":"ListItem","position":1,"name":"Acas\u0103","item":"https:\/\/appleplug.ro\/"},{"@type":"ListItem","position":2,"name":"Magazin","item":"https:\/\/appleplug.ro\/magazin\/"},{"@type":"ListItem","position":3,"name":"Samsung Galaxy Z Flip6 12GB RAM 512GB 5G Silver Shadow Nou\/Sigilat"}]},{"@type":"WebSite","@id":"https:\/\/appleplug.ro\/#website","url":"https:\/\/appleplug.ro\/","name":"Apple Plug","description":"Haszn\u00e1lt IPhone telefonok \u00e9s tartoz\u00e9kok online boltja","publisher":{"@id":"https:\/\/appleplug.ro\/#organization"},"potentialAction":[{"@type":"SearchAction","target":{"@type":"EntryPoint","urlTemplate":"https:\/\/appleplug.ro\/?s={search_term_string}"},"query-input":{"@type":"PropertyValueSpecification","valueRequired":true,"valueName":"search_term_string"}}],"inLanguage":"hu"},{"@type":"Organization","@id":"https:\/\/appleplug.ro\/#organization","name":"Apple Plug","url":"https:\/\/appleplug.ro\/","logo":{"@type":"ImageObject","inLanguage":"hu","@id":"https:\/\/appleplug.ro\/#\/schema\/logo\/image\/","url":"https:\/\/i0.wp.com\/appleplug.ro\/wp-content\/uploads\/2024\/04\/cropped-White-logo-no-background.png?fit=3167%2C560&ssl=1","contentUrl":"https:\/\/i0.wp.com\/appleplug.ro\/wp-content\/uploads\/2024\/04\/cropped-White-logo-no-background.png?fit=3167%2C560&ssl=1","width":3167,"height":560,"caption":"Apple Plug"},"image":{"@id":"https:\/\/appleplug.ro\/#\/schema\/logo\/image\/"},"sameAs":["https:\/\/www.facebook.com\/profile.php?id=100089820235797","https:\/\/www.instagram.com\/appleplug_romania?igsh=MWJ1YTQ2bGdvZ2Uzag&utm_source=qr"]}]}},"jetpack_sharing_enabled":true,"_links":{"self":[{"href":"https:\/\/appleplug.ro\/hu\/wp-json\/wp\/v2\/product\/8507","targetHints":{"allow":["GET"]}}],"collection":[{"href":"https:\/\/appleplug.ro\/hu\/wp-json\/wp\/v2\/product"}],"about":[{"href":"https:\/\/appleplug.ro\/hu\/wp-json\/wp\/v2\/types\/product"}],"replies":[{"embeddable":true,"href":"https:\/\/appleplug.ro\/hu\/wp-json\/wp\/v2\/comments?post=8507"}],"wp:featuredmedia":[{"embeddable":true,"href":"https:\/\/appleplug.ro\/hu\/wp-json\/wp\/v2\/media\/29495"}],"wp:attachment":[{"href":"https:\/\/appleplug.ro\/hu\/wp-json\/wp\/v2\/media?parent=8507"}],"wp:term":[{"taxonomy":"product_brand","embeddable":true,"href":"https:\/\/appleplug.ro\/hu\/wp-json\/wp\/v2\/product_brand?post=8507"},{"taxonomy":"product_cat","embeddable":true,"href":"https:\/\/appleplug.ro\/hu\/wp-json\/wp\/v2\/product_cat?post=8507"},{"taxonomy":"product_tag","embeddable":true,"href":"https:\/\/appleplug.ro\/hu\/wp-json\/wp\/v2\/product_tag?post=8507"}],"curies":[{"name":"wp","href":"https:\/\/api.w.org\/{rel}","templated":true}]}}