{"id":6420,"date":"2024-02-20T10:06:12","date_gmt":"2024-02-20T08:06:12","guid":{"rendered":"https:\/\/appleplug.ro\/?post_type=product&#038;p=6420"},"modified":"2025-01-13T14:44:16","modified_gmt":"2025-01-13T12:44:16","slug":"samsung-galaxy-s23-ultra","status":"publish","type":"product","link":"https:\/\/appleplug.ro\/hu\/product\/samsung-galaxy-s23-ultra\/","title":{"rendered":"Samsung Galaxy S23 Ultra 256Gb"},"content":{"rendered":"<h2>Az al\u00e1bbi el\u0151ny\u00f6kkel j\u00e1r a v\u00e1laszt\u00e1s<a href=\"https:\/\/appleplug.ro\/hu\/product-category\/telefoane\/samsung\/\"><em> Samsung Galaxy S23 Ultra Second Hand<\/em><\/a><\/h2>\n<p>Ha a Samsung Galaxy S23 Ultra S.H. mellett d\u00f6ntesz, akkor bar\u00e1tibb \u00e1ron juthatsz hozz\u00e1 a cs\u00facskateg\u00f3ri\u00e1s \u00e9lm\u00e9nyhez. Ez a telefon ide\u00e1lis v\u00e1laszt\u00e1s azok sz\u00e1m\u00e1ra, akik a fejlett technol\u00f3gi\u00e1t szeretn\u00e9k \u00e9lvezni an\u00e9lk\u00fcl, hogy a k\u00f6lts\u00e9gvet\u00e9s\u00fcket t\u00f6nkretenn\u00e9k.<\/p>\n<p>A megb\u00edzhat\u00f3s\u00e1g \u00e9s a teljes\u00edtm\u00e9ny tov\u00e1bbra is a Samsung Galaxy S23 Ultra legfontosabb jellemz\u0151i, m\u00e9g haszn\u00e1lt v\u00e1ltozatban is. Ezt a k\u00e9sz\u00fcl\u00e9ket \u00fagy tervezt\u00e9k, hogy z\u00f6kken\u0151mentes \u00e9s kiel\u00e9g\u00edt\u0151 felhaszn\u00e1l\u00f3i \u00e9lm\u00e9nyt ny\u00fajtson, \u00e9s minden digit\u00e1lis ig\u00e9nyt kiel\u00e9g\u00edtsen.<\/p>\n<p>A p\u00e9nzmegtakar\u00edt\u00e1s az egyik f\u0151 el\u0151nye a haszn\u00e1lt Samsung Galaxy S23 Ultra v\u00e1s\u00e1rl\u00e1s\u00e1nak. Ha haszn\u00e1lt telefont v\u00e1laszt, alacsonyabb \u00e1ron juthat hozz\u00e1 a modell \u00f6sszes fejlett jellemz\u0151j\u00e9hez \u00e9s funkci\u00f3j\u00e1hoz, an\u00e9lk\u00fcl, hogy a min\u0151s\u00e9g vagy a teljes\u00edtm\u00e9ny ter\u00e9n kompromisszumot kellene k\u00f6tnie.<\/p>\n<p>Az \u00e1tfog\u00f3 garancia \u00e1ltal k\u00edn\u00e1lt <a href=\"http:\/\/appleplug.ro\/hu\/\"><strong>Apple Plug, a haszn\u00e1lt telefonok online boltja<\/strong><\/a>, biztons\u00e1got ny\u00fajt \u00d6nnek, hogy befektet\u00e9se v\u00e9dve van. Minden v\u00e1s\u00e1rl\u00e1skor ellen\u0151rz\u00f6tt \u00e9s tesztelt k\u00e9sz\u00fcl\u00e9ket kap, \u00e9s probl\u00e9ma eset\u00e9n t\u00e1mogat\u00e1st \u00e9s seg\u00edts\u00e9get kap a jav\u00edt\u00e1shoz.<\/p>\n<p>\u00d6sszefoglalva, egy <a href=\"https:\/\/appleplug.ro\/hu\/product-category\/telefoane\/samsung\/\"><strong>Samsung Galaxy S23 Ultra haszn\u00e1lt k\u00e9zb\u0151l<\/strong><\/a>, Az \u00faj okostelefonnal egy megb\u00edzhat\u00f3 okostelefont \u00e9lvezhet, megfizethet\u0151bb \u00e1ron. A kiv\u00e1l\u00f3 teljes\u00edtm\u00e9nnyel \u00e9s a benne foglalt garanci\u00e1val a Samsung technol\u00f3gia egyre k\u00e9nyelmesebb\u00e9 \u00e9s megfizethet\u0151bb\u00e9 v\u00e1lik. \u00c9lvezze ennek a cs\u00facstelefonnak minden el\u0151ny\u00e9t kedvez\u0151 \u00e1ron!<\/p>","protected":false},"excerpt":{"rendered":"<div>\n<\/div>\n<p>\ud83d\udd0c Samsung Galaxy S23 Ultra<br \/>\n- kiv\u00e1l\u00f3 \u00e1llapotban 9\/10<br \/>\n- 256Gb<br \/>\n&#8211; 8Gb RAM<br \/>\n&#8211; phantom black<br \/>\n- esetleges visszav\u00e1s\u00e1rl\u00e1s<\/p>","protected":false},"featured_media":18493,"comment_status":"open","ping_status":"closed","template":"","meta":{"_glsr_average":0,"_glsr_ranking":0,"_glsr_reviews":0},"product_brand":[],"product_cat":[78,110],"product_tag":[],"class_list":{"0":"post-6420","1":"product","2":"type-product","3":"status-publish","4":"has-post-thumbnail","6":"product_cat-samsung","7":"product_cat-telefoane-android","9":"first","10":"outofstock","11":"sale","12":"taxable","13":"shipping-taxable","14":"purchasable","15":"product-type-simple"},"yoast_head":"<!-- This site is optimized with the Yoast SEO plugin v27.3 - https:\/\/yoast.com\/product\/yoast-seo-wordpress\/ -->\n<title>Samsung Galaxy S23 Ultra 256Gb - Apple Plug<\/title>\n<meta name=\"description\" content=\"Samsung Galaxy S23 Ultra second hand, disponibil acum la Apple Plug, magazinul online de \u00eencredere pentru dispozitive Apple. Cu garan\u021bie inclus!\" \/>\n<meta name=\"robots\" content=\"index, follow, max-snippet:-1, max-image-preview:large, max-video-preview:-1\" \/>\n<link rel=\"canonical\" href=\"https:\/\/appleplug.ro\/hu\/product\/samsung-galaxy-s23-ultra\/\" \/>\n<meta property=\"og:locale\" content=\"hu_HU\" \/>\n<meta property=\"og:type\" content=\"article\" \/>\n<meta property=\"og:title\" content=\"Samsung Galaxy S23 Ultra 256Gb - Apple Plug\" \/>\n<meta property=\"og:description\" content=\"Samsung Galaxy S23 Ultra second hand, disponibil acum la Apple Plug, magazinul online de \u00eencredere pentru dispozitive Apple. Cu garan\u021bie inclus!\" \/>\n<meta property=\"og:url\" content=\"https:\/\/appleplug.ro\/hu\/product\/samsung-galaxy-s23-ultra\/\" \/>\n<meta property=\"og:site_name\" content=\"Apple Plug\" \/>\n<meta property=\"article:publisher\" content=\"https:\/\/www.facebook.com\/profile.php?id=100089820235797\" \/>\n<meta property=\"article:modified_time\" content=\"2025-01-13T12:44:16+00:00\" \/>\n<meta property=\"og:image\" content=\"https:\/\/i0.wp.com\/appleplug.ro\/wp-content\/uploads\/2024\/02\/samsung-galaxy-s23-ultra-second-hand-folosit-cu-garantie-in-oferta-apple-plug-.jpg?fit=2000%2C2000&ssl=1\" \/>\n\t<meta property=\"og:image:width\" content=\"2000\" \/>\n\t<meta property=\"og:image:height\" content=\"2000\" \/>\n\t<meta property=\"og:image:type\" content=\"image\/jpeg\" \/>\n<meta name=\"twitter:card\" content=\"summary_large_image\" \/>\n<meta name=\"twitter:label1\" content=\"Becs\u00fclt olvas\u00e1si id\u0151\" \/>\n\t<meta name=\"twitter:data1\" content=\"2 perc\" \/>\n<script type=\"application\/ld+json\" class=\"yoast-schema-graph\">{\"@context\":\"https:\\\/\\\/schema.org\",\"@graph\":[{\"@type\":\"WebPage\",\"@id\":\"https:\\\/\\\/appleplug.ro\\\/product\\\/samsung-galaxy-s23-ultra\\\/\",\"url\":\"https:\\\/\\\/appleplug.ro\\\/product\\\/samsung-galaxy-s23-ultra\\\/\",\"name\":\"Samsung Galaxy S23 Ultra 256Gb - Apple Plug\",\"isPartOf\":{\"@id\":\"https:\\\/\\\/appleplug.ro\\\/#website\"},\"primaryImageOfPage\":{\"@id\":\"https:\\\/\\\/appleplug.ro\\\/product\\\/samsung-galaxy-s23-ultra\\\/#primaryimage\"},\"image\":{\"@id\":\"https:\\\/\\\/appleplug.ro\\\/product\\\/samsung-galaxy-s23-ultra\\\/#primaryimage\"},\"thumbnailUrl\":\"https:\\\/\\\/i0.wp.com\\\/appleplug.ro\\\/wp-content\\\/uploads\\\/2024\\\/02\\\/samsung-galaxy-s23-ultra-second-hand-folosit-cu-garantie-in-oferta-apple-plug-.jpg?fit=2000%2C2000&ssl=1\",\"datePublished\":\"2024-02-20T08:06:12+00:00\",\"dateModified\":\"2025-01-13T12:44:16+00:00\",\"description\":\"Samsung Galaxy S23 Ultra second hand, disponibil acum la Apple Plug, magazinul online de \u00eencredere pentru dispozitive Apple. Cu garan\u021bie inclus!\",\"breadcrumb\":{\"@id\":\"https:\\\/\\\/appleplug.ro\\\/product\\\/samsung-galaxy-s23-ultra\\\/#breadcrumb\"},\"inLanguage\":\"hu\",\"potentialAction\":[{\"@type\":\"ReadAction\",\"target\":[\"https:\\\/\\\/appleplug.ro\\\/product\\\/samsung-galaxy-s23-ultra\\\/\"]}]},{\"@type\":\"ImageObject\",\"inLanguage\":\"hu\",\"@id\":\"https:\\\/\\\/appleplug.ro\\\/product\\\/samsung-galaxy-s23-ultra\\\/#primaryimage\",\"url\":\"https:\\\/\\\/i0.wp.com\\\/appleplug.ro\\\/wp-content\\\/uploads\\\/2024\\\/02\\\/samsung-galaxy-s23-ultra-second-hand-folosit-cu-garantie-in-oferta-apple-plug-.jpg?fit=2000%2C2000&ssl=1\",\"contentUrl\":\"https:\\\/\\\/i0.wp.com\\\/appleplug.ro\\\/wp-content\\\/uploads\\\/2024\\\/02\\\/samsung-galaxy-s23-ultra-second-hand-folosit-cu-garantie-in-oferta-apple-plug-.jpg?fit=2000%2C2000&ssl=1\",\"width\":2000,\"height\":2000,\"caption\":\"samsung galaxy s23 ultra second hand folosit cu garantie in oferta apple plug\"},{\"@type\":\"BreadcrumbList\",\"@id\":\"https:\\\/\\\/appleplug.ro\\\/product\\\/samsung-galaxy-s23-ultra\\\/#breadcrumb\",\"itemListElement\":[{\"@type\":\"ListItem\",\"position\":1,\"name\":\"Acas\u0103\",\"item\":\"https:\\\/\\\/appleplug.ro\\\/\"},{\"@type\":\"ListItem\",\"position\":2,\"name\":\"Magazin\",\"item\":\"https:\\\/\\\/appleplug.ro\\\/magazin\\\/\"},{\"@type\":\"ListItem\",\"position\":3,\"name\":\"Samsung Galaxy S23 Ultra 256Gb\"}]},{\"@type\":\"WebSite\",\"@id\":\"https:\\\/\\\/appleplug.ro\\\/#website\",\"url\":\"https:\\\/\\\/appleplug.ro\\\/\",\"name\":\"Apple Plug\",\"description\":\"Magazin online de telefoane second hand IPhone \u0219i accesorii\",\"publisher\":{\"@id\":\"https:\\\/\\\/appleplug.ro\\\/#organization\"},\"potentialAction\":[{\"@type\":\"SearchAction\",\"target\":{\"@type\":\"EntryPoint\",\"urlTemplate\":\"https:\\\/\\\/appleplug.ro\\\/?s={search_term_string}\"},\"query-input\":{\"@type\":\"PropertyValueSpecification\",\"valueRequired\":true,\"valueName\":\"search_term_string\"}}],\"inLanguage\":\"hu\"},{\"@type\":\"Organization\",\"@id\":\"https:\\\/\\\/appleplug.ro\\\/#organization\",\"name\":\"Apple Plug\",\"url\":\"https:\\\/\\\/appleplug.ro\\\/\",\"logo\":{\"@type\":\"ImageObject\",\"inLanguage\":\"hu\",\"@id\":\"https:\\\/\\\/appleplug.ro\\\/#\\\/schema\\\/logo\\\/image\\\/\",\"url\":\"https:\\\/\\\/i0.wp.com\\\/appleplug.ro\\\/wp-content\\\/uploads\\\/2024\\\/04\\\/cropped-White-logo-no-background.png?fit=3167%2C560&ssl=1\",\"contentUrl\":\"https:\\\/\\\/i0.wp.com\\\/appleplug.ro\\\/wp-content\\\/uploads\\\/2024\\\/04\\\/cropped-White-logo-no-background.png?fit=3167%2C560&ssl=1\",\"width\":3167,\"height\":560,\"caption\":\"Apple Plug\"},\"image\":{\"@id\":\"https:\\\/\\\/appleplug.ro\\\/#\\\/schema\\\/logo\\\/image\\\/\"},\"sameAs\":[\"https:\\\/\\\/www.facebook.com\\\/profile.php?id=100089820235797\",\"https:\\\/\\\/www.instagram.com\\\/appleplug_romania?igsh=MWJ1YTQ2bGdvZ2Uzag&utm_source=qr\"]}]}<\/script>\n<!-- \/ Yoast SEO plugin. -->","yoast_head_json":{"title":"Samsung Galaxy S23 Ultra 256Gb - Apple Plug","description":"Samsung Galaxy S23 Ultra second hand, disponibil acum la Apple Plug, magazinul online de \u00eencredere pentru dispozitive Apple. Cu garan\u021bie inclus!","robots":{"index":"index","follow":"follow","max-snippet":"max-snippet:-1","max-image-preview":"max-image-preview:large","max-video-preview":"max-video-preview:-1"},"canonical":"https:\/\/appleplug.ro\/hu\/product\/samsung-galaxy-s23-ultra\/","og_locale":"hu_HU","og_type":"article","og_title":"Samsung Galaxy S23 Ultra 256Gb - Apple Plug","og_description":"Samsung Galaxy S23 Ultra second hand, disponibil acum la Apple Plug, magazinul online de \u00eencredere pentru dispozitive Apple. Cu garan\u021bie inclus!","og_url":"https:\/\/appleplug.ro\/hu\/product\/samsung-galaxy-s23-ultra\/","og_site_name":"Apple Plug","article_publisher":"https:\/\/www.facebook.com\/profile.php?id=100089820235797","article_modified_time":"2025-01-13T12:44:16+00:00","og_image":[{"width":2000,"height":2000,"url":"https:\/\/i0.wp.com\/appleplug.ro\/wp-content\/uploads\/2024\/02\/samsung-galaxy-s23-ultra-second-hand-folosit-cu-garantie-in-oferta-apple-plug-.jpg?fit=2000%2C2000&ssl=1","type":"image\/jpeg"}],"twitter_card":"summary_large_image","twitter_misc":{"Becs\u00fclt olvas\u00e1si id\u0151":"2 perc"},"schema":{"@context":"https:\/\/schema.org","@graph":[{"@type":"WebPage","@id":"https:\/\/appleplug.ro\/product\/samsung-galaxy-s23-ultra\/","url":"https:\/\/appleplug.ro\/product\/samsung-galaxy-s23-ultra\/","name":"Samsung Galaxy S23 Ultra 256Gb - Apple Plug","isPartOf":{"@id":"https:\/\/appleplug.ro\/#website"},"primaryImageOfPage":{"@id":"https:\/\/appleplug.ro\/product\/samsung-galaxy-s23-ultra\/#primaryimage"},"image":{"@id":"https:\/\/appleplug.ro\/product\/samsung-galaxy-s23-ultra\/#primaryimage"},"thumbnailUrl":"https:\/\/i0.wp.com\/appleplug.ro\/wp-content\/uploads\/2024\/02\/samsung-galaxy-s23-ultra-second-hand-folosit-cu-garantie-in-oferta-apple-plug-.jpg?fit=2000%2C2000&ssl=1","datePublished":"2024-02-20T08:06:12+00:00","dateModified":"2025-01-13T12:44:16+00:00","description":"Samsung Galaxy S23 Ultra second hand, disponibil acum la Apple Plug, magazinul online de \u00eencredere pentru dispozitive Apple. Cu garan\u021bie inclus!","breadcrumb":{"@id":"https:\/\/appleplug.ro\/product\/samsung-galaxy-s23-ultra\/#breadcrumb"},"inLanguage":"hu","potentialAction":[{"@type":"ReadAction","target":["https:\/\/appleplug.ro\/product\/samsung-galaxy-s23-ultra\/"]}]},{"@type":"ImageObject","inLanguage":"hu","@id":"https:\/\/appleplug.ro\/product\/samsung-galaxy-s23-ultra\/#primaryimage","url":"https:\/\/i0.wp.com\/appleplug.ro\/wp-content\/uploads\/2024\/02\/samsung-galaxy-s23-ultra-second-hand-folosit-cu-garantie-in-oferta-apple-plug-.jpg?fit=2000%2C2000&ssl=1","contentUrl":"https:\/\/i0.wp.com\/appleplug.ro\/wp-content\/uploads\/2024\/02\/samsung-galaxy-s23-ultra-second-hand-folosit-cu-garantie-in-oferta-apple-plug-.jpg?fit=2000%2C2000&ssl=1","width":2000,"height":2000,"caption":"samsung galaxy s23 ultra second hand folosit cu garantie in oferta apple plug"},{"@type":"BreadcrumbList","@id":"https:\/\/appleplug.ro\/product\/samsung-galaxy-s23-ultra\/#breadcrumb","itemListElement":[{"@type":"ListItem","position":1,"name":"Acas\u0103","item":"https:\/\/appleplug.ro\/"},{"@type":"ListItem","position":2,"name":"Magazin","item":"https:\/\/appleplug.ro\/magazin\/"},{"@type":"ListItem","position":3,"name":"Samsung Galaxy S23 Ultra 256Gb"}]},{"@type":"WebSite","@id":"https:\/\/appleplug.ro\/#website","url":"https:\/\/appleplug.ro\/","name":"Apple Plug","description":"Haszn\u00e1lt IPhone telefonok \u00e9s tartoz\u00e9kok online boltja","publisher":{"@id":"https:\/\/appleplug.ro\/#organization"},"potentialAction":[{"@type":"SearchAction","target":{"@type":"EntryPoint","urlTemplate":"https:\/\/appleplug.ro\/?s={search_term_string}"},"query-input":{"@type":"PropertyValueSpecification","valueRequired":true,"valueName":"search_term_string"}}],"inLanguage":"hu"},{"@type":"Organization","@id":"https:\/\/appleplug.ro\/#organization","name":"Apple Plug","url":"https:\/\/appleplug.ro\/","logo":{"@type":"ImageObject","inLanguage":"hu","@id":"https:\/\/appleplug.ro\/#\/schema\/logo\/image\/","url":"https:\/\/i0.wp.com\/appleplug.ro\/wp-content\/uploads\/2024\/04\/cropped-White-logo-no-background.png?fit=3167%2C560&ssl=1","contentUrl":"https:\/\/i0.wp.com\/appleplug.ro\/wp-content\/uploads\/2024\/04\/cropped-White-logo-no-background.png?fit=3167%2C560&ssl=1","width":3167,"height":560,"caption":"Apple Plug"},"image":{"@id":"https:\/\/appleplug.ro\/#\/schema\/logo\/image\/"},"sameAs":["https:\/\/www.facebook.com\/profile.php?id=100089820235797","https:\/\/www.instagram.com\/appleplug_romania?igsh=MWJ1YTQ2bGdvZ2Uzag&utm_source=qr"]}]}},"jetpack_sharing_enabled":true,"_links":{"self":[{"href":"https:\/\/appleplug.ro\/hu\/wp-json\/wp\/v2\/product\/6420","targetHints":{"allow":["GET"]}}],"collection":[{"href":"https:\/\/appleplug.ro\/hu\/wp-json\/wp\/v2\/product"}],"about":[{"href":"https:\/\/appleplug.ro\/hu\/wp-json\/wp\/v2\/types\/product"}],"replies":[{"embeddable":true,"href":"https:\/\/appleplug.ro\/hu\/wp-json\/wp\/v2\/comments?post=6420"}],"wp:featuredmedia":[{"embeddable":true,"href":"https:\/\/appleplug.ro\/hu\/wp-json\/wp\/v2\/media\/18493"}],"wp:attachment":[{"href":"https:\/\/appleplug.ro\/hu\/wp-json\/wp\/v2\/media?parent=6420"}],"wp:term":[{"taxonomy":"product_brand","embeddable":true,"href":"https:\/\/appleplug.ro\/hu\/wp-json\/wp\/v2\/product_brand?post=6420"},{"taxonomy":"product_cat","embeddable":true,"href":"https:\/\/appleplug.ro\/hu\/wp-json\/wp\/v2\/product_cat?post=6420"},{"taxonomy":"product_tag","embeddable":true,"href":"https:\/\/appleplug.ro\/hu\/wp-json\/wp\/v2\/product_tag?post=6420"}],"curies":[{"name":"wp","href":"https:\/\/api.w.org\/{rel}","templated":true}]}}