{"id":5974,"date":"2024-02-19T16:29:30","date_gmt":"2024-02-19T16:29:30","guid":{"rendered":"https:\/\/appleplug.ro\/?post_type=product&#038;p=5974"},"modified":"2025-01-13T12:15:53","modified_gmt":"2025-01-13T10:15:53","slug":"iphone-14-pro-91","status":"publish","type":"product","link":"https:\/\/appleplug.ro\/hu\/product\/iphone-14-pro-91\/","title":{"rendered":"iPhone 14 Pro 91%"},"content":{"rendered":"<h3 class=\"title\" data-v-91da3d00=\"\">M\u0171szaki adatok<\/h3>\n<ul class=\"list-unstyled specs-container all-specs\" data-v-91da3d00=\"\">\n<li class=\"flex-column flex-lg-row spec d-flex\" data-v-91da3d00=\"\">\n<h5 class=\"spec-title\" data-v-91da3d00=\"\">SIM-helyek<\/h5>\n<ul class=\"specs-list list-inline list-unstyled d-inline\" data-v-91da3d00=\"\">\n<li class=\"list-inline-item\" data-v-91da3d00=\"\">Dual SIM (Nano-SIM \u00e9s eSIM) vagy Dual eSIM - nemzetk\u00f6zi<\/li>\n<\/ul>\n<\/li>\n<li class=\"flex-column flex-lg-row spec d-flex\" data-v-91da3d00=\"\">\n<h5 class=\"spec-title\" data-v-91da3d00=\"\">SIM-t\u00edpus<\/h5>\n<ul class=\"specs-list list-inline list-unstyled d-inline\" data-v-91da3d00=\"\">\n<li class=\"list-inline-item\" data-v-91da3d00=\"\">Nano-SIM \u00e9s eSIM<\/li>\n<\/ul>\n<\/li>\n<li class=\"flex-column flex-lg-row spec d-flex\" data-v-91da3d00=\"\">\n<h5 class=\"spec-title\" data-v-91da3d00=\"\">RAM mem\u00f3ria<\/h5>\n<ul class=\"specs-list list-inline list-unstyled d-inline\" data-v-91da3d00=\"\">\n<li class=\"list-inline-item\" data-v-91da3d00=\"\">6 GB<\/li>\n<\/ul>\n<\/li>\n<li class=\"flex-column flex-lg-row spec d-flex\" data-v-91da3d00=\"\">\n<h5 class=\"spec-title\" data-v-91da3d00=\"\">Bels\u0151 mem\u00f3ria<\/h5>\n<ul class=\"specs-list list-inline list-unstyled d-inline\" data-v-91da3d00=\"\">\n<li class=\"list-inline-item\" data-v-91da3d00=\"\">128 GB<\/li>\n<\/ul>\n<\/li>\n<li class=\"flex-column flex-lg-row spec d-flex\" data-v-91da3d00=\"\">\n<h5 class=\"spec-title\" data-v-91da3d00=\"\">Micro-SD t\u00e1mogat\u00e1s<\/h5>\n<ul class=\"specs-list list-inline list-unstyled d-inline\" data-v-91da3d00=\"\">\n<li class=\"list-inline-item\" data-v-91da3d00=\"\">Nem<\/li>\n<\/ul>\n<\/li>\n<li class=\"flex-column flex-lg-row spec d-flex\" data-v-91da3d00=\"\">\n<h5 class=\"spec-title\" data-v-91da3d00=\"\">Processzor modell<\/h5>\n<ul class=\"specs-list list-inline list-unstyled d-inline\" data-v-91da3d00=\"\">\n<li class=\"list-inline-item\" data-v-91da3d00=\"\">Hexa-core, Apple A16 Bionic (4 nm)<\/li>\n<\/ul>\n<\/li>\n<li class=\"flex-column flex-lg-row spec d-flex\" data-v-91da3d00=\"\">\n<h5 class=\"spec-title\" data-v-91da3d00=\"\">Frekvencia processzor<\/h5>\n<ul class=\"specs-list list-inline list-unstyled d-inline\" data-v-91da3d00=\"\">\n<li class=\"list-inline-item\" data-v-91da3d00=\"\">2&#215;3.46 GHz Everest + 4&#215;2.02 GHz Sawtooth<\/li>\n<\/ul>\n<\/li>\n<li class=\"flex-column flex-lg-row spec d-flex\" data-v-91da3d00=\"\">\n<h5 class=\"spec-title\" data-v-91da3d00=\"\">Oper\u00e1ci\u00f3s rendszer<\/h5>\n<ul class=\"specs-list list-inline list-unstyled d-inline\" data-v-91da3d00=\"\">\n<li class=\"list-inline-item\" data-v-91da3d00=\"\">iOS 16, friss\u00edthet\u0151 iOS 16.0.2-re<\/li>\n<\/ul>\n<\/li>\n<li class=\"flex-column flex-lg-row spec d-flex\" data-v-91da3d00=\"\">\n<h5 class=\"spec-title\" data-v-91da3d00=\"\">F\u0151 fogad\u00e1s kijelz\u0151<\/h5>\n<ul class=\"specs-list list-inline list-unstyled d-inline\" data-v-91da3d00=\"\">\n<li class=\"list-inline-item\" data-v-91da3d00=\"\">LTPO Super Retina XDR OLED, 120Hz, HDR10, Dolby Vision, 1000 nits (typ), 2000 nits (HBM)<\/li>\n<\/ul>\n<\/li>\n<li class=\"flex-column flex-lg-row spec d-flex\" data-v-91da3d00=\"\">\n<h5 class=\"spec-title\" data-v-91da3d00=\"\">Felbont\u00e1s (pixel)<\/h5>\n<ul class=\"specs-list list-inline list-unstyled d-inline\" data-v-91da3d00=\"\">\n<li class=\"list-inline-item\" data-v-91da3d00=\"\">1179 x 2556 pixels, 19.5:9 ratio (~460 ppi density)<\/li>\n<\/ul>\n<\/li>\n<li class=\"flex-column flex-lg-row spec d-flex\" data-v-91da3d00=\"\">\n<h5 class=\"spec-title\" data-v-91da3d00=\"\">Kik\u00f6t\u0151k<\/h5>\n<ul class=\"specs-list list-inline list-unstyled d-inline\" data-v-91da3d00=\"\">\n<li class=\"list-inline-item\" data-v-91da3d00=\"\">Lightning, USB 2.0<\/li>\n<\/ul>\n<\/li>\n<li class=\"flex-column flex-lg-row spec d-flex\" data-v-91da3d00=\"\">\n<h5 class=\"spec-title\" data-v-91da3d00=\"\">Bluetooth<\/h5>\n<ul class=\"specs-list list-inline list-unstyled d-inline\" data-v-91da3d00=\"\">\n<li class=\"list-inline-item\" data-v-91da3d00=\"\">5.3, A2DP, LE<\/li>\n<\/ul>\n<\/li>\n<li class=\"flex-column flex-lg-row spec d-flex\" data-v-91da3d00=\"\">\n<h5 class=\"spec-title\" data-v-91da3d00=\"\">WiFi<\/h5>\n<ul class=\"specs-list list-inline list-unstyled d-inline\" data-v-91da3d00=\"\">\n<li class=\"list-inline-item\" data-v-91da3d00=\"\">Wi-Fi 802.11 a\/b\/g\/n\/ac\/6, k\u00e9ts\u00e1vos, hotspot<\/li>\n<\/ul>\n<\/li>\n<li class=\"flex-column flex-lg-row spec d-flex\" data-v-91da3d00=\"\">\n<h5 class=\"spec-title\" data-v-91da3d00=\"\">NFC<\/h5>\n<ul class=\"specs-list list-inline list-unstyled d-inline\" data-v-91da3d00=\"\">\n<li class=\"list-inline-item\" data-v-91da3d00=\"\">A  c\u00edmr\u0151l<\/li>\n<\/ul>\n<\/li>\n<li class=\"flex-column flex-lg-row spec d-flex\" data-v-91da3d00=\"\">\n<h5 class=\"spec-title\" data-v-91da3d00=\"\">Akkumul\u00e1tor<\/h5>\n<ul class=\"specs-list list-inline list-unstyled d-inline\" data-v-91da3d00=\"\">\n<li class=\"list-inline-item\" data-v-91da3d00=\"\">Li-Ion 3200 mAh, non-removable (12.38 Wh)<\/li>\n<\/ul>\n<\/li>\n<li class=\"flex-column flex-lg-row spec d-flex\" data-v-91da3d00=\"\">\n<h5 class=\"spec-title\" data-v-91da3d00=\"\">H\u00e1ts\u00f3 kamera<\/h5>\n<ul class=\"specs-list list-inline list-unstyled d-inline\" data-v-91da3d00=\"\">\n<li class=\"list-inline-item\" data-v-91da3d00=\"\">48 MP, f\/1.8, 24mm (wide), 1\/1.28\u201d, 1.22\u00b5m, dual pixel PDAF, sensor-shift OIS, 12 MP, f\/2.8, 77mm (telephoto), 1\/3_5\u201d, PDAF, OIS, 3x optical zoom, 12 MP, f\/2.2, 13mm, 120\u02da (ultrawide), 1\/2.55\u201d, 1.4\u00b5m, dual pixel PDAF, TOF 3D LiDAR scanner (depth), Dual-LED dual-tone flash, HDR (photo\/panorama), 4K@24\/25\/30\/60fps, 1080p@25\/30\/60\/120\/240fps, 10-bit HDR, Dolby Vision HDR (60fps-ig), ProRes, Cinematic mode (4K@24\/30fps), Stereo sound rec<\/li>\n<\/ul>\n<\/li>\n<li class=\"flex-column flex-lg-row spec d-flex\" data-v-91da3d00=\"\">\n<h5 class=\"spec-title\" data-v-91da3d00=\"\">El\u0151szoba<\/h5>\n<ul class=\"specs-list list-inline list-unstyled d-inline\" data-v-91da3d00=\"\">\n<li class=\"list-inline-item\" data-v-91da3d00=\"\">12 MP, f\/1.9, 23mm (wide), 1\/3.6\u201d, PDAF, OIS, SL 3D, (depth\/biometrics sensor), HDR, Cinematic mode (4K@24\/30fps), 4K@24\/25\/30\/60fps, 1080p@25\/30\/60\/120fps, gyro-EIS<\/li>\n<\/ul>\n<\/li>\n<li class=\"flex-column flex-lg-row spec d-flex\" data-v-91da3d00=\"\">\n<h5 class=\"spec-title\" data-v-91da3d00=\"\">M\u00e9retek (sz\u00e9less\u00e9g x magass\u00e1g x m\u00e9lys\u00e9g mm)<\/h5>\n<ul class=\"specs-list list-inline list-unstyled d-inline\" data-v-91da3d00=\"\">\n<li class=\"list-inline-item\" data-v-91da3d00=\"\">147.5 x 71.5 x 7.9 mm (5.81 x 2.81 x 0.31 in)<\/li>\n<\/ul>\n<\/li>\n<li class=\"flex-column flex-lg-row spec d-flex\" data-v-91da3d00=\"\">\n<h5 class=\"spec-title\" data-v-91da3d00=\"\">Egy\u00e9b<\/h5>\n<ul class=\"specs-list list-inline list-unstyled d-inline\" data-v-91da3d00=\"\">\n<li class=\"list-inline-item\" data-v-91da3d00=\"\">Face ID, Accelerometer, Gyro, Proximity, Compass, Barometer, Ultra Wideband (UWB) support, Emergency SOS via satellite (SMS sending\/receiving), Glass front (Gorilla Glass), Glass back (Gorilla Glass), Aluminum frame, Apple Pay (Visa, MasterCard, AMEX certified, MagSafe fast wireless charging 15W, Always-On display<br \/>\n<h3 class=\"title\" data-v-91da3d00=\"\">M\u0171szaki adatok<\/h3>\n<ul class=\"list-unstyled specs-container all-specs\" data-v-91da3d00=\"\">\n<li class=\"flex-column flex-lg-row spec d-flex\" data-v-91da3d00=\"\">\n<h5 class=\"spec-title\" data-v-91da3d00=\"\">SIM-helyek<\/h5>\n<ul class=\"specs-list list-inline list-unstyled d-inline\" data-v-91da3d00=\"\">\n<li class=\"list-inline-item\" data-v-91da3d00=\"\">Dual SIM (Nano-SIM \u00e9s eSIM) vagy Dual eSIM - nemzetk\u00f6zi<\/li>\n<\/ul>\n<\/li>\n<li class=\"flex-column flex-lg-row spec d-flex\" data-v-91da3d00=\"\">\n<h5 class=\"spec-title\" data-v-91da3d00=\"\">SIM-t\u00edpus<\/h5>\n<ul class=\"specs-list list-inline list-unstyled d-inline\" data-v-91da3d00=\"\">\n<li class=\"list-inline-item\" data-v-91da3d00=\"\">Nano-SIM \u00e9s eSIM<\/li>\n<\/ul>\n<\/li>\n<li class=\"flex-column flex-lg-row spec d-flex\" data-v-91da3d00=\"\">\n<h5 class=\"spec-title\" data-v-91da3d00=\"\">RAM mem\u00f3ria<\/h5>\n<ul class=\"specs-list list-inline list-unstyled d-inline\" data-v-91da3d00=\"\">\n<li class=\"list-inline-item\" data-v-91da3d00=\"\">6 GB<\/li>\n<\/ul>\n<\/li>\n<li class=\"flex-column flex-lg-row spec d-flex\" data-v-91da3d00=\"\">\n<h5 class=\"spec-title\" data-v-91da3d00=\"\">Bels\u0151 mem\u00f3ria<\/h5>\n<ul class=\"specs-list list-inline list-unstyled d-inline\" data-v-91da3d00=\"\">\n<li class=\"list-inline-item\" data-v-91da3d00=\"\">128 GB<\/li>\n<\/ul>\n<\/li>\n<li class=\"flex-column flex-lg-row spec d-flex\" data-v-91da3d00=\"\">\n<h5 class=\"spec-title\" data-v-91da3d00=\"\">Micro-SD t\u00e1mogat\u00e1s<\/h5>\n<ul class=\"specs-list list-inline list-unstyled d-inline\" data-v-91da3d00=\"\">\n<li class=\"list-inline-item\" data-v-91da3d00=\"\">Nem<\/li>\n<\/ul>\n<\/li>\n<li class=\"flex-column flex-lg-row spec d-flex\" data-v-91da3d00=\"\">\n<h5 class=\"spec-title\" data-v-91da3d00=\"\">Processzor modell<\/h5>\n<ul class=\"specs-list list-inline list-unstyled d-inline\" data-v-91da3d00=\"\">\n<li class=\"list-inline-item\" data-v-91da3d00=\"\">Hexa-core, Apple A16 Bionic (4 nm)<\/li>\n<\/ul>\n<\/li>\n<li class=\"flex-column flex-lg-row spec d-flex\" data-v-91da3d00=\"\">\n<h5 class=\"spec-title\" data-v-91da3d00=\"\">Frekvencia processzor<\/h5>\n<ul class=\"specs-list list-inline list-unstyled d-inline\" data-v-91da3d00=\"\">\n<li class=\"list-inline-item\" data-v-91da3d00=\"\">2&#215;3.46 GHz Everest + 4&#215;2.02 GHz Sawtooth<\/li>\n<\/ul>\n<\/li>\n<li class=\"flex-column flex-lg-row spec d-flex\" data-v-91da3d00=\"\">\n<h5 class=\"spec-title\" data-v-91da3d00=\"\">Oper\u00e1ci\u00f3s rendszer<\/h5>\n<ul class=\"specs-list list-inline list-unstyled d-inline\" data-v-91da3d00=\"\">\n<li class=\"list-inline-item\" data-v-91da3d00=\"\">iOS 16, friss\u00edthet\u0151 iOS 16.0.2-re<\/li>\n<\/ul>\n<\/li>\n<li class=\"flex-column flex-lg-row spec d-flex\" data-v-91da3d00=\"\">\n<h5 class=\"spec-title\" data-v-91da3d00=\"\">F\u0151 fogad\u00e1s kijelz\u0151<\/h5>\n<ul class=\"specs-list list-inline list-unstyled d-inline\" data-v-91da3d00=\"\">\n<li class=\"list-inline-item\" data-v-91da3d00=\"\">LTPO Super Retina XDR OLED, 120Hz, HDR10, Dolby Vision, 1000 nits (typ), 2000 nits (HBM)<\/li>\n<\/ul>\n<\/li>\n<li class=\"flex-column flex-lg-row spec d-flex\" data-v-91da3d00=\"\">\n<h5 class=\"spec-title\" data-v-91da3d00=\"\">Felbont\u00e1s (pixel)<\/h5>\n<ul class=\"specs-list list-inline list-unstyled d-inline\" data-v-91da3d00=\"\">\n<li class=\"list-inline-item\" data-v-91da3d00=\"\">1179 x 2556 pixels, 19.5:9 ratio (~460 ppi density)<\/li>\n<\/ul>\n<\/li>\n<li class=\"flex-column flex-lg-row spec d-flex\" data-v-91da3d00=\"\">\n<h5 class=\"spec-title\" data-v-91da3d00=\"\">Kik\u00f6t\u0151k<\/h5>\n<ul class=\"specs-list list-inline list-unstyled d-inline\" data-v-91da3d00=\"\">\n<li class=\"list-inline-item\" data-v-91da3d00=\"\">Lightning, USB 2.0<\/li>\n<\/ul>\n<\/li>\n<li class=\"flex-column flex-lg-row spec d-flex\" data-v-91da3d00=\"\">\n<h5 class=\"spec-title\" data-v-91da3d00=\"\">Bluetooth<\/h5>\n<ul class=\"specs-list list-inline list-unstyled d-inline\" data-v-91da3d00=\"\">\n<li class=\"list-inline-item\" data-v-91da3d00=\"\">5.3, A2DP, LE<\/li>\n<\/ul>\n<\/li>\n<li class=\"flex-column flex-lg-row spec d-flex\" data-v-91da3d00=\"\">\n<h5 class=\"spec-title\" data-v-91da3d00=\"\">WiFi<\/h5>\n<ul class=\"specs-list list-inline list-unstyled d-inline\" data-v-91da3d00=\"\">\n<li class=\"list-inline-item\" data-v-91da3d00=\"\">Wi-Fi 802.11 a\/b\/g\/n\/ac\/6, k\u00e9ts\u00e1vos, hotspot<\/li>\n<\/ul>\n<\/li>\n<li class=\"flex-column flex-lg-row spec d-flex\" data-v-91da3d00=\"\">\n<h5 class=\"spec-title\" data-v-91da3d00=\"\">NFC<\/h5>\n<ul class=\"specs-list list-inline list-unstyled d-inline\" data-v-91da3d00=\"\">\n<li class=\"list-inline-item\" data-v-91da3d00=\"\">A  c\u00edmr\u0151l<\/li>\n<\/ul>\n<\/li>\n<li class=\"flex-column flex-lg-row spec d-flex\" data-v-91da3d00=\"\">\n<h5 class=\"spec-title\" data-v-91da3d00=\"\">Akkumul\u00e1tor<\/h5>\n<ul class=\"specs-list list-inline list-unstyled d-inline\" data-v-91da3d00=\"\">\n<li class=\"list-inline-item\" data-v-91da3d00=\"\">Li-Ion 3200 mAh, non-removable (12.38 Wh)<\/li>\n<\/ul>\n<\/li>\n<li class=\"flex-column flex-lg-row spec d-flex\" data-v-91da3d00=\"\">\n<h5 class=\"spec-title\" data-v-91da3d00=\"\">H\u00e1ts\u00f3 kamera<\/h5>\n<ul class=\"specs-list list-inline list-unstyled d-inline\" data-v-91da3d00=\"\">\n<li class=\"list-inline-item\" data-v-91da3d00=\"\">48 MP, f\/1.8, 24mm (wide), 1\/1.28\u201d, 1.22\u00b5m, dual pixel PDAF, sensor-shift OIS, 12 MP, f\/2.8, 77mm (telephoto), 1\/3_5\u201d, PDAF, OIS, 3x optical zoom, 12 MP, f\/2.2, 13mm, 120\u02da (ultrawide), 1\/2.55\u201d, 1.4\u00b5m, dual pixel PDAF, TOF 3D LiDAR scanner (depth), Dual-LED dual-tone flash, HDR (photo\/panorama), 4K@24\/25\/30\/60fps, 1080p@25\/30\/60\/120\/240fps, 10-bit HDR, Dolby Vision HDR (60fps-ig), ProRes, Cinematic mode (4K@24\/30fps), Stereo sound rec<\/li>\n<\/ul>\n<\/li>\n<li class=\"flex-column flex-lg-row spec d-flex\" data-v-91da3d00=\"\">\n<h5 class=\"spec-title\" data-v-91da3d00=\"\">El\u0151szoba<\/h5>\n<ul class=\"specs-list list-inline list-unstyled d-inline\" data-v-91da3d00=\"\">\n<li class=\"list-inline-item\" data-v-91da3d00=\"\">12 MP, f\/1.9, 23mm (wide), 1\/3.6\u201d, PDAF, OIS, SL 3D, (depth\/biometrics sensor), HDR, Cinematic mode (4K@24\/30fps), 4K@24\/25\/30\/60fps, 1080p@25\/30\/60\/120fps, gyro-EIS<\/li>\n<\/ul>\n<\/li>\n<li class=\"flex-column flex-lg-row spec d-flex\" data-v-91da3d00=\"\">\n<h5 class=\"spec-title\" data-v-91da3d00=\"\">M\u00e9retek (sz\u00e9less\u00e9g x magass\u00e1g x m\u00e9lys\u00e9g mm)<\/h5>\n<ul class=\"specs-list list-inline list-unstyled d-inline\" data-v-91da3d00=\"\">\n<li class=\"list-inline-item\" data-v-91da3d00=\"\">147.5 x 71.5 x 7.9 mm (5.81 x 2.81 x 0.31 in)<\/li>\n<\/ul>\n<\/li>\n<li class=\"flex-column flex-lg-row spec d-flex\" data-v-91da3d00=\"\">\n<h5 class=\"spec-title\" data-v-91da3d00=\"\">Egy\u00e9b<\/h5>\n<ul class=\"specs-list list-inline list-unstyled d-inline\" data-v-91da3d00=\"\">\n<li class=\"list-inline-item\" data-v-91da3d00=\"\">Face ID, Accelerometer, Gyro, Proximity, Compass, Barometer, Ultra Wideband (UWB) support, Emergency SOS via satellite (SMS sending\/receiving), Glass front (Gorilla Glass), Glass back (Gorilla Glass), Aluminum frame, Apple Pay (Visa, MasterCard, AMEX certified, MagSafe fast wireless charging 15W, Always-On display<\/li>\n<\/ul>\n<\/li>\n<\/ul>\n<\/li>\n<\/ul>\n<\/li>\n<\/ul>","protected":false},"excerpt":{"rendered":"<p>\ud83d\udd0ciPhone 14 Pro<br \/>\n-stare excelent\u0103 9,5\/10<br \/>\n-128Gb<br \/>\n-baterie 91%<br \/>\n-deep purple<br \/>\n-accept\u0103m schimb cu telefoane mai ieftine ( buy back)<br \/>\n-15 zile drept retur\u2705<br \/>\n-livrare oriunde in \u021bar\u0103 prin fan courier verificare colet<br \/>\n-garan\u021bie 24 de luni\u2705<\/p>\n<p>&nbsp;<\/p>","protected":false},"featured_media":6849,"comment_status":"open","ping_status":"closed","template":"","meta":{"_glsr_average":0,"_glsr_ranking":0,"_glsr_reviews":0},"product_brand":[],"product_cat":[15],"product_tag":[],"class_list":{"0":"post-5974","1":"product","2":"type-product","3":"status-publish","4":"has-post-thumbnail","6":"product_cat-reduceri","8":"first","9":"outofstock","10":"taxable","11":"shipping-taxable","12":"purchasable","13":"product-type-simple"},"yoast_head":"<!-- This site is optimized with the Yoast SEO plugin v27.3 - https:\/\/yoast.com\/product\/yoast-seo-wordpress\/ -->\n<title>iPhone 14 Pro 91% - Apple Plug<\/title>\n<meta name=\"robots\" content=\"index, follow, max-snippet:-1, max-image-preview:large, max-video-preview:-1\" \/>\n<link rel=\"canonical\" href=\"https:\/\/appleplug.ro\/hu\/product\/iphone-14-pro-91\/\" \/>\n<meta property=\"og:locale\" content=\"hu_HU\" \/>\n<meta property=\"og:type\" content=\"article\" \/>\n<meta property=\"og:title\" content=\"iPhone 14 Pro 91% - Apple Plug\" \/>\n<meta property=\"og:description\" content=\"\ud83d\udd0ciPhone 14 Pro -stare excelent\u0103 9,5\/10 -128Gb -baterie 91% -deep purple -accept\u0103m schimb cu telefoane mai ieftine ( buy back) -15 zile drept retur\u2705 -livrare oriunde in \u021bar\u0103 prin fan courier verificare colet -garan\u021bie 24 de luni\u2705  &nbsp;\" \/>\n<meta property=\"og:url\" content=\"https:\/\/appleplug.ro\/hu\/product\/iphone-14-pro-91\/\" \/>\n<meta property=\"og:site_name\" content=\"Apple Plug\" \/>\n<meta property=\"article:publisher\" content=\"https:\/\/www.facebook.com\/profile.php?id=100089820235797\" \/>\n<meta property=\"article:modified_time\" content=\"2025-01-13T10:15:53+00:00\" \/>\n<meta property=\"og:image\" content=\"https:\/\/appleplug.ro\/wp-content\/uploads\/2024\/02\/img_3200-1-scaled.jpeg\" \/>\n\t<meta property=\"og:image:width\" content=\"2560\" \/>\n\t<meta property=\"og:image:height\" content=\"2560\" \/>\n\t<meta property=\"og:image:type\" content=\"image\/jpeg\" \/>\n<meta name=\"twitter:card\" content=\"summary_large_image\" \/>\n<meta name=\"twitter:label1\" content=\"Becs\u00fclt olvas\u00e1si id\u0151\" \/>\n\t<meta name=\"twitter:data1\" content=\"2 perc\" \/>\n<script type=\"application\/ld+json\" class=\"yoast-schema-graph\">{\"@context\":\"https:\\\/\\\/schema.org\",\"@graph\":[{\"@type\":\"WebPage\",\"@id\":\"https:\\\/\\\/appleplug.ro\\\/product\\\/iphone-14-pro-91\\\/\",\"url\":\"https:\\\/\\\/appleplug.ro\\\/product\\\/iphone-14-pro-91\\\/\",\"name\":\"iPhone 14 Pro 91% - Apple Plug\",\"isPartOf\":{\"@id\":\"https:\\\/\\\/appleplug.ro\\\/#website\"},\"primaryImageOfPage\":{\"@id\":\"https:\\\/\\\/appleplug.ro\\\/product\\\/iphone-14-pro-91\\\/#primaryimage\"},\"image\":{\"@id\":\"https:\\\/\\\/appleplug.ro\\\/product\\\/iphone-14-pro-91\\\/#primaryimage\"},\"thumbnailUrl\":\"https:\\\/\\\/i0.wp.com\\\/appleplug.ro\\\/wp-content\\\/uploads\\\/2024\\\/02\\\/img_3200-1-scaled.jpeg?fit=2560%2C2560&ssl=1\",\"datePublished\":\"2024-02-19T16:29:30+00:00\",\"dateModified\":\"2025-01-13T10:15:53+00:00\",\"breadcrumb\":{\"@id\":\"https:\\\/\\\/appleplug.ro\\\/product\\\/iphone-14-pro-91\\\/#breadcrumb\"},\"inLanguage\":\"hu\",\"potentialAction\":[{\"@type\":\"ReadAction\",\"target\":[\"https:\\\/\\\/appleplug.ro\\\/product\\\/iphone-14-pro-91\\\/\"]}]},{\"@type\":\"ImageObject\",\"inLanguage\":\"hu\",\"@id\":\"https:\\\/\\\/appleplug.ro\\\/product\\\/iphone-14-pro-91\\\/#primaryimage\",\"url\":\"https:\\\/\\\/i0.wp.com\\\/appleplug.ro\\\/wp-content\\\/uploads\\\/2024\\\/02\\\/img_3200-1-scaled.jpeg?fit=2560%2C2560&ssl=1\",\"contentUrl\":\"https:\\\/\\\/i0.wp.com\\\/appleplug.ro\\\/wp-content\\\/uploads\\\/2024\\\/02\\\/img_3200-1-scaled.jpeg?fit=2560%2C2560&ssl=1\",\"width\":2560,\"height\":2560},{\"@type\":\"BreadcrumbList\",\"@id\":\"https:\\\/\\\/appleplug.ro\\\/product\\\/iphone-14-pro-91\\\/#breadcrumb\",\"itemListElement\":[{\"@type\":\"ListItem\",\"position\":1,\"name\":\"Acas\u0103\",\"item\":\"https:\\\/\\\/appleplug.ro\\\/\"},{\"@type\":\"ListItem\",\"position\":2,\"name\":\"Magazin\",\"item\":\"https:\\\/\\\/appleplug.ro\\\/magazin\\\/\"},{\"@type\":\"ListItem\",\"position\":3,\"name\":\"iPhone 14 Pro 91%\"}]},{\"@type\":\"WebSite\",\"@id\":\"https:\\\/\\\/appleplug.ro\\\/#website\",\"url\":\"https:\\\/\\\/appleplug.ro\\\/\",\"name\":\"Apple Plug\",\"description\":\"Magazin online de telefoane second hand IPhone \u0219i accesorii\",\"publisher\":{\"@id\":\"https:\\\/\\\/appleplug.ro\\\/#organization\"},\"potentialAction\":[{\"@type\":\"SearchAction\",\"target\":{\"@type\":\"EntryPoint\",\"urlTemplate\":\"https:\\\/\\\/appleplug.ro\\\/?s={search_term_string}\"},\"query-input\":{\"@type\":\"PropertyValueSpecification\",\"valueRequired\":true,\"valueName\":\"search_term_string\"}}],\"inLanguage\":\"hu\"},{\"@type\":\"Organization\",\"@id\":\"https:\\\/\\\/appleplug.ro\\\/#organization\",\"name\":\"Apple Plug\",\"url\":\"https:\\\/\\\/appleplug.ro\\\/\",\"logo\":{\"@type\":\"ImageObject\",\"inLanguage\":\"hu\",\"@id\":\"https:\\\/\\\/appleplug.ro\\\/#\\\/schema\\\/logo\\\/image\\\/\",\"url\":\"https:\\\/\\\/i0.wp.com\\\/appleplug.ro\\\/wp-content\\\/uploads\\\/2024\\\/04\\\/cropped-White-logo-no-background.png?fit=3167%2C560&ssl=1\",\"contentUrl\":\"https:\\\/\\\/i0.wp.com\\\/appleplug.ro\\\/wp-content\\\/uploads\\\/2024\\\/04\\\/cropped-White-logo-no-background.png?fit=3167%2C560&ssl=1\",\"width\":3167,\"height\":560,\"caption\":\"Apple Plug\"},\"image\":{\"@id\":\"https:\\\/\\\/appleplug.ro\\\/#\\\/schema\\\/logo\\\/image\\\/\"},\"sameAs\":[\"https:\\\/\\\/www.facebook.com\\\/profile.php?id=100089820235797\",\"https:\\\/\\\/www.instagram.com\\\/appleplug_romania?igsh=MWJ1YTQ2bGdvZ2Uzag&utm_source=qr\"]}]}<\/script>\n<!-- \/ Yoast SEO plugin. -->","yoast_head_json":{"title":"iPhone 14 Pro 91% - Apple Plug","robots":{"index":"index","follow":"follow","max-snippet":"max-snippet:-1","max-image-preview":"max-image-preview:large","max-video-preview":"max-video-preview:-1"},"canonical":"https:\/\/appleplug.ro\/hu\/product\/iphone-14-pro-91\/","og_locale":"hu_HU","og_type":"article","og_title":"iPhone 14 Pro 91% - Apple Plug","og_description":"\ud83d\udd0ciPhone 14 Pro -stare excelent\u0103 9,5\/10 -128Gb -baterie 91% -deep purple -accept\u0103m schimb cu telefoane mai ieftine ( buy back) -15 zile drept retur\u2705 -livrare oriunde in \u021bar\u0103 prin fan courier verificare colet -garan\u021bie 24 de luni\u2705  &nbsp;","og_url":"https:\/\/appleplug.ro\/hu\/product\/iphone-14-pro-91\/","og_site_name":"Apple Plug","article_publisher":"https:\/\/www.facebook.com\/profile.php?id=100089820235797","article_modified_time":"2025-01-13T10:15:53+00:00","og_image":[{"width":2560,"height":2560,"url":"https:\/\/appleplug.ro\/wp-content\/uploads\/2024\/02\/img_3200-1-scaled.jpeg","type":"image\/jpeg"}],"twitter_card":"summary_large_image","twitter_misc":{"Becs\u00fclt olvas\u00e1si id\u0151":"2 perc"},"schema":{"@context":"https:\/\/schema.org","@graph":[{"@type":"WebPage","@id":"https:\/\/appleplug.ro\/product\/iphone-14-pro-91\/","url":"https:\/\/appleplug.ro\/product\/iphone-14-pro-91\/","name":"iPhone 14 Pro 91% - Apple Plug","isPartOf":{"@id":"https:\/\/appleplug.ro\/#website"},"primaryImageOfPage":{"@id":"https:\/\/appleplug.ro\/product\/iphone-14-pro-91\/#primaryimage"},"image":{"@id":"https:\/\/appleplug.ro\/product\/iphone-14-pro-91\/#primaryimage"},"thumbnailUrl":"https:\/\/i0.wp.com\/appleplug.ro\/wp-content\/uploads\/2024\/02\/img_3200-1-scaled.jpeg?fit=2560%2C2560&ssl=1","datePublished":"2024-02-19T16:29:30+00:00","dateModified":"2025-01-13T10:15:53+00:00","breadcrumb":{"@id":"https:\/\/appleplug.ro\/product\/iphone-14-pro-91\/#breadcrumb"},"inLanguage":"hu","potentialAction":[{"@type":"ReadAction","target":["https:\/\/appleplug.ro\/product\/iphone-14-pro-91\/"]}]},{"@type":"ImageObject","inLanguage":"hu","@id":"https:\/\/appleplug.ro\/product\/iphone-14-pro-91\/#primaryimage","url":"https:\/\/i0.wp.com\/appleplug.ro\/wp-content\/uploads\/2024\/02\/img_3200-1-scaled.jpeg?fit=2560%2C2560&ssl=1","contentUrl":"https:\/\/i0.wp.com\/appleplug.ro\/wp-content\/uploads\/2024\/02\/img_3200-1-scaled.jpeg?fit=2560%2C2560&ssl=1","width":2560,"height":2560},{"@type":"BreadcrumbList","@id":"https:\/\/appleplug.ro\/product\/iphone-14-pro-91\/#breadcrumb","itemListElement":[{"@type":"ListItem","position":1,"name":"Acas\u0103","item":"https:\/\/appleplug.ro\/"},{"@type":"ListItem","position":2,"name":"Magazin","item":"https:\/\/appleplug.ro\/magazin\/"},{"@type":"ListItem","position":3,"name":"iPhone 14 Pro 91%"}]},{"@type":"WebSite","@id":"https:\/\/appleplug.ro\/#website","url":"https:\/\/appleplug.ro\/","name":"Apple Plug","description":"Haszn\u00e1lt IPhone telefonok \u00e9s tartoz\u00e9kok online boltja","publisher":{"@id":"https:\/\/appleplug.ro\/#organization"},"potentialAction":[{"@type":"SearchAction","target":{"@type":"EntryPoint","urlTemplate":"https:\/\/appleplug.ro\/?s={search_term_string}"},"query-input":{"@type":"PropertyValueSpecification","valueRequired":true,"valueName":"search_term_string"}}],"inLanguage":"hu"},{"@type":"Organization","@id":"https:\/\/appleplug.ro\/#organization","name":"Apple Plug","url":"https:\/\/appleplug.ro\/","logo":{"@type":"ImageObject","inLanguage":"hu","@id":"https:\/\/appleplug.ro\/#\/schema\/logo\/image\/","url":"https:\/\/i0.wp.com\/appleplug.ro\/wp-content\/uploads\/2024\/04\/cropped-White-logo-no-background.png?fit=3167%2C560&ssl=1","contentUrl":"https:\/\/i0.wp.com\/appleplug.ro\/wp-content\/uploads\/2024\/04\/cropped-White-logo-no-background.png?fit=3167%2C560&ssl=1","width":3167,"height":560,"caption":"Apple Plug"},"image":{"@id":"https:\/\/appleplug.ro\/#\/schema\/logo\/image\/"},"sameAs":["https:\/\/www.facebook.com\/profile.php?id=100089820235797","https:\/\/www.instagram.com\/appleplug_romania?igsh=MWJ1YTQ2bGdvZ2Uzag&utm_source=qr"]}]}},"jetpack_sharing_enabled":true,"_links":{"self":[{"href":"https:\/\/appleplug.ro\/hu\/wp-json\/wp\/v2\/product\/5974","targetHints":{"allow":["GET"]}}],"collection":[{"href":"https:\/\/appleplug.ro\/hu\/wp-json\/wp\/v2\/product"}],"about":[{"href":"https:\/\/appleplug.ro\/hu\/wp-json\/wp\/v2\/types\/product"}],"replies":[{"embeddable":true,"href":"https:\/\/appleplug.ro\/hu\/wp-json\/wp\/v2\/comments?post=5974"}],"wp:featuredmedia":[{"embeddable":true,"href":"https:\/\/appleplug.ro\/hu\/wp-json\/wp\/v2\/media\/6849"}],"wp:attachment":[{"href":"https:\/\/appleplug.ro\/hu\/wp-json\/wp\/v2\/media?parent=5974"}],"wp:term":[{"taxonomy":"product_brand","embeddable":true,"href":"https:\/\/appleplug.ro\/hu\/wp-json\/wp\/v2\/product_brand?post=5974"},{"taxonomy":"product_cat","embeddable":true,"href":"https:\/\/appleplug.ro\/hu\/wp-json\/wp\/v2\/product_cat?post=5974"},{"taxonomy":"product_tag","embeddable":true,"href":"https:\/\/appleplug.ro\/hu\/wp-json\/wp\/v2\/product_tag?post=5974"}],"curies":[{"name":"wp","href":"https:\/\/api.w.org\/{rel}","templated":true}]}}