{"id":41695,"date":"2026-03-18T17:09:48","date_gmt":"2026-03-18T15:09:48","guid":{"rendered":"https:\/\/appleplug.ro\/?post_type=product&#038;p=41695"},"modified":"2026-03-29T19:15:17","modified_gmt":"2026-03-29T16:15:17","slug":"macbook-air-13%e2%80%b3-2020","status":"publish","type":"product","link":"https:\/\/appleplug.ro\/hu\/product\/macbook-air-13%e2%80%b3-2020\/","title":{"rendered":"MacBook Air 13\u2033 2020 M1 8 Cores 8 GB 7 core GPU 256GB Space Gray Aproape Nou"},"content":{"rendered":"","protected":false},"excerpt":{"rendered":"<p>\ud83d\udd0c Macbook Air M1<br \/>\n-cu Doar 16 cicluri de \u00eenc\u0103rcare<br \/>\n-stare ca nou 10\/10<br \/>\n-procesor M1<br \/>\n-256Gb<br \/>\n-8Gb RAM<br \/>\n-space gray<br \/>\n-posibilitatea buy back<\/p>","protected":false},"featured_media":41700,"comment_status":"open","ping_status":"closed","template":"","meta":{"_glsr_average":0,"_glsr_ranking":0,"_glsr_reviews":0},"product_brand":[427],"product_cat":[100],"product_tag":[],"class_list":{"0":"post-41695","1":"product","2":"type-product","3":"status-publish","4":"has-post-thumbnail","6":"product_brand-apple","7":"product_cat-gadgeturi-apple","9":"first","10":"outofstock","11":"sale","12":"taxable","13":"shipping-taxable","14":"purchasable","15":"product-type-simple"},"yoast_head":"<!-- This site is optimized with the Yoast SEO plugin v27.3 - https:\/\/yoast.com\/product\/yoast-seo-wordpress\/ -->\n<title>MacBook Air 13\u2033 2020 M1 8 Cores 8 GB 7 core GPU 256GB Space Gray Aproape Nou - Apple Plug<\/title>\n<meta name=\"robots\" content=\"index, follow, max-snippet:-1, max-image-preview:large, max-video-preview:-1\" \/>\n<link rel=\"canonical\" href=\"https:\/\/appleplug.ro\/hu\/product\/macbook-air-13\u2033-2020\/\" \/>\n<meta property=\"og:locale\" content=\"hu_HU\" \/>\n<meta property=\"og:type\" content=\"article\" \/>\n<meta property=\"og:title\" content=\"MacBook Air 13\u2033 2020 M1 8 Cores 8 GB 7 core GPU 256GB Space Gray Aproape Nou - Apple Plug\" \/>\n<meta property=\"og:description\" content=\"\ud83d\udd0c Macbook Air M1 -cu Doar 16 cicluri de \u00eenc\u0103rcare -stare ca nou 10\/10 -procesor M1 -256Gb -8Gb RAM -space gray -posibilitatea buy back\" \/>\n<meta property=\"og:url\" content=\"https:\/\/appleplug.ro\/hu\/product\/macbook-air-13\u2033-2020\/\" \/>\n<meta property=\"og:site_name\" content=\"Apple Plug\" \/>\n<meta property=\"article:publisher\" content=\"https:\/\/www.facebook.com\/profile.php?id=100089820235797\" \/>\n<meta property=\"article:modified_time\" content=\"2026-03-29T16:15:17+00:00\" \/>\n<meta property=\"og:image\" content=\"https:\/\/appleplug.ro\/wp-content\/uploads\/2026\/03\/macbook-air-M1-second-hand-folosit-cu-garantie-la-un-pret-special-de-la-Apple-Plug-.jpg\" \/>\n\t<meta property=\"og:image:width\" content=\"600\" \/>\n\t<meta property=\"og:image:height\" content=\"600\" \/>\n\t<meta property=\"og:image:type\" content=\"image\/jpeg\" \/>\n<meta name=\"twitter:card\" content=\"summary_large_image\" \/>\n<meta name=\"twitter:label1\" content=\"Becs\u00fclt olvas\u00e1si id\u0151\" \/>\n\t<meta name=\"twitter:data1\" content=\"1 perc\" \/>\n<script type=\"application\/ld+json\" class=\"yoast-schema-graph\">{\"@context\":\"https:\\\/\\\/schema.org\",\"@graph\":[{\"@type\":\"WebPage\",\"@id\":\"https:\\\/\\\/appleplug.ro\\\/product\\\/macbook-air-13%e2%80%b3-2020\\\/\",\"url\":\"https:\\\/\\\/appleplug.ro\\\/product\\\/macbook-air-13%e2%80%b3-2020\\\/\",\"name\":\"MacBook Air 13\u2033 2020 M1 8 Cores 8 GB 7 core GPU 256GB Space Gray Aproape Nou - Apple Plug\",\"isPartOf\":{\"@id\":\"https:\\\/\\\/appleplug.ro\\\/#website\"},\"primaryImageOfPage\":{\"@id\":\"https:\\\/\\\/appleplug.ro\\\/product\\\/macbook-air-13%e2%80%b3-2020\\\/#primaryimage\"},\"image\":{\"@id\":\"https:\\\/\\\/appleplug.ro\\\/product\\\/macbook-air-13%e2%80%b3-2020\\\/#primaryimage\"},\"thumbnailUrl\":\"https:\\\/\\\/i0.wp.com\\\/appleplug.ro\\\/wp-content\\\/uploads\\\/2026\\\/03\\\/macbook-air-M1-second-hand-folosit-cu-garantie-la-un-pret-special-de-la-Apple-Plug-.jpg?fit=600%2C600&ssl=1\",\"datePublished\":\"2026-03-18T15:09:48+00:00\",\"dateModified\":\"2026-03-29T16:15:17+00:00\",\"breadcrumb\":{\"@id\":\"https:\\\/\\\/appleplug.ro\\\/product\\\/macbook-air-13%e2%80%b3-2020\\\/#breadcrumb\"},\"inLanguage\":\"hu\",\"potentialAction\":[{\"@type\":\"ReadAction\",\"target\":[\"https:\\\/\\\/appleplug.ro\\\/product\\\/macbook-air-13%e2%80%b3-2020\\\/\"]}]},{\"@type\":\"ImageObject\",\"inLanguage\":\"hu\",\"@id\":\"https:\\\/\\\/appleplug.ro\\\/product\\\/macbook-air-13%e2%80%b3-2020\\\/#primaryimage\",\"url\":\"https:\\\/\\\/i0.wp.com\\\/appleplug.ro\\\/wp-content\\\/uploads\\\/2026\\\/03\\\/macbook-air-M1-second-hand-folosit-cu-garantie-la-un-pret-special-de-la-Apple-Plug-.jpg?fit=600%2C600&ssl=1\",\"contentUrl\":\"https:\\\/\\\/i0.wp.com\\\/appleplug.ro\\\/wp-content\\\/uploads\\\/2026\\\/03\\\/macbook-air-M1-second-hand-folosit-cu-garantie-la-un-pret-special-de-la-Apple-Plug-.jpg?fit=600%2C600&ssl=1\",\"width\":600,\"height\":600,\"caption\":\"macbook-air-M1-second-hand-folosit-cu-garantie-la-un-pret-special-de-la-Apple-Plug-\"},{\"@type\":\"BreadcrumbList\",\"@id\":\"https:\\\/\\\/appleplug.ro\\\/product\\\/macbook-air-13%e2%80%b3-2020\\\/#breadcrumb\",\"itemListElement\":[{\"@type\":\"ListItem\",\"position\":1,\"name\":\"Acas\u0103\",\"item\":\"https:\\\/\\\/appleplug.ro\\\/\"},{\"@type\":\"ListItem\",\"position\":2,\"name\":\"Magazin\",\"item\":\"https:\\\/\\\/appleplug.ro\\\/magazin\\\/\"},{\"@type\":\"ListItem\",\"position\":3,\"name\":\"MacBook Air 13\u2033 2020 M1 8 Cores 8 GB 7 core GPU 256GB Space Gray Aproape Nou\"}]},{\"@type\":\"WebSite\",\"@id\":\"https:\\\/\\\/appleplug.ro\\\/#website\",\"url\":\"https:\\\/\\\/appleplug.ro\\\/\",\"name\":\"Apple Plug\",\"description\":\"Magazin online de telefoane second hand IPhone \u0219i accesorii\",\"publisher\":{\"@id\":\"https:\\\/\\\/appleplug.ro\\\/#organization\"},\"potentialAction\":[{\"@type\":\"SearchAction\",\"target\":{\"@type\":\"EntryPoint\",\"urlTemplate\":\"https:\\\/\\\/appleplug.ro\\\/?s={search_term_string}\"},\"query-input\":{\"@type\":\"PropertyValueSpecification\",\"valueRequired\":true,\"valueName\":\"search_term_string\"}}],\"inLanguage\":\"hu\"},{\"@type\":\"Organization\",\"@id\":\"https:\\\/\\\/appleplug.ro\\\/#organization\",\"name\":\"Apple Plug\",\"url\":\"https:\\\/\\\/appleplug.ro\\\/\",\"logo\":{\"@type\":\"ImageObject\",\"inLanguage\":\"hu\",\"@id\":\"https:\\\/\\\/appleplug.ro\\\/#\\\/schema\\\/logo\\\/image\\\/\",\"url\":\"https:\\\/\\\/i0.wp.com\\\/appleplug.ro\\\/wp-content\\\/uploads\\\/2024\\\/04\\\/cropped-White-logo-no-background.png?fit=3167%2C560&ssl=1\",\"contentUrl\":\"https:\\\/\\\/i0.wp.com\\\/appleplug.ro\\\/wp-content\\\/uploads\\\/2024\\\/04\\\/cropped-White-logo-no-background.png?fit=3167%2C560&ssl=1\",\"width\":3167,\"height\":560,\"caption\":\"Apple Plug\"},\"image\":{\"@id\":\"https:\\\/\\\/appleplug.ro\\\/#\\\/schema\\\/logo\\\/image\\\/\"},\"sameAs\":[\"https:\\\/\\\/www.facebook.com\\\/profile.php?id=100089820235797\",\"https:\\\/\\\/www.instagram.com\\\/appleplug_romania?igsh=MWJ1YTQ2bGdvZ2Uzag&utm_source=qr\"]}]}<\/script>\n<!-- \/ Yoast SEO plugin. -->","yoast_head_json":{"title":"MacBook Air 13\u2033 2020 M1 8 Cores 8 GB 7 core GPU 256GB Space Gray Aproape Nou - Apple Plug","robots":{"index":"index","follow":"follow","max-snippet":"max-snippet:-1","max-image-preview":"max-image-preview:large","max-video-preview":"max-video-preview:-1"},"canonical":"https:\/\/appleplug.ro\/hu\/product\/macbook-air-13\u2033-2020\/","og_locale":"hu_HU","og_type":"article","og_title":"MacBook Air 13\u2033 2020 M1 8 Cores 8 GB 7 core GPU 256GB Space Gray Aproape Nou - Apple Plug","og_description":"\ud83d\udd0c Macbook Air M1 -cu Doar 16 cicluri de \u00eenc\u0103rcare -stare ca nou 10\/10 -procesor M1 -256Gb -8Gb RAM -space gray -posibilitatea buy back","og_url":"https:\/\/appleplug.ro\/hu\/product\/macbook-air-13\u2033-2020\/","og_site_name":"Apple Plug","article_publisher":"https:\/\/www.facebook.com\/profile.php?id=100089820235797","article_modified_time":"2026-03-29T16:15:17+00:00","og_image":[{"width":600,"height":600,"url":"https:\/\/appleplug.ro\/wp-content\/uploads\/2026\/03\/macbook-air-M1-second-hand-folosit-cu-garantie-la-un-pret-special-de-la-Apple-Plug-.jpg","type":"image\/jpeg"}],"twitter_card":"summary_large_image","twitter_misc":{"Becs\u00fclt olvas\u00e1si id\u0151":"1 perc"},"schema":{"@context":"https:\/\/schema.org","@graph":[{"@type":"WebPage","@id":"https:\/\/appleplug.ro\/product\/macbook-air-13%e2%80%b3-2020\/","url":"https:\/\/appleplug.ro\/product\/macbook-air-13%e2%80%b3-2020\/","name":"MacBook Air 13\u2033 2020 M1 8 Cores 8 GB 7 core GPU 256GB Space Gray Aproape Nou - Apple Plug","isPartOf":{"@id":"https:\/\/appleplug.ro\/#website"},"primaryImageOfPage":{"@id":"https:\/\/appleplug.ro\/product\/macbook-air-13%e2%80%b3-2020\/#primaryimage"},"image":{"@id":"https:\/\/appleplug.ro\/product\/macbook-air-13%e2%80%b3-2020\/#primaryimage"},"thumbnailUrl":"https:\/\/i0.wp.com\/appleplug.ro\/wp-content\/uploads\/2026\/03\/macbook-air-M1-second-hand-folosit-cu-garantie-la-un-pret-special-de-la-Apple-Plug-.jpg?fit=600%2C600&ssl=1","datePublished":"2026-03-18T15:09:48+00:00","dateModified":"2026-03-29T16:15:17+00:00","breadcrumb":{"@id":"https:\/\/appleplug.ro\/product\/macbook-air-13%e2%80%b3-2020\/#breadcrumb"},"inLanguage":"hu","potentialAction":[{"@type":"ReadAction","target":["https:\/\/appleplug.ro\/product\/macbook-air-13%e2%80%b3-2020\/"]}]},{"@type":"ImageObject","inLanguage":"hu","@id":"https:\/\/appleplug.ro\/product\/macbook-air-13%e2%80%b3-2020\/#primaryimage","url":"https:\/\/i0.wp.com\/appleplug.ro\/wp-content\/uploads\/2026\/03\/macbook-air-M1-second-hand-folosit-cu-garantie-la-un-pret-special-de-la-Apple-Plug-.jpg?fit=600%2C600&ssl=1","contentUrl":"https:\/\/i0.wp.com\/appleplug.ro\/wp-content\/uploads\/2026\/03\/macbook-air-M1-second-hand-folosit-cu-garantie-la-un-pret-special-de-la-Apple-Plug-.jpg?fit=600%2C600&ssl=1","width":600,"height":600,"caption":"macbook-air-M1-second-hand-folosit-cu-garantie-la-un-pret-special-de-la-Apple-Plug-"},{"@type":"BreadcrumbList","@id":"https:\/\/appleplug.ro\/product\/macbook-air-13%e2%80%b3-2020\/#breadcrumb","itemListElement":[{"@type":"ListItem","position":1,"name":"Acas\u0103","item":"https:\/\/appleplug.ro\/"},{"@type":"ListItem","position":2,"name":"Magazin","item":"https:\/\/appleplug.ro\/magazin\/"},{"@type":"ListItem","position":3,"name":"MacBook Air 13\u2033 2020 M1 8 Cores 8 GB 7 core GPU 256GB Space Gray Aproape Nou"}]},{"@type":"WebSite","@id":"https:\/\/appleplug.ro\/#website","url":"https:\/\/appleplug.ro\/","name":"Apple Plug","description":"Haszn\u00e1lt IPhone telefonok \u00e9s tartoz\u00e9kok online boltja","publisher":{"@id":"https:\/\/appleplug.ro\/#organization"},"potentialAction":[{"@type":"SearchAction","target":{"@type":"EntryPoint","urlTemplate":"https:\/\/appleplug.ro\/?s={search_term_string}"},"query-input":{"@type":"PropertyValueSpecification","valueRequired":true,"valueName":"search_term_string"}}],"inLanguage":"hu"},{"@type":"Organization","@id":"https:\/\/appleplug.ro\/#organization","name":"Apple Plug","url":"https:\/\/appleplug.ro\/","logo":{"@type":"ImageObject","inLanguage":"hu","@id":"https:\/\/appleplug.ro\/#\/schema\/logo\/image\/","url":"https:\/\/i0.wp.com\/appleplug.ro\/wp-content\/uploads\/2024\/04\/cropped-White-logo-no-background.png?fit=3167%2C560&ssl=1","contentUrl":"https:\/\/i0.wp.com\/appleplug.ro\/wp-content\/uploads\/2024\/04\/cropped-White-logo-no-background.png?fit=3167%2C560&ssl=1","width":3167,"height":560,"caption":"Apple Plug"},"image":{"@id":"https:\/\/appleplug.ro\/#\/schema\/logo\/image\/"},"sameAs":["https:\/\/www.facebook.com\/profile.php?id=100089820235797","https:\/\/www.instagram.com\/appleplug_romania?igsh=MWJ1YTQ2bGdvZ2Uzag&utm_source=qr"]}]}},"jetpack_sharing_enabled":true,"_links":{"self":[{"href":"https:\/\/appleplug.ro\/hu\/wp-json\/wp\/v2\/product\/41695","targetHints":{"allow":["GET"]}}],"collection":[{"href":"https:\/\/appleplug.ro\/hu\/wp-json\/wp\/v2\/product"}],"about":[{"href":"https:\/\/appleplug.ro\/hu\/wp-json\/wp\/v2\/types\/product"}],"replies":[{"embeddable":true,"href":"https:\/\/appleplug.ro\/hu\/wp-json\/wp\/v2\/comments?post=41695"}],"wp:featuredmedia":[{"embeddable":true,"href":"https:\/\/appleplug.ro\/hu\/wp-json\/wp\/v2\/media\/41700"}],"wp:attachment":[{"href":"https:\/\/appleplug.ro\/hu\/wp-json\/wp\/v2\/media?parent=41695"}],"wp:term":[{"taxonomy":"product_brand","embeddable":true,"href":"https:\/\/appleplug.ro\/hu\/wp-json\/wp\/v2\/product_brand?post=41695"},{"taxonomy":"product_cat","embeddable":true,"href":"https:\/\/appleplug.ro\/hu\/wp-json\/wp\/v2\/product_cat?post=41695"},{"taxonomy":"product_tag","embeddable":true,"href":"https:\/\/appleplug.ro\/hu\/wp-json\/wp\/v2\/product_tag?post=41695"}],"curies":[{"name":"wp","href":"https:\/\/api.w.org\/{rel}","templated":true}]}}