{"id":41166,"date":"2026-02-25T13:10:15","date_gmt":"2026-02-25T11:10:15","guid":{"rendered":"https:\/\/appleplug.ro\/?post_type=product&#038;p=41166"},"modified":"2026-04-09T22:44:44","modified_gmt":"2026-04-09T19:44:44","slug":"apple-watch-series-10-2","status":"publish","type":"product","link":"https:\/\/appleplug.ro\/hu\/product\/apple-watch-series-10-2\/","title":{"rendered":"Apple Watch Series 10 GPS + Cellular Rose Gold Aluminium 42mm Ca Nou"},"content":{"rendered":"","protected":false},"excerpt":{"rendered":"<p>\ud83d\udd0c Apple Watch Series 10<br \/>\n-stare ca nou 10\/10<br \/>\n-GPS + Cellular<br \/>\n-rose gold<br \/>\n-42mm<br \/>\n-sport band S\/M<\/p>","protected":false},"featured_media":41170,"comment_status":"open","ping_status":"closed","template":"","meta":{"_glsr_average":0,"_glsr_ranking":0,"_glsr_reviews":0},"product_brand":[],"product_cat":[100],"product_tag":[],"class_list":{"0":"post-41166","1":"product","2":"type-product","3":"status-publish","4":"has-post-thumbnail","6":"product_cat-gadgeturi-apple","8":"first","9":"instock","10":"sale","11":"taxable","12":"shipping-taxable","13":"purchasable","14":"product-type-simple"},"yoast_head":"<!-- This site is optimized with the Yoast SEO plugin v27.3 - https:\/\/yoast.com\/product\/yoast-seo-wordpress\/ -->\n<title>Apple Watch Series 10 GPS + Cellular Rose Gold Aluminium 42mm Ca Nou - Apple Plug<\/title>\n<meta name=\"robots\" content=\"index, follow, max-snippet:-1, max-image-preview:large, max-video-preview:-1\" \/>\n<link rel=\"canonical\" href=\"https:\/\/appleplug.ro\/hu\/product\/apple-watch-series-10-2\/\" \/>\n<meta property=\"og:locale\" content=\"hu_HU\" \/>\n<meta property=\"og:type\" content=\"article\" \/>\n<meta property=\"og:title\" content=\"Apple Watch Series 10 GPS + Cellular Rose Gold Aluminium 42mm Ca Nou - Apple Plug\" \/>\n<meta property=\"og:description\" content=\"\ud83d\udd0c Apple Watch Series 10 -stare ca nou 10\/10 -GPS + Cellular -rose gold -42mm -sport band S\/M\" \/>\n<meta property=\"og:url\" content=\"https:\/\/appleplug.ro\/hu\/product\/apple-watch-series-10-2\/\" \/>\n<meta property=\"og:site_name\" content=\"Apple Plug\" \/>\n<meta property=\"article:publisher\" content=\"https:\/\/www.facebook.com\/profile.php?id=100089820235797\" \/>\n<meta property=\"article:modified_time\" content=\"2026-04-09T19:44:44+00:00\" \/>\n<meta name=\"twitter:card\" content=\"summary_large_image\" \/>\n<meta name=\"twitter:label1\" content=\"Becs\u00fclt olvas\u00e1si id\u0151\" \/>\n\t<meta name=\"twitter:data1\" content=\"1 perc\" \/>\n<script type=\"application\/ld+json\" class=\"yoast-schema-graph\">{\"@context\":\"https:\\\/\\\/schema.org\",\"@graph\":[{\"@type\":\"WebPage\",\"@id\":\"https:\\\/\\\/appleplug.ro\\\/product\\\/apple-watch-series-10-2\\\/\",\"url\":\"https:\\\/\\\/appleplug.ro\\\/product\\\/apple-watch-series-10-2\\\/\",\"name\":\"Apple Watch Series 10 GPS + Cellular Rose Gold Aluminium 42mm Ca Nou - Apple Plug\",\"isPartOf\":{\"@id\":\"https:\\\/\\\/appleplug.ro\\\/#website\"},\"primaryImageOfPage\":{\"@id\":\"https:\\\/\\\/appleplug.ro\\\/product\\\/apple-watch-series-10-2\\\/#primaryimage\"},\"image\":{\"@id\":\"https:\\\/\\\/appleplug.ro\\\/product\\\/apple-watch-series-10-2\\\/#primaryimage\"},\"thumbnailUrl\":\"https:\\\/\\\/appleplug.ro\\\/wp-content\\\/uploads\\\/2026\\\/02\\\/apple_watch_10_46mm_gps_rose_gold_aluminum_sport_band_light_blush_01_2be4eb81.avif\",\"datePublished\":\"2026-02-25T11:10:15+00:00\",\"dateModified\":\"2026-04-09T19:44:44+00:00\",\"breadcrumb\":{\"@id\":\"https:\\\/\\\/appleplug.ro\\\/product\\\/apple-watch-series-10-2\\\/#breadcrumb\"},\"inLanguage\":\"hu\",\"potentialAction\":[{\"@type\":\"ReadAction\",\"target\":[\"https:\\\/\\\/appleplug.ro\\\/product\\\/apple-watch-series-10-2\\\/\"]}]},{\"@type\":\"ImageObject\",\"inLanguage\":\"hu\",\"@id\":\"https:\\\/\\\/appleplug.ro\\\/product\\\/apple-watch-series-10-2\\\/#primaryimage\",\"url\":\"https:\\\/\\\/appleplug.ro\\\/wp-content\\\/uploads\\\/2026\\\/02\\\/apple_watch_10_46mm_gps_rose_gold_aluminum_sport_band_light_blush_01_2be4eb81.avif\",\"contentUrl\":\"https:\\\/\\\/appleplug.ro\\\/wp-content\\\/uploads\\\/2026\\\/02\\\/apple_watch_10_46mm_gps_rose_gold_aluminum_sport_band_light_blush_01_2be4eb81.avif\",\"width\":1000,\"height\":1000},{\"@type\":\"BreadcrumbList\",\"@id\":\"https:\\\/\\\/appleplug.ro\\\/product\\\/apple-watch-series-10-2\\\/#breadcrumb\",\"itemListElement\":[{\"@type\":\"ListItem\",\"position\":1,\"name\":\"Acas\u0103\",\"item\":\"https:\\\/\\\/appleplug.ro\\\/\"},{\"@type\":\"ListItem\",\"position\":2,\"name\":\"Magazin\",\"item\":\"https:\\\/\\\/appleplug.ro\\\/magazin\\\/\"},{\"@type\":\"ListItem\",\"position\":3,\"name\":\"Apple Watch Series 10 GPS + Cellular Rose Gold Aluminium 42mm Ca Nou\"}]},{\"@type\":\"WebSite\",\"@id\":\"https:\\\/\\\/appleplug.ro\\\/#website\",\"url\":\"https:\\\/\\\/appleplug.ro\\\/\",\"name\":\"Apple Plug\",\"description\":\"Magazin online de telefoane second hand IPhone \u0219i accesorii\",\"publisher\":{\"@id\":\"https:\\\/\\\/appleplug.ro\\\/#organization\"},\"potentialAction\":[{\"@type\":\"SearchAction\",\"target\":{\"@type\":\"EntryPoint\",\"urlTemplate\":\"https:\\\/\\\/appleplug.ro\\\/?s={search_term_string}\"},\"query-input\":{\"@type\":\"PropertyValueSpecification\",\"valueRequired\":true,\"valueName\":\"search_term_string\"}}],\"inLanguage\":\"hu\"},{\"@type\":\"Organization\",\"@id\":\"https:\\\/\\\/appleplug.ro\\\/#organization\",\"name\":\"Apple Plug\",\"url\":\"https:\\\/\\\/appleplug.ro\\\/\",\"logo\":{\"@type\":\"ImageObject\",\"inLanguage\":\"hu\",\"@id\":\"https:\\\/\\\/appleplug.ro\\\/#\\\/schema\\\/logo\\\/image\\\/\",\"url\":\"https:\\\/\\\/i0.wp.com\\\/appleplug.ro\\\/wp-content\\\/uploads\\\/2024\\\/04\\\/cropped-White-logo-no-background.png?fit=3167%2C560&ssl=1\",\"contentUrl\":\"https:\\\/\\\/i0.wp.com\\\/appleplug.ro\\\/wp-content\\\/uploads\\\/2024\\\/04\\\/cropped-White-logo-no-background.png?fit=3167%2C560&ssl=1\",\"width\":3167,\"height\":560,\"caption\":\"Apple Plug\"},\"image\":{\"@id\":\"https:\\\/\\\/appleplug.ro\\\/#\\\/schema\\\/logo\\\/image\\\/\"},\"sameAs\":[\"https:\\\/\\\/www.facebook.com\\\/profile.php?id=100089820235797\",\"https:\\\/\\\/www.instagram.com\\\/appleplug_romania?igsh=MWJ1YTQ2bGdvZ2Uzag&utm_source=qr\"]}]}<\/script>\n<!-- \/ Yoast SEO plugin. -->","yoast_head_json":{"title":"Apple Watch Series 10 GPS + Cellular Rose Gold Aluminium 42mm Ca Nou - Apple Plug","robots":{"index":"index","follow":"follow","max-snippet":"max-snippet:-1","max-image-preview":"max-image-preview:large","max-video-preview":"max-video-preview:-1"},"canonical":"https:\/\/appleplug.ro\/hu\/product\/apple-watch-series-10-2\/","og_locale":"hu_HU","og_type":"article","og_title":"Apple Watch Series 10 GPS + Cellular Rose Gold Aluminium 42mm Ca Nou - Apple Plug","og_description":"\ud83d\udd0c Apple Watch Series 10 -stare ca nou 10\/10 -GPS + Cellular -rose gold -42mm -sport band S\/M","og_url":"https:\/\/appleplug.ro\/hu\/product\/apple-watch-series-10-2\/","og_site_name":"Apple Plug","article_publisher":"https:\/\/www.facebook.com\/profile.php?id=100089820235797","article_modified_time":"2026-04-09T19:44:44+00:00","twitter_card":"summary_large_image","twitter_misc":{"Becs\u00fclt olvas\u00e1si id\u0151":"1 perc"},"schema":{"@context":"https:\/\/schema.org","@graph":[{"@type":"WebPage","@id":"https:\/\/appleplug.ro\/product\/apple-watch-series-10-2\/","url":"https:\/\/appleplug.ro\/product\/apple-watch-series-10-2\/","name":"Apple Watch Series 10 GPS + Cellular Rose Gold Aluminium 42mm Ca Nou - Apple Plug","isPartOf":{"@id":"https:\/\/appleplug.ro\/#website"},"primaryImageOfPage":{"@id":"https:\/\/appleplug.ro\/product\/apple-watch-series-10-2\/#primaryimage"},"image":{"@id":"https:\/\/appleplug.ro\/product\/apple-watch-series-10-2\/#primaryimage"},"thumbnailUrl":"https:\/\/appleplug.ro\/wp-content\/uploads\/2026\/02\/apple_watch_10_46mm_gps_rose_gold_aluminum_sport_band_light_blush_01_2be4eb81.avif","datePublished":"2026-02-25T11:10:15+00:00","dateModified":"2026-04-09T19:44:44+00:00","breadcrumb":{"@id":"https:\/\/appleplug.ro\/product\/apple-watch-series-10-2\/#breadcrumb"},"inLanguage":"hu","potentialAction":[{"@type":"ReadAction","target":["https:\/\/appleplug.ro\/product\/apple-watch-series-10-2\/"]}]},{"@type":"ImageObject","inLanguage":"hu","@id":"https:\/\/appleplug.ro\/product\/apple-watch-series-10-2\/#primaryimage","url":"https:\/\/appleplug.ro\/wp-content\/uploads\/2026\/02\/apple_watch_10_46mm_gps_rose_gold_aluminum_sport_band_light_blush_01_2be4eb81.avif","contentUrl":"https:\/\/appleplug.ro\/wp-content\/uploads\/2026\/02\/apple_watch_10_46mm_gps_rose_gold_aluminum_sport_band_light_blush_01_2be4eb81.avif","width":1000,"height":1000},{"@type":"BreadcrumbList","@id":"https:\/\/appleplug.ro\/product\/apple-watch-series-10-2\/#breadcrumb","itemListElement":[{"@type":"ListItem","position":1,"name":"Acas\u0103","item":"https:\/\/appleplug.ro\/"},{"@type":"ListItem","position":2,"name":"Magazin","item":"https:\/\/appleplug.ro\/magazin\/"},{"@type":"ListItem","position":3,"name":"Apple Watch Series 10 GPS + Cellular Rose Gold Aluminium 42mm Ca Nou"}]},{"@type":"WebSite","@id":"https:\/\/appleplug.ro\/#website","url":"https:\/\/appleplug.ro\/","name":"Apple Plug","description":"Haszn\u00e1lt IPhone telefonok \u00e9s tartoz\u00e9kok online boltja","publisher":{"@id":"https:\/\/appleplug.ro\/#organization"},"potentialAction":[{"@type":"SearchAction","target":{"@type":"EntryPoint","urlTemplate":"https:\/\/appleplug.ro\/?s={search_term_string}"},"query-input":{"@type":"PropertyValueSpecification","valueRequired":true,"valueName":"search_term_string"}}],"inLanguage":"hu"},{"@type":"Organization","@id":"https:\/\/appleplug.ro\/#organization","name":"Apple Plug","url":"https:\/\/appleplug.ro\/","logo":{"@type":"ImageObject","inLanguage":"hu","@id":"https:\/\/appleplug.ro\/#\/schema\/logo\/image\/","url":"https:\/\/i0.wp.com\/appleplug.ro\/wp-content\/uploads\/2024\/04\/cropped-White-logo-no-background.png?fit=3167%2C560&ssl=1","contentUrl":"https:\/\/i0.wp.com\/appleplug.ro\/wp-content\/uploads\/2024\/04\/cropped-White-logo-no-background.png?fit=3167%2C560&ssl=1","width":3167,"height":560,"caption":"Apple Plug"},"image":{"@id":"https:\/\/appleplug.ro\/#\/schema\/logo\/image\/"},"sameAs":["https:\/\/www.facebook.com\/profile.php?id=100089820235797","https:\/\/www.instagram.com\/appleplug_romania?igsh=MWJ1YTQ2bGdvZ2Uzag&utm_source=qr"]}]}},"jetpack_sharing_enabled":true,"_links":{"self":[{"href":"https:\/\/appleplug.ro\/hu\/wp-json\/wp\/v2\/product\/41166","targetHints":{"allow":["GET"]}}],"collection":[{"href":"https:\/\/appleplug.ro\/hu\/wp-json\/wp\/v2\/product"}],"about":[{"href":"https:\/\/appleplug.ro\/hu\/wp-json\/wp\/v2\/types\/product"}],"replies":[{"embeddable":true,"href":"https:\/\/appleplug.ro\/hu\/wp-json\/wp\/v2\/comments?post=41166"}],"wp:featuredmedia":[{"embeddable":true,"href":"https:\/\/appleplug.ro\/hu\/wp-json\/wp\/v2\/media\/41170"}],"wp:attachment":[{"href":"https:\/\/appleplug.ro\/hu\/wp-json\/wp\/v2\/media?parent=41166"}],"wp:term":[{"taxonomy":"product_brand","embeddable":true,"href":"https:\/\/appleplug.ro\/hu\/wp-json\/wp\/v2\/product_brand?post=41166"},{"taxonomy":"product_cat","embeddable":true,"href":"https:\/\/appleplug.ro\/hu\/wp-json\/wp\/v2\/product_cat?post=41166"},{"taxonomy":"product_tag","embeddable":true,"href":"https:\/\/appleplug.ro\/hu\/wp-json\/wp\/v2\/product_tag?post=41166"}],"curies":[{"name":"wp","href":"https:\/\/api.w.org\/{rel}","templated":true}]}}