{"id":31956,"date":"2025-09-28T15:07:22","date_gmt":"2025-09-28T12:07:22","guid":{"rendered":"https:\/\/appleplug.ro\/?post_type=product&#038;p=31956"},"modified":"2025-09-28T16:36:56","modified_gmt":"2025-09-28T13:36:56","slug":"husa-magsafe-iphone-17-air-11","status":"publish","type":"product","link":"https:\/\/appleplug.ro\/hu\/product\/husa-magsafe-iphone-17-air-11\/","title":{"rendered":"Hus\u0103 Luxury Crystal MagSafe iPhone 17 Air Black"},"content":{"rendered":"","protected":false},"excerpt":{"rendered":"<p>Husa aceasta nu cunoaste vreo limita! Permite orice tip de incarcare si fascineaza prin simplitatea ei! Nicio componenta nu va mai avea de suferit!<\/p>\n<p>Meriti ce e mai bun!<\/p>\n<p>Alege o husa transparenta si demonstreaza ca eleganta nu e monotona. Fii diferit! Conteaza pe aspectul ultra clear ce subliniaza particularitatile telefonului.<\/p>\n<p>Siguranta suplimentara<\/p>\n<p>Carcasa aceasta iti protejeaza inclusiv lentilele camerelor! Producatorii au dotat-o cu margini reliefate care tin la distanta socurile.<\/p>\n<p>Estetica sau eficienta?<\/p>\n<p>Amandoua! Husa prezinta insertii colorate si ofera un grad ridicat de protectie impotriva prafului si zgarieturilor. Este cu adevarat minunata!<\/p>\n<p>Alege intelept!<\/p>\n<p>Cu noua carcasa iti vei simplifica rutina! Aceasta are magneti integrati meniti sa optimizeze procesul de incarcare wireless.<\/p>","protected":false},"featured_media":31954,"comment_status":"open","ping_status":"closed","template":"","meta":{"_glsr_average":0,"_glsr_ranking":0,"_glsr_reviews":0},"product_brand":[],"product_cat":[77,312],"product_tag":[],"class_list":{"0":"post-31956","1":"product","2":"type-product","3":"status-publish","4":"has-post-thumbnail","6":"product_cat-accesorii","7":"product_cat-huse","9":"first","10":"instock","11":"taxable","12":"shipping-taxable","13":"purchasable","14":"product-type-simple"},"yoast_head":"<!-- This site is optimized with the Yoast SEO plugin v27.3 - https:\/\/yoast.com\/product\/yoast-seo-wordpress\/ -->\n<title>Hus\u0103 Luxury Crystal MagSafe iPhone 17 Air Black - Apple Plug<\/title>\n<meta name=\"robots\" content=\"index, follow, max-snippet:-1, max-image-preview:large, max-video-preview:-1\" \/>\n<link rel=\"canonical\" href=\"https:\/\/appleplug.ro\/hu\/product\/husa-magsafe-iphone-17-air-11\/\" \/>\n<meta property=\"og:locale\" content=\"hu_HU\" \/>\n<meta property=\"og:type\" content=\"article\" \/>\n<meta property=\"og:title\" content=\"Hus\u0103 Luxury Crystal MagSafe iPhone 17 Air Black - Apple Plug\" \/>\n<meta property=\"og:description\" content=\"Husa aceasta nu cunoaste vreo limita! Permite orice tip de incarcare si fascineaza prin simplitatea ei! Nicio componenta nu va mai avea de suferit!  Meriti ce e mai bun!  Alege o husa transparenta si demonstreaza ca eleganta nu e monotona. Fii diferit! Conteaza pe aspectul ultra clear ce subliniaza particularitatile telefonului.  Siguranta suplimentara  Carcasa aceasta iti protejeaza inclusiv lentilele camerelor! Producatorii au dotat-o cu margini reliefate care tin la distanta socurile.  Estetica sau eficienta?  Amandoua! Husa prezinta insertii colorate si ofera un grad ridicat de protectie impotriva prafului si zgarieturilor. Este cu adevarat minunata!  Alege intelept!  Cu noua carcasa iti vei simplifica rutina! Aceasta are magneti integrati meniti sa optimizeze procesul de incarcare wireless.\" \/>\n<meta property=\"og:url\" content=\"https:\/\/appleplug.ro\/hu\/product\/husa-magsafe-iphone-17-air-11\/\" \/>\n<meta property=\"og:site_name\" content=\"Apple Plug\" \/>\n<meta property=\"article:publisher\" content=\"https:\/\/www.facebook.com\/profile.php?id=100089820235797\" \/>\n<meta property=\"article:modified_time\" content=\"2025-09-28T13:36:56+00:00\" \/>\n<meta property=\"og:image\" content=\"https:\/\/appleplug.ro\/wp-content\/uploads\/2025\/09\/2518597.jpg\" \/>\n\t<meta property=\"og:image:width\" content=\"1000\" \/>\n\t<meta property=\"og:image:height\" content=\"1000\" \/>\n\t<meta property=\"og:image:type\" content=\"image\/jpeg\" \/>\n<meta name=\"twitter:card\" content=\"summary_large_image\" \/>\n<meta name=\"twitter:label1\" content=\"Becs\u00fclt olvas\u00e1si id\u0151\" \/>\n\t<meta name=\"twitter:data1\" content=\"1 perc\" \/>\n<script type=\"application\/ld+json\" class=\"yoast-schema-graph\">{\"@context\":\"https:\\\/\\\/schema.org\",\"@graph\":[{\"@type\":\"WebPage\",\"@id\":\"https:\\\/\\\/appleplug.ro\\\/product\\\/husa-magsafe-iphone-17-air-11\\\/\",\"url\":\"https:\\\/\\\/appleplug.ro\\\/product\\\/husa-magsafe-iphone-17-air-11\\\/\",\"name\":\"Hus\u0103 Luxury Crystal MagSafe iPhone 17 Air Black - Apple Plug\",\"isPartOf\":{\"@id\":\"https:\\\/\\\/appleplug.ro\\\/#website\"},\"primaryImageOfPage\":{\"@id\":\"https:\\\/\\\/appleplug.ro\\\/product\\\/husa-magsafe-iphone-17-air-11\\\/#primaryimage\"},\"image\":{\"@id\":\"https:\\\/\\\/appleplug.ro\\\/product\\\/husa-magsafe-iphone-17-air-11\\\/#primaryimage\"},\"thumbnailUrl\":\"https:\\\/\\\/i0.wp.com\\\/appleplug.ro\\\/wp-content\\\/uploads\\\/2025\\\/09\\\/2518597.jpg?fit=1000%2C1000&ssl=1\",\"datePublished\":\"2025-09-28T12:07:22+00:00\",\"dateModified\":\"2025-09-28T13:36:56+00:00\",\"breadcrumb\":{\"@id\":\"https:\\\/\\\/appleplug.ro\\\/product\\\/husa-magsafe-iphone-17-air-11\\\/#breadcrumb\"},\"inLanguage\":\"hu\",\"potentialAction\":[{\"@type\":\"ReadAction\",\"target\":[\"https:\\\/\\\/appleplug.ro\\\/product\\\/husa-magsafe-iphone-17-air-11\\\/\"]}]},{\"@type\":\"ImageObject\",\"inLanguage\":\"hu\",\"@id\":\"https:\\\/\\\/appleplug.ro\\\/product\\\/husa-magsafe-iphone-17-air-11\\\/#primaryimage\",\"url\":\"https:\\\/\\\/i0.wp.com\\\/appleplug.ro\\\/wp-content\\\/uploads\\\/2025\\\/09\\\/2518597.jpg?fit=1000%2C1000&ssl=1\",\"contentUrl\":\"https:\\\/\\\/i0.wp.com\\\/appleplug.ro\\\/wp-content\\\/uploads\\\/2025\\\/09\\\/2518597.jpg?fit=1000%2C1000&ssl=1\",\"width\":1000,\"height\":1000},{\"@type\":\"BreadcrumbList\",\"@id\":\"https:\\\/\\\/appleplug.ro\\\/product\\\/husa-magsafe-iphone-17-air-11\\\/#breadcrumb\",\"itemListElement\":[{\"@type\":\"ListItem\",\"position\":1,\"name\":\"Acas\u0103\",\"item\":\"https:\\\/\\\/appleplug.ro\\\/\"},{\"@type\":\"ListItem\",\"position\":2,\"name\":\"Magazin\",\"item\":\"https:\\\/\\\/appleplug.ro\\\/magazin\\\/\"},{\"@type\":\"ListItem\",\"position\":3,\"name\":\"Hus\u0103 Luxury Crystal MagSafe iPhone 17 Air Black\"}]},{\"@type\":\"WebSite\",\"@id\":\"https:\\\/\\\/appleplug.ro\\\/#website\",\"url\":\"https:\\\/\\\/appleplug.ro\\\/\",\"name\":\"Apple Plug\",\"description\":\"Magazin online de telefoane second hand IPhone \u0219i accesorii\",\"publisher\":{\"@id\":\"https:\\\/\\\/appleplug.ro\\\/#organization\"},\"potentialAction\":[{\"@type\":\"SearchAction\",\"target\":{\"@type\":\"EntryPoint\",\"urlTemplate\":\"https:\\\/\\\/appleplug.ro\\\/?s={search_term_string}\"},\"query-input\":{\"@type\":\"PropertyValueSpecification\",\"valueRequired\":true,\"valueName\":\"search_term_string\"}}],\"inLanguage\":\"hu\"},{\"@type\":\"Organization\",\"@id\":\"https:\\\/\\\/appleplug.ro\\\/#organization\",\"name\":\"Apple Plug\",\"url\":\"https:\\\/\\\/appleplug.ro\\\/\",\"logo\":{\"@type\":\"ImageObject\",\"inLanguage\":\"hu\",\"@id\":\"https:\\\/\\\/appleplug.ro\\\/#\\\/schema\\\/logo\\\/image\\\/\",\"url\":\"https:\\\/\\\/i0.wp.com\\\/appleplug.ro\\\/wp-content\\\/uploads\\\/2024\\\/04\\\/cropped-White-logo-no-background.png?fit=3167%2C560&ssl=1\",\"contentUrl\":\"https:\\\/\\\/i0.wp.com\\\/appleplug.ro\\\/wp-content\\\/uploads\\\/2024\\\/04\\\/cropped-White-logo-no-background.png?fit=3167%2C560&ssl=1\",\"width\":3167,\"height\":560,\"caption\":\"Apple Plug\"},\"image\":{\"@id\":\"https:\\\/\\\/appleplug.ro\\\/#\\\/schema\\\/logo\\\/image\\\/\"},\"sameAs\":[\"https:\\\/\\\/www.facebook.com\\\/profile.php?id=100089820235797\",\"https:\\\/\\\/www.instagram.com\\\/appleplug_romania?igsh=MWJ1YTQ2bGdvZ2Uzag&utm_source=qr\"]}]}<\/script>\n<!-- \/ Yoast SEO plugin. -->","yoast_head_json":{"title":"Hus\u0103 Luxury Crystal MagSafe iPhone 17 Air Black - Apple Plug","robots":{"index":"index","follow":"follow","max-snippet":"max-snippet:-1","max-image-preview":"max-image-preview:large","max-video-preview":"max-video-preview:-1"},"canonical":"https:\/\/appleplug.ro\/hu\/product\/husa-magsafe-iphone-17-air-11\/","og_locale":"hu_HU","og_type":"article","og_title":"Hus\u0103 Luxury Crystal MagSafe iPhone 17 Air Black - Apple Plug","og_description":"Husa aceasta nu cunoaste vreo limita! Permite orice tip de incarcare si fascineaza prin simplitatea ei! Nicio componenta nu va mai avea de suferit!  Meriti ce e mai bun!  Alege o husa transparenta si demonstreaza ca eleganta nu e monotona. Fii diferit! Conteaza pe aspectul ultra clear ce subliniaza particularitatile telefonului.  Siguranta suplimentara  Carcasa aceasta iti protejeaza inclusiv lentilele camerelor! Producatorii au dotat-o cu margini reliefate care tin la distanta socurile.  Estetica sau eficienta?  Amandoua! Husa prezinta insertii colorate si ofera un grad ridicat de protectie impotriva prafului si zgarieturilor. Este cu adevarat minunata!  Alege intelept!  Cu noua carcasa iti vei simplifica rutina! Aceasta are magneti integrati meniti sa optimizeze procesul de incarcare wireless.","og_url":"https:\/\/appleplug.ro\/hu\/product\/husa-magsafe-iphone-17-air-11\/","og_site_name":"Apple Plug","article_publisher":"https:\/\/www.facebook.com\/profile.php?id=100089820235797","article_modified_time":"2025-09-28T13:36:56+00:00","og_image":[{"width":1000,"height":1000,"url":"https:\/\/appleplug.ro\/wp-content\/uploads\/2025\/09\/2518597.jpg","type":"image\/jpeg"}],"twitter_card":"summary_large_image","twitter_misc":{"Becs\u00fclt olvas\u00e1si id\u0151":"1 perc"},"schema":{"@context":"https:\/\/schema.org","@graph":[{"@type":"WebPage","@id":"https:\/\/appleplug.ro\/product\/husa-magsafe-iphone-17-air-11\/","url":"https:\/\/appleplug.ro\/product\/husa-magsafe-iphone-17-air-11\/","name":"Hus\u0103 Luxury Crystal MagSafe iPhone 17 Air Black - Apple Plug","isPartOf":{"@id":"https:\/\/appleplug.ro\/#website"},"primaryImageOfPage":{"@id":"https:\/\/appleplug.ro\/product\/husa-magsafe-iphone-17-air-11\/#primaryimage"},"image":{"@id":"https:\/\/appleplug.ro\/product\/husa-magsafe-iphone-17-air-11\/#primaryimage"},"thumbnailUrl":"https:\/\/i0.wp.com\/appleplug.ro\/wp-content\/uploads\/2025\/09\/2518597.jpg?fit=1000%2C1000&ssl=1","datePublished":"2025-09-28T12:07:22+00:00","dateModified":"2025-09-28T13:36:56+00:00","breadcrumb":{"@id":"https:\/\/appleplug.ro\/product\/husa-magsafe-iphone-17-air-11\/#breadcrumb"},"inLanguage":"hu","potentialAction":[{"@type":"ReadAction","target":["https:\/\/appleplug.ro\/product\/husa-magsafe-iphone-17-air-11\/"]}]},{"@type":"ImageObject","inLanguage":"hu","@id":"https:\/\/appleplug.ro\/product\/husa-magsafe-iphone-17-air-11\/#primaryimage","url":"https:\/\/i0.wp.com\/appleplug.ro\/wp-content\/uploads\/2025\/09\/2518597.jpg?fit=1000%2C1000&ssl=1","contentUrl":"https:\/\/i0.wp.com\/appleplug.ro\/wp-content\/uploads\/2025\/09\/2518597.jpg?fit=1000%2C1000&ssl=1","width":1000,"height":1000},{"@type":"BreadcrumbList","@id":"https:\/\/appleplug.ro\/product\/husa-magsafe-iphone-17-air-11\/#breadcrumb","itemListElement":[{"@type":"ListItem","position":1,"name":"Acas\u0103","item":"https:\/\/appleplug.ro\/"},{"@type":"ListItem","position":2,"name":"Magazin","item":"https:\/\/appleplug.ro\/magazin\/"},{"@type":"ListItem","position":3,"name":"Hus\u0103 Luxury Crystal MagSafe iPhone 17 Air Black"}]},{"@type":"WebSite","@id":"https:\/\/appleplug.ro\/#website","url":"https:\/\/appleplug.ro\/","name":"Apple Plug","description":"Haszn\u00e1lt IPhone telefonok \u00e9s tartoz\u00e9kok online boltja","publisher":{"@id":"https:\/\/appleplug.ro\/#organization"},"potentialAction":[{"@type":"SearchAction","target":{"@type":"EntryPoint","urlTemplate":"https:\/\/appleplug.ro\/?s={search_term_string}"},"query-input":{"@type":"PropertyValueSpecification","valueRequired":true,"valueName":"search_term_string"}}],"inLanguage":"hu"},{"@type":"Organization","@id":"https:\/\/appleplug.ro\/#organization","name":"Apple Plug","url":"https:\/\/appleplug.ro\/","logo":{"@type":"ImageObject","inLanguage":"hu","@id":"https:\/\/appleplug.ro\/#\/schema\/logo\/image\/","url":"https:\/\/i0.wp.com\/appleplug.ro\/wp-content\/uploads\/2024\/04\/cropped-White-logo-no-background.png?fit=3167%2C560&ssl=1","contentUrl":"https:\/\/i0.wp.com\/appleplug.ro\/wp-content\/uploads\/2024\/04\/cropped-White-logo-no-background.png?fit=3167%2C560&ssl=1","width":3167,"height":560,"caption":"Apple Plug"},"image":{"@id":"https:\/\/appleplug.ro\/#\/schema\/logo\/image\/"},"sameAs":["https:\/\/www.facebook.com\/profile.php?id=100089820235797","https:\/\/www.instagram.com\/appleplug_romania?igsh=MWJ1YTQ2bGdvZ2Uzag&utm_source=qr"]}]}},"jetpack_sharing_enabled":true,"_links":{"self":[{"href":"https:\/\/appleplug.ro\/hu\/wp-json\/wp\/v2\/product\/31956","targetHints":{"allow":["GET"]}}],"collection":[{"href":"https:\/\/appleplug.ro\/hu\/wp-json\/wp\/v2\/product"}],"about":[{"href":"https:\/\/appleplug.ro\/hu\/wp-json\/wp\/v2\/types\/product"}],"replies":[{"embeddable":true,"href":"https:\/\/appleplug.ro\/hu\/wp-json\/wp\/v2\/comments?post=31956"}],"wp:featuredmedia":[{"embeddable":true,"href":"https:\/\/appleplug.ro\/hu\/wp-json\/wp\/v2\/media\/31954"}],"wp:attachment":[{"href":"https:\/\/appleplug.ro\/hu\/wp-json\/wp\/v2\/media?parent=31956"}],"wp:term":[{"taxonomy":"product_brand","embeddable":true,"href":"https:\/\/appleplug.ro\/hu\/wp-json\/wp\/v2\/product_brand?post=31956"},{"taxonomy":"product_cat","embeddable":true,"href":"https:\/\/appleplug.ro\/hu\/wp-json\/wp\/v2\/product_cat?post=31956"},{"taxonomy":"product_tag","embeddable":true,"href":"https:\/\/appleplug.ro\/hu\/wp-json\/wp\/v2\/product_tag?post=31956"}],"curies":[{"name":"wp","href":"https:\/\/api.w.org\/{rel}","templated":true}]}}