{"id":31669,"date":"2025-09-24T16:02:54","date_gmt":"2025-09-24T13:02:54","guid":{"rendered":"https:\/\/appleplug.ro\/?post_type=product&#038;p=31669"},"modified":"2025-09-24T16:02:55","modified_gmt":"2025-09-24T13:02:55","slug":"magsafe-iphone-17-pro-max","status":"publish","type":"product","link":"https:\/\/appleplug.ro\/hu\/product\/magsafe-iphone-17-pro-max\/","title":{"rendered":"MagSafe Pro tok iPhone 17 Pro Max \u00e1tl\u00e1tsz\u00f3"},"content":{"rendered":"","protected":false},"excerpt":{"rendered":"<p>Cauti o husa moderna si durabila? Bucura-te de o incarcare optima si de protectie sporita datorita carcasei antisoc durabile Techsuit.<\/p>\n<p>Face fata oricarei provocari<\/p>\n<p>Aceasta carcasa este confectionata din TPU durabil si policarbonat rezistent, asa ca nu se deterioreaza rapid. Iti protejeaza telefonul si arata ca noua pentru mult timp. Este grozava!<\/p>\n<p>Carcasa multifunctionala<\/p>\n<p>Vechea husa reprezinta un impediment pentru alimentarea wireless? Uita de ea! Husa MagSafe faciliteaza procesul de alimentare a dispozitivului tau. Cine ar fi crezut ca o husa poate sa faca acest lucru?<\/p>\n<p>Protectie 100%<\/p>\n<p>Dispozitivul tau are nevoie de o protectie suplimentara? Carcasa Techsuit prezinta pernute de aer la colturi si margini ridicate in jurul ecranului si camerelor. Acum nu mai trebuie sa iti faci griji in privinta zgarieturilor de pe display.<\/p>\n<p>Design modern<\/p>\n<p>Tocmai ai achizitionat un telefon cu o culoare inedita? De ce sa il acoperi cu o carcasa monotona. Alege o husa transparenta care sa reflecte unicitatea stilului tau. Estetica si durabila. Aceste cuvinte descriu perfect husa Techsuit.<\/p>","protected":false},"featured_media":31671,"comment_status":"open","ping_status":"closed","template":"","meta":{"_glsr_average":0,"_glsr_ranking":0,"_glsr_reviews":0},"product_brand":[],"product_cat":[15],"product_tag":[],"class_list":{"0":"post-31669","1":"product","2":"type-product","3":"status-publish","4":"has-post-thumbnail","6":"product_cat-reduceri","8":"first","9":"instock","10":"taxable","11":"shipping-taxable","12":"purchasable","13":"product-type-simple"},"yoast_head":"<!-- This site is optimized with the Yoast SEO plugin v27.3 - https:\/\/yoast.com\/product\/yoast-seo-wordpress\/ -->\n<title>Hus\u0103 MagSafe Pro iPhone 17 Pro Max Transparent - Apple Plug<\/title>\n<meta name=\"robots\" content=\"index, follow, max-snippet:-1, max-image-preview:large, max-video-preview:-1\" \/>\n<link rel=\"canonical\" href=\"https:\/\/appleplug.ro\/hu\/product\/magsafe-iphone-17-pro-max\/\" \/>\n<meta property=\"og:locale\" content=\"hu_HU\" \/>\n<meta property=\"og:type\" content=\"article\" \/>\n<meta property=\"og:title\" content=\"Hus\u0103 MagSafe Pro iPhone 17 Pro Max Transparent - Apple Plug\" \/>\n<meta property=\"og:description\" content=\"Cauti o husa moderna si durabila? Bucura-te de o incarcare optima si de protectie sporita datorita carcasei antisoc durabile Techsuit.  Face fata oricarei provocari  Aceasta carcasa este confectionata din TPU durabil si policarbonat rezistent, asa ca nu se deterioreaza rapid. Iti protejeaza telefonul si arata ca noua pentru mult timp. Este grozava!  Carcasa multifunctionala  Vechea husa reprezinta un impediment pentru alimentarea wireless? Uita de ea! Husa MagSafe faciliteaza procesul de alimentare a dispozitivului tau. Cine ar fi crezut ca o husa poate sa faca acest lucru?  Protectie 100%  Dispozitivul tau are nevoie de o protectie suplimentara? Carcasa Techsuit prezinta pernute de aer la colturi si margini ridicate in jurul ecranului si camerelor. Acum nu mai trebuie sa iti faci griji in privinta zgarieturilor de pe display.  Design modern  Tocmai ai achizitionat un telefon cu o culoare inedita? De ce sa il acoperi cu o carcasa monotona. Alege o husa transparenta care sa reflecte unicitatea stilului tau. Estetica si durabila. Aceste cuvinte descriu perfect husa Techsuit.\" \/>\n<meta property=\"og:url\" content=\"https:\/\/appleplug.ro\/hu\/product\/magsafe-iphone-17-pro-max\/\" \/>\n<meta property=\"og:site_name\" content=\"Apple Plug\" \/>\n<meta property=\"article:publisher\" content=\"https:\/\/www.facebook.com\/profile.php?id=100089820235797\" \/>\n<meta property=\"article:modified_time\" content=\"2025-09-24T13:02:55+00:00\" \/>\n<meta property=\"og:image\" content=\"https:\/\/appleplug.ro\/wp-content\/uploads\/2025\/09\/husa-iPhone-17-pro-max-in-oferta-apple-plug.jpg\" \/>\n\t<meta property=\"og:image:width\" content=\"1000\" \/>\n\t<meta property=\"og:image:height\" content=\"1000\" \/>\n\t<meta property=\"og:image:type\" content=\"image\/jpeg\" \/>\n<meta name=\"twitter:card\" content=\"summary_large_image\" \/>\n<meta name=\"twitter:label1\" content=\"Becs\u00fclt olvas\u00e1si id\u0151\" \/>\n\t<meta name=\"twitter:data1\" content=\"1 perc\" \/>\n<script type=\"application\/ld+json\" class=\"yoast-schema-graph\">{\"@context\":\"https:\\\/\\\/schema.org\",\"@graph\":[{\"@type\":\"WebPage\",\"@id\":\"https:\\\/\\\/appleplug.ro\\\/product\\\/magsafe-iphone-17-pro-max\\\/\",\"url\":\"https:\\\/\\\/appleplug.ro\\\/product\\\/magsafe-iphone-17-pro-max\\\/\",\"name\":\"Hus\u0103 MagSafe Pro iPhone 17 Pro Max Transparent - Apple Plug\",\"isPartOf\":{\"@id\":\"https:\\\/\\\/appleplug.ro\\\/#website\"},\"primaryImageOfPage\":{\"@id\":\"https:\\\/\\\/appleplug.ro\\\/product\\\/magsafe-iphone-17-pro-max\\\/#primaryimage\"},\"image\":{\"@id\":\"https:\\\/\\\/appleplug.ro\\\/product\\\/magsafe-iphone-17-pro-max\\\/#primaryimage\"},\"thumbnailUrl\":\"https:\\\/\\\/i0.wp.com\\\/appleplug.ro\\\/wp-content\\\/uploads\\\/2025\\\/09\\\/husa-iPhone-17-pro-max-in-oferta-apple-plug.jpg?fit=1000%2C1000&ssl=1\",\"datePublished\":\"2025-09-24T13:02:54+00:00\",\"dateModified\":\"2025-09-24T13:02:55+00:00\",\"breadcrumb\":{\"@id\":\"https:\\\/\\\/appleplug.ro\\\/product\\\/magsafe-iphone-17-pro-max\\\/#breadcrumb\"},\"inLanguage\":\"hu\",\"potentialAction\":[{\"@type\":\"ReadAction\",\"target\":[\"https:\\\/\\\/appleplug.ro\\\/product\\\/magsafe-iphone-17-pro-max\\\/\"]}]},{\"@type\":\"ImageObject\",\"inLanguage\":\"hu\",\"@id\":\"https:\\\/\\\/appleplug.ro\\\/product\\\/magsafe-iphone-17-pro-max\\\/#primaryimage\",\"url\":\"https:\\\/\\\/i0.wp.com\\\/appleplug.ro\\\/wp-content\\\/uploads\\\/2025\\\/09\\\/husa-iPhone-17-pro-max-in-oferta-apple-plug.jpg?fit=1000%2C1000&ssl=1\",\"contentUrl\":\"https:\\\/\\\/i0.wp.com\\\/appleplug.ro\\\/wp-content\\\/uploads\\\/2025\\\/09\\\/husa-iPhone-17-pro-max-in-oferta-apple-plug.jpg?fit=1000%2C1000&ssl=1\",\"width\":1000,\"height\":1000,\"caption\":\"husa-iPhone-17-pro-max-in-oferta-apple-plug\"},{\"@type\":\"BreadcrumbList\",\"@id\":\"https:\\\/\\\/appleplug.ro\\\/product\\\/magsafe-iphone-17-pro-max\\\/#breadcrumb\",\"itemListElement\":[{\"@type\":\"ListItem\",\"position\":1,\"name\":\"Acas\u0103\",\"item\":\"https:\\\/\\\/appleplug.ro\\\/\"},{\"@type\":\"ListItem\",\"position\":2,\"name\":\"Magazin\",\"item\":\"https:\\\/\\\/appleplug.ro\\\/magazin\\\/\"},{\"@type\":\"ListItem\",\"position\":3,\"name\":\"Hus\u0103 MagSafe Pro iPhone 17 Pro Max Transparent\"}]},{\"@type\":\"WebSite\",\"@id\":\"https:\\\/\\\/appleplug.ro\\\/#website\",\"url\":\"https:\\\/\\\/appleplug.ro\\\/\",\"name\":\"Apple Plug\",\"description\":\"Magazin online de telefoane second hand IPhone \u0219i accesorii\",\"publisher\":{\"@id\":\"https:\\\/\\\/appleplug.ro\\\/#organization\"},\"potentialAction\":[{\"@type\":\"SearchAction\",\"target\":{\"@type\":\"EntryPoint\",\"urlTemplate\":\"https:\\\/\\\/appleplug.ro\\\/?s={search_term_string}\"},\"query-input\":{\"@type\":\"PropertyValueSpecification\",\"valueRequired\":true,\"valueName\":\"search_term_string\"}}],\"inLanguage\":\"hu\"},{\"@type\":\"Organization\",\"@id\":\"https:\\\/\\\/appleplug.ro\\\/#organization\",\"name\":\"Apple Plug\",\"url\":\"https:\\\/\\\/appleplug.ro\\\/\",\"logo\":{\"@type\":\"ImageObject\",\"inLanguage\":\"hu\",\"@id\":\"https:\\\/\\\/appleplug.ro\\\/#\\\/schema\\\/logo\\\/image\\\/\",\"url\":\"https:\\\/\\\/i0.wp.com\\\/appleplug.ro\\\/wp-content\\\/uploads\\\/2024\\\/04\\\/cropped-White-logo-no-background.png?fit=3167%2C560&ssl=1\",\"contentUrl\":\"https:\\\/\\\/i0.wp.com\\\/appleplug.ro\\\/wp-content\\\/uploads\\\/2024\\\/04\\\/cropped-White-logo-no-background.png?fit=3167%2C560&ssl=1\",\"width\":3167,\"height\":560,\"caption\":\"Apple Plug\"},\"image\":{\"@id\":\"https:\\\/\\\/appleplug.ro\\\/#\\\/schema\\\/logo\\\/image\\\/\"},\"sameAs\":[\"https:\\\/\\\/www.facebook.com\\\/profile.php?id=100089820235797\",\"https:\\\/\\\/www.instagram.com\\\/appleplug_romania?igsh=MWJ1YTQ2bGdvZ2Uzag&utm_source=qr\"]}]}<\/script>\n<!-- \/ Yoast SEO plugin. -->","yoast_head_json":{"title":"Hus\u0103 MagSafe Pro iPhone 17 Pro Max Transparent - Apple Plug","robots":{"index":"index","follow":"follow","max-snippet":"max-snippet:-1","max-image-preview":"max-image-preview:large","max-video-preview":"max-video-preview:-1"},"canonical":"https:\/\/appleplug.ro\/hu\/product\/magsafe-iphone-17-pro-max\/","og_locale":"hu_HU","og_type":"article","og_title":"Hus\u0103 MagSafe Pro iPhone 17 Pro Max Transparent - Apple Plug","og_description":"Cauti o husa moderna si durabila? Bucura-te de o incarcare optima si de protectie sporita datorita carcasei antisoc durabile Techsuit.  Face fata oricarei provocari  Aceasta carcasa este confectionata din TPU durabil si policarbonat rezistent, asa ca nu se deterioreaza rapid. Iti protejeaza telefonul si arata ca noua pentru mult timp. Este grozava!  Carcasa multifunctionala  Vechea husa reprezinta un impediment pentru alimentarea wireless? Uita de ea! Husa MagSafe faciliteaza procesul de alimentare a dispozitivului tau. Cine ar fi crezut ca o husa poate sa faca acest lucru?  Protectie 100%  Dispozitivul tau are nevoie de o protectie suplimentara? Carcasa Techsuit prezinta pernute de aer la colturi si margini ridicate in jurul ecranului si camerelor. Acum nu mai trebuie sa iti faci griji in privinta zgarieturilor de pe display.  Design modern  Tocmai ai achizitionat un telefon cu o culoare inedita? De ce sa il acoperi cu o carcasa monotona. Alege o husa transparenta care sa reflecte unicitatea stilului tau. Estetica si durabila. Aceste cuvinte descriu perfect husa Techsuit.","og_url":"https:\/\/appleplug.ro\/hu\/product\/magsafe-iphone-17-pro-max\/","og_site_name":"Apple Plug","article_publisher":"https:\/\/www.facebook.com\/profile.php?id=100089820235797","article_modified_time":"2025-09-24T13:02:55+00:00","og_image":[{"width":1000,"height":1000,"url":"https:\/\/appleplug.ro\/wp-content\/uploads\/2025\/09\/husa-iPhone-17-pro-max-in-oferta-apple-plug.jpg","type":"image\/jpeg"}],"twitter_card":"summary_large_image","twitter_misc":{"Becs\u00fclt olvas\u00e1si id\u0151":"1 perc"},"schema":{"@context":"https:\/\/schema.org","@graph":[{"@type":"WebPage","@id":"https:\/\/appleplug.ro\/product\/magsafe-iphone-17-pro-max\/","url":"https:\/\/appleplug.ro\/product\/magsafe-iphone-17-pro-max\/","name":"Hus\u0103 MagSafe Pro iPhone 17 Pro Max Transparent - Apple Plug","isPartOf":{"@id":"https:\/\/appleplug.ro\/#website"},"primaryImageOfPage":{"@id":"https:\/\/appleplug.ro\/product\/magsafe-iphone-17-pro-max\/#primaryimage"},"image":{"@id":"https:\/\/appleplug.ro\/product\/magsafe-iphone-17-pro-max\/#primaryimage"},"thumbnailUrl":"https:\/\/i0.wp.com\/appleplug.ro\/wp-content\/uploads\/2025\/09\/husa-iPhone-17-pro-max-in-oferta-apple-plug.jpg?fit=1000%2C1000&ssl=1","datePublished":"2025-09-24T13:02:54+00:00","dateModified":"2025-09-24T13:02:55+00:00","breadcrumb":{"@id":"https:\/\/appleplug.ro\/product\/magsafe-iphone-17-pro-max\/#breadcrumb"},"inLanguage":"hu","potentialAction":[{"@type":"ReadAction","target":["https:\/\/appleplug.ro\/product\/magsafe-iphone-17-pro-max\/"]}]},{"@type":"ImageObject","inLanguage":"hu","@id":"https:\/\/appleplug.ro\/product\/magsafe-iphone-17-pro-max\/#primaryimage","url":"https:\/\/i0.wp.com\/appleplug.ro\/wp-content\/uploads\/2025\/09\/husa-iPhone-17-pro-max-in-oferta-apple-plug.jpg?fit=1000%2C1000&ssl=1","contentUrl":"https:\/\/i0.wp.com\/appleplug.ro\/wp-content\/uploads\/2025\/09\/husa-iPhone-17-pro-max-in-oferta-apple-plug.jpg?fit=1000%2C1000&ssl=1","width":1000,"height":1000,"caption":"husa-iPhone-17-pro-max-in-oferta-apple-plug"},{"@type":"BreadcrumbList","@id":"https:\/\/appleplug.ro\/product\/magsafe-iphone-17-pro-max\/#breadcrumb","itemListElement":[{"@type":"ListItem","position":1,"name":"Acas\u0103","item":"https:\/\/appleplug.ro\/"},{"@type":"ListItem","position":2,"name":"Magazin","item":"https:\/\/appleplug.ro\/magazin\/"},{"@type":"ListItem","position":3,"name":"Hus\u0103 MagSafe Pro iPhone 17 Pro Max Transparent"}]},{"@type":"WebSite","@id":"https:\/\/appleplug.ro\/#website","url":"https:\/\/appleplug.ro\/","name":"Apple Plug","description":"Haszn\u00e1lt IPhone telefonok \u00e9s tartoz\u00e9kok online boltja","publisher":{"@id":"https:\/\/appleplug.ro\/#organization"},"potentialAction":[{"@type":"SearchAction","target":{"@type":"EntryPoint","urlTemplate":"https:\/\/appleplug.ro\/?s={search_term_string}"},"query-input":{"@type":"PropertyValueSpecification","valueRequired":true,"valueName":"search_term_string"}}],"inLanguage":"hu"},{"@type":"Organization","@id":"https:\/\/appleplug.ro\/#organization","name":"Apple Plug","url":"https:\/\/appleplug.ro\/","logo":{"@type":"ImageObject","inLanguage":"hu","@id":"https:\/\/appleplug.ro\/#\/schema\/logo\/image\/","url":"https:\/\/i0.wp.com\/appleplug.ro\/wp-content\/uploads\/2024\/04\/cropped-White-logo-no-background.png?fit=3167%2C560&ssl=1","contentUrl":"https:\/\/i0.wp.com\/appleplug.ro\/wp-content\/uploads\/2024\/04\/cropped-White-logo-no-background.png?fit=3167%2C560&ssl=1","width":3167,"height":560,"caption":"Apple Plug"},"image":{"@id":"https:\/\/appleplug.ro\/#\/schema\/logo\/image\/"},"sameAs":["https:\/\/www.facebook.com\/profile.php?id=100089820235797","https:\/\/www.instagram.com\/appleplug_romania?igsh=MWJ1YTQ2bGdvZ2Uzag&utm_source=qr"]}]}},"jetpack_sharing_enabled":true,"_links":{"self":[{"href":"https:\/\/appleplug.ro\/hu\/wp-json\/wp\/v2\/product\/31669","targetHints":{"allow":["GET"]}}],"collection":[{"href":"https:\/\/appleplug.ro\/hu\/wp-json\/wp\/v2\/product"}],"about":[{"href":"https:\/\/appleplug.ro\/hu\/wp-json\/wp\/v2\/types\/product"}],"replies":[{"embeddable":true,"href":"https:\/\/appleplug.ro\/hu\/wp-json\/wp\/v2\/comments?post=31669"}],"wp:featuredmedia":[{"embeddable":true,"href":"https:\/\/appleplug.ro\/hu\/wp-json\/wp\/v2\/media\/31671"}],"wp:attachment":[{"href":"https:\/\/appleplug.ro\/hu\/wp-json\/wp\/v2\/media?parent=31669"}],"wp:term":[{"taxonomy":"product_brand","embeddable":true,"href":"https:\/\/appleplug.ro\/hu\/wp-json\/wp\/v2\/product_brand?post=31669"},{"taxonomy":"product_cat","embeddable":true,"href":"https:\/\/appleplug.ro\/hu\/wp-json\/wp\/v2\/product_cat?post=31669"},{"taxonomy":"product_tag","embeddable":true,"href":"https:\/\/appleplug.ro\/hu\/wp-json\/wp\/v2\/product_tag?post=31669"}],"curies":[{"name":"wp","href":"https:\/\/api.w.org\/{rel}","templated":true}]}}