{"id":31180,"date":"2025-09-12T15:22:42","date_gmt":"2025-09-12T12:22:42","guid":{"rendered":"https:\/\/appleplug.ro\/?post_type=product&#038;p=31180"},"modified":"2025-09-24T08:24:47","modified_gmt":"2025-09-24T05:24:47","slug":"iphone-17-pro-2","status":"publish","type":"product","link":"https:\/\/appleplug.ro\/hu\/product\/iphone-17-pro-2\/","title":{"rendered":"iPhone 17 Pro 1Tb Cosmic Orange Nou\/Sigilat"},"content":{"rendered":"","protected":false},"excerpt":{"rendered":"<p>\ud83d\udd0c iPhone 17 Pro<br \/>\n- \u00faj\/z\u00e1rt<br \/>\n&#8211; 1Tb<br \/>\n&#8211; cosmic orange<\/p>\n<h1 data-start=\"118\" data-end=\"151\">Precomand\u0103 acum iPhone 17 Pro<\/h1>\n<p data-start=\"153\" data-end=\"322\">Vrei s\u0103 fii printre primii care testeaz\u0103 noul <strong data-start=\"199\" data-end=\"216\">iPhone 17 Pro<\/strong>? Plaseaz\u0103 acum <strong data-start=\"232\" data-end=\"246\">precomanda<\/strong> \u0219i noi \u00ee\u021bi trimitem telefonul rapid, imediat ce este disponibil pe pia\u021b\u0103.<\/p>\n<p data-start=\"324\" data-end=\"513\">Pentru a-\u021bi garanta dispozitivul, comanda trebuie achitat\u0103 \u00een avans, simplu \u0219i sigur, cu cardul. Astfel, te asiguri c\u0103 vei primi noul iPhone 17 Pro f\u0103r\u0103 \u00eent\u00e2rzieri \u0219i la cel mai bun pre\u021b.<\/p>\n<p data-start=\"515\" data-end=\"593\">Gr\u0103be\u0219te-te, stocurile pentru precomanda de <strong data-start=\"559\" data-end=\"576\">iPhone 17 Pro<\/strong> sunt limitate!<\/p>","protected":false},"featured_media":31042,"comment_status":"open","ping_status":"closed","template":"","meta":{"_glsr_average":0,"_glsr_ranking":0,"_glsr_reviews":0},"product_brand":[],"product_cat":[385,16],"product_tag":[],"class_list":{"0":"post-31180","1":"product","2":"type-product","3":"status-publish","4":"has-post-thumbnail","6":"product_cat-iphone-17-pro","7":"product_cat-telefoane","8":"pa_color-cosmic-orange","10":"first","11":"outofstock","12":"taxable","13":"shipping-taxable","14":"purchasable","15":"product-type-simple"},"yoast_head":"<!-- This site is optimized with the Yoast SEO plugin v27.4 - https:\/\/yoast.com\/product\/yoast-seo-wordpress\/ -->\n<title>iPhone 17 Pro 1Tb Cosmic Orange Nou\/Sigilat - Apple Plug<\/title>\n<meta name=\"robots\" content=\"index, follow, max-snippet:-1, max-image-preview:large, max-video-preview:-1\" \/>\n<link rel=\"canonical\" href=\"https:\/\/appleplug.ro\/hu\/product\/iphone-17-pro-2\/\" \/>\n<meta property=\"og:locale\" content=\"hu_HU\" \/>\n<meta property=\"og:type\" content=\"article\" \/>\n<meta property=\"og:title\" content=\"iPhone 17 Pro 1Tb Cosmic Orange Nou\/Sigilat - Apple Plug\" \/>\n<meta property=\"og:description\" content=\"\ud83d\udd0c iPhone 17 Pro - nou\/sigilat - 1Tb - cosmic orange  Precomand\u0103 acum iPhone 17 Pro Vrei s\u0103 fii printre primii care testeaz\u0103 noul iPhone 17 Pro? Plaseaz\u0103 acum precomanda \u0219i noi \u00ee\u021bi trimitem telefonul rapid, imediat ce este disponibil pe pia\u021b\u0103. Pentru a-\u021bi garanta dispozitivul, comanda trebuie achitat\u0103 \u00een avans, simplu \u0219i sigur, cu cardul. Astfel, te asiguri c\u0103 vei primi noul iPhone 17 Pro f\u0103r\u0103 \u00eent\u00e2rzieri \u0219i la cel mai bun pre\u021b. Gr\u0103be\u0219te-te, stocurile pentru precomanda de iPhone 17 Pro sunt limitate!\" \/>\n<meta property=\"og:url\" content=\"https:\/\/appleplug.ro\/hu\/product\/iphone-17-pro-2\/\" \/>\n<meta property=\"og:site_name\" content=\"Apple Plug\" \/>\n<meta property=\"article:publisher\" content=\"https:\/\/www.facebook.com\/profile.php?id=100089820235797\" \/>\n<meta property=\"article:modified_time\" content=\"2025-09-24T05:24:47+00:00\" \/>\n<meta property=\"og:image\" content=\"https:\/\/appleplug.ro\/wp-content\/uploads\/2025\/09\/iphone-17-pro-pret.jpg\" \/>\n\t<meta property=\"og:image:width\" content=\"1080\" \/>\n\t<meta property=\"og:image:height\" content=\"1080\" \/>\n\t<meta property=\"og:image:type\" content=\"image\/jpeg\" \/>\n<meta name=\"twitter:card\" content=\"summary_large_image\" \/>\n<meta name=\"twitter:label1\" content=\"Becs\u00fclt olvas\u00e1si id\u0151\" \/>\n\t<meta name=\"twitter:data1\" content=\"1 perc\" \/>\n<script type=\"application\/ld+json\" class=\"yoast-schema-graph\">{\"@context\":\"https:\\\/\\\/schema.org\",\"@graph\":[{\"@type\":\"WebPage\",\"@id\":\"https:\\\/\\\/appleplug.ro\\\/product\\\/iphone-17-pro-2\\\/\",\"url\":\"https:\\\/\\\/appleplug.ro\\\/product\\\/iphone-17-pro-2\\\/\",\"name\":\"iPhone 17 Pro 1Tb Cosmic Orange Nou\\\/Sigilat - Apple Plug\",\"isPartOf\":{\"@id\":\"https:\\\/\\\/appleplug.ro\\\/#website\"},\"primaryImageOfPage\":{\"@id\":\"https:\\\/\\\/appleplug.ro\\\/product\\\/iphone-17-pro-2\\\/#primaryimage\"},\"image\":{\"@id\":\"https:\\\/\\\/appleplug.ro\\\/product\\\/iphone-17-pro-2\\\/#primaryimage\"},\"thumbnailUrl\":\"https:\\\/\\\/i0.wp.com\\\/appleplug.ro\\\/wp-content\\\/uploads\\\/2025\\\/09\\\/iphone-17-pro-pret.jpg?fit=1080%2C1080&ssl=1\",\"datePublished\":\"2025-09-12T12:22:42+00:00\",\"dateModified\":\"2025-09-24T05:24:47+00:00\",\"breadcrumb\":{\"@id\":\"https:\\\/\\\/appleplug.ro\\\/product\\\/iphone-17-pro-2\\\/#breadcrumb\"},\"inLanguage\":\"hu\",\"potentialAction\":[{\"@type\":\"ReadAction\",\"target\":[\"https:\\\/\\\/appleplug.ro\\\/product\\\/iphone-17-pro-2\\\/\"]}]},{\"@type\":\"ImageObject\",\"inLanguage\":\"hu\",\"@id\":\"https:\\\/\\\/appleplug.ro\\\/product\\\/iphone-17-pro-2\\\/#primaryimage\",\"url\":\"https:\\\/\\\/i0.wp.com\\\/appleplug.ro\\\/wp-content\\\/uploads\\\/2025\\\/09\\\/iphone-17-pro-pret.jpg?fit=1080%2C1080&ssl=1\",\"contentUrl\":\"https:\\\/\\\/i0.wp.com\\\/appleplug.ro\\\/wp-content\\\/uploads\\\/2025\\\/09\\\/iphone-17-pro-pret.jpg?fit=1080%2C1080&ssl=1\",\"width\":1080,\"height\":1080,\"caption\":\"iphone 17 pro pret\"},{\"@type\":\"BreadcrumbList\",\"@id\":\"https:\\\/\\\/appleplug.ro\\\/product\\\/iphone-17-pro-2\\\/#breadcrumb\",\"itemListElement\":[{\"@type\":\"ListItem\",\"position\":1,\"name\":\"Acas\u0103\",\"item\":\"https:\\\/\\\/appleplug.ro\\\/\"},{\"@type\":\"ListItem\",\"position\":2,\"name\":\"Magazin\",\"item\":\"https:\\\/\\\/appleplug.ro\\\/magazin\\\/\"},{\"@type\":\"ListItem\",\"position\":3,\"name\":\"iPhone 17 Pro 1Tb Cosmic Orange Nou\\\/Sigilat\"}]},{\"@type\":\"WebSite\",\"@id\":\"https:\\\/\\\/appleplug.ro\\\/#website\",\"url\":\"https:\\\/\\\/appleplug.ro\\\/\",\"name\":\"Apple Plug\",\"description\":\"Magazin online de telefoane second hand IPhone \u0219i accesorii\",\"publisher\":{\"@id\":\"https:\\\/\\\/appleplug.ro\\\/#organization\"},\"potentialAction\":[{\"@type\":\"SearchAction\",\"target\":{\"@type\":\"EntryPoint\",\"urlTemplate\":\"https:\\\/\\\/appleplug.ro\\\/?s={search_term_string}\"},\"query-input\":{\"@type\":\"PropertyValueSpecification\",\"valueRequired\":true,\"valueName\":\"search_term_string\"}}],\"inLanguage\":\"hu\"},{\"@type\":\"Organization\",\"@id\":\"https:\\\/\\\/appleplug.ro\\\/#organization\",\"name\":\"Apple Plug\",\"url\":\"https:\\\/\\\/appleplug.ro\\\/\",\"logo\":{\"@type\":\"ImageObject\",\"inLanguage\":\"hu\",\"@id\":\"https:\\\/\\\/appleplug.ro\\\/#\\\/schema\\\/logo\\\/image\\\/\",\"url\":\"https:\\\/\\\/i0.wp.com\\\/appleplug.ro\\\/wp-content\\\/uploads\\\/2024\\\/04\\\/cropped-White-logo-no-background.png?fit=3167%2C560&ssl=1\",\"contentUrl\":\"https:\\\/\\\/i0.wp.com\\\/appleplug.ro\\\/wp-content\\\/uploads\\\/2024\\\/04\\\/cropped-White-logo-no-background.png?fit=3167%2C560&ssl=1\",\"width\":3167,\"height\":560,\"caption\":\"Apple Plug\"},\"image\":{\"@id\":\"https:\\\/\\\/appleplug.ro\\\/#\\\/schema\\\/logo\\\/image\\\/\"},\"sameAs\":[\"https:\\\/\\\/www.facebook.com\\\/profile.php?id=100089820235797\",\"https:\\\/\\\/www.instagram.com\\\/appleplug_romania?igsh=MWJ1YTQ2bGdvZ2Uzag&utm_source=qr\"]}]}<\/script>\n<!-- \/ Yoast SEO plugin. -->","yoast_head_json":{"title":"iPhone 17 Pro 1Tb Cosmic Orange Nou\/Sigilat - Apple Plug","robots":{"index":"index","follow":"follow","max-snippet":"max-snippet:-1","max-image-preview":"max-image-preview:large","max-video-preview":"max-video-preview:-1"},"canonical":"https:\/\/appleplug.ro\/hu\/product\/iphone-17-pro-2\/","og_locale":"hu_HU","og_type":"article","og_title":"iPhone 17 Pro 1Tb Cosmic Orange Nou\/Sigilat - Apple Plug","og_description":"\ud83d\udd0c iPhone 17 Pro - nou\/sigilat - 1Tb - cosmic orange  Precomand\u0103 acum iPhone 17 Pro Vrei s\u0103 fii printre primii care testeaz\u0103 noul iPhone 17 Pro? Plaseaz\u0103 acum precomanda \u0219i noi \u00ee\u021bi trimitem telefonul rapid, imediat ce este disponibil pe pia\u021b\u0103. Pentru a-\u021bi garanta dispozitivul, comanda trebuie achitat\u0103 \u00een avans, simplu \u0219i sigur, cu cardul. Astfel, te asiguri c\u0103 vei primi noul iPhone 17 Pro f\u0103r\u0103 \u00eent\u00e2rzieri \u0219i la cel mai bun pre\u021b. Gr\u0103be\u0219te-te, stocurile pentru precomanda de iPhone 17 Pro sunt limitate!","og_url":"https:\/\/appleplug.ro\/hu\/product\/iphone-17-pro-2\/","og_site_name":"Apple Plug","article_publisher":"https:\/\/www.facebook.com\/profile.php?id=100089820235797","article_modified_time":"2025-09-24T05:24:47+00:00","og_image":[{"width":1080,"height":1080,"url":"https:\/\/appleplug.ro\/wp-content\/uploads\/2025\/09\/iphone-17-pro-pret.jpg","type":"image\/jpeg"}],"twitter_card":"summary_large_image","twitter_misc":{"Becs\u00fclt olvas\u00e1si id\u0151":"1 perc"},"schema":{"@context":"https:\/\/schema.org","@graph":[{"@type":"WebPage","@id":"https:\/\/appleplug.ro\/product\/iphone-17-pro-2\/","url":"https:\/\/appleplug.ro\/product\/iphone-17-pro-2\/","name":"iPhone 17 Pro 1Tb Cosmic Orange Nou\/Sigilat - Apple Plug","isPartOf":{"@id":"https:\/\/appleplug.ro\/#website"},"primaryImageOfPage":{"@id":"https:\/\/appleplug.ro\/product\/iphone-17-pro-2\/#primaryimage"},"image":{"@id":"https:\/\/appleplug.ro\/product\/iphone-17-pro-2\/#primaryimage"},"thumbnailUrl":"https:\/\/i0.wp.com\/appleplug.ro\/wp-content\/uploads\/2025\/09\/iphone-17-pro-pret.jpg?fit=1080%2C1080&ssl=1","datePublished":"2025-09-12T12:22:42+00:00","dateModified":"2025-09-24T05:24:47+00:00","breadcrumb":{"@id":"https:\/\/appleplug.ro\/product\/iphone-17-pro-2\/#breadcrumb"},"inLanguage":"hu","potentialAction":[{"@type":"ReadAction","target":["https:\/\/appleplug.ro\/product\/iphone-17-pro-2\/"]}]},{"@type":"ImageObject","inLanguage":"hu","@id":"https:\/\/appleplug.ro\/product\/iphone-17-pro-2\/#primaryimage","url":"https:\/\/i0.wp.com\/appleplug.ro\/wp-content\/uploads\/2025\/09\/iphone-17-pro-pret.jpg?fit=1080%2C1080&ssl=1","contentUrl":"https:\/\/i0.wp.com\/appleplug.ro\/wp-content\/uploads\/2025\/09\/iphone-17-pro-pret.jpg?fit=1080%2C1080&ssl=1","width":1080,"height":1080,"caption":"iphone 17 pro pret"},{"@type":"BreadcrumbList","@id":"https:\/\/appleplug.ro\/product\/iphone-17-pro-2\/#breadcrumb","itemListElement":[{"@type":"ListItem","position":1,"name":"Acas\u0103","item":"https:\/\/appleplug.ro\/"},{"@type":"ListItem","position":2,"name":"Magazin","item":"https:\/\/appleplug.ro\/magazin\/"},{"@type":"ListItem","position":3,"name":"iPhone 17 Pro 1Tb Cosmic Orange Nou\/Sigilat"}]},{"@type":"WebSite","@id":"https:\/\/appleplug.ro\/#website","url":"https:\/\/appleplug.ro\/","name":"Apple Plug","description":"Haszn\u00e1lt IPhone telefonok \u00e9s tartoz\u00e9kok online boltja","publisher":{"@id":"https:\/\/appleplug.ro\/#organization"},"potentialAction":[{"@type":"SearchAction","target":{"@type":"EntryPoint","urlTemplate":"https:\/\/appleplug.ro\/?s={search_term_string}"},"query-input":{"@type":"PropertyValueSpecification","valueRequired":true,"valueName":"search_term_string"}}],"inLanguage":"hu"},{"@type":"Organization","@id":"https:\/\/appleplug.ro\/#organization","name":"Apple Plug","url":"https:\/\/appleplug.ro\/","logo":{"@type":"ImageObject","inLanguage":"hu","@id":"https:\/\/appleplug.ro\/#\/schema\/logo\/image\/","url":"https:\/\/i0.wp.com\/appleplug.ro\/wp-content\/uploads\/2024\/04\/cropped-White-logo-no-background.png?fit=3167%2C560&ssl=1","contentUrl":"https:\/\/i0.wp.com\/appleplug.ro\/wp-content\/uploads\/2024\/04\/cropped-White-logo-no-background.png?fit=3167%2C560&ssl=1","width":3167,"height":560,"caption":"Apple Plug"},"image":{"@id":"https:\/\/appleplug.ro\/#\/schema\/logo\/image\/"},"sameAs":["https:\/\/www.facebook.com\/profile.php?id=100089820235797","https:\/\/www.instagram.com\/appleplug_romania?igsh=MWJ1YTQ2bGdvZ2Uzag&utm_source=qr"]}]}},"jetpack_sharing_enabled":true,"_links":{"self":[{"href":"https:\/\/appleplug.ro\/hu\/wp-json\/wp\/v2\/product\/31180","targetHints":{"allow":["GET"]}}],"collection":[{"href":"https:\/\/appleplug.ro\/hu\/wp-json\/wp\/v2\/product"}],"about":[{"href":"https:\/\/appleplug.ro\/hu\/wp-json\/wp\/v2\/types\/product"}],"replies":[{"embeddable":true,"href":"https:\/\/appleplug.ro\/hu\/wp-json\/wp\/v2\/comments?post=31180"}],"wp:featuredmedia":[{"embeddable":true,"href":"https:\/\/appleplug.ro\/hu\/wp-json\/wp\/v2\/media\/31042"}],"wp:attachment":[{"href":"https:\/\/appleplug.ro\/hu\/wp-json\/wp\/v2\/media?parent=31180"}],"wp:term":[{"taxonomy":"product_brand","embeddable":true,"href":"https:\/\/appleplug.ro\/hu\/wp-json\/wp\/v2\/product_brand?post=31180"},{"taxonomy":"product_cat","embeddable":true,"href":"https:\/\/appleplug.ro\/hu\/wp-json\/wp\/v2\/product_cat?post=31180"},{"taxonomy":"product_tag","embeddable":true,"href":"https:\/\/appleplug.ro\/hu\/wp-json\/wp\/v2\/product_tag?post=31180"}],"curies":[{"name":"wp","href":"https:\/\/api.w.org\/{rel}","templated":true}]}}