{"id":29446,"date":"2025-08-26T17:24:49","date_gmt":"2025-08-26T14:24:49","guid":{"rendered":"https:\/\/appleplug.ro\/?post_type=product&#038;p=29446"},"modified":"2026-02-12T13:16:53","modified_gmt":"2026-02-12T11:16:53","slug":"folie-silicon-privacy","status":"publish","type":"product","link":"https:\/\/appleplug.ro\/hu\/product\/folie-silicon-privacy\/","title":{"rendered":"Pr\u00e9mium szilikon v\u00e9d\u0151f\u00f3lia, Privacy Matte , Armour"},"content":{"rendered":"","protected":false},"excerpt":{"rendered":"<p>Pr\u00e9mium szilikon v\u00e9d\u0151f\u00f3lia, Privacy Matte , Armour<\/p>\n<p>&#8211; compatibil cu orice model de telefon<br \/>\n&#8211; aplicat profesional de echipa Apple Plug<br \/>\n&nbsp;<\/p>","protected":false},"featured_media":29435,"comment_status":"open","ping_status":"closed","template":"","meta":{"_glsr_average":0,"_glsr_ranking":0,"_glsr_reviews":0},"product_brand":[],"product_cat":[77,337],"product_tag":[],"class_list":{"0":"post-29446","1":"product","2":"type-product","3":"status-publish","4":"has-post-thumbnail","6":"product_cat-accesorii","7":"product_cat-folii-protectie","9":"first","10":"instock","11":"sale","12":"taxable","13":"shipping-taxable","14":"purchasable","15":"product-type-simple"},"yoast_head":"<!-- This site is optimized with the Yoast SEO plugin v27.4 - https:\/\/yoast.com\/product\/yoast-seo-wordpress\/ -->\n<title>Folie de Protec\u021bie Premium din Silicon, Privacy Matte , Armour - Apple Plug<\/title>\n<meta name=\"description\" content=\"Husa iPhone 16 Pro Max Karl Lagerfeld IML Rhinestones, transparent, Logo, KLHCP16XHKLSTDCT\" \/>\n<meta name=\"robots\" content=\"index, follow, max-snippet:-1, max-image-preview:large, max-video-preview:-1\" \/>\n<link rel=\"canonical\" href=\"https:\/\/appleplug.ro\/hu\/product\/folie-silicon-privacy\/\" \/>\n<meta property=\"og:locale\" content=\"hu_HU\" \/>\n<meta property=\"og:type\" content=\"article\" \/>\n<meta property=\"og:title\" content=\"Folie de Protec\u021bie Premium din Silicon, Privacy Matte , Armour - Apple Plug\" \/>\n<meta property=\"og:description\" content=\"Husa iPhone 16 Pro Max Karl Lagerfeld IML Rhinestones, transparent, Logo, KLHCP16XHKLSTDCT\" \/>\n<meta property=\"og:url\" content=\"https:\/\/appleplug.ro\/hu\/product\/folie-silicon-privacy\/\" \/>\n<meta property=\"og:site_name\" content=\"Apple Plug\" \/>\n<meta property=\"article:publisher\" content=\"https:\/\/www.facebook.com\/profile.php?id=100089820235797\" \/>\n<meta property=\"article:modified_time\" content=\"2026-02-12T11:16:53+00:00\" \/>\n<meta property=\"og:image\" content=\"https:\/\/appleplug.ro\/wp-content\/uploads\/2025\/08\/jap-skins-more-black-silicone-privacy-membrane-screen-protector-for-iphone-12-product-images-orvmgnmjixs-p600439149-0-202304120730.jpg.webp\" \/>\n\t<meta property=\"og:image:width\" content=\"420\" \/>\n\t<meta property=\"og:image:height\" content=\"420\" \/>\n\t<meta property=\"og:image:type\" content=\"image\/webp\" \/>\n<meta name=\"twitter:card\" content=\"summary_large_image\" \/>\n<meta name=\"twitter:label1\" content=\"Becs\u00fclt olvas\u00e1si id\u0151\" \/>\n\t<meta name=\"twitter:data1\" content=\"1 perc\" \/>\n<script type=\"application\/ld+json\" class=\"yoast-schema-graph\">{\"@context\":\"https:\\\/\\\/schema.org\",\"@graph\":[{\"@type\":\"WebPage\",\"@id\":\"https:\\\/\\\/appleplug.ro\\\/product\\\/folie-silicon-privacy\\\/\",\"url\":\"https:\\\/\\\/appleplug.ro\\\/product\\\/folie-silicon-privacy\\\/\",\"name\":\"Folie de Protec\u021bie Premium din Silicon, Privacy Matte , Armour - Apple Plug\",\"isPartOf\":{\"@id\":\"https:\\\/\\\/appleplug.ro\\\/#website\"},\"primaryImageOfPage\":{\"@id\":\"https:\\\/\\\/appleplug.ro\\\/product\\\/folie-silicon-privacy\\\/#primaryimage\"},\"image\":{\"@id\":\"https:\\\/\\\/appleplug.ro\\\/product\\\/folie-silicon-privacy\\\/#primaryimage\"},\"thumbnailUrl\":\"https:\\\/\\\/i0.wp.com\\\/appleplug.ro\\\/wp-content\\\/uploads\\\/2025\\\/08\\\/jap-skins-more-black-silicone-privacy-membrane-screen-protector-for-iphone-12-product-images-orvmgnmjixs-p600439149-0-202304120730.jpg.webp?fit=420%2C420&ssl=1\",\"datePublished\":\"2025-08-26T14:24:49+00:00\",\"dateModified\":\"2026-02-12T11:16:53+00:00\",\"description\":\"Husa iPhone 16 Pro Max Karl Lagerfeld IML Rhinestones, transparent, Logo, KLHCP16XHKLSTDCT\",\"breadcrumb\":{\"@id\":\"https:\\\/\\\/appleplug.ro\\\/product\\\/folie-silicon-privacy\\\/#breadcrumb\"},\"inLanguage\":\"hu\",\"potentialAction\":[{\"@type\":\"ReadAction\",\"target\":[\"https:\\\/\\\/appleplug.ro\\\/product\\\/folie-silicon-privacy\\\/\"]}]},{\"@type\":\"ImageObject\",\"inLanguage\":\"hu\",\"@id\":\"https:\\\/\\\/appleplug.ro\\\/product\\\/folie-silicon-privacy\\\/#primaryimage\",\"url\":\"https:\\\/\\\/i0.wp.com\\\/appleplug.ro\\\/wp-content\\\/uploads\\\/2025\\\/08\\\/jap-skins-more-black-silicone-privacy-membrane-screen-protector-for-iphone-12-product-images-orvmgnmjixs-p600439149-0-202304120730.jpg.webp?fit=420%2C420&ssl=1\",\"contentUrl\":\"https:\\\/\\\/i0.wp.com\\\/appleplug.ro\\\/wp-content\\\/uploads\\\/2025\\\/08\\\/jap-skins-more-black-silicone-privacy-membrane-screen-protector-for-iphone-12-product-images-orvmgnmjixs-p600439149-0-202304120730.jpg.webp?fit=420%2C420&ssl=1\",\"width\":420,\"height\":420},{\"@type\":\"BreadcrumbList\",\"@id\":\"https:\\\/\\\/appleplug.ro\\\/product\\\/folie-silicon-privacy\\\/#breadcrumb\",\"itemListElement\":[{\"@type\":\"ListItem\",\"position\":1,\"name\":\"Acas\u0103\",\"item\":\"https:\\\/\\\/appleplug.ro\\\/\"},{\"@type\":\"ListItem\",\"position\":2,\"name\":\"Magazin\",\"item\":\"https:\\\/\\\/appleplug.ro\\\/magazin\\\/\"},{\"@type\":\"ListItem\",\"position\":3,\"name\":\"Folie de Protec\u021bie Premium din Silicon, Privacy Matte , Armour\"}]},{\"@type\":\"WebSite\",\"@id\":\"https:\\\/\\\/appleplug.ro\\\/#website\",\"url\":\"https:\\\/\\\/appleplug.ro\\\/\",\"name\":\"Apple Plug\",\"description\":\"Magazin online de telefoane second hand IPhone \u0219i accesorii\",\"publisher\":{\"@id\":\"https:\\\/\\\/appleplug.ro\\\/#organization\"},\"potentialAction\":[{\"@type\":\"SearchAction\",\"target\":{\"@type\":\"EntryPoint\",\"urlTemplate\":\"https:\\\/\\\/appleplug.ro\\\/?s={search_term_string}\"},\"query-input\":{\"@type\":\"PropertyValueSpecification\",\"valueRequired\":true,\"valueName\":\"search_term_string\"}}],\"inLanguage\":\"hu\"},{\"@type\":\"Organization\",\"@id\":\"https:\\\/\\\/appleplug.ro\\\/#organization\",\"name\":\"Apple Plug\",\"url\":\"https:\\\/\\\/appleplug.ro\\\/\",\"logo\":{\"@type\":\"ImageObject\",\"inLanguage\":\"hu\",\"@id\":\"https:\\\/\\\/appleplug.ro\\\/#\\\/schema\\\/logo\\\/image\\\/\",\"url\":\"https:\\\/\\\/i0.wp.com\\\/appleplug.ro\\\/wp-content\\\/uploads\\\/2024\\\/04\\\/cropped-White-logo-no-background.png?fit=3167%2C560&ssl=1\",\"contentUrl\":\"https:\\\/\\\/i0.wp.com\\\/appleplug.ro\\\/wp-content\\\/uploads\\\/2024\\\/04\\\/cropped-White-logo-no-background.png?fit=3167%2C560&ssl=1\",\"width\":3167,\"height\":560,\"caption\":\"Apple Plug\"},\"image\":{\"@id\":\"https:\\\/\\\/appleplug.ro\\\/#\\\/schema\\\/logo\\\/image\\\/\"},\"sameAs\":[\"https:\\\/\\\/www.facebook.com\\\/profile.php?id=100089820235797\",\"https:\\\/\\\/www.instagram.com\\\/appleplug_romania?igsh=MWJ1YTQ2bGdvZ2Uzag&utm_source=qr\"]}]}<\/script>\n<!-- \/ Yoast SEO plugin. -->","yoast_head_json":{"title":"Folie de Protec\u021bie Premium din Silicon, Privacy Matte , Armour - Apple Plug","description":"Husa iPhone 16 Pro Max Karl Lagerfeld IML Rhinestones, transparent, Logo, KLHCP16XHKLSTDCT","robots":{"index":"index","follow":"follow","max-snippet":"max-snippet:-1","max-image-preview":"max-image-preview:large","max-video-preview":"max-video-preview:-1"},"canonical":"https:\/\/appleplug.ro\/hu\/product\/folie-silicon-privacy\/","og_locale":"hu_HU","og_type":"article","og_title":"Folie de Protec\u021bie Premium din Silicon, Privacy Matte , Armour - Apple Plug","og_description":"Husa iPhone 16 Pro Max Karl Lagerfeld IML Rhinestones, transparent, Logo, KLHCP16XHKLSTDCT","og_url":"https:\/\/appleplug.ro\/hu\/product\/folie-silicon-privacy\/","og_site_name":"Apple Plug","article_publisher":"https:\/\/www.facebook.com\/profile.php?id=100089820235797","article_modified_time":"2026-02-12T11:16:53+00:00","og_image":[{"width":420,"height":420,"url":"https:\/\/appleplug.ro\/wp-content\/uploads\/2025\/08\/jap-skins-more-black-silicone-privacy-membrane-screen-protector-for-iphone-12-product-images-orvmgnmjixs-p600439149-0-202304120730.jpg.webp","type":"image\/webp"}],"twitter_card":"summary_large_image","twitter_misc":{"Becs\u00fclt olvas\u00e1si id\u0151":"1 perc"},"schema":{"@context":"https:\/\/schema.org","@graph":[{"@type":"WebPage","@id":"https:\/\/appleplug.ro\/product\/folie-silicon-privacy\/","url":"https:\/\/appleplug.ro\/product\/folie-silicon-privacy\/","name":"Folie de Protec\u021bie Premium din Silicon, Privacy Matte , Armour - Apple Plug","isPartOf":{"@id":"https:\/\/appleplug.ro\/#website"},"primaryImageOfPage":{"@id":"https:\/\/appleplug.ro\/product\/folie-silicon-privacy\/#primaryimage"},"image":{"@id":"https:\/\/appleplug.ro\/product\/folie-silicon-privacy\/#primaryimage"},"thumbnailUrl":"https:\/\/i0.wp.com\/appleplug.ro\/wp-content\/uploads\/2025\/08\/jap-skins-more-black-silicone-privacy-membrane-screen-protector-for-iphone-12-product-images-orvmgnmjixs-p600439149-0-202304120730.jpg.webp?fit=420%2C420&ssl=1","datePublished":"2025-08-26T14:24:49+00:00","dateModified":"2026-02-12T11:16:53+00:00","description":"Husa iPhone 16 Pro Max Karl Lagerfeld IML Rhinestones, transparent, Logo, KLHCP16XHKLSTDCT","breadcrumb":{"@id":"https:\/\/appleplug.ro\/product\/folie-silicon-privacy\/#breadcrumb"},"inLanguage":"hu","potentialAction":[{"@type":"ReadAction","target":["https:\/\/appleplug.ro\/product\/folie-silicon-privacy\/"]}]},{"@type":"ImageObject","inLanguage":"hu","@id":"https:\/\/appleplug.ro\/product\/folie-silicon-privacy\/#primaryimage","url":"https:\/\/i0.wp.com\/appleplug.ro\/wp-content\/uploads\/2025\/08\/jap-skins-more-black-silicone-privacy-membrane-screen-protector-for-iphone-12-product-images-orvmgnmjixs-p600439149-0-202304120730.jpg.webp?fit=420%2C420&ssl=1","contentUrl":"https:\/\/i0.wp.com\/appleplug.ro\/wp-content\/uploads\/2025\/08\/jap-skins-more-black-silicone-privacy-membrane-screen-protector-for-iphone-12-product-images-orvmgnmjixs-p600439149-0-202304120730.jpg.webp?fit=420%2C420&ssl=1","width":420,"height":420},{"@type":"BreadcrumbList","@id":"https:\/\/appleplug.ro\/product\/folie-silicon-privacy\/#breadcrumb","itemListElement":[{"@type":"ListItem","position":1,"name":"Acas\u0103","item":"https:\/\/appleplug.ro\/"},{"@type":"ListItem","position":2,"name":"Magazin","item":"https:\/\/appleplug.ro\/magazin\/"},{"@type":"ListItem","position":3,"name":"Folie de Protec\u021bie Premium din Silicon, Privacy Matte , Armour"}]},{"@type":"WebSite","@id":"https:\/\/appleplug.ro\/#website","url":"https:\/\/appleplug.ro\/","name":"Apple Plug","description":"Haszn\u00e1lt IPhone telefonok \u00e9s tartoz\u00e9kok online boltja","publisher":{"@id":"https:\/\/appleplug.ro\/#organization"},"potentialAction":[{"@type":"SearchAction","target":{"@type":"EntryPoint","urlTemplate":"https:\/\/appleplug.ro\/?s={search_term_string}"},"query-input":{"@type":"PropertyValueSpecification","valueRequired":true,"valueName":"search_term_string"}}],"inLanguage":"hu"},{"@type":"Organization","@id":"https:\/\/appleplug.ro\/#organization","name":"Apple Plug","url":"https:\/\/appleplug.ro\/","logo":{"@type":"ImageObject","inLanguage":"hu","@id":"https:\/\/appleplug.ro\/#\/schema\/logo\/image\/","url":"https:\/\/i0.wp.com\/appleplug.ro\/wp-content\/uploads\/2024\/04\/cropped-White-logo-no-background.png?fit=3167%2C560&ssl=1","contentUrl":"https:\/\/i0.wp.com\/appleplug.ro\/wp-content\/uploads\/2024\/04\/cropped-White-logo-no-background.png?fit=3167%2C560&ssl=1","width":3167,"height":560,"caption":"Apple Plug"},"image":{"@id":"https:\/\/appleplug.ro\/#\/schema\/logo\/image\/"},"sameAs":["https:\/\/www.facebook.com\/profile.php?id=100089820235797","https:\/\/www.instagram.com\/appleplug_romania?igsh=MWJ1YTQ2bGdvZ2Uzag&utm_source=qr"]}]}},"jetpack_sharing_enabled":true,"_links":{"self":[{"href":"https:\/\/appleplug.ro\/hu\/wp-json\/wp\/v2\/product\/29446","targetHints":{"allow":["GET"]}}],"collection":[{"href":"https:\/\/appleplug.ro\/hu\/wp-json\/wp\/v2\/product"}],"about":[{"href":"https:\/\/appleplug.ro\/hu\/wp-json\/wp\/v2\/types\/product"}],"replies":[{"embeddable":true,"href":"https:\/\/appleplug.ro\/hu\/wp-json\/wp\/v2\/comments?post=29446"}],"wp:featuredmedia":[{"embeddable":true,"href":"https:\/\/appleplug.ro\/hu\/wp-json\/wp\/v2\/media\/29435"}],"wp:attachment":[{"href":"https:\/\/appleplug.ro\/hu\/wp-json\/wp\/v2\/media?parent=29446"}],"wp:term":[{"taxonomy":"product_brand","embeddable":true,"href":"https:\/\/appleplug.ro\/hu\/wp-json\/wp\/v2\/product_brand?post=29446"},{"taxonomy":"product_cat","embeddable":true,"href":"https:\/\/appleplug.ro\/hu\/wp-json\/wp\/v2\/product_cat?post=29446"},{"taxonomy":"product_tag","embeddable":true,"href":"https:\/\/appleplug.ro\/hu\/wp-json\/wp\/v2\/product_tag?post=29446"}],"curies":[{"name":"wp","href":"https:\/\/api.w.org\/{rel}","templated":true}]}}