{"id":29048,"date":"2025-08-19T23:26:21","date_gmt":"2025-08-19T20:26:21","guid":{"rendered":"https:\/\/appleplug.ro\/?post_type=product&#038;p=29048"},"modified":"2026-03-27T20:46:07","modified_gmt":"2026-03-27T18:46:07","slug":"husa-iphone-12-13","status":"publish","type":"product","link":"https:\/\/appleplug.ro\/hu\/product\/husa-iphone-12-13\/","title":{"rendered":"tok iPhone 12 SoftFlex fekete"},"content":{"rendered":"","protected":false},"excerpt":{"rendered":"<p>V\u00e9d\u0151tokot keres telefonj\u00e1hoz? A legjobb helyen j\u00e1rsz. A Techsuit szilikon tok minden, amit csak k\u00edv\u00e1nhatsz.<\/p>\n<p>\u00daj h\u00e1zra van sz\u00fcks\u00e9ge?<\/p>\n<p>V\u00e1lassza a minimalista kialak\u00edt\u00e1s\u00fa tokot, amely b\u00e1rmilyen alkalomra alkalmas: nyaral\u00e1son, \u00fczleti megbesz\u00e9l\u00e9sen vagy otthon. Ezzel a klasszikus t\u00e1sk\u00e1val nem t\u00e9vedhet.<\/p>\n<p>A r\u00e9szletek jelentik a k\u00fcl\u00f6nbs\u00e9get<\/p>\n<p>Hogyan lehet megk\u00fcl\u00f6nb\u00f6ztetni egy rossz min\u0151s\u00e9g\u0171 bor\u00edt\u00f3t egy pr\u00e9miumt\u00f3l? Figyeljen az anyagok tart\u00f3ss\u00e1g\u00e1ra \u00e9s a kivitelez\u00e9s min\u0151s\u00e9g\u00e9re. Javasoljuk, hogy pr\u00f3b\u00e1lja ki a tart\u00f3s szilikonb\u00f3l k\u00e9sz\u00fclt Techsuit tokot.<\/p>\n<p>Figyelem! A tok teljes m\u00e9rt\u00e9kben kompatibilis a MagSafe eszk\u00f6z\u00f6kkel, de nem tudja t\u00e1pl\u00e1lni a telefonodat, am\u00edg az okostelefonod nem rendelkezik vezet\u00e9k n\u00e9lk\u00fcli t\u00f6lt\u00e9ssel.<\/p>\n<p>Csak juttat\u00e1sok<\/p>\n<p>Ki mondta, hogy egy tok nem lehet egyszerre eszt\u00e9tikus \u00e9s tart\u00f3s? A Techsuit tok cs\u00f6kkenti az \u00fct\u00e9sek hat\u00e1s\u00e1t, \u00e9s olyan minimalista diz\u00e1jnnal rendelkezik, amelyet mindenki szeretni fog.<\/p>\n<p>Mi a k\u00fcl\u00f6nleges ebben az esetben?<\/p>\n<p>B\u00e1rsonyos \u00e9rint\u00e9s. Minden alkalommal, amikor a telefonj\u00e1t haszn\u00e1lja, \u00faj tapint\u00e1si \u00e9lm\u00e9nyben lesz r\u00e9sze. A szilikon okostelefon tok k\u00e9szen \u00e1ll a tal\u00e1lkoz\u00e1sra.<\/p>","protected":false},"featured_media":27260,"comment_status":"open","ping_status":"closed","template":"","meta":{"_glsr_average":0,"_glsr_ranking":0,"_glsr_reviews":0},"product_brand":[],"product_cat":[77,313,312],"product_tag":[],"class_list":{"0":"post-29048","1":"product","2":"type-product","3":"status-publish","4":"has-post-thumbnail","6":"product_cat-accesorii","7":"product_cat-husa-iphone-12","8":"product_cat-huse","10":"first","11":"instock","12":"taxable","13":"shipping-taxable","14":"purchasable","15":"product-type-simple"},"yoast_head":"<!-- This site is optimized with the Yoast SEO plugin v27.3 - https:\/\/yoast.com\/product\/yoast-seo-wordpress\/ -->\n<title>Hus\u0103 iPhone 12 SoftFlex Black - Apple Plug<\/title>\n<meta name=\"description\" content=\"Husa iPhone 16 Pro Max Karl Lagerfeld IML Rhinestones, transparent, Logo, KLHCP16XHKLSTDCT\" \/>\n<meta name=\"robots\" content=\"index, follow, max-snippet:-1, max-image-preview:large, max-video-preview:-1\" \/>\n<link rel=\"canonical\" href=\"https:\/\/appleplug.ro\/hu\/product\/husa-iphone-12-13\/\" \/>\n<meta property=\"og:locale\" content=\"hu_HU\" \/>\n<meta property=\"og:type\" content=\"article\" \/>\n<meta property=\"og:title\" content=\"Hus\u0103 iPhone 12 SoftFlex Black - Apple Plug\" \/>\n<meta property=\"og:description\" content=\"Husa iPhone 16 Pro Max Karl Lagerfeld IML Rhinestones, transparent, Logo, KLHCP16XHKLSTDCT\" \/>\n<meta property=\"og:url\" content=\"https:\/\/appleplug.ro\/hu\/product\/husa-iphone-12-13\/\" \/>\n<meta property=\"og:site_name\" content=\"Apple Plug\" \/>\n<meta property=\"article:publisher\" content=\"https:\/\/www.facebook.com\/profile.php?id=100089820235797\" \/>\n<meta property=\"article:modified_time\" content=\"2026-03-27T18:46:07+00:00\" \/>\n<meta property=\"og:image\" content=\"https:\/\/appleplug.ro\/wp-content\/uploads\/2025\/07\/husa-iphone-13-pret-ApplePlug-1-15.jpg\" \/>\n\t<meta property=\"og:image:width\" content=\"1000\" \/>\n\t<meta property=\"og:image:height\" content=\"1000\" \/>\n\t<meta property=\"og:image:type\" content=\"image\/jpeg\" \/>\n<meta name=\"twitter:card\" content=\"summary_large_image\" \/>\n<meta name=\"twitter:label1\" content=\"Becs\u00fclt olvas\u00e1si id\u0151\" \/>\n\t<meta name=\"twitter:data1\" content=\"1 perc\" \/>\n<script type=\"application\/ld+json\" class=\"yoast-schema-graph\">{\"@context\":\"https:\\\/\\\/schema.org\",\"@graph\":[{\"@type\":\"WebPage\",\"@id\":\"https:\\\/\\\/appleplug.ro\\\/product\\\/husa-iphone-12-13\\\/\",\"url\":\"https:\\\/\\\/appleplug.ro\\\/product\\\/husa-iphone-12-13\\\/\",\"name\":\"Hus\u0103 iPhone 12 SoftFlex Black - Apple Plug\",\"isPartOf\":{\"@id\":\"https:\\\/\\\/appleplug.ro\\\/#website\"},\"primaryImageOfPage\":{\"@id\":\"https:\\\/\\\/appleplug.ro\\\/product\\\/husa-iphone-12-13\\\/#primaryimage\"},\"image\":{\"@id\":\"https:\\\/\\\/appleplug.ro\\\/product\\\/husa-iphone-12-13\\\/#primaryimage\"},\"thumbnailUrl\":\"https:\\\/\\\/i0.wp.com\\\/appleplug.ro\\\/wp-content\\\/uploads\\\/2025\\\/07\\\/husa-iphone-13-pret-ApplePlug-1-15.jpg?fit=1000%2C1000&ssl=1\",\"datePublished\":\"2025-08-19T20:26:21+00:00\",\"dateModified\":\"2026-03-27T18:46:07+00:00\",\"description\":\"Husa iPhone 16 Pro Max Karl Lagerfeld IML Rhinestones, transparent, Logo, KLHCP16XHKLSTDCT\",\"breadcrumb\":{\"@id\":\"https:\\\/\\\/appleplug.ro\\\/product\\\/husa-iphone-12-13\\\/#breadcrumb\"},\"inLanguage\":\"hu\",\"potentialAction\":[{\"@type\":\"ReadAction\",\"target\":[\"https:\\\/\\\/appleplug.ro\\\/product\\\/husa-iphone-12-13\\\/\"]}]},{\"@type\":\"ImageObject\",\"inLanguage\":\"hu\",\"@id\":\"https:\\\/\\\/appleplug.ro\\\/product\\\/husa-iphone-12-13\\\/#primaryimage\",\"url\":\"https:\\\/\\\/i0.wp.com\\\/appleplug.ro\\\/wp-content\\\/uploads\\\/2025\\\/07\\\/husa-iphone-13-pret-ApplePlug-1-15.jpg?fit=1000%2C1000&ssl=1\",\"contentUrl\":\"https:\\\/\\\/i0.wp.com\\\/appleplug.ro\\\/wp-content\\\/uploads\\\/2025\\\/07\\\/husa-iphone-13-pret-ApplePlug-1-15.jpg?fit=1000%2C1000&ssl=1\",\"width\":1000,\"height\":1000,\"caption\":\"husa-iphone-13-pret-ApplePlug-\"},{\"@type\":\"BreadcrumbList\",\"@id\":\"https:\\\/\\\/appleplug.ro\\\/product\\\/husa-iphone-12-13\\\/#breadcrumb\",\"itemListElement\":[{\"@type\":\"ListItem\",\"position\":1,\"name\":\"Acas\u0103\",\"item\":\"https:\\\/\\\/appleplug.ro\\\/\"},{\"@type\":\"ListItem\",\"position\":2,\"name\":\"Magazin\",\"item\":\"https:\\\/\\\/appleplug.ro\\\/magazin\\\/\"},{\"@type\":\"ListItem\",\"position\":3,\"name\":\"Hus\u0103 iPhone 12 SoftFlex Black\"}]},{\"@type\":\"WebSite\",\"@id\":\"https:\\\/\\\/appleplug.ro\\\/#website\",\"url\":\"https:\\\/\\\/appleplug.ro\\\/\",\"name\":\"Apple Plug\",\"description\":\"Magazin online de telefoane second hand IPhone \u0219i accesorii\",\"publisher\":{\"@id\":\"https:\\\/\\\/appleplug.ro\\\/#organization\"},\"potentialAction\":[{\"@type\":\"SearchAction\",\"target\":{\"@type\":\"EntryPoint\",\"urlTemplate\":\"https:\\\/\\\/appleplug.ro\\\/?s={search_term_string}\"},\"query-input\":{\"@type\":\"PropertyValueSpecification\",\"valueRequired\":true,\"valueName\":\"search_term_string\"}}],\"inLanguage\":\"hu\"},{\"@type\":\"Organization\",\"@id\":\"https:\\\/\\\/appleplug.ro\\\/#organization\",\"name\":\"Apple Plug\",\"url\":\"https:\\\/\\\/appleplug.ro\\\/\",\"logo\":{\"@type\":\"ImageObject\",\"inLanguage\":\"hu\",\"@id\":\"https:\\\/\\\/appleplug.ro\\\/#\\\/schema\\\/logo\\\/image\\\/\",\"url\":\"https:\\\/\\\/i0.wp.com\\\/appleplug.ro\\\/wp-content\\\/uploads\\\/2024\\\/04\\\/cropped-White-logo-no-background.png?fit=3167%2C560&ssl=1\",\"contentUrl\":\"https:\\\/\\\/i0.wp.com\\\/appleplug.ro\\\/wp-content\\\/uploads\\\/2024\\\/04\\\/cropped-White-logo-no-background.png?fit=3167%2C560&ssl=1\",\"width\":3167,\"height\":560,\"caption\":\"Apple Plug\"},\"image\":{\"@id\":\"https:\\\/\\\/appleplug.ro\\\/#\\\/schema\\\/logo\\\/image\\\/\"},\"sameAs\":[\"https:\\\/\\\/www.facebook.com\\\/profile.php?id=100089820235797\",\"https:\\\/\\\/www.instagram.com\\\/appleplug_romania?igsh=MWJ1YTQ2bGdvZ2Uzag&utm_source=qr\"]}]}<\/script>\n<!-- \/ Yoast SEO plugin. -->","yoast_head_json":{"title":"Hus\u0103 iPhone 12 SoftFlex Black - Apple Plug","description":"Husa iPhone 16 Pro Max Karl Lagerfeld IML Rhinestones, transparent, Logo, KLHCP16XHKLSTDCT","robots":{"index":"index","follow":"follow","max-snippet":"max-snippet:-1","max-image-preview":"max-image-preview:large","max-video-preview":"max-video-preview:-1"},"canonical":"https:\/\/appleplug.ro\/hu\/product\/husa-iphone-12-13\/","og_locale":"hu_HU","og_type":"article","og_title":"Hus\u0103 iPhone 12 SoftFlex Black - Apple Plug","og_description":"Husa iPhone 16 Pro Max Karl Lagerfeld IML Rhinestones, transparent, Logo, KLHCP16XHKLSTDCT","og_url":"https:\/\/appleplug.ro\/hu\/product\/husa-iphone-12-13\/","og_site_name":"Apple Plug","article_publisher":"https:\/\/www.facebook.com\/profile.php?id=100089820235797","article_modified_time":"2026-03-27T18:46:07+00:00","og_image":[{"width":1000,"height":1000,"url":"https:\/\/appleplug.ro\/wp-content\/uploads\/2025\/07\/husa-iphone-13-pret-ApplePlug-1-15.jpg","type":"image\/jpeg"}],"twitter_card":"summary_large_image","twitter_misc":{"Becs\u00fclt olvas\u00e1si id\u0151":"1 perc"},"schema":{"@context":"https:\/\/schema.org","@graph":[{"@type":"WebPage","@id":"https:\/\/appleplug.ro\/product\/husa-iphone-12-13\/","url":"https:\/\/appleplug.ro\/product\/husa-iphone-12-13\/","name":"Hus\u0103 iPhone 12 SoftFlex Black - Apple Plug","isPartOf":{"@id":"https:\/\/appleplug.ro\/#website"},"primaryImageOfPage":{"@id":"https:\/\/appleplug.ro\/product\/husa-iphone-12-13\/#primaryimage"},"image":{"@id":"https:\/\/appleplug.ro\/product\/husa-iphone-12-13\/#primaryimage"},"thumbnailUrl":"https:\/\/i0.wp.com\/appleplug.ro\/wp-content\/uploads\/2025\/07\/husa-iphone-13-pret-ApplePlug-1-15.jpg?fit=1000%2C1000&ssl=1","datePublished":"2025-08-19T20:26:21+00:00","dateModified":"2026-03-27T18:46:07+00:00","description":"Husa iPhone 16 Pro Max Karl Lagerfeld IML Rhinestones, transparent, Logo, KLHCP16XHKLSTDCT","breadcrumb":{"@id":"https:\/\/appleplug.ro\/product\/husa-iphone-12-13\/#breadcrumb"},"inLanguage":"hu","potentialAction":[{"@type":"ReadAction","target":["https:\/\/appleplug.ro\/product\/husa-iphone-12-13\/"]}]},{"@type":"ImageObject","inLanguage":"hu","@id":"https:\/\/appleplug.ro\/product\/husa-iphone-12-13\/#primaryimage","url":"https:\/\/i0.wp.com\/appleplug.ro\/wp-content\/uploads\/2025\/07\/husa-iphone-13-pret-ApplePlug-1-15.jpg?fit=1000%2C1000&ssl=1","contentUrl":"https:\/\/i0.wp.com\/appleplug.ro\/wp-content\/uploads\/2025\/07\/husa-iphone-13-pret-ApplePlug-1-15.jpg?fit=1000%2C1000&ssl=1","width":1000,"height":1000,"caption":"husa-iphone-13-pret-ApplePlug-"},{"@type":"BreadcrumbList","@id":"https:\/\/appleplug.ro\/product\/husa-iphone-12-13\/#breadcrumb","itemListElement":[{"@type":"ListItem","position":1,"name":"Acas\u0103","item":"https:\/\/appleplug.ro\/"},{"@type":"ListItem","position":2,"name":"Magazin","item":"https:\/\/appleplug.ro\/magazin\/"},{"@type":"ListItem","position":3,"name":"Hus\u0103 iPhone 12 SoftFlex Black"}]},{"@type":"WebSite","@id":"https:\/\/appleplug.ro\/#website","url":"https:\/\/appleplug.ro\/","name":"Apple Plug","description":"Haszn\u00e1lt IPhone telefonok \u00e9s tartoz\u00e9kok online boltja","publisher":{"@id":"https:\/\/appleplug.ro\/#organization"},"potentialAction":[{"@type":"SearchAction","target":{"@type":"EntryPoint","urlTemplate":"https:\/\/appleplug.ro\/?s={search_term_string}"},"query-input":{"@type":"PropertyValueSpecification","valueRequired":true,"valueName":"search_term_string"}}],"inLanguage":"hu"},{"@type":"Organization","@id":"https:\/\/appleplug.ro\/#organization","name":"Apple Plug","url":"https:\/\/appleplug.ro\/","logo":{"@type":"ImageObject","inLanguage":"hu","@id":"https:\/\/appleplug.ro\/#\/schema\/logo\/image\/","url":"https:\/\/i0.wp.com\/appleplug.ro\/wp-content\/uploads\/2024\/04\/cropped-White-logo-no-background.png?fit=3167%2C560&ssl=1","contentUrl":"https:\/\/i0.wp.com\/appleplug.ro\/wp-content\/uploads\/2024\/04\/cropped-White-logo-no-background.png?fit=3167%2C560&ssl=1","width":3167,"height":560,"caption":"Apple Plug"},"image":{"@id":"https:\/\/appleplug.ro\/#\/schema\/logo\/image\/"},"sameAs":["https:\/\/www.facebook.com\/profile.php?id=100089820235797","https:\/\/www.instagram.com\/appleplug_romania?igsh=MWJ1YTQ2bGdvZ2Uzag&utm_source=qr"]}]}},"jetpack_sharing_enabled":true,"_links":{"self":[{"href":"https:\/\/appleplug.ro\/hu\/wp-json\/wp\/v2\/product\/29048","targetHints":{"allow":["GET"]}}],"collection":[{"href":"https:\/\/appleplug.ro\/hu\/wp-json\/wp\/v2\/product"}],"about":[{"href":"https:\/\/appleplug.ro\/hu\/wp-json\/wp\/v2\/types\/product"}],"replies":[{"embeddable":true,"href":"https:\/\/appleplug.ro\/hu\/wp-json\/wp\/v2\/comments?post=29048"}],"wp:featuredmedia":[{"embeddable":true,"href":"https:\/\/appleplug.ro\/hu\/wp-json\/wp\/v2\/media\/27260"}],"wp:attachment":[{"href":"https:\/\/appleplug.ro\/hu\/wp-json\/wp\/v2\/media?parent=29048"}],"wp:term":[{"taxonomy":"product_brand","embeddable":true,"href":"https:\/\/appleplug.ro\/hu\/wp-json\/wp\/v2\/product_brand?post=29048"},{"taxonomy":"product_cat","embeddable":true,"href":"https:\/\/appleplug.ro\/hu\/wp-json\/wp\/v2\/product_cat?post=29048"},{"taxonomy":"product_tag","embeddable":true,"href":"https:\/\/appleplug.ro\/hu\/wp-json\/wp\/v2\/product_tag?post=29048"}],"curies":[{"name":"wp","href":"https:\/\/api.w.org\/{rel}","templated":true}]}}