{"id":27030,"date":"2025-07-18T17:16:05","date_gmt":"2025-07-18T14:16:05","guid":{"rendered":"https:\/\/appleplug.ro\/?post_type=product&#038;p=27030"},"modified":"2026-03-28T17:12:17","modified_gmt":"2026-03-28T15:12:17","slug":"halofrost-magsafe-series-iphone-16-plus","status":"publish","type":"product","link":"https:\/\/appleplug.ro\/hu\/product\/halofrost-magsafe-series-iphone-16-plus\/","title":{"rendered":"Hus\u0103 iPhone 16 Plus HaloFrost MagSafe Pink"},"content":{"rendered":"","protected":false},"excerpt":{"rendered":"<p>T\u00f6bb v\u00e9delmet szeretne a telefonj\u00e1nak? Aj\u00e1nljuk az \u00faj Techsuit eredeti tokot! Hat\u00e9kony, tart\u00f3s \u00e9s remek\u00fcl n\u00e9z ki.<\/p>\n<p>Megb\u00edzhatsz benne<\/p>\n<p>A Techsuit tok biztos\u00edtja a sz\u00fcks\u00e9ges biztons\u00e1got. V\u00e9delmet garant\u00e1l a por, a karcol\u00e1sok \u00e9s a kisebb \u00fct\u00e9sek ellen.<\/p>\n<p>Hangs\u00falyozzuk a min\u0151s\u00e9get<\/p>\n<p>A teljes eg\u00e9sz\u00e9ben polikarbon\u00e1tb\u00f3l \u00e9s TPU-b\u00f3l k\u00e9sz\u00fclt tok tart\u00f3s \u00e9s strapab\u00edr\u00f3, ugyanakkor sima megjelen\u00e9s\u0171.<\/p>\n<p>Csak neked<\/p>\n<p>A k\u00fcl\u00f6nleges kiv\u00e1g\u00e1ssal ell\u00e1tott tok a nyakl\u00e1nc vagy kulcstart\u00f3 sz\u00e1m\u00e1ra ide\u00e1lis v\u00e1laszt\u00e1s a divatrajong\u00f3k sz\u00e1m\u00e1ra.<\/p>\n<p>Egyedi kieg\u00e9sz\u00edt\u0151<\/p>\n<p>Vigye mag\u00e1val, b\u00e1rhov\u00e1 is megy. Az \u00faj Techsuit tok klasszikus \u00e9s mag\u00e1val ragad\u00f3 diz\u00e1jnnal rendelkezik, amely szem\u00e9lyis\u00e9get \u00e9s csillog\u00e1st k\u00f6lcs\u00f6n\u00f6z.<\/p>\n<p>Koff<br \/>\nKOFF DISTRIBUTION SRL \u00a9 2016-2025. All rights reserved.<\/p>","protected":false},"featured_media":27029,"comment_status":"open","ping_status":"closed","template":"","meta":{"_glsr_average":0,"_glsr_ranking":0,"_glsr_reviews":0},"product_brand":[],"product_cat":[77,333,312],"product_tag":[],"class_list":{"0":"post-27030","1":"product","2":"type-product","3":"status-publish","4":"has-post-thumbnail","6":"product_cat-accesorii","7":"product_cat-husa-iphone-16-plus","8":"product_cat-huse","10":"first","11":"outofstock","12":"taxable","13":"shipping-taxable","14":"purchasable","15":"product-type-simple"},"yoast_head":"<!-- This site is optimized with the Yoast SEO plugin v27.4 - https:\/\/yoast.com\/product\/yoast-seo-wordpress\/ -->\n<title>Hus\u0103 iPhone 16 Plus HaloFrost MagSafe Pink - Apple Plug<\/title>\n<meta name=\"description\" content=\"Husa iPhone 16 Pro Max Karl Lagerfeld IML Rhinestones, transparent, Logo, KLHCP16XHKLSTDCT\" \/>\n<meta name=\"robots\" content=\"index, follow, max-snippet:-1, max-image-preview:large, max-video-preview:-1\" \/>\n<link rel=\"canonical\" href=\"https:\/\/appleplug.ro\/hu\/product\/halofrost-magsafe-series-iphone-16-plus\/\" \/>\n<meta property=\"og:locale\" content=\"hu_HU\" \/>\n<meta property=\"og:type\" content=\"article\" \/>\n<meta property=\"og:title\" content=\"Hus\u0103 iPhone 16 Plus HaloFrost MagSafe Pink - Apple Plug\" \/>\n<meta property=\"og:description\" content=\"Husa iPhone 16 Pro Max Karl Lagerfeld IML Rhinestones, transparent, Logo, KLHCP16XHKLSTDCT\" \/>\n<meta property=\"og:url\" content=\"https:\/\/appleplug.ro\/hu\/product\/halofrost-magsafe-series-iphone-16-plus\/\" \/>\n<meta property=\"og:site_name\" content=\"Apple Plug\" \/>\n<meta property=\"article:publisher\" content=\"https:\/\/www.facebook.com\/profile.php?id=100089820235797\" \/>\n<meta property=\"article:modified_time\" content=\"2026-03-28T15:12:17+00:00\" \/>\n<meta property=\"og:image\" content=\"https:\/\/appleplug.ro\/wp-content\/uploads\/2025\/07\/Husa-iPhone-16-pret-ApplePlug-1-2.jpg\" \/>\n\t<meta property=\"og:image:width\" content=\"1000\" \/>\n\t<meta property=\"og:image:height\" content=\"1000\" \/>\n\t<meta property=\"og:image:type\" content=\"image\/jpeg\" \/>\n<meta name=\"twitter:card\" content=\"summary_large_image\" \/>\n<meta name=\"twitter:label1\" content=\"Becs\u00fclt olvas\u00e1si id\u0151\" \/>\n\t<meta name=\"twitter:data1\" content=\"1 perc\" \/>\n<script type=\"application\/ld+json\" class=\"yoast-schema-graph\">{\"@context\":\"https:\\\/\\\/schema.org\",\"@graph\":[{\"@type\":\"WebPage\",\"@id\":\"https:\\\/\\\/appleplug.ro\\\/product\\\/halofrost-magsafe-series-iphone-16-plus\\\/\",\"url\":\"https:\\\/\\\/appleplug.ro\\\/product\\\/halofrost-magsafe-series-iphone-16-plus\\\/\",\"name\":\"Hus\u0103 iPhone 16 Plus HaloFrost MagSafe Pink - Apple Plug\",\"isPartOf\":{\"@id\":\"https:\\\/\\\/appleplug.ro\\\/#website\"},\"primaryImageOfPage\":{\"@id\":\"https:\\\/\\\/appleplug.ro\\\/product\\\/halofrost-magsafe-series-iphone-16-plus\\\/#primaryimage\"},\"image\":{\"@id\":\"https:\\\/\\\/appleplug.ro\\\/product\\\/halofrost-magsafe-series-iphone-16-plus\\\/#primaryimage\"},\"thumbnailUrl\":\"https:\\\/\\\/i0.wp.com\\\/appleplug.ro\\\/wp-content\\\/uploads\\\/2025\\\/07\\\/Husa-iPhone-16-pret-ApplePlug-1-2.jpg?fit=1000%2C1000&ssl=1\",\"datePublished\":\"2025-07-18T14:16:05+00:00\",\"dateModified\":\"2026-03-28T15:12:17+00:00\",\"description\":\"Husa iPhone 16 Pro Max Karl Lagerfeld IML Rhinestones, transparent, Logo, KLHCP16XHKLSTDCT\",\"breadcrumb\":{\"@id\":\"https:\\\/\\\/appleplug.ro\\\/product\\\/halofrost-magsafe-series-iphone-16-plus\\\/#breadcrumb\"},\"inLanguage\":\"hu\",\"potentialAction\":[{\"@type\":\"ReadAction\",\"target\":[\"https:\\\/\\\/appleplug.ro\\\/product\\\/halofrost-magsafe-series-iphone-16-plus\\\/\"]}]},{\"@type\":\"ImageObject\",\"inLanguage\":\"hu\",\"@id\":\"https:\\\/\\\/appleplug.ro\\\/product\\\/halofrost-magsafe-series-iphone-16-plus\\\/#primaryimage\",\"url\":\"https:\\\/\\\/i0.wp.com\\\/appleplug.ro\\\/wp-content\\\/uploads\\\/2025\\\/07\\\/Husa-iPhone-16-pret-ApplePlug-1-2.jpg?fit=1000%2C1000&ssl=1\",\"contentUrl\":\"https:\\\/\\\/i0.wp.com\\\/appleplug.ro\\\/wp-content\\\/uploads\\\/2025\\\/07\\\/Husa-iPhone-16-pret-ApplePlug-1-2.jpg?fit=1000%2C1000&ssl=1\",\"width\":1000,\"height\":1000,\"caption\":\"Husa-iPhone-16-pret-ApplePlug-\"},{\"@type\":\"BreadcrumbList\",\"@id\":\"https:\\\/\\\/appleplug.ro\\\/product\\\/halofrost-magsafe-series-iphone-16-plus\\\/#breadcrumb\",\"itemListElement\":[{\"@type\":\"ListItem\",\"position\":1,\"name\":\"Acas\u0103\",\"item\":\"https:\\\/\\\/appleplug.ro\\\/\"},{\"@type\":\"ListItem\",\"position\":2,\"name\":\"Magazin\",\"item\":\"https:\\\/\\\/appleplug.ro\\\/magazin\\\/\"},{\"@type\":\"ListItem\",\"position\":3,\"name\":\"Hus\u0103 iPhone 16 Plus HaloFrost MagSafe Pink\"}]},{\"@type\":\"WebSite\",\"@id\":\"https:\\\/\\\/appleplug.ro\\\/#website\",\"url\":\"https:\\\/\\\/appleplug.ro\\\/\",\"name\":\"Apple Plug\",\"description\":\"Magazin online de telefoane second hand IPhone \u0219i accesorii\",\"publisher\":{\"@id\":\"https:\\\/\\\/appleplug.ro\\\/#organization\"},\"potentialAction\":[{\"@type\":\"SearchAction\",\"target\":{\"@type\":\"EntryPoint\",\"urlTemplate\":\"https:\\\/\\\/appleplug.ro\\\/?s={search_term_string}\"},\"query-input\":{\"@type\":\"PropertyValueSpecification\",\"valueRequired\":true,\"valueName\":\"search_term_string\"}}],\"inLanguage\":\"hu\"},{\"@type\":\"Organization\",\"@id\":\"https:\\\/\\\/appleplug.ro\\\/#organization\",\"name\":\"Apple Plug\",\"url\":\"https:\\\/\\\/appleplug.ro\\\/\",\"logo\":{\"@type\":\"ImageObject\",\"inLanguage\":\"hu\",\"@id\":\"https:\\\/\\\/appleplug.ro\\\/#\\\/schema\\\/logo\\\/image\\\/\",\"url\":\"https:\\\/\\\/i0.wp.com\\\/appleplug.ro\\\/wp-content\\\/uploads\\\/2024\\\/04\\\/cropped-White-logo-no-background.png?fit=3167%2C560&ssl=1\",\"contentUrl\":\"https:\\\/\\\/i0.wp.com\\\/appleplug.ro\\\/wp-content\\\/uploads\\\/2024\\\/04\\\/cropped-White-logo-no-background.png?fit=3167%2C560&ssl=1\",\"width\":3167,\"height\":560,\"caption\":\"Apple Plug\"},\"image\":{\"@id\":\"https:\\\/\\\/appleplug.ro\\\/#\\\/schema\\\/logo\\\/image\\\/\"},\"sameAs\":[\"https:\\\/\\\/www.facebook.com\\\/profile.php?id=100089820235797\",\"https:\\\/\\\/www.instagram.com\\\/appleplug_romania?igsh=MWJ1YTQ2bGdvZ2Uzag&utm_source=qr\"]}]}<\/script>\n<!-- \/ Yoast SEO plugin. -->","yoast_head_json":{"title":"Hus\u0103 iPhone 16 Plus HaloFrost MagSafe Pink - Apple Plug","description":"Husa iPhone 16 Pro Max Karl Lagerfeld IML Rhinestones, transparent, Logo, KLHCP16XHKLSTDCT","robots":{"index":"index","follow":"follow","max-snippet":"max-snippet:-1","max-image-preview":"max-image-preview:large","max-video-preview":"max-video-preview:-1"},"canonical":"https:\/\/appleplug.ro\/hu\/product\/halofrost-magsafe-series-iphone-16-plus\/","og_locale":"hu_HU","og_type":"article","og_title":"Hus\u0103 iPhone 16 Plus HaloFrost MagSafe Pink - Apple Plug","og_description":"Husa iPhone 16 Pro Max Karl Lagerfeld IML Rhinestones, transparent, Logo, KLHCP16XHKLSTDCT","og_url":"https:\/\/appleplug.ro\/hu\/product\/halofrost-magsafe-series-iphone-16-plus\/","og_site_name":"Apple Plug","article_publisher":"https:\/\/www.facebook.com\/profile.php?id=100089820235797","article_modified_time":"2026-03-28T15:12:17+00:00","og_image":[{"width":1000,"height":1000,"url":"https:\/\/appleplug.ro\/wp-content\/uploads\/2025\/07\/Husa-iPhone-16-pret-ApplePlug-1-2.jpg","type":"image\/jpeg"}],"twitter_card":"summary_large_image","twitter_misc":{"Becs\u00fclt olvas\u00e1si id\u0151":"1 perc"},"schema":{"@context":"https:\/\/schema.org","@graph":[{"@type":"WebPage","@id":"https:\/\/appleplug.ro\/product\/halofrost-magsafe-series-iphone-16-plus\/","url":"https:\/\/appleplug.ro\/product\/halofrost-magsafe-series-iphone-16-plus\/","name":"Hus\u0103 iPhone 16 Plus HaloFrost MagSafe Pink - Apple Plug","isPartOf":{"@id":"https:\/\/appleplug.ro\/#website"},"primaryImageOfPage":{"@id":"https:\/\/appleplug.ro\/product\/halofrost-magsafe-series-iphone-16-plus\/#primaryimage"},"image":{"@id":"https:\/\/appleplug.ro\/product\/halofrost-magsafe-series-iphone-16-plus\/#primaryimage"},"thumbnailUrl":"https:\/\/i0.wp.com\/appleplug.ro\/wp-content\/uploads\/2025\/07\/Husa-iPhone-16-pret-ApplePlug-1-2.jpg?fit=1000%2C1000&ssl=1","datePublished":"2025-07-18T14:16:05+00:00","dateModified":"2026-03-28T15:12:17+00:00","description":"Husa iPhone 16 Pro Max Karl Lagerfeld IML Rhinestones, transparent, Logo, KLHCP16XHKLSTDCT","breadcrumb":{"@id":"https:\/\/appleplug.ro\/product\/halofrost-magsafe-series-iphone-16-plus\/#breadcrumb"},"inLanguage":"hu","potentialAction":[{"@type":"ReadAction","target":["https:\/\/appleplug.ro\/product\/halofrost-magsafe-series-iphone-16-plus\/"]}]},{"@type":"ImageObject","inLanguage":"hu","@id":"https:\/\/appleplug.ro\/product\/halofrost-magsafe-series-iphone-16-plus\/#primaryimage","url":"https:\/\/i0.wp.com\/appleplug.ro\/wp-content\/uploads\/2025\/07\/Husa-iPhone-16-pret-ApplePlug-1-2.jpg?fit=1000%2C1000&ssl=1","contentUrl":"https:\/\/i0.wp.com\/appleplug.ro\/wp-content\/uploads\/2025\/07\/Husa-iPhone-16-pret-ApplePlug-1-2.jpg?fit=1000%2C1000&ssl=1","width":1000,"height":1000,"caption":"Husa-iPhone-16-pret-ApplePlug-"},{"@type":"BreadcrumbList","@id":"https:\/\/appleplug.ro\/product\/halofrost-magsafe-series-iphone-16-plus\/#breadcrumb","itemListElement":[{"@type":"ListItem","position":1,"name":"Acas\u0103","item":"https:\/\/appleplug.ro\/"},{"@type":"ListItem","position":2,"name":"Magazin","item":"https:\/\/appleplug.ro\/magazin\/"},{"@type":"ListItem","position":3,"name":"Hus\u0103 iPhone 16 Plus HaloFrost MagSafe Pink"}]},{"@type":"WebSite","@id":"https:\/\/appleplug.ro\/#website","url":"https:\/\/appleplug.ro\/","name":"Apple Plug","description":"Haszn\u00e1lt IPhone telefonok \u00e9s tartoz\u00e9kok online boltja","publisher":{"@id":"https:\/\/appleplug.ro\/#organization"},"potentialAction":[{"@type":"SearchAction","target":{"@type":"EntryPoint","urlTemplate":"https:\/\/appleplug.ro\/?s={search_term_string}"},"query-input":{"@type":"PropertyValueSpecification","valueRequired":true,"valueName":"search_term_string"}}],"inLanguage":"hu"},{"@type":"Organization","@id":"https:\/\/appleplug.ro\/#organization","name":"Apple Plug","url":"https:\/\/appleplug.ro\/","logo":{"@type":"ImageObject","inLanguage":"hu","@id":"https:\/\/appleplug.ro\/#\/schema\/logo\/image\/","url":"https:\/\/i0.wp.com\/appleplug.ro\/wp-content\/uploads\/2024\/04\/cropped-White-logo-no-background.png?fit=3167%2C560&ssl=1","contentUrl":"https:\/\/i0.wp.com\/appleplug.ro\/wp-content\/uploads\/2024\/04\/cropped-White-logo-no-background.png?fit=3167%2C560&ssl=1","width":3167,"height":560,"caption":"Apple Plug"},"image":{"@id":"https:\/\/appleplug.ro\/#\/schema\/logo\/image\/"},"sameAs":["https:\/\/www.facebook.com\/profile.php?id=100089820235797","https:\/\/www.instagram.com\/appleplug_romania?igsh=MWJ1YTQ2bGdvZ2Uzag&utm_source=qr"]}]}},"jetpack_sharing_enabled":true,"_links":{"self":[{"href":"https:\/\/appleplug.ro\/hu\/wp-json\/wp\/v2\/product\/27030","targetHints":{"allow":["GET"]}}],"collection":[{"href":"https:\/\/appleplug.ro\/hu\/wp-json\/wp\/v2\/product"}],"about":[{"href":"https:\/\/appleplug.ro\/hu\/wp-json\/wp\/v2\/types\/product"}],"replies":[{"embeddable":true,"href":"https:\/\/appleplug.ro\/hu\/wp-json\/wp\/v2\/comments?post=27030"}],"wp:featuredmedia":[{"embeddable":true,"href":"https:\/\/appleplug.ro\/hu\/wp-json\/wp\/v2\/media\/27029"}],"wp:attachment":[{"href":"https:\/\/appleplug.ro\/hu\/wp-json\/wp\/v2\/media?parent=27030"}],"wp:term":[{"taxonomy":"product_brand","embeddable":true,"href":"https:\/\/appleplug.ro\/hu\/wp-json\/wp\/v2\/product_brand?post=27030"},{"taxonomy":"product_cat","embeddable":true,"href":"https:\/\/appleplug.ro\/hu\/wp-json\/wp\/v2\/product_cat?post=27030"},{"taxonomy":"product_tag","embeddable":true,"href":"https:\/\/appleplug.ro\/hu\/wp-json\/wp\/v2\/product_tag?post=27030"}],"curies":[{"name":"wp","href":"https:\/\/api.w.org\/{rel}","templated":true}]}}