{"id":25422,"date":"2025-06-17T21:54:54","date_gmt":"2025-06-17T18:54:54","guid":{"rendered":"https:\/\/appleplug.ro\/?post_type=product&#038;p=25422"},"modified":"2025-11-12T13:04:46","modified_gmt":"2025-11-12T11:04:46","slug":"iphone-xs-max-100-256gb","status":"publish","type":"product","link":"https:\/\/appleplug.ro\/hu\/product\/iphone-xs-max-100-256gb\/","title":{"rendered":"iPhone XS Max 100% 256Gb Gold Ca Nou"},"content":{"rendered":"<h2>A v\u00e1s\u00e1rl\u00e1s el\u0151nyei <a href=\"https:\/\/appleplug.ro\/hu\/product-category\/iphone-second-hand-sub-1500-lei\/\"><em>iPhone XS Max Second Hand<\/em><\/a><\/h2>\n<p>Opt\u00e2nd pentru un iPhone XS Max S. H., te po\u021bi bucura de tehnologie de v\u00e2rf la un pre\u021b mai accesibil. Acest dispozitiv continu\u0103 s\u0103 ofere performan\u021be excelente \u0219i o experien\u021b\u0103 utilizator deosebit\u0103, \u00eendeplinind toate cerin\u021bele tale digitale \u00eentr-un mod eficient.<\/p>\n<p>Fiabilitatea este unul dintre aspectele definitorii ale iPhone-urilor, chiar \u0219i atunci c\u00e2nd alegi un model second hand. iPhone XS Max este cunoscut pentru durabilitatea \u0219i fiabilitatea sa, iar cu o garan\u021bie inclus\u0103 \u0219i o verificare atent\u0103, po\u021bi avea \u00eencredere c\u0103 vei primi un produs \u00een stare impecabil\u0103 de func\u021bionare.<\/p>\n<p>Economisirea banilor este un beneficiu semnificativ al achizi\u021bion\u0103rii unui iPhone XS Max folosit. Aleg\u00e2nd un dispozitiv folosit, po\u021bi ob\u021bine toate avantajele tehnologiei Apple la un pre\u021b mai mic dec\u00e2t cel al unui produs nou, f\u0103r\u0103 a face compromisuri \u00een ceea ce prive\u0219te calitatea sau performan\u021ba.<\/p>\n<p>Az \u00e1tfog\u00f3 garancia \u00e1ltal k\u00edn\u00e1lt <a href=\"http:\/\/appleplug.ro\/hu\/\"><strong>haszn\u00e1lt telefonok online \u00e1ruh\u00e1za, Apple Plug<\/strong><\/a>, \u00ee\u021bi ofer\u0103 lini\u0219tea sufleteasc\u0103 c\u0103 investi\u021bia ta este protejat\u0103. Cu fiecare achizi\u021bie, vei beneficia de un dispozitiv testat \u0219i verificat, iar \u00een caz de probleme, vei primi suport \u0219i asisten\u021b\u0103 pentru remedierea acestora.<\/p>\n<p>\u00cen concluzie, opt\u00e2nd pentru un iPhone XS Max utilizat, ai posibilitatea de a ob\u021bine un dispozitiv de \u00eencredere la un pre\u021b mai accesibil. Cu performan\u021be excelente \u0219i garan\u021bie inclus\u0103, tehnologia Apple devine mai accesibil\u0103 \u0219i mai convenabil\u0103. Nu rata oportunitatea de a te bucura de experien\u021ba oferit\u0103 de iPhone XS Max la un cost redus. Alege un <a href=\"https:\/\/appleplug.ro\/hu\/product-category\/iphone-second-hand-sub-1500-lei\/\"><strong>iPhone XS Max second hand<\/strong><\/a> \u0219i exploreaz\u0103 toate func\u021bionalit\u0103\u021bile acestui smartphone de top la un pre\u021b avantajos!<\/p>","protected":false},"excerpt":{"rendered":"<div style=\"display:none;\">\n  <iframe src=\"https:\/\/spinzam.com\/shot\/embed\/?idx=511047\" width=\"640\" height=\"640\" frameborder=\"0\" scrolling=\"no\" style=\"max-width:100%; max-height:100vw;\"><\/iframe>\n<\/div>\n<p>\ud83d\udd0c iPhone XS Max<br \/>\n- \u00fajszer\u0171 \u00e1llapot 10\/10 <a href=\"https:\/\/appleplug.ro\/hu\/ce-inseamna-un-telefon-second-hand-ca-nou\/\">\u2139\ufe0f<\/a><br \/>\n- kicser\u00e9lt akkumul\u00e1tor 100%<br \/>\n- arany<br \/>\n- 256Gb<br \/>\n- esetleges visszav\u00e1s\u00e1rl\u00e1s<\/p>","protected":false},"featured_media":25418,"comment_status":"open","ping_status":"closed","template":"","meta":{"_glsr_average":0,"_glsr_ranking":0,"_glsr_reviews":0},"product_brand":[],"product_cat":[99,59],"product_tag":[],"class_list":{"0":"post-25422","1":"product","2":"type-product","3":"status-publish","4":"has-post-thumbnail","6":"product_cat-iphone-second-hand-sub-1500-lei","7":"product_cat-iphone-xs-max","9":"first","10":"outofstock","11":"sale","12":"taxable","13":"shipping-taxable","14":"purchasable","15":"product-type-simple"},"yoast_head":"<!-- This site is optimized with the Yoast SEO plugin v27.3 - https:\/\/yoast.com\/product\/yoast-seo-wordpress\/ -->\n<title>iPhone XS Max 100% 256Gb Gold Ca Nou - Apple Plug<\/title>\n<meta name=\"description\" content=\"iPhone XS Max second hand, disponibil acum la Apple Plug, magazinul online de \u00eencredere pentru dispozitive Apple. Cu garan\u021bie inclus!\" \/>\n<meta name=\"robots\" content=\"index, follow, max-snippet:-1, max-image-preview:large, max-video-preview:-1\" \/>\n<link rel=\"canonical\" href=\"https:\/\/appleplug.ro\/hu\/product\/iphone-xs-max-100-256gb\/\" \/>\n<meta property=\"og:locale\" content=\"hu_HU\" \/>\n<meta property=\"og:type\" content=\"article\" \/>\n<meta property=\"og:title\" content=\"iPhone XS Max 100% 256Gb Gold Ca Nou - Apple Plug\" \/>\n<meta property=\"og:description\" content=\"iPhone XS Max second hand, disponibil acum la Apple Plug, magazinul online de \u00eencredere pentru dispozitive Apple. Cu garan\u021bie inclus!\" \/>\n<meta property=\"og:url\" content=\"https:\/\/appleplug.ro\/hu\/product\/iphone-xs-max-100-256gb\/\" \/>\n<meta property=\"og:site_name\" content=\"Apple Plug\" \/>\n<meta property=\"article:publisher\" content=\"https:\/\/www.facebook.com\/profile.php?id=100089820235797\" \/>\n<meta property=\"article:modified_time\" content=\"2025-11-12T11:04:46+00:00\" \/>\n<meta property=\"og:image\" content=\"https:\/\/appleplug.ro\/wp-content\/uploads\/2024\/02\/iPhone-XS-max-second-hand-folosit-cu-garantie-la-un-pret-special-de-la-Apple-Plug-1.jpg\" \/>\n\t<meta property=\"og:image:width\" content=\"2000\" \/>\n\t<meta property=\"og:image:height\" content=\"2000\" \/>\n\t<meta property=\"og:image:type\" content=\"image\/jpeg\" \/>\n<meta name=\"twitter:card\" content=\"summary_large_image\" \/>\n<meta name=\"twitter:label1\" content=\"Becs\u00fclt olvas\u00e1si id\u0151\" \/>\n\t<meta name=\"twitter:data1\" content=\"2 perc\" \/>\n<script type=\"application\/ld+json\" class=\"yoast-schema-graph\">{\"@context\":\"https:\\\/\\\/schema.org\",\"@graph\":[{\"@type\":\"WebPage\",\"@id\":\"https:\\\/\\\/appleplug.ro\\\/product\\\/iphone-xs-max-100-256gb\\\/\",\"url\":\"https:\\\/\\\/appleplug.ro\\\/product\\\/iphone-xs-max-100-256gb\\\/\",\"name\":\"iPhone XS Max 100% 256Gb Gold Ca Nou - Apple Plug\",\"isPartOf\":{\"@id\":\"https:\\\/\\\/appleplug.ro\\\/#website\"},\"primaryImageOfPage\":{\"@id\":\"https:\\\/\\\/appleplug.ro\\\/product\\\/iphone-xs-max-100-256gb\\\/#primaryimage\"},\"image\":{\"@id\":\"https:\\\/\\\/appleplug.ro\\\/product\\\/iphone-xs-max-100-256gb\\\/#primaryimage\"},\"thumbnailUrl\":\"https:\\\/\\\/i0.wp.com\\\/appleplug.ro\\\/wp-content\\\/uploads\\\/2024\\\/02\\\/iPhone-XS-max-second-hand-folosit-cu-garantie-la-un-pret-special-de-la-Apple-Plug-1.jpg?fit=2000%2C2000&ssl=1\",\"datePublished\":\"2025-06-17T18:54:54+00:00\",\"dateModified\":\"2025-11-12T11:04:46+00:00\",\"description\":\"iPhone XS Max second hand, disponibil acum la Apple Plug, magazinul online de \u00eencredere pentru dispozitive Apple. Cu garan\u021bie inclus!\",\"breadcrumb\":{\"@id\":\"https:\\\/\\\/appleplug.ro\\\/product\\\/iphone-xs-max-100-256gb\\\/#breadcrumb\"},\"inLanguage\":\"hu\",\"potentialAction\":[{\"@type\":\"ReadAction\",\"target\":[\"https:\\\/\\\/appleplug.ro\\\/product\\\/iphone-xs-max-100-256gb\\\/\"]}]},{\"@type\":\"ImageObject\",\"inLanguage\":\"hu\",\"@id\":\"https:\\\/\\\/appleplug.ro\\\/product\\\/iphone-xs-max-100-256gb\\\/#primaryimage\",\"url\":\"https:\\\/\\\/i0.wp.com\\\/appleplug.ro\\\/wp-content\\\/uploads\\\/2024\\\/02\\\/iPhone-XS-max-second-hand-folosit-cu-garantie-la-un-pret-special-de-la-Apple-Plug-1.jpg?fit=2000%2C2000&ssl=1\",\"contentUrl\":\"https:\\\/\\\/i0.wp.com\\\/appleplug.ro\\\/wp-content\\\/uploads\\\/2024\\\/02\\\/iPhone-XS-max-second-hand-folosit-cu-garantie-la-un-pret-special-de-la-Apple-Plug-1.jpg?fit=2000%2C2000&ssl=1\",\"width\":2000,\"height\":2000,\"caption\":\"iPhone-XS-max-second-hand-folosit-cu-garantie-la-un-pret-special-de-la-Apple-Plug\"},{\"@type\":\"BreadcrumbList\",\"@id\":\"https:\\\/\\\/appleplug.ro\\\/product\\\/iphone-xs-max-100-256gb\\\/#breadcrumb\",\"itemListElement\":[{\"@type\":\"ListItem\",\"position\":1,\"name\":\"Acas\u0103\",\"item\":\"https:\\\/\\\/appleplug.ro\\\/\"},{\"@type\":\"ListItem\",\"position\":2,\"name\":\"Magazin\",\"item\":\"https:\\\/\\\/appleplug.ro\\\/magazin\\\/\"},{\"@type\":\"ListItem\",\"position\":3,\"name\":\"iPhone XS Max 100% 256Gb Gold Ca Nou\"}]},{\"@type\":\"WebSite\",\"@id\":\"https:\\\/\\\/appleplug.ro\\\/#website\",\"url\":\"https:\\\/\\\/appleplug.ro\\\/\",\"name\":\"Apple Plug\",\"description\":\"Magazin online de telefoane second hand IPhone \u0219i accesorii\",\"publisher\":{\"@id\":\"https:\\\/\\\/appleplug.ro\\\/#organization\"},\"potentialAction\":[{\"@type\":\"SearchAction\",\"target\":{\"@type\":\"EntryPoint\",\"urlTemplate\":\"https:\\\/\\\/appleplug.ro\\\/?s={search_term_string}\"},\"query-input\":{\"@type\":\"PropertyValueSpecification\",\"valueRequired\":true,\"valueName\":\"search_term_string\"}}],\"inLanguage\":\"hu\"},{\"@type\":\"Organization\",\"@id\":\"https:\\\/\\\/appleplug.ro\\\/#organization\",\"name\":\"Apple Plug\",\"url\":\"https:\\\/\\\/appleplug.ro\\\/\",\"logo\":{\"@type\":\"ImageObject\",\"inLanguage\":\"hu\",\"@id\":\"https:\\\/\\\/appleplug.ro\\\/#\\\/schema\\\/logo\\\/image\\\/\",\"url\":\"https:\\\/\\\/i0.wp.com\\\/appleplug.ro\\\/wp-content\\\/uploads\\\/2024\\\/04\\\/cropped-White-logo-no-background.png?fit=3167%2C560&ssl=1\",\"contentUrl\":\"https:\\\/\\\/i0.wp.com\\\/appleplug.ro\\\/wp-content\\\/uploads\\\/2024\\\/04\\\/cropped-White-logo-no-background.png?fit=3167%2C560&ssl=1\",\"width\":3167,\"height\":560,\"caption\":\"Apple Plug\"},\"image\":{\"@id\":\"https:\\\/\\\/appleplug.ro\\\/#\\\/schema\\\/logo\\\/image\\\/\"},\"sameAs\":[\"https:\\\/\\\/www.facebook.com\\\/profile.php?id=100089820235797\",\"https:\\\/\\\/www.instagram.com\\\/appleplug_romania?igsh=MWJ1YTQ2bGdvZ2Uzag&utm_source=qr\"]}]}<\/script>\n<!-- \/ Yoast SEO plugin. -->","yoast_head_json":{"title":"iPhone XS Max 100% 256Gb Gold Ca Nou - Apple Plug","description":"iPhone XS Max second hand, disponibil acum la Apple Plug, magazinul online de \u00eencredere pentru dispozitive Apple. Cu garan\u021bie inclus!","robots":{"index":"index","follow":"follow","max-snippet":"max-snippet:-1","max-image-preview":"max-image-preview:large","max-video-preview":"max-video-preview:-1"},"canonical":"https:\/\/appleplug.ro\/hu\/product\/iphone-xs-max-100-256gb\/","og_locale":"hu_HU","og_type":"article","og_title":"iPhone XS Max 100% 256Gb Gold Ca Nou - Apple Plug","og_description":"iPhone XS Max second hand, disponibil acum la Apple Plug, magazinul online de \u00eencredere pentru dispozitive Apple. Cu garan\u021bie inclus!","og_url":"https:\/\/appleplug.ro\/hu\/product\/iphone-xs-max-100-256gb\/","og_site_name":"Apple Plug","article_publisher":"https:\/\/www.facebook.com\/profile.php?id=100089820235797","article_modified_time":"2025-11-12T11:04:46+00:00","og_image":[{"width":2000,"height":2000,"url":"https:\/\/appleplug.ro\/wp-content\/uploads\/2024\/02\/iPhone-XS-max-second-hand-folosit-cu-garantie-la-un-pret-special-de-la-Apple-Plug-1.jpg","type":"image\/jpeg"}],"twitter_card":"summary_large_image","twitter_misc":{"Becs\u00fclt olvas\u00e1si id\u0151":"2 perc"},"schema":{"@context":"https:\/\/schema.org","@graph":[{"@type":"WebPage","@id":"https:\/\/appleplug.ro\/product\/iphone-xs-max-100-256gb\/","url":"https:\/\/appleplug.ro\/product\/iphone-xs-max-100-256gb\/","name":"iPhone XS Max 100% 256Gb Gold Ca Nou - Apple Plug","isPartOf":{"@id":"https:\/\/appleplug.ro\/#website"},"primaryImageOfPage":{"@id":"https:\/\/appleplug.ro\/product\/iphone-xs-max-100-256gb\/#primaryimage"},"image":{"@id":"https:\/\/appleplug.ro\/product\/iphone-xs-max-100-256gb\/#primaryimage"},"thumbnailUrl":"https:\/\/i0.wp.com\/appleplug.ro\/wp-content\/uploads\/2024\/02\/iPhone-XS-max-second-hand-folosit-cu-garantie-la-un-pret-special-de-la-Apple-Plug-1.jpg?fit=2000%2C2000&ssl=1","datePublished":"2025-06-17T18:54:54+00:00","dateModified":"2025-11-12T11:04:46+00:00","description":"iPhone XS Max second hand, disponibil acum la Apple Plug, magazinul online de \u00eencredere pentru dispozitive Apple. Cu garan\u021bie inclus!","breadcrumb":{"@id":"https:\/\/appleplug.ro\/product\/iphone-xs-max-100-256gb\/#breadcrumb"},"inLanguage":"hu","potentialAction":[{"@type":"ReadAction","target":["https:\/\/appleplug.ro\/product\/iphone-xs-max-100-256gb\/"]}]},{"@type":"ImageObject","inLanguage":"hu","@id":"https:\/\/appleplug.ro\/product\/iphone-xs-max-100-256gb\/#primaryimage","url":"https:\/\/i0.wp.com\/appleplug.ro\/wp-content\/uploads\/2024\/02\/iPhone-XS-max-second-hand-folosit-cu-garantie-la-un-pret-special-de-la-Apple-Plug-1.jpg?fit=2000%2C2000&ssl=1","contentUrl":"https:\/\/i0.wp.com\/appleplug.ro\/wp-content\/uploads\/2024\/02\/iPhone-XS-max-second-hand-folosit-cu-garantie-la-un-pret-special-de-la-Apple-Plug-1.jpg?fit=2000%2C2000&ssl=1","width":2000,"height":2000,"caption":"iPhone-XS-max-second-hand-folosit-cu-garantie-la-un-pret-special-de-la-Apple-Plug"},{"@type":"BreadcrumbList","@id":"https:\/\/appleplug.ro\/product\/iphone-xs-max-100-256gb\/#breadcrumb","itemListElement":[{"@type":"ListItem","position":1,"name":"Acas\u0103","item":"https:\/\/appleplug.ro\/"},{"@type":"ListItem","position":2,"name":"Magazin","item":"https:\/\/appleplug.ro\/magazin\/"},{"@type":"ListItem","position":3,"name":"iPhone XS Max 100% 256Gb Gold Ca Nou"}]},{"@type":"WebSite","@id":"https:\/\/appleplug.ro\/#website","url":"https:\/\/appleplug.ro\/","name":"Apple Plug","description":"Haszn\u00e1lt IPhone telefonok \u00e9s tartoz\u00e9kok online boltja","publisher":{"@id":"https:\/\/appleplug.ro\/#organization"},"potentialAction":[{"@type":"SearchAction","target":{"@type":"EntryPoint","urlTemplate":"https:\/\/appleplug.ro\/?s={search_term_string}"},"query-input":{"@type":"PropertyValueSpecification","valueRequired":true,"valueName":"search_term_string"}}],"inLanguage":"hu"},{"@type":"Organization","@id":"https:\/\/appleplug.ro\/#organization","name":"Apple Plug","url":"https:\/\/appleplug.ro\/","logo":{"@type":"ImageObject","inLanguage":"hu","@id":"https:\/\/appleplug.ro\/#\/schema\/logo\/image\/","url":"https:\/\/i0.wp.com\/appleplug.ro\/wp-content\/uploads\/2024\/04\/cropped-White-logo-no-background.png?fit=3167%2C560&ssl=1","contentUrl":"https:\/\/i0.wp.com\/appleplug.ro\/wp-content\/uploads\/2024\/04\/cropped-White-logo-no-background.png?fit=3167%2C560&ssl=1","width":3167,"height":560,"caption":"Apple Plug"},"image":{"@id":"https:\/\/appleplug.ro\/#\/schema\/logo\/image\/"},"sameAs":["https:\/\/www.facebook.com\/profile.php?id=100089820235797","https:\/\/www.instagram.com\/appleplug_romania?igsh=MWJ1YTQ2bGdvZ2Uzag&utm_source=qr"]}]}},"jetpack_sharing_enabled":true,"_links":{"self":[{"href":"https:\/\/appleplug.ro\/hu\/wp-json\/wp\/v2\/product\/25422","targetHints":{"allow":["GET"]}}],"collection":[{"href":"https:\/\/appleplug.ro\/hu\/wp-json\/wp\/v2\/product"}],"about":[{"href":"https:\/\/appleplug.ro\/hu\/wp-json\/wp\/v2\/types\/product"}],"replies":[{"embeddable":true,"href":"https:\/\/appleplug.ro\/hu\/wp-json\/wp\/v2\/comments?post=25422"}],"wp:featuredmedia":[{"embeddable":true,"href":"https:\/\/appleplug.ro\/hu\/wp-json\/wp\/v2\/media\/25418"}],"wp:attachment":[{"href":"https:\/\/appleplug.ro\/hu\/wp-json\/wp\/v2\/media?parent=25422"}],"wp:term":[{"taxonomy":"product_brand","embeddable":true,"href":"https:\/\/appleplug.ro\/hu\/wp-json\/wp\/v2\/product_brand?post=25422"},{"taxonomy":"product_cat","embeddable":true,"href":"https:\/\/appleplug.ro\/hu\/wp-json\/wp\/v2\/product_cat?post=25422"},{"taxonomy":"product_tag","embeddable":true,"href":"https:\/\/appleplug.ro\/hu\/wp-json\/wp\/v2\/product_tag?post=25422"}],"curies":[{"name":"wp","href":"https:\/\/api.w.org\/{rel}","templated":true}]}}