{"id":24912,"date":"2025-06-11T23:41:16","date_gmt":"2025-06-11T20:41:16","guid":{"rendered":"https:\/\/appleplug.ro\/?post_type=product&#038;p=24912"},"modified":"2025-07-29T12:02:01","modified_gmt":"2025-07-29T09:02:01","slug":"husa-iphone-13-negru-magsafe","status":"publish","type":"product","link":"https:\/\/appleplug.ro\/hu\/product\/husa-iphone-13-negru-magsafe\/","title":{"rendered":"Husa MagSafe Pentru Apple iPhone 13 Full Cover Frosted Acrylic Color Big Hole Magnetica Incarcare Wireless Negru"},"content":{"rendered":"","protected":false},"excerpt":{"rendered":"<p>Conceputa special pentru iPhone, husa Electroplating cu MagSafe ofera o modalitate incantatoare de a-ti proteja dispozitivul.<\/p>\n<p>Material:<br \/>\nMaterial Electroplating, pentru o protectie extra a telefonului<br \/>\nPolicarbonat rezistent si protector pentru socuri sau alte accidente<br \/>\nSubtire, astfel incat nu adauga la greutatea dispozitivului<\/p>\n<p>Caracteristici:<\/p>\n<p>Rezistenta la zgarieturi<\/p>\n<p>Antishock<\/p>\n<p>Rezistenta la praf<\/p>\n<p>Anti-alunecare<\/p>\n<p>Design estetic si confortabil pentru mana<\/p>\n<p>Sustinere magnetica<\/p>\n<p>Incarcare rapida<\/p>\n<p>Compatibilitate cu incarcare wireless<\/p>\n<p>Decupaje precise pentru modelul de telefon, fara a incarca vizual<\/p>\n<p>Multumita magnetilor integrati care se aliniaza perfect cu  iPhone 13 , aceasta husa ofera o experienta de atasare magica si incarcare wireless mai rapida, de fiecare data.<\/p>\n<p>Husa permite astfel sa iti lasi telefonul pe orice suport magnetic, fara grija alunecarii.<\/p>\n<p>Cand vine momentul incarcarii, lasa iPhone-ul in husa si cupleaza incarcatorul MagSafe sau aseaza-le pe un incarcator certificat Qi.<\/p>","protected":false},"featured_media":24917,"comment_status":"open","ping_status":"closed","template":"","meta":{"_glsr_average":0,"_glsr_ranking":0,"_glsr_reviews":0},"product_brand":[],"product_cat":[77,321,312],"product_tag":[],"class_list":{"0":"post-24912","1":"product","2":"type-product","3":"status-publish","4":"has-post-thumbnail","6":"product_cat-accesorii","7":"product_cat-husa-iphone-13","8":"product_cat-huse","10":"first","11":"instock","12":"taxable","13":"shipping-taxable","14":"purchasable","15":"product-type-simple"},"yoast_head":"<!-- This site is optimized with the Yoast SEO plugin v27.3 - https:\/\/yoast.com\/product\/yoast-seo-wordpress\/ -->\n<title>Husa MagSafe Pentru Apple iPhone 13 Full Cover Frosted Acrylic Color Big Hole Magnetica Incarcare Wireless Negru - Apple Plug<\/title>\n<meta name=\"description\" content=\"Husa iPhone 16 Pro Max Karl Lagerfeld IML Rhinestones, transparent, Logo, KLHCP16XHKLSTDCT\" \/>\n<meta name=\"robots\" content=\"index, follow, max-snippet:-1, max-image-preview:large, max-video-preview:-1\" \/>\n<link rel=\"canonical\" href=\"https:\/\/appleplug.ro\/hu\/product\/husa-iphone-13-negru-magsafe\/\" \/>\n<meta property=\"og:locale\" content=\"hu_HU\" \/>\n<meta property=\"og:type\" content=\"article\" \/>\n<meta property=\"og:title\" content=\"Husa MagSafe Pentru Apple iPhone 13 Full Cover Frosted Acrylic Color Big Hole Magnetica Incarcare Wireless Negru - Apple Plug\" \/>\n<meta property=\"og:description\" content=\"Husa iPhone 16 Pro Max Karl Lagerfeld IML Rhinestones, transparent, Logo, KLHCP16XHKLSTDCT\" \/>\n<meta property=\"og:url\" content=\"https:\/\/appleplug.ro\/hu\/product\/husa-iphone-13-negru-magsafe\/\" \/>\n<meta property=\"og:site_name\" content=\"Apple Plug\" \/>\n<meta property=\"article:publisher\" content=\"https:\/\/www.facebook.com\/profile.php?id=100089820235797\" \/>\n<meta property=\"article:modified_time\" content=\"2025-07-29T09:02:01+00:00\" \/>\n<meta property=\"og:image\" content=\"https:\/\/appleplug.ro\/wp-content\/uploads\/2025\/06\/husa-magsafe-pentru-apple-iphone-13-full-cover-frosted-acrylic-color-big-hole-magnetica-incarcare-wireless-flippy-negru-main-63762290bdc48.jpg\" \/>\n\t<meta property=\"og:image:width\" content=\"2000\" \/>\n\t<meta property=\"og:image:height\" content=\"2000\" \/>\n\t<meta property=\"og:image:type\" content=\"image\/jpeg\" \/>\n<meta name=\"twitter:card\" content=\"summary_large_image\" \/>\n<meta name=\"twitter:label1\" content=\"Becs\u00fclt olvas\u00e1si id\u0151\" \/>\n\t<meta name=\"twitter:data1\" content=\"1 perc\" \/>\n<script type=\"application\/ld+json\" class=\"yoast-schema-graph\">{\"@context\":\"https:\\\/\\\/schema.org\",\"@graph\":[{\"@type\":\"WebPage\",\"@id\":\"https:\\\/\\\/appleplug.ro\\\/product\\\/husa-iphone-13-negru-magsafe\\\/\",\"url\":\"https:\\\/\\\/appleplug.ro\\\/product\\\/husa-iphone-13-negru-magsafe\\\/\",\"name\":\"Husa MagSafe Pentru Apple iPhone 13 Full Cover Frosted Acrylic Color Big Hole Magnetica Incarcare Wireless Negru - Apple Plug\",\"isPartOf\":{\"@id\":\"https:\\\/\\\/appleplug.ro\\\/#website\"},\"primaryImageOfPage\":{\"@id\":\"https:\\\/\\\/appleplug.ro\\\/product\\\/husa-iphone-13-negru-magsafe\\\/#primaryimage\"},\"image\":{\"@id\":\"https:\\\/\\\/appleplug.ro\\\/product\\\/husa-iphone-13-negru-magsafe\\\/#primaryimage\"},\"thumbnailUrl\":\"https:\\\/\\\/i0.wp.com\\\/appleplug.ro\\\/wp-content\\\/uploads\\\/2025\\\/06\\\/husa-magsafe-pentru-apple-iphone-13-full-cover-frosted-acrylic-color-big-hole-magnetica-incarcare-wireless-flippy-negru-main-63762290bdc48.jpg?fit=2000%2C2000&ssl=1\",\"datePublished\":\"2025-06-11T20:41:16+00:00\",\"dateModified\":\"2025-07-29T09:02:01+00:00\",\"description\":\"Husa iPhone 16 Pro Max Karl Lagerfeld IML Rhinestones, transparent, Logo, KLHCP16XHKLSTDCT\",\"breadcrumb\":{\"@id\":\"https:\\\/\\\/appleplug.ro\\\/product\\\/husa-iphone-13-negru-magsafe\\\/#breadcrumb\"},\"inLanguage\":\"hu\",\"potentialAction\":[{\"@type\":\"ReadAction\",\"target\":[\"https:\\\/\\\/appleplug.ro\\\/product\\\/husa-iphone-13-negru-magsafe\\\/\"]}]},{\"@type\":\"ImageObject\",\"inLanguage\":\"hu\",\"@id\":\"https:\\\/\\\/appleplug.ro\\\/product\\\/husa-iphone-13-negru-magsafe\\\/#primaryimage\",\"url\":\"https:\\\/\\\/i0.wp.com\\\/appleplug.ro\\\/wp-content\\\/uploads\\\/2025\\\/06\\\/husa-magsafe-pentru-apple-iphone-13-full-cover-frosted-acrylic-color-big-hole-magnetica-incarcare-wireless-flippy-negru-main-63762290bdc48.jpg?fit=2000%2C2000&ssl=1\",\"contentUrl\":\"https:\\\/\\\/i0.wp.com\\\/appleplug.ro\\\/wp-content\\\/uploads\\\/2025\\\/06\\\/husa-magsafe-pentru-apple-iphone-13-full-cover-frosted-acrylic-color-big-hole-magnetica-incarcare-wireless-flippy-negru-main-63762290bdc48.jpg?fit=2000%2C2000&ssl=1\",\"width\":2000,\"height\":2000,\"caption\":\"husa-magsafe-pentru-apple-iphone-13-full-cover-frosted-acrylic-color-big-hole-magnetica-incarcare-wireless-negru-main\"},{\"@type\":\"BreadcrumbList\",\"@id\":\"https:\\\/\\\/appleplug.ro\\\/product\\\/husa-iphone-13-negru-magsafe\\\/#breadcrumb\",\"itemListElement\":[{\"@type\":\"ListItem\",\"position\":1,\"name\":\"Acas\u0103\",\"item\":\"https:\\\/\\\/appleplug.ro\\\/\"},{\"@type\":\"ListItem\",\"position\":2,\"name\":\"Magazin\",\"item\":\"https:\\\/\\\/appleplug.ro\\\/magazin\\\/\"},{\"@type\":\"ListItem\",\"position\":3,\"name\":\"Husa MagSafe Pentru Apple iPhone 13 Full Cover Frosted Acrylic Color Big Hole Magnetica Incarcare Wireless Negru\"}]},{\"@type\":\"WebSite\",\"@id\":\"https:\\\/\\\/appleplug.ro\\\/#website\",\"url\":\"https:\\\/\\\/appleplug.ro\\\/\",\"name\":\"Apple Plug\",\"description\":\"Magazin online de telefoane second hand IPhone \u0219i accesorii\",\"publisher\":{\"@id\":\"https:\\\/\\\/appleplug.ro\\\/#organization\"},\"potentialAction\":[{\"@type\":\"SearchAction\",\"target\":{\"@type\":\"EntryPoint\",\"urlTemplate\":\"https:\\\/\\\/appleplug.ro\\\/?s={search_term_string}\"},\"query-input\":{\"@type\":\"PropertyValueSpecification\",\"valueRequired\":true,\"valueName\":\"search_term_string\"}}],\"inLanguage\":\"hu\"},{\"@type\":\"Organization\",\"@id\":\"https:\\\/\\\/appleplug.ro\\\/#organization\",\"name\":\"Apple Plug\",\"url\":\"https:\\\/\\\/appleplug.ro\\\/\",\"logo\":{\"@type\":\"ImageObject\",\"inLanguage\":\"hu\",\"@id\":\"https:\\\/\\\/appleplug.ro\\\/#\\\/schema\\\/logo\\\/image\\\/\",\"url\":\"https:\\\/\\\/i0.wp.com\\\/appleplug.ro\\\/wp-content\\\/uploads\\\/2024\\\/04\\\/cropped-White-logo-no-background.png?fit=3167%2C560&ssl=1\",\"contentUrl\":\"https:\\\/\\\/i0.wp.com\\\/appleplug.ro\\\/wp-content\\\/uploads\\\/2024\\\/04\\\/cropped-White-logo-no-background.png?fit=3167%2C560&ssl=1\",\"width\":3167,\"height\":560,\"caption\":\"Apple Plug\"},\"image\":{\"@id\":\"https:\\\/\\\/appleplug.ro\\\/#\\\/schema\\\/logo\\\/image\\\/\"},\"sameAs\":[\"https:\\\/\\\/www.facebook.com\\\/profile.php?id=100089820235797\",\"https:\\\/\\\/www.instagram.com\\\/appleplug_romania?igsh=MWJ1YTQ2bGdvZ2Uzag&utm_source=qr\"]}]}<\/script>\n<!-- \/ Yoast SEO plugin. -->","yoast_head_json":{"title":"Husa MagSafe Pentru Apple iPhone 13 Full Cover Frosted Acrylic Color Big Hole Magnetica Incarcare Wireless Negru - Apple Plug","description":"Husa iPhone 16 Pro Max Karl Lagerfeld IML Rhinestones, transparent, Logo, KLHCP16XHKLSTDCT","robots":{"index":"index","follow":"follow","max-snippet":"max-snippet:-1","max-image-preview":"max-image-preview:large","max-video-preview":"max-video-preview:-1"},"canonical":"https:\/\/appleplug.ro\/hu\/product\/husa-iphone-13-negru-magsafe\/","og_locale":"hu_HU","og_type":"article","og_title":"Husa MagSafe Pentru Apple iPhone 13 Full Cover Frosted Acrylic Color Big Hole Magnetica Incarcare Wireless Negru - Apple Plug","og_description":"Husa iPhone 16 Pro Max Karl Lagerfeld IML Rhinestones, transparent, Logo, KLHCP16XHKLSTDCT","og_url":"https:\/\/appleplug.ro\/hu\/product\/husa-iphone-13-negru-magsafe\/","og_site_name":"Apple Plug","article_publisher":"https:\/\/www.facebook.com\/profile.php?id=100089820235797","article_modified_time":"2025-07-29T09:02:01+00:00","og_image":[{"width":2000,"height":2000,"url":"https:\/\/appleplug.ro\/wp-content\/uploads\/2025\/06\/husa-magsafe-pentru-apple-iphone-13-full-cover-frosted-acrylic-color-big-hole-magnetica-incarcare-wireless-flippy-negru-main-63762290bdc48.jpg","type":"image\/jpeg"}],"twitter_card":"summary_large_image","twitter_misc":{"Becs\u00fclt olvas\u00e1si id\u0151":"1 perc"},"schema":{"@context":"https:\/\/schema.org","@graph":[{"@type":"WebPage","@id":"https:\/\/appleplug.ro\/product\/husa-iphone-13-negru-magsafe\/","url":"https:\/\/appleplug.ro\/product\/husa-iphone-13-negru-magsafe\/","name":"Husa MagSafe Pentru Apple iPhone 13 Full Cover Frosted Acrylic Color Big Hole Magnetica Incarcare Wireless Negru - Apple Plug","isPartOf":{"@id":"https:\/\/appleplug.ro\/#website"},"primaryImageOfPage":{"@id":"https:\/\/appleplug.ro\/product\/husa-iphone-13-negru-magsafe\/#primaryimage"},"image":{"@id":"https:\/\/appleplug.ro\/product\/husa-iphone-13-negru-magsafe\/#primaryimage"},"thumbnailUrl":"https:\/\/i0.wp.com\/appleplug.ro\/wp-content\/uploads\/2025\/06\/husa-magsafe-pentru-apple-iphone-13-full-cover-frosted-acrylic-color-big-hole-magnetica-incarcare-wireless-flippy-negru-main-63762290bdc48.jpg?fit=2000%2C2000&ssl=1","datePublished":"2025-06-11T20:41:16+00:00","dateModified":"2025-07-29T09:02:01+00:00","description":"Husa iPhone 16 Pro Max Karl Lagerfeld IML Rhinestones, transparent, Logo, KLHCP16XHKLSTDCT","breadcrumb":{"@id":"https:\/\/appleplug.ro\/product\/husa-iphone-13-negru-magsafe\/#breadcrumb"},"inLanguage":"hu","potentialAction":[{"@type":"ReadAction","target":["https:\/\/appleplug.ro\/product\/husa-iphone-13-negru-magsafe\/"]}]},{"@type":"ImageObject","inLanguage":"hu","@id":"https:\/\/appleplug.ro\/product\/husa-iphone-13-negru-magsafe\/#primaryimage","url":"https:\/\/i0.wp.com\/appleplug.ro\/wp-content\/uploads\/2025\/06\/husa-magsafe-pentru-apple-iphone-13-full-cover-frosted-acrylic-color-big-hole-magnetica-incarcare-wireless-flippy-negru-main-63762290bdc48.jpg?fit=2000%2C2000&ssl=1","contentUrl":"https:\/\/i0.wp.com\/appleplug.ro\/wp-content\/uploads\/2025\/06\/husa-magsafe-pentru-apple-iphone-13-full-cover-frosted-acrylic-color-big-hole-magnetica-incarcare-wireless-flippy-negru-main-63762290bdc48.jpg?fit=2000%2C2000&ssl=1","width":2000,"height":2000,"caption":"husa-magsafe-pentru-apple-iphone-13-full-cover-frosted-acrylic-color-big-hole-magnetica-incarcare-wireless-negru-main"},{"@type":"BreadcrumbList","@id":"https:\/\/appleplug.ro\/product\/husa-iphone-13-negru-magsafe\/#breadcrumb","itemListElement":[{"@type":"ListItem","position":1,"name":"Acas\u0103","item":"https:\/\/appleplug.ro\/"},{"@type":"ListItem","position":2,"name":"Magazin","item":"https:\/\/appleplug.ro\/magazin\/"},{"@type":"ListItem","position":3,"name":"Husa MagSafe Pentru Apple iPhone 13 Full Cover Frosted Acrylic Color Big Hole Magnetica Incarcare Wireless Negru"}]},{"@type":"WebSite","@id":"https:\/\/appleplug.ro\/#website","url":"https:\/\/appleplug.ro\/","name":"Apple Plug","description":"Haszn\u00e1lt IPhone telefonok \u00e9s tartoz\u00e9kok online boltja","publisher":{"@id":"https:\/\/appleplug.ro\/#organization"},"potentialAction":[{"@type":"SearchAction","target":{"@type":"EntryPoint","urlTemplate":"https:\/\/appleplug.ro\/?s={search_term_string}"},"query-input":{"@type":"PropertyValueSpecification","valueRequired":true,"valueName":"search_term_string"}}],"inLanguage":"hu"},{"@type":"Organization","@id":"https:\/\/appleplug.ro\/#organization","name":"Apple Plug","url":"https:\/\/appleplug.ro\/","logo":{"@type":"ImageObject","inLanguage":"hu","@id":"https:\/\/appleplug.ro\/#\/schema\/logo\/image\/","url":"https:\/\/i0.wp.com\/appleplug.ro\/wp-content\/uploads\/2024\/04\/cropped-White-logo-no-background.png?fit=3167%2C560&ssl=1","contentUrl":"https:\/\/i0.wp.com\/appleplug.ro\/wp-content\/uploads\/2024\/04\/cropped-White-logo-no-background.png?fit=3167%2C560&ssl=1","width":3167,"height":560,"caption":"Apple Plug"},"image":{"@id":"https:\/\/appleplug.ro\/#\/schema\/logo\/image\/"},"sameAs":["https:\/\/www.facebook.com\/profile.php?id=100089820235797","https:\/\/www.instagram.com\/appleplug_romania?igsh=MWJ1YTQ2bGdvZ2Uzag&utm_source=qr"]}]}},"jetpack_sharing_enabled":true,"_links":{"self":[{"href":"https:\/\/appleplug.ro\/hu\/wp-json\/wp\/v2\/product\/24912","targetHints":{"allow":["GET"]}}],"collection":[{"href":"https:\/\/appleplug.ro\/hu\/wp-json\/wp\/v2\/product"}],"about":[{"href":"https:\/\/appleplug.ro\/hu\/wp-json\/wp\/v2\/types\/product"}],"replies":[{"embeddable":true,"href":"https:\/\/appleplug.ro\/hu\/wp-json\/wp\/v2\/comments?post=24912"}],"wp:featuredmedia":[{"embeddable":true,"href":"https:\/\/appleplug.ro\/hu\/wp-json\/wp\/v2\/media\/24917"}],"wp:attachment":[{"href":"https:\/\/appleplug.ro\/hu\/wp-json\/wp\/v2\/media?parent=24912"}],"wp:term":[{"taxonomy":"product_brand","embeddable":true,"href":"https:\/\/appleplug.ro\/hu\/wp-json\/wp\/v2\/product_brand?post=24912"},{"taxonomy":"product_cat","embeddable":true,"href":"https:\/\/appleplug.ro\/hu\/wp-json\/wp\/v2\/product_cat?post=24912"},{"taxonomy":"product_tag","embeddable":true,"href":"https:\/\/appleplug.ro\/hu\/wp-json\/wp\/v2\/product_tag?post=24912"}],"curies":[{"name":"wp","href":"https:\/\/api.w.org\/{rel}","templated":true}]}}