{"id":24896,"date":"2025-06-11T23:19:35","date_gmt":"2025-06-11T20:19:35","guid":{"rendered":"https:\/\/appleplug.ro\/?post_type=product&#038;p=24896"},"modified":"2026-03-28T10:13:22","modified_gmt":"2026-03-28T08:13:22","slug":"husa-iphone-14-pro-max-negru-magsafe","status":"publish","type":"product","link":"https:\/\/appleplug.ro\/hu\/product\/husa-iphone-14-pro-max-negru-magsafe\/","title":{"rendered":"Husa De Protectie Pentru iPhone 14 Pro Max Magnetica MagSafe Carbon Fiber Protectie Antisoc Negru"},"content":{"rendered":"","protected":false},"excerpt":{"rendered":"<p>Husele de carbon sunt extrem de subtiri, foarte usoare si functionale datorita materialului special &#8211;  fibrele de inalta performanta &#8211; Carbon, Aramid si Vectran<\/p>\n<p>Fabricata din fibre de inalta tehnologie 100%, protejeaza eficient telefonul impotriva loviturilor si zgarieturilor de zi cu zi, in timpul folosirii acestuia.<\/p>\n<p>Dupa cum se stie de la Formula 1 sau de la gloante, aceste fibre de inalta tehnologie in caz de soc sau lovituri, in ciuda grosimilor de perete foarte subti, dispun de energie extrem de ridicata, asa-numitul comportament de impact si, prin urmare, ofera o protectie maxima cu greutatea minima.<br \/>\nHusa Magsafe este special creata pentru incarcarea wireless mai rapida a telefonului tau, fiind compatibila cu toate accesoriile MagSafe si in acelasi timp ii ofera iPhone-ului tau protectia necesara.<\/p>\n<p>Aceste caracteristici permit producerea de huse de protectie extrem de subtiri si eficiente, care pastreaza designul si valoarea de recunoastere a smartphone-ului.<\/p>\n<p>Capacul super-subtire Real Carbon nu are efect asupra puterii de transmisie si receptie (fie WiFi, Bluetooth, GPS sau frecventa telefonului). Obtinem acest lucru profitand de proprietatile fizice ale fibrelor de carbon de inalta rezistenta in procesul nostru de fabricatie nou dezvoltat.<\/p>","protected":false},"featured_media":24893,"comment_status":"open","ping_status":"closed","template":"","meta":{"_glsr_average":0,"_glsr_ranking":0,"_glsr_reviews":0},"product_brand":[],"product_cat":[77,327,312],"product_tag":[],"class_list":{"0":"post-24896","1":"product","2":"type-product","3":"status-publish","4":"has-post-thumbnail","6":"product_cat-accesorii","7":"product_cat-husa-iphone-14-pro-max","8":"product_cat-huse","10":"first","11":"outofstock","12":"taxable","13":"shipping-taxable","14":"purchasable","15":"product-type-simple"},"yoast_head":"<!-- This site is optimized with the Yoast SEO plugin v27.3 - https:\/\/yoast.com\/product\/yoast-seo-wordpress\/ -->\n<title>Husa De Protectie Pentru iPhone 14 Pro Max Magnetica MagSafe Carbon Fiber Protectie Antisoc Negru - Apple Plug<\/title>\n<meta name=\"description\" content=\"Husa iPhone 16 Pro Max Karl Lagerfeld IML Rhinestones, transparent, Logo, KLHCP16XHKLSTDCT\" \/>\n<meta name=\"robots\" content=\"index, follow, max-snippet:-1, max-image-preview:large, max-video-preview:-1\" \/>\n<link rel=\"canonical\" href=\"https:\/\/appleplug.ro\/hu\/product\/husa-iphone-14-pro-max-negru-magsafe\/\" \/>\n<meta property=\"og:locale\" content=\"hu_HU\" \/>\n<meta property=\"og:type\" content=\"article\" \/>\n<meta property=\"og:title\" content=\"Husa De Protectie Pentru iPhone 14 Pro Max Magnetica MagSafe Carbon Fiber Protectie Antisoc Negru - Apple Plug\" \/>\n<meta property=\"og:description\" content=\"Husa iPhone 16 Pro Max Karl Lagerfeld IML Rhinestones, transparent, Logo, KLHCP16XHKLSTDCT\" \/>\n<meta property=\"og:url\" content=\"https:\/\/appleplug.ro\/hu\/product\/husa-iphone-14-pro-max-negru-magsafe\/\" \/>\n<meta property=\"og:site_name\" content=\"Apple Plug\" \/>\n<meta property=\"article:publisher\" content=\"https:\/\/www.facebook.com\/profile.php?id=100089820235797\" \/>\n<meta property=\"article:modified_time\" content=\"2026-03-28T08:13:22+00:00\" \/>\n<meta property=\"og:image\" content=\"https:\/\/appleplug.ro\/wp-content\/uploads\/2025\/06\/husa-de-protectie-pentru-iphone-14-pro-flippy-magnetica-magsafe-carbon-fiber-protectie-antisoc-negru-main-63319ca27f20e.jpg\" \/>\n\t<meta property=\"og:image:width\" content=\"800\" \/>\n\t<meta property=\"og:image:height\" content=\"800\" \/>\n\t<meta property=\"og:image:type\" content=\"image\/jpeg\" \/>\n<meta name=\"twitter:card\" content=\"summary_large_image\" \/>\n<meta name=\"twitter:label1\" content=\"Becs\u00fclt olvas\u00e1si id\u0151\" \/>\n\t<meta name=\"twitter:data1\" content=\"1 perc\" \/>\n<script type=\"application\/ld+json\" class=\"yoast-schema-graph\">{\"@context\":\"https:\\\/\\\/schema.org\",\"@graph\":[{\"@type\":\"WebPage\",\"@id\":\"https:\\\/\\\/appleplug.ro\\\/product\\\/husa-iphone-14-pro-max-negru-magsafe\\\/\",\"url\":\"https:\\\/\\\/appleplug.ro\\\/product\\\/husa-iphone-14-pro-max-negru-magsafe\\\/\",\"name\":\"Husa De Protectie Pentru iPhone 14 Pro Max Magnetica MagSafe Carbon Fiber Protectie Antisoc Negru - Apple Plug\",\"isPartOf\":{\"@id\":\"https:\\\/\\\/appleplug.ro\\\/#website\"},\"primaryImageOfPage\":{\"@id\":\"https:\\\/\\\/appleplug.ro\\\/product\\\/husa-iphone-14-pro-max-negru-magsafe\\\/#primaryimage\"},\"image\":{\"@id\":\"https:\\\/\\\/appleplug.ro\\\/product\\\/husa-iphone-14-pro-max-negru-magsafe\\\/#primaryimage\"},\"thumbnailUrl\":\"https:\\\/\\\/i0.wp.com\\\/appleplug.ro\\\/wp-content\\\/uploads\\\/2025\\\/06\\\/husa-de-protectie-pentru-iphone-14-pro-flippy-magnetica-magsafe-carbon-fiber-protectie-antisoc-negru-main-63319ca27f20e.jpg?fit=800%2C800&ssl=1\",\"datePublished\":\"2025-06-11T20:19:35+00:00\",\"dateModified\":\"2026-03-28T08:13:22+00:00\",\"description\":\"Husa iPhone 16 Pro Max Karl Lagerfeld IML Rhinestones, transparent, Logo, KLHCP16XHKLSTDCT\",\"breadcrumb\":{\"@id\":\"https:\\\/\\\/appleplug.ro\\\/product\\\/husa-iphone-14-pro-max-negru-magsafe\\\/#breadcrumb\"},\"inLanguage\":\"hu\",\"potentialAction\":[{\"@type\":\"ReadAction\",\"target\":[\"https:\\\/\\\/appleplug.ro\\\/product\\\/husa-iphone-14-pro-max-negru-magsafe\\\/\"]}]},{\"@type\":\"ImageObject\",\"inLanguage\":\"hu\",\"@id\":\"https:\\\/\\\/appleplug.ro\\\/product\\\/husa-iphone-14-pro-max-negru-magsafe\\\/#primaryimage\",\"url\":\"https:\\\/\\\/i0.wp.com\\\/appleplug.ro\\\/wp-content\\\/uploads\\\/2025\\\/06\\\/husa-de-protectie-pentru-iphone-14-pro-flippy-magnetica-magsafe-carbon-fiber-protectie-antisoc-negru-main-63319ca27f20e.jpg?fit=800%2C800&ssl=1\",\"contentUrl\":\"https:\\\/\\\/i0.wp.com\\\/appleplug.ro\\\/wp-content\\\/uploads\\\/2025\\\/06\\\/husa-de-protectie-pentru-iphone-14-pro-flippy-magnetica-magsafe-carbon-fiber-protectie-antisoc-negru-main-63319ca27f20e.jpg?fit=800%2C800&ssl=1\",\"width\":800,\"height\":800,\"caption\":\"husa-de-protectie-pentru-iphone-14-pro-magnetica-magsafe-carbon-fiber-protectie-antisoc-negru-main\"},{\"@type\":\"BreadcrumbList\",\"@id\":\"https:\\\/\\\/appleplug.ro\\\/product\\\/husa-iphone-14-pro-max-negru-magsafe\\\/#breadcrumb\",\"itemListElement\":[{\"@type\":\"ListItem\",\"position\":1,\"name\":\"Acas\u0103\",\"item\":\"https:\\\/\\\/appleplug.ro\\\/\"},{\"@type\":\"ListItem\",\"position\":2,\"name\":\"Magazin\",\"item\":\"https:\\\/\\\/appleplug.ro\\\/magazin\\\/\"},{\"@type\":\"ListItem\",\"position\":3,\"name\":\"Husa De Protectie Pentru iPhone 14 Pro Max Magnetica MagSafe Carbon Fiber Protectie Antisoc Negru\"}]},{\"@type\":\"WebSite\",\"@id\":\"https:\\\/\\\/appleplug.ro\\\/#website\",\"url\":\"https:\\\/\\\/appleplug.ro\\\/\",\"name\":\"Apple Plug\",\"description\":\"Magazin online de telefoane second hand IPhone \u0219i accesorii\",\"publisher\":{\"@id\":\"https:\\\/\\\/appleplug.ro\\\/#organization\"},\"potentialAction\":[{\"@type\":\"SearchAction\",\"target\":{\"@type\":\"EntryPoint\",\"urlTemplate\":\"https:\\\/\\\/appleplug.ro\\\/?s={search_term_string}\"},\"query-input\":{\"@type\":\"PropertyValueSpecification\",\"valueRequired\":true,\"valueName\":\"search_term_string\"}}],\"inLanguage\":\"hu\"},{\"@type\":\"Organization\",\"@id\":\"https:\\\/\\\/appleplug.ro\\\/#organization\",\"name\":\"Apple Plug\",\"url\":\"https:\\\/\\\/appleplug.ro\\\/\",\"logo\":{\"@type\":\"ImageObject\",\"inLanguage\":\"hu\",\"@id\":\"https:\\\/\\\/appleplug.ro\\\/#\\\/schema\\\/logo\\\/image\\\/\",\"url\":\"https:\\\/\\\/i0.wp.com\\\/appleplug.ro\\\/wp-content\\\/uploads\\\/2024\\\/04\\\/cropped-White-logo-no-background.png?fit=3167%2C560&ssl=1\",\"contentUrl\":\"https:\\\/\\\/i0.wp.com\\\/appleplug.ro\\\/wp-content\\\/uploads\\\/2024\\\/04\\\/cropped-White-logo-no-background.png?fit=3167%2C560&ssl=1\",\"width\":3167,\"height\":560,\"caption\":\"Apple Plug\"},\"image\":{\"@id\":\"https:\\\/\\\/appleplug.ro\\\/#\\\/schema\\\/logo\\\/image\\\/\"},\"sameAs\":[\"https:\\\/\\\/www.facebook.com\\\/profile.php?id=100089820235797\",\"https:\\\/\\\/www.instagram.com\\\/appleplug_romania?igsh=MWJ1YTQ2bGdvZ2Uzag&utm_source=qr\"]}]}<\/script>\n<!-- \/ Yoast SEO plugin. -->","yoast_head_json":{"title":"Husa De Protectie Pentru iPhone 14 Pro Max Magnetica MagSafe Carbon Fiber Protectie Antisoc Negru - Apple Plug","description":"Husa iPhone 16 Pro Max Karl Lagerfeld IML Rhinestones, transparent, Logo, KLHCP16XHKLSTDCT","robots":{"index":"index","follow":"follow","max-snippet":"max-snippet:-1","max-image-preview":"max-image-preview:large","max-video-preview":"max-video-preview:-1"},"canonical":"https:\/\/appleplug.ro\/hu\/product\/husa-iphone-14-pro-max-negru-magsafe\/","og_locale":"hu_HU","og_type":"article","og_title":"Husa De Protectie Pentru iPhone 14 Pro Max Magnetica MagSafe Carbon Fiber Protectie Antisoc Negru - Apple Plug","og_description":"Husa iPhone 16 Pro Max Karl Lagerfeld IML Rhinestones, transparent, Logo, KLHCP16XHKLSTDCT","og_url":"https:\/\/appleplug.ro\/hu\/product\/husa-iphone-14-pro-max-negru-magsafe\/","og_site_name":"Apple Plug","article_publisher":"https:\/\/www.facebook.com\/profile.php?id=100089820235797","article_modified_time":"2026-03-28T08:13:22+00:00","og_image":[{"width":800,"height":800,"url":"https:\/\/appleplug.ro\/wp-content\/uploads\/2025\/06\/husa-de-protectie-pentru-iphone-14-pro-flippy-magnetica-magsafe-carbon-fiber-protectie-antisoc-negru-main-63319ca27f20e.jpg","type":"image\/jpeg"}],"twitter_card":"summary_large_image","twitter_misc":{"Becs\u00fclt olvas\u00e1si id\u0151":"1 perc"},"schema":{"@context":"https:\/\/schema.org","@graph":[{"@type":"WebPage","@id":"https:\/\/appleplug.ro\/product\/husa-iphone-14-pro-max-negru-magsafe\/","url":"https:\/\/appleplug.ro\/product\/husa-iphone-14-pro-max-negru-magsafe\/","name":"Husa De Protectie Pentru iPhone 14 Pro Max Magnetica MagSafe Carbon Fiber Protectie Antisoc Negru - Apple Plug","isPartOf":{"@id":"https:\/\/appleplug.ro\/#website"},"primaryImageOfPage":{"@id":"https:\/\/appleplug.ro\/product\/husa-iphone-14-pro-max-negru-magsafe\/#primaryimage"},"image":{"@id":"https:\/\/appleplug.ro\/product\/husa-iphone-14-pro-max-negru-magsafe\/#primaryimage"},"thumbnailUrl":"https:\/\/i0.wp.com\/appleplug.ro\/wp-content\/uploads\/2025\/06\/husa-de-protectie-pentru-iphone-14-pro-flippy-magnetica-magsafe-carbon-fiber-protectie-antisoc-negru-main-63319ca27f20e.jpg?fit=800%2C800&ssl=1","datePublished":"2025-06-11T20:19:35+00:00","dateModified":"2026-03-28T08:13:22+00:00","description":"Husa iPhone 16 Pro Max Karl Lagerfeld IML Rhinestones, transparent, Logo, KLHCP16XHKLSTDCT","breadcrumb":{"@id":"https:\/\/appleplug.ro\/product\/husa-iphone-14-pro-max-negru-magsafe\/#breadcrumb"},"inLanguage":"hu","potentialAction":[{"@type":"ReadAction","target":["https:\/\/appleplug.ro\/product\/husa-iphone-14-pro-max-negru-magsafe\/"]}]},{"@type":"ImageObject","inLanguage":"hu","@id":"https:\/\/appleplug.ro\/product\/husa-iphone-14-pro-max-negru-magsafe\/#primaryimage","url":"https:\/\/i0.wp.com\/appleplug.ro\/wp-content\/uploads\/2025\/06\/husa-de-protectie-pentru-iphone-14-pro-flippy-magnetica-magsafe-carbon-fiber-protectie-antisoc-negru-main-63319ca27f20e.jpg?fit=800%2C800&ssl=1","contentUrl":"https:\/\/i0.wp.com\/appleplug.ro\/wp-content\/uploads\/2025\/06\/husa-de-protectie-pentru-iphone-14-pro-flippy-magnetica-magsafe-carbon-fiber-protectie-antisoc-negru-main-63319ca27f20e.jpg?fit=800%2C800&ssl=1","width":800,"height":800,"caption":"husa-de-protectie-pentru-iphone-14-pro-magnetica-magsafe-carbon-fiber-protectie-antisoc-negru-main"},{"@type":"BreadcrumbList","@id":"https:\/\/appleplug.ro\/product\/husa-iphone-14-pro-max-negru-magsafe\/#breadcrumb","itemListElement":[{"@type":"ListItem","position":1,"name":"Acas\u0103","item":"https:\/\/appleplug.ro\/"},{"@type":"ListItem","position":2,"name":"Magazin","item":"https:\/\/appleplug.ro\/magazin\/"},{"@type":"ListItem","position":3,"name":"Husa De Protectie Pentru iPhone 14 Pro Max Magnetica MagSafe Carbon Fiber Protectie Antisoc Negru"}]},{"@type":"WebSite","@id":"https:\/\/appleplug.ro\/#website","url":"https:\/\/appleplug.ro\/","name":"Apple Plug","description":"Haszn\u00e1lt IPhone telefonok \u00e9s tartoz\u00e9kok online boltja","publisher":{"@id":"https:\/\/appleplug.ro\/#organization"},"potentialAction":[{"@type":"SearchAction","target":{"@type":"EntryPoint","urlTemplate":"https:\/\/appleplug.ro\/?s={search_term_string}"},"query-input":{"@type":"PropertyValueSpecification","valueRequired":true,"valueName":"search_term_string"}}],"inLanguage":"hu"},{"@type":"Organization","@id":"https:\/\/appleplug.ro\/#organization","name":"Apple Plug","url":"https:\/\/appleplug.ro\/","logo":{"@type":"ImageObject","inLanguage":"hu","@id":"https:\/\/appleplug.ro\/#\/schema\/logo\/image\/","url":"https:\/\/i0.wp.com\/appleplug.ro\/wp-content\/uploads\/2024\/04\/cropped-White-logo-no-background.png?fit=3167%2C560&ssl=1","contentUrl":"https:\/\/i0.wp.com\/appleplug.ro\/wp-content\/uploads\/2024\/04\/cropped-White-logo-no-background.png?fit=3167%2C560&ssl=1","width":3167,"height":560,"caption":"Apple Plug"},"image":{"@id":"https:\/\/appleplug.ro\/#\/schema\/logo\/image\/"},"sameAs":["https:\/\/www.facebook.com\/profile.php?id=100089820235797","https:\/\/www.instagram.com\/appleplug_romania?igsh=MWJ1YTQ2bGdvZ2Uzag&utm_source=qr"]}]}},"jetpack_sharing_enabled":true,"_links":{"self":[{"href":"https:\/\/appleplug.ro\/hu\/wp-json\/wp\/v2\/product\/24896","targetHints":{"allow":["GET"]}}],"collection":[{"href":"https:\/\/appleplug.ro\/hu\/wp-json\/wp\/v2\/product"}],"about":[{"href":"https:\/\/appleplug.ro\/hu\/wp-json\/wp\/v2\/types\/product"}],"replies":[{"embeddable":true,"href":"https:\/\/appleplug.ro\/hu\/wp-json\/wp\/v2\/comments?post=24896"}],"wp:featuredmedia":[{"embeddable":true,"href":"https:\/\/appleplug.ro\/hu\/wp-json\/wp\/v2\/media\/24893"}],"wp:attachment":[{"href":"https:\/\/appleplug.ro\/hu\/wp-json\/wp\/v2\/media?parent=24896"}],"wp:term":[{"taxonomy":"product_brand","embeddable":true,"href":"https:\/\/appleplug.ro\/hu\/wp-json\/wp\/v2\/product_brand?post=24896"},{"taxonomy":"product_cat","embeddable":true,"href":"https:\/\/appleplug.ro\/hu\/wp-json\/wp\/v2\/product_cat?post=24896"},{"taxonomy":"product_tag","embeddable":true,"href":"https:\/\/appleplug.ro\/hu\/wp-json\/wp\/v2\/product_tag?post=24896"}],"curies":[{"name":"wp","href":"https:\/\/api.w.org\/{rel}","templated":true}]}}