{"id":24761,"date":"2025-06-11T13:05:00","date_gmt":"2025-06-11T10:05:00","guid":{"rendered":"https:\/\/appleplug.ro\/?post_type=product&#038;p=24761"},"modified":"2025-07-29T12:14:54","modified_gmt":"2025-07-29T09:14:54","slug":"husa-iphone-13-negru-2","status":"publish","type":"product","link":"https:\/\/appleplug.ro\/hu\/product\/husa-iphone-13-negru-2\/","title":{"rendered":"Husa Protectie Compatibila Cu Apple iPhone 13 Liquid Silicone Negru"},"content":{"rendered":"","protected":false},"excerpt":{"rendered":"<div class=\"system-description\">\n<ul class=\"list-paddingleft-2\">\n<li>Husa ideala conceputa special pentru Apple iPhone 13 ce pastreaza &#8222;liniile&#8221; telefonului si ii ofera protectie.\n<p>Se muleaza excelent pe telefonul dumneavoastra protejand atat spatele cat si partile laterale ale telefonului.<\/p>\n<p>Accesul catre mufele si butoanele telefonului nu este ingreunat, deoarece in jurul butoanelor materialul prezinta proeminente tocmai pentru a facilita utilizarea.<\/p>\n<p>Material siliconic la exterior\uff1a<\/p>\n<p>Husa este realizata din silicon foarte placut la atingere (soft touch).<\/p>\n<p>C\u0103ptu\u0219eal\u0103 din microfibr\u0103 moale:<\/p>\n<p>C\u0103ptu\u0219eala din microfibr\u0103 la interior, protejeaz\u0103 telefonul de zgarieturi.<\/p>\n<p>U\u0219or de cur\u0103\u021bat:<\/p>\n<p>U\u0219or de \u0219ters praful \u0219i murd\u0103ria de pe husa cu un servetel umed, fara a exista riscul de decolorare.<\/p>\n<p>Protec\u021bia special\u0103 a camerei:<\/p>\n<p>Datorita grosimii husei, este asigurata protectia camerei.<\/li>\n<\/ul>\n<\/div>","protected":false},"featured_media":24762,"comment_status":"open","ping_status":"closed","template":"","meta":{"_glsr_average":0,"_glsr_ranking":0,"_glsr_reviews":0},"product_brand":[],"product_cat":[77,321,312],"product_tag":[],"class_list":{"0":"post-24761","1":"product","2":"type-product","3":"status-publish","4":"has-post-thumbnail","6":"product_cat-accesorii","7":"product_cat-husa-iphone-13","8":"product_cat-huse","10":"first","11":"instock","12":"taxable","13":"shipping-taxable","14":"purchasable","15":"product-type-simple"},"yoast_head":"<!-- This site is optimized with the Yoast SEO plugin v27.3 - https:\/\/yoast.com\/product\/yoast-seo-wordpress\/ -->\n<title>Husa Protectie Compatibila Cu Apple iPhone 13 Liquid Silicone Negru - Apple Plug<\/title>\n<meta name=\"description\" content=\"Husa iPhone 16 Pro Max Karl Lagerfeld IML Rhinestones, transparent, Logo, KLHCP16XHKLSTDCT\" \/>\n<meta name=\"robots\" content=\"index, follow, max-snippet:-1, max-image-preview:large, max-video-preview:-1\" \/>\n<link rel=\"canonical\" href=\"https:\/\/appleplug.ro\/hu\/product\/husa-iphone-13-negru-2\/\" \/>\n<meta property=\"og:locale\" content=\"hu_HU\" \/>\n<meta property=\"og:type\" content=\"article\" \/>\n<meta property=\"og:title\" content=\"Husa Protectie Compatibila Cu Apple iPhone 13 Liquid Silicone Negru - Apple Plug\" \/>\n<meta property=\"og:description\" content=\"Husa iPhone 16 Pro Max Karl Lagerfeld IML Rhinestones, transparent, Logo, KLHCP16XHKLSTDCT\" \/>\n<meta property=\"og:url\" content=\"https:\/\/appleplug.ro\/hu\/product\/husa-iphone-13-negru-2\/\" \/>\n<meta property=\"og:site_name\" content=\"Apple Plug\" \/>\n<meta property=\"article:publisher\" content=\"https:\/\/www.facebook.com\/profile.php?id=100089820235797\" \/>\n<meta property=\"article:modified_time\" content=\"2025-07-29T09:14:54+00:00\" \/>\n<meta property=\"og:image\" content=\"https:\/\/appleplug.ro\/wp-content\/uploads\/2025\/06\/husa-protectie-flippy-compatibila-cu-apple-iphone-13-liquid-silicone-negru-main-625e3f05014a0.jpg\" \/>\n\t<meta property=\"og:image:width\" content=\"1000\" \/>\n\t<meta property=\"og:image:height\" content=\"1000\" \/>\n\t<meta property=\"og:image:type\" content=\"image\/jpeg\" \/>\n<meta name=\"twitter:card\" content=\"summary_large_image\" \/>\n<meta name=\"twitter:label1\" content=\"Becs\u00fclt olvas\u00e1si id\u0151\" \/>\n\t<meta name=\"twitter:data1\" content=\"1 perc\" \/>\n<script type=\"application\/ld+json\" class=\"yoast-schema-graph\">{\"@context\":\"https:\\\/\\\/schema.org\",\"@graph\":[{\"@type\":\"WebPage\",\"@id\":\"https:\\\/\\\/appleplug.ro\\\/product\\\/husa-iphone-13-negru-2\\\/\",\"url\":\"https:\\\/\\\/appleplug.ro\\\/product\\\/husa-iphone-13-negru-2\\\/\",\"name\":\"Husa Protectie Compatibila Cu Apple iPhone 13 Liquid Silicone Negru - Apple Plug\",\"isPartOf\":{\"@id\":\"https:\\\/\\\/appleplug.ro\\\/#website\"},\"primaryImageOfPage\":{\"@id\":\"https:\\\/\\\/appleplug.ro\\\/product\\\/husa-iphone-13-negru-2\\\/#primaryimage\"},\"image\":{\"@id\":\"https:\\\/\\\/appleplug.ro\\\/product\\\/husa-iphone-13-negru-2\\\/#primaryimage\"},\"thumbnailUrl\":\"https:\\\/\\\/i0.wp.com\\\/appleplug.ro\\\/wp-content\\\/uploads\\\/2025\\\/06\\\/husa-protectie-flippy-compatibila-cu-apple-iphone-13-liquid-silicone-negru-main-625e3f05014a0.jpg?fit=1000%2C1000&ssl=1\",\"datePublished\":\"2025-06-11T10:05:00+00:00\",\"dateModified\":\"2025-07-29T09:14:54+00:00\",\"description\":\"Husa iPhone 16 Pro Max Karl Lagerfeld IML Rhinestones, transparent, Logo, KLHCP16XHKLSTDCT\",\"breadcrumb\":{\"@id\":\"https:\\\/\\\/appleplug.ro\\\/product\\\/husa-iphone-13-negru-2\\\/#breadcrumb\"},\"inLanguage\":\"hu\",\"potentialAction\":[{\"@type\":\"ReadAction\",\"target\":[\"https:\\\/\\\/appleplug.ro\\\/product\\\/husa-iphone-13-negru-2\\\/\"]}]},{\"@type\":\"ImageObject\",\"inLanguage\":\"hu\",\"@id\":\"https:\\\/\\\/appleplug.ro\\\/product\\\/husa-iphone-13-negru-2\\\/#primaryimage\",\"url\":\"https:\\\/\\\/i0.wp.com\\\/appleplug.ro\\\/wp-content\\\/uploads\\\/2025\\\/06\\\/husa-protectie-flippy-compatibila-cu-apple-iphone-13-liquid-silicone-negru-main-625e3f05014a0.jpg?fit=1000%2C1000&ssl=1\",\"contentUrl\":\"https:\\\/\\\/i0.wp.com\\\/appleplug.ro\\\/wp-content\\\/uploads\\\/2025\\\/06\\\/husa-protectie-flippy-compatibila-cu-apple-iphone-13-liquid-silicone-negru-main-625e3f05014a0.jpg?fit=1000%2C1000&ssl=1\",\"width\":1000,\"height\":1000,\"caption\":\"husa-protectie-compatibila-cu-apple-iphone-13-liquid-silicone-negru-main\"},{\"@type\":\"BreadcrumbList\",\"@id\":\"https:\\\/\\\/appleplug.ro\\\/product\\\/husa-iphone-13-negru-2\\\/#breadcrumb\",\"itemListElement\":[{\"@type\":\"ListItem\",\"position\":1,\"name\":\"Acas\u0103\",\"item\":\"https:\\\/\\\/appleplug.ro\\\/\"},{\"@type\":\"ListItem\",\"position\":2,\"name\":\"Magazin\",\"item\":\"https:\\\/\\\/appleplug.ro\\\/magazin\\\/\"},{\"@type\":\"ListItem\",\"position\":3,\"name\":\"Husa Protectie Compatibila Cu Apple iPhone 13 Liquid Silicone Negru\"}]},{\"@type\":\"WebSite\",\"@id\":\"https:\\\/\\\/appleplug.ro\\\/#website\",\"url\":\"https:\\\/\\\/appleplug.ro\\\/\",\"name\":\"Apple Plug\",\"description\":\"Magazin online de telefoane second hand IPhone \u0219i accesorii\",\"publisher\":{\"@id\":\"https:\\\/\\\/appleplug.ro\\\/#organization\"},\"potentialAction\":[{\"@type\":\"SearchAction\",\"target\":{\"@type\":\"EntryPoint\",\"urlTemplate\":\"https:\\\/\\\/appleplug.ro\\\/?s={search_term_string}\"},\"query-input\":{\"@type\":\"PropertyValueSpecification\",\"valueRequired\":true,\"valueName\":\"search_term_string\"}}],\"inLanguage\":\"hu\"},{\"@type\":\"Organization\",\"@id\":\"https:\\\/\\\/appleplug.ro\\\/#organization\",\"name\":\"Apple Plug\",\"url\":\"https:\\\/\\\/appleplug.ro\\\/\",\"logo\":{\"@type\":\"ImageObject\",\"inLanguage\":\"hu\",\"@id\":\"https:\\\/\\\/appleplug.ro\\\/#\\\/schema\\\/logo\\\/image\\\/\",\"url\":\"https:\\\/\\\/i0.wp.com\\\/appleplug.ro\\\/wp-content\\\/uploads\\\/2024\\\/04\\\/cropped-White-logo-no-background.png?fit=3167%2C560&ssl=1\",\"contentUrl\":\"https:\\\/\\\/i0.wp.com\\\/appleplug.ro\\\/wp-content\\\/uploads\\\/2024\\\/04\\\/cropped-White-logo-no-background.png?fit=3167%2C560&ssl=1\",\"width\":3167,\"height\":560,\"caption\":\"Apple Plug\"},\"image\":{\"@id\":\"https:\\\/\\\/appleplug.ro\\\/#\\\/schema\\\/logo\\\/image\\\/\"},\"sameAs\":[\"https:\\\/\\\/www.facebook.com\\\/profile.php?id=100089820235797\",\"https:\\\/\\\/www.instagram.com\\\/appleplug_romania?igsh=MWJ1YTQ2bGdvZ2Uzag&utm_source=qr\"]}]}<\/script>\n<!-- \/ Yoast SEO plugin. -->","yoast_head_json":{"title":"Husa Protectie Compatibila Cu Apple iPhone 13 Liquid Silicone Negru - Apple Plug","description":"Husa iPhone 16 Pro Max Karl Lagerfeld IML Rhinestones, transparent, Logo, KLHCP16XHKLSTDCT","robots":{"index":"index","follow":"follow","max-snippet":"max-snippet:-1","max-image-preview":"max-image-preview:large","max-video-preview":"max-video-preview:-1"},"canonical":"https:\/\/appleplug.ro\/hu\/product\/husa-iphone-13-negru-2\/","og_locale":"hu_HU","og_type":"article","og_title":"Husa Protectie Compatibila Cu Apple iPhone 13 Liquid Silicone Negru - Apple Plug","og_description":"Husa iPhone 16 Pro Max Karl Lagerfeld IML Rhinestones, transparent, Logo, KLHCP16XHKLSTDCT","og_url":"https:\/\/appleplug.ro\/hu\/product\/husa-iphone-13-negru-2\/","og_site_name":"Apple Plug","article_publisher":"https:\/\/www.facebook.com\/profile.php?id=100089820235797","article_modified_time":"2025-07-29T09:14:54+00:00","og_image":[{"width":1000,"height":1000,"url":"https:\/\/appleplug.ro\/wp-content\/uploads\/2025\/06\/husa-protectie-flippy-compatibila-cu-apple-iphone-13-liquid-silicone-negru-main-625e3f05014a0.jpg","type":"image\/jpeg"}],"twitter_card":"summary_large_image","twitter_misc":{"Becs\u00fclt olvas\u00e1si id\u0151":"1 perc"},"schema":{"@context":"https:\/\/schema.org","@graph":[{"@type":"WebPage","@id":"https:\/\/appleplug.ro\/product\/husa-iphone-13-negru-2\/","url":"https:\/\/appleplug.ro\/product\/husa-iphone-13-negru-2\/","name":"Husa Protectie Compatibila Cu Apple iPhone 13 Liquid Silicone Negru - Apple Plug","isPartOf":{"@id":"https:\/\/appleplug.ro\/#website"},"primaryImageOfPage":{"@id":"https:\/\/appleplug.ro\/product\/husa-iphone-13-negru-2\/#primaryimage"},"image":{"@id":"https:\/\/appleplug.ro\/product\/husa-iphone-13-negru-2\/#primaryimage"},"thumbnailUrl":"https:\/\/i0.wp.com\/appleplug.ro\/wp-content\/uploads\/2025\/06\/husa-protectie-flippy-compatibila-cu-apple-iphone-13-liquid-silicone-negru-main-625e3f05014a0.jpg?fit=1000%2C1000&ssl=1","datePublished":"2025-06-11T10:05:00+00:00","dateModified":"2025-07-29T09:14:54+00:00","description":"Husa iPhone 16 Pro Max Karl Lagerfeld IML Rhinestones, transparent, Logo, KLHCP16XHKLSTDCT","breadcrumb":{"@id":"https:\/\/appleplug.ro\/product\/husa-iphone-13-negru-2\/#breadcrumb"},"inLanguage":"hu","potentialAction":[{"@type":"ReadAction","target":["https:\/\/appleplug.ro\/product\/husa-iphone-13-negru-2\/"]}]},{"@type":"ImageObject","inLanguage":"hu","@id":"https:\/\/appleplug.ro\/product\/husa-iphone-13-negru-2\/#primaryimage","url":"https:\/\/i0.wp.com\/appleplug.ro\/wp-content\/uploads\/2025\/06\/husa-protectie-flippy-compatibila-cu-apple-iphone-13-liquid-silicone-negru-main-625e3f05014a0.jpg?fit=1000%2C1000&ssl=1","contentUrl":"https:\/\/i0.wp.com\/appleplug.ro\/wp-content\/uploads\/2025\/06\/husa-protectie-flippy-compatibila-cu-apple-iphone-13-liquid-silicone-negru-main-625e3f05014a0.jpg?fit=1000%2C1000&ssl=1","width":1000,"height":1000,"caption":"husa-protectie-compatibila-cu-apple-iphone-13-liquid-silicone-negru-main"},{"@type":"BreadcrumbList","@id":"https:\/\/appleplug.ro\/product\/husa-iphone-13-negru-2\/#breadcrumb","itemListElement":[{"@type":"ListItem","position":1,"name":"Acas\u0103","item":"https:\/\/appleplug.ro\/"},{"@type":"ListItem","position":2,"name":"Magazin","item":"https:\/\/appleplug.ro\/magazin\/"},{"@type":"ListItem","position":3,"name":"Husa Protectie Compatibila Cu Apple iPhone 13 Liquid Silicone Negru"}]},{"@type":"WebSite","@id":"https:\/\/appleplug.ro\/#website","url":"https:\/\/appleplug.ro\/","name":"Apple Plug","description":"Haszn\u00e1lt IPhone telefonok \u00e9s tartoz\u00e9kok online boltja","publisher":{"@id":"https:\/\/appleplug.ro\/#organization"},"potentialAction":[{"@type":"SearchAction","target":{"@type":"EntryPoint","urlTemplate":"https:\/\/appleplug.ro\/?s={search_term_string}"},"query-input":{"@type":"PropertyValueSpecification","valueRequired":true,"valueName":"search_term_string"}}],"inLanguage":"hu"},{"@type":"Organization","@id":"https:\/\/appleplug.ro\/#organization","name":"Apple Plug","url":"https:\/\/appleplug.ro\/","logo":{"@type":"ImageObject","inLanguage":"hu","@id":"https:\/\/appleplug.ro\/#\/schema\/logo\/image\/","url":"https:\/\/i0.wp.com\/appleplug.ro\/wp-content\/uploads\/2024\/04\/cropped-White-logo-no-background.png?fit=3167%2C560&ssl=1","contentUrl":"https:\/\/i0.wp.com\/appleplug.ro\/wp-content\/uploads\/2024\/04\/cropped-White-logo-no-background.png?fit=3167%2C560&ssl=1","width":3167,"height":560,"caption":"Apple Plug"},"image":{"@id":"https:\/\/appleplug.ro\/#\/schema\/logo\/image\/"},"sameAs":["https:\/\/www.facebook.com\/profile.php?id=100089820235797","https:\/\/www.instagram.com\/appleplug_romania?igsh=MWJ1YTQ2bGdvZ2Uzag&utm_source=qr"]}]}},"jetpack_sharing_enabled":true,"_links":{"self":[{"href":"https:\/\/appleplug.ro\/hu\/wp-json\/wp\/v2\/product\/24761","targetHints":{"allow":["GET"]}}],"collection":[{"href":"https:\/\/appleplug.ro\/hu\/wp-json\/wp\/v2\/product"}],"about":[{"href":"https:\/\/appleplug.ro\/hu\/wp-json\/wp\/v2\/types\/product"}],"replies":[{"embeddable":true,"href":"https:\/\/appleplug.ro\/hu\/wp-json\/wp\/v2\/comments?post=24761"}],"wp:featuredmedia":[{"embeddable":true,"href":"https:\/\/appleplug.ro\/hu\/wp-json\/wp\/v2\/media\/24762"}],"wp:attachment":[{"href":"https:\/\/appleplug.ro\/hu\/wp-json\/wp\/v2\/media?parent=24761"}],"wp:term":[{"taxonomy":"product_brand","embeddable":true,"href":"https:\/\/appleplug.ro\/hu\/wp-json\/wp\/v2\/product_brand?post=24761"},{"taxonomy":"product_cat","embeddable":true,"href":"https:\/\/appleplug.ro\/hu\/wp-json\/wp\/v2\/product_cat?post=24761"},{"taxonomy":"product_tag","embeddable":true,"href":"https:\/\/appleplug.ro\/hu\/wp-json\/wp\/v2\/product_tag?post=24761"}],"curies":[{"name":"wp","href":"https:\/\/api.w.org\/{rel}","templated":true}]}}