{"id":21086,"date":"2025-02-06T10:16:18","date_gmt":"2025-02-06T08:16:18","guid":{"rendered":"https:\/\/appleplug.ro\/?post_type=product&#038;p=21086"},"modified":"2025-12-11T19:53:00","modified_gmt":"2025-12-11T17:53:00","slug":"iphone-11-pro-6","status":"publish","type":"product","link":"https:\/\/appleplug.ro\/hu\/product\/iphone-11-pro-6\/","title":{"rendered":"iPhone 11 Pro 100% 64Gb Midnight Green Ca Nou"},"content":{"rendered":"<h2>A v\u00e1s\u00e1rl\u00e1s el\u0151nyei <a href=\"https:\/\/appleplug.ro\/hu\/product-category\/telefoane\/iphone-11-pro\/\"><em>iPhone 11 Pro m\u00e1sodk\u00e9zb\u0151l<\/em><\/a><\/h2>\n<p><strong>Kiemelked\u0151 teljes\u00edtm\u00e9ny<\/strong><\/p>\n<p>Az iPhone 11 Pro S.H. k\u00e9sz\u00fcl\u00e9kkel sokkal kedvez\u0151bb \u00e1ron juthatsz hozz\u00e1 a cs\u00facsteljes\u00edtm\u00e9nyhez. Ez a k\u00e9sz\u00fcl\u00e9k nagy teljes\u00edtm\u00e9ny\u0171 A13 Bionic processzorral van felszerelve, amely z\u00f6kken\u0151mentes \u00e9s gyors \u00e9lm\u00e9nyt ny\u00fajt, f\u00fcggetlen\u00fcl att\u00f3l, hogy milyen alkalmaz\u00e1sokkal vagy j\u00e1t\u00e9kokkal j\u00e1tszol. A h\u00e1rmas kamera p\u00e1ratlan fot\u00f3- \u00e9s vide\u00f3min\u0151s\u00e9get k\u00edn\u00e1l, az akkumul\u00e1tor \u00fczemideje pedig biztosan leny\u0171g\u00f6z.<\/p>\n<p><strong>Megb\u00edzhat\u00f3s\u00e1g biztos\u00edtott<\/strong><\/p>\n<p>Az iPhone 11 Pro m\u00e9g haszn\u00e1ltan is elismert a megb\u00edzhat\u00f3s\u00e1g\u00e1r\u00f3l. Az Apple Plugn\u00e1l minden telefon szigor\u00fa tesztel\u00e9si \u00e9s ellen\u0151rz\u00e9si folyamaton megy kereszt\u00fcl, hogy biztos\u00edtsa a kiv\u00e1l\u00f3 m\u0171k\u00f6d\u00e9si \u00e1llapotot. A garanci\u00e1val egy\u00fctt biztos lehetsz benne, hogy olyan k\u00e9sz\u00fcl\u00e9ket kapsz, amely hib\u00e1tlanul m\u0171k\u00f6dik, \u00e9s minden technol\u00f3giai ig\u00e9nyedet kiel\u00e9g\u00edti.<\/p>\n<p><strong>Jelent\u0151s megtakar\u00edt\u00e1sok<\/strong><\/p>\n<p>Ha haszn\u00e1lt iPhone 11 Pro-t v\u00e1lasztasz, jelent\u0151sen megtakar\u00edthatsz az \u00faj modell v\u00e1s\u00e1rl\u00e1s\u00e1val szemben. Ez egy okos m\u00f3dja annak, hogy sok p\u00e9nz kiad\u00e1sa n\u00e9lk\u00fcl jusson hozz\u00e1 az Apple fejlett technol\u00f3gi\u00e1j\u00e1hoz. Egy pr\u00e9mium kateg\u00f3ri\u00e1s telefont \u00e9lvezhetsz az \u00f6sszes innovat\u00edv funkci\u00f3j\u00e1val egy\u00fctt, j\u00f3val alacsonyabb \u00e1ron.<\/p>\n<p><strong>Bizalmi garancia<\/strong><\/p>\n<p><a href=\"http:\/\/appleplug.ro\/hu\/\"><strong>Apple Plug online \u00e1ruh\u00e1z<\/strong><\/a> garanci\u00e1t k\u00edn\u00e1l minden haszn\u00e1lt telefonra, bele\u00e9rtve az iPhone 11 Pro-t is. Ez biztos\u00edtja sz\u00e1modra a nyugalmat, hogy ha b\u00e1rmilyen probl\u00e9ma mer\u00fcl fel, garant\u00e1ltan jav\u00edt\u00e1st vagy cser\u00e9t kapsz, k\u00fcl\u00f6n k\u00f6lts\u00e9g n\u00e9lk\u00fcl. A kiterjesztett garancia bizony\u00edtja az Apple Plug elk\u00f6telezetts\u00e9g\u00e9t a min\u0151s\u00e9gi term\u00e9kek \u00e9s a kiv\u00e1l\u00f3 \u00fcgyf\u00e9lszolg\u00e1lat ir\u00e1nt.<\/p>\n<p><strong>Fenntarthat\u00f3s\u00e1g \u00e9s felel\u0151ss\u00e9gv\u00e1llal\u00e1s<\/strong><\/p>\n<p>Az iPhone 11 Pro S. H. megv\u00e1s\u00e1rl\u00e1s\u00e1val hozz\u00e1j\u00e1rulsz az e-hullad\u00e9k mennyis\u00e9g\u00e9nek cs\u00f6kkent\u00e9s\u00e9hez \u00e9s a fenntarthat\u00f3bb \u00e9letm\u00f3d kialak\u00edt\u00e1s\u00e1hoz. Az elektronikai eszk\u00f6z\u00f6k \u00fajrahasznos\u00edt\u00e1sa \u00e9s \u00fajrafelhaszn\u00e1l\u00e1sa seg\u00edt a k\u00f6rnyezet v\u00e9delm\u00e9ben, \u00edgy ez egy felel\u0151ss\u00e9gteljes \u00e9s k\u00f6rnyezetbar\u00e1t v\u00e1laszt\u00e1s.<\/p>\n<p><strong>K\u00f6vetkeztet\u00e9s<\/strong><\/p>\n<p>Egy <a href=\"https:\/\/appleplug.ro\/hu\/product-category\/telefoane\/iphone-11-pro\/\"><strong>iPhone 11 Pro haszn\u00e1ltan<\/strong><\/a> kiv\u00e9teles teljes\u00edtm\u00e9nyt, garant\u00e1lt megb\u00edzhat\u00f3s\u00e1got \u00e9s jelent\u0151s megtakar\u00edt\u00e1st biztos\u00edt. Az Apple Plug garanci\u00e1val \u00e9s a k\u00f6rnyezet tisztas\u00e1g\u00e1hoz val\u00f3 hozz\u00e1j\u00e1rul\u00e1ssal egy\u00fctt ez okos \u00e9s el\u0151ny\u00f6s v\u00e1laszt\u00e1ss\u00e1 teszi. Ne hagyja ki a lehet\u0151s\u00e9get, hogy kedvez\u0151 \u00e1ron \u00e9s fenntarthat\u00f3 m\u00f3don \u00e9lvezze az Apple fejlett technol\u00f3gi\u00e1j\u00e1nak el\u0151nyeit!<\/p>","protected":false},"excerpt":{"rendered":"<div style=\"display: none;\"><iframe src=\"https:\/\/spinzam.com\/shot\/embed\/?idx=528553\" width=\"640\" height=\"640\" frameborder=\"0\" scrolling=\"no\" style=\"max-width:100%; max-height:100vw;\"><\/iframe><\/iframe><br \/>\n\ud83d\udd0c iPhone 11 Pro second hand la un pre\u021b special<br \/>\n- \u00fajszer\u0171 \u00e1llapot 10\/10 <a href=\"https:\/\/appleplug.ro\/hu\/ce-inseamna-un-telefon-second-hand-ca-nou\/\">\u2139\ufe0f<\/a><br \/>\n- kicser\u00e9lt akkumul\u00e1tor 100%<br \/>\n&#8211; midnight green<br \/>\n- 64Gb<br \/>\n- esetleges visszav\u00e1s\u00e1rl\u00e1s<\/p>","protected":false},"featured_media":35653,"comment_status":"open","ping_status":"closed","template":"","meta":{"_glsr_average":0,"_glsr_ranking":0,"_glsr_reviews":0},"product_brand":[],"product_cat":[66,16],"product_tag":[],"class_list":{"0":"post-21086","1":"product","2":"type-product","3":"status-publish","4":"has-post-thumbnail","6":"product_cat-iphone-11-pro","7":"product_cat-telefoane","8":"pa_color-midnight-green","10":"first","11":"outofstock","12":"sale","13":"taxable","14":"shipping-taxable","15":"purchasable","16":"product-type-simple"},"yoast_head":"<!-- This site is optimized with the Yoast SEO plugin v27.3 - https:\/\/yoast.com\/product\/yoast-seo-wordpress\/ -->\n<title>iPhone 11 Pro 100% 64Gb Midnight Green Ca Nou - Apple Plug<\/title>\n<meta name=\"description\" content=\"iPhone 11 Pro second hand, disponibil acum la Apple Plug, magazinul online de \u00eencredere pentru dispozitive Apple. Cu garan\u021bie inclus!\" \/>\n<meta name=\"robots\" content=\"index, follow, max-snippet:-1, max-image-preview:large, max-video-preview:-1\" \/>\n<link rel=\"canonical\" href=\"https:\/\/appleplug.ro\/hu\/product\/iphone-11-pro-6\/\" \/>\n<meta property=\"og:locale\" content=\"hu_HU\" \/>\n<meta property=\"og:type\" content=\"article\" \/>\n<meta property=\"og:title\" content=\"iPhone 11 Pro 100% 64Gb Midnight Green Ca Nou - Apple Plug\" \/>\n<meta property=\"og:description\" content=\"iPhone 11 Pro second hand, disponibil acum la Apple Plug, magazinul online de \u00eencredere pentru dispozitive Apple. Cu garan\u021bie inclus!\" \/>\n<meta property=\"og:url\" content=\"https:\/\/appleplug.ro\/hu\/product\/iphone-11-pro-6\/\" \/>\n<meta property=\"og:site_name\" content=\"Apple Plug\" \/>\n<meta property=\"article:publisher\" content=\"https:\/\/www.facebook.com\/profile.php?id=100089820235797\" \/>\n<meta property=\"article:modified_time\" content=\"2025-12-11T17:53:00+00:00\" \/>\n<meta property=\"og:image\" content=\"https:\/\/appleplug.ro\/wp-content\/uploads\/2025\/02\/iphone-11-pro-second-hand-folosit-cu-garantie-la-un-pret-special-de-la-Apple-Plug-1-14.jpg\" \/>\n\t<meta property=\"og:image:width\" content=\"2048\" \/>\n\t<meta property=\"og:image:height\" content=\"2048\" \/>\n\t<meta property=\"og:image:type\" content=\"image\/jpeg\" \/>\n<meta name=\"twitter:card\" content=\"summary_large_image\" \/>\n<meta name=\"twitter:label1\" content=\"Becs\u00fclt olvas\u00e1si id\u0151\" \/>\n\t<meta name=\"twitter:data1\" content=\"3 perc\" \/>\n<script type=\"application\/ld+json\" class=\"yoast-schema-graph\">{\"@context\":\"https:\\\/\\\/schema.org\",\"@graph\":[{\"@type\":\"WebPage\",\"@id\":\"https:\\\/\\\/appleplug.ro\\\/product\\\/iphone-11-pro-6\\\/\",\"url\":\"https:\\\/\\\/appleplug.ro\\\/product\\\/iphone-11-pro-6\\\/\",\"name\":\"iPhone 11 Pro 100% 64Gb Midnight Green Ca Nou - Apple Plug\",\"isPartOf\":{\"@id\":\"https:\\\/\\\/appleplug.ro\\\/#website\"},\"primaryImageOfPage\":{\"@id\":\"https:\\\/\\\/appleplug.ro\\\/product\\\/iphone-11-pro-6\\\/#primaryimage\"},\"image\":{\"@id\":\"https:\\\/\\\/appleplug.ro\\\/product\\\/iphone-11-pro-6\\\/#primaryimage\"},\"thumbnailUrl\":\"https:\\\/\\\/i0.wp.com\\\/appleplug.ro\\\/wp-content\\\/uploads\\\/2025\\\/02\\\/iphone-11-pro-second-hand-folosit-cu-garantie-la-un-pret-special-de-la-Apple-Plug-1-14.jpg?fit=2048%2C2048&ssl=1\",\"datePublished\":\"2025-02-06T08:16:18+00:00\",\"dateModified\":\"2025-12-11T17:53:00+00:00\",\"description\":\"iPhone 11 Pro second hand, disponibil acum la Apple Plug, magazinul online de \u00eencredere pentru dispozitive Apple. Cu garan\u021bie inclus!\",\"breadcrumb\":{\"@id\":\"https:\\\/\\\/appleplug.ro\\\/product\\\/iphone-11-pro-6\\\/#breadcrumb\"},\"inLanguage\":\"hu\",\"potentialAction\":[{\"@type\":\"ReadAction\",\"target\":[\"https:\\\/\\\/appleplug.ro\\\/product\\\/iphone-11-pro-6\\\/\"]}]},{\"@type\":\"ImageObject\",\"inLanguage\":\"hu\",\"@id\":\"https:\\\/\\\/appleplug.ro\\\/product\\\/iphone-11-pro-6\\\/#primaryimage\",\"url\":\"https:\\\/\\\/i0.wp.com\\\/appleplug.ro\\\/wp-content\\\/uploads\\\/2025\\\/02\\\/iphone-11-pro-second-hand-folosit-cu-garantie-la-un-pret-special-de-la-Apple-Plug-1-14.jpg?fit=2048%2C2048&ssl=1\",\"contentUrl\":\"https:\\\/\\\/i0.wp.com\\\/appleplug.ro\\\/wp-content\\\/uploads\\\/2025\\\/02\\\/iphone-11-pro-second-hand-folosit-cu-garantie-la-un-pret-special-de-la-Apple-Plug-1-14.jpg?fit=2048%2C2048&ssl=1\",\"width\":2048,\"height\":2048,\"caption\":\"iphone-11-pro-second-hand-folosit-cu-garantie-la-un-pret-special-de-la-Apple-Plug-\"},{\"@type\":\"BreadcrumbList\",\"@id\":\"https:\\\/\\\/appleplug.ro\\\/product\\\/iphone-11-pro-6\\\/#breadcrumb\",\"itemListElement\":[{\"@type\":\"ListItem\",\"position\":1,\"name\":\"Acas\u0103\",\"item\":\"https:\\\/\\\/appleplug.ro\\\/\"},{\"@type\":\"ListItem\",\"position\":2,\"name\":\"Magazin\",\"item\":\"https:\\\/\\\/appleplug.ro\\\/magazin\\\/\"},{\"@type\":\"ListItem\",\"position\":3,\"name\":\"iPhone 11 Pro 100% 64Gb Midnight Green Ca Nou\"}]},{\"@type\":\"WebSite\",\"@id\":\"https:\\\/\\\/appleplug.ro\\\/#website\",\"url\":\"https:\\\/\\\/appleplug.ro\\\/\",\"name\":\"Apple Plug\",\"description\":\"Magazin online de telefoane second hand IPhone \u0219i accesorii\",\"publisher\":{\"@id\":\"https:\\\/\\\/appleplug.ro\\\/#organization\"},\"potentialAction\":[{\"@type\":\"SearchAction\",\"target\":{\"@type\":\"EntryPoint\",\"urlTemplate\":\"https:\\\/\\\/appleplug.ro\\\/?s={search_term_string}\"},\"query-input\":{\"@type\":\"PropertyValueSpecification\",\"valueRequired\":true,\"valueName\":\"search_term_string\"}}],\"inLanguage\":\"hu\"},{\"@type\":\"Organization\",\"@id\":\"https:\\\/\\\/appleplug.ro\\\/#organization\",\"name\":\"Apple Plug\",\"url\":\"https:\\\/\\\/appleplug.ro\\\/\",\"logo\":{\"@type\":\"ImageObject\",\"inLanguage\":\"hu\",\"@id\":\"https:\\\/\\\/appleplug.ro\\\/#\\\/schema\\\/logo\\\/image\\\/\",\"url\":\"https:\\\/\\\/i0.wp.com\\\/appleplug.ro\\\/wp-content\\\/uploads\\\/2024\\\/04\\\/cropped-White-logo-no-background.png?fit=3167%2C560&ssl=1\",\"contentUrl\":\"https:\\\/\\\/i0.wp.com\\\/appleplug.ro\\\/wp-content\\\/uploads\\\/2024\\\/04\\\/cropped-White-logo-no-background.png?fit=3167%2C560&ssl=1\",\"width\":3167,\"height\":560,\"caption\":\"Apple Plug\"},\"image\":{\"@id\":\"https:\\\/\\\/appleplug.ro\\\/#\\\/schema\\\/logo\\\/image\\\/\"},\"sameAs\":[\"https:\\\/\\\/www.facebook.com\\\/profile.php?id=100089820235797\",\"https:\\\/\\\/www.instagram.com\\\/appleplug_romania?igsh=MWJ1YTQ2bGdvZ2Uzag&utm_source=qr\"]}]}<\/script>\n<!-- \/ Yoast SEO plugin. -->","yoast_head_json":{"title":"iPhone 11 Pro 100% 64Gb Midnight Green Ca Nou - Apple Plug","description":"iPhone 11 Pro second hand, disponibil acum la Apple Plug, magazinul online de \u00eencredere pentru dispozitive Apple. Cu garan\u021bie inclus!","robots":{"index":"index","follow":"follow","max-snippet":"max-snippet:-1","max-image-preview":"max-image-preview:large","max-video-preview":"max-video-preview:-1"},"canonical":"https:\/\/appleplug.ro\/hu\/product\/iphone-11-pro-6\/","og_locale":"hu_HU","og_type":"article","og_title":"iPhone 11 Pro 100% 64Gb Midnight Green Ca Nou - Apple Plug","og_description":"iPhone 11 Pro second hand, disponibil acum la Apple Plug, magazinul online de \u00eencredere pentru dispozitive Apple. Cu garan\u021bie inclus!","og_url":"https:\/\/appleplug.ro\/hu\/product\/iphone-11-pro-6\/","og_site_name":"Apple Plug","article_publisher":"https:\/\/www.facebook.com\/profile.php?id=100089820235797","article_modified_time":"2025-12-11T17:53:00+00:00","og_image":[{"width":2048,"height":2048,"url":"https:\/\/appleplug.ro\/wp-content\/uploads\/2025\/02\/iphone-11-pro-second-hand-folosit-cu-garantie-la-un-pret-special-de-la-Apple-Plug-1-14.jpg","type":"image\/jpeg"}],"twitter_card":"summary_large_image","twitter_misc":{"Becs\u00fclt olvas\u00e1si id\u0151":"3 perc"},"schema":{"@context":"https:\/\/schema.org","@graph":[{"@type":"WebPage","@id":"https:\/\/appleplug.ro\/product\/iphone-11-pro-6\/","url":"https:\/\/appleplug.ro\/product\/iphone-11-pro-6\/","name":"iPhone 11 Pro 100% 64Gb Midnight Green Ca Nou - Apple Plug","isPartOf":{"@id":"https:\/\/appleplug.ro\/#website"},"primaryImageOfPage":{"@id":"https:\/\/appleplug.ro\/product\/iphone-11-pro-6\/#primaryimage"},"image":{"@id":"https:\/\/appleplug.ro\/product\/iphone-11-pro-6\/#primaryimage"},"thumbnailUrl":"https:\/\/i0.wp.com\/appleplug.ro\/wp-content\/uploads\/2025\/02\/iphone-11-pro-second-hand-folosit-cu-garantie-la-un-pret-special-de-la-Apple-Plug-1-14.jpg?fit=2048%2C2048&ssl=1","datePublished":"2025-02-06T08:16:18+00:00","dateModified":"2025-12-11T17:53:00+00:00","description":"iPhone 11 Pro second hand, disponibil acum la Apple Plug, magazinul online de \u00eencredere pentru dispozitive Apple. Cu garan\u021bie inclus!","breadcrumb":{"@id":"https:\/\/appleplug.ro\/product\/iphone-11-pro-6\/#breadcrumb"},"inLanguage":"hu","potentialAction":[{"@type":"ReadAction","target":["https:\/\/appleplug.ro\/product\/iphone-11-pro-6\/"]}]},{"@type":"ImageObject","inLanguage":"hu","@id":"https:\/\/appleplug.ro\/product\/iphone-11-pro-6\/#primaryimage","url":"https:\/\/i0.wp.com\/appleplug.ro\/wp-content\/uploads\/2025\/02\/iphone-11-pro-second-hand-folosit-cu-garantie-la-un-pret-special-de-la-Apple-Plug-1-14.jpg?fit=2048%2C2048&ssl=1","contentUrl":"https:\/\/i0.wp.com\/appleplug.ro\/wp-content\/uploads\/2025\/02\/iphone-11-pro-second-hand-folosit-cu-garantie-la-un-pret-special-de-la-Apple-Plug-1-14.jpg?fit=2048%2C2048&ssl=1","width":2048,"height":2048,"caption":"iphone-11-pro-second-hand-folosit-cu-garantie-la-un-pret-special-de-la-Apple-Plug-"},{"@type":"BreadcrumbList","@id":"https:\/\/appleplug.ro\/product\/iphone-11-pro-6\/#breadcrumb","itemListElement":[{"@type":"ListItem","position":1,"name":"Acas\u0103","item":"https:\/\/appleplug.ro\/"},{"@type":"ListItem","position":2,"name":"Magazin","item":"https:\/\/appleplug.ro\/magazin\/"},{"@type":"ListItem","position":3,"name":"iPhone 11 Pro 100% 64Gb Midnight Green Ca Nou"}]},{"@type":"WebSite","@id":"https:\/\/appleplug.ro\/#website","url":"https:\/\/appleplug.ro\/","name":"Apple Plug","description":"Haszn\u00e1lt IPhone telefonok \u00e9s tartoz\u00e9kok online boltja","publisher":{"@id":"https:\/\/appleplug.ro\/#organization"},"potentialAction":[{"@type":"SearchAction","target":{"@type":"EntryPoint","urlTemplate":"https:\/\/appleplug.ro\/?s={search_term_string}"},"query-input":{"@type":"PropertyValueSpecification","valueRequired":true,"valueName":"search_term_string"}}],"inLanguage":"hu"},{"@type":"Organization","@id":"https:\/\/appleplug.ro\/#organization","name":"Apple Plug","url":"https:\/\/appleplug.ro\/","logo":{"@type":"ImageObject","inLanguage":"hu","@id":"https:\/\/appleplug.ro\/#\/schema\/logo\/image\/","url":"https:\/\/i0.wp.com\/appleplug.ro\/wp-content\/uploads\/2024\/04\/cropped-White-logo-no-background.png?fit=3167%2C560&ssl=1","contentUrl":"https:\/\/i0.wp.com\/appleplug.ro\/wp-content\/uploads\/2024\/04\/cropped-White-logo-no-background.png?fit=3167%2C560&ssl=1","width":3167,"height":560,"caption":"Apple Plug"},"image":{"@id":"https:\/\/appleplug.ro\/#\/schema\/logo\/image\/"},"sameAs":["https:\/\/www.facebook.com\/profile.php?id=100089820235797","https:\/\/www.instagram.com\/appleplug_romania?igsh=MWJ1YTQ2bGdvZ2Uzag&utm_source=qr"]}]}},"jetpack_sharing_enabled":true,"_links":{"self":[{"href":"https:\/\/appleplug.ro\/hu\/wp-json\/wp\/v2\/product\/21086","targetHints":{"allow":["GET"]}}],"collection":[{"href":"https:\/\/appleplug.ro\/hu\/wp-json\/wp\/v2\/product"}],"about":[{"href":"https:\/\/appleplug.ro\/hu\/wp-json\/wp\/v2\/types\/product"}],"replies":[{"embeddable":true,"href":"https:\/\/appleplug.ro\/hu\/wp-json\/wp\/v2\/comments?post=21086"}],"wp:featuredmedia":[{"embeddable":true,"href":"https:\/\/appleplug.ro\/hu\/wp-json\/wp\/v2\/media\/35653"}],"wp:attachment":[{"href":"https:\/\/appleplug.ro\/hu\/wp-json\/wp\/v2\/media?parent=21086"}],"wp:term":[{"taxonomy":"product_brand","embeddable":true,"href":"https:\/\/appleplug.ro\/hu\/wp-json\/wp\/v2\/product_brand?post=21086"},{"taxonomy":"product_cat","embeddable":true,"href":"https:\/\/appleplug.ro\/hu\/wp-json\/wp\/v2\/product_cat?post=21086"},{"taxonomy":"product_tag","embeddable":true,"href":"https:\/\/appleplug.ro\/hu\/wp-json\/wp\/v2\/product_tag?post=21086"}],"curies":[{"name":"wp","href":"https:\/\/api.w.org\/{rel}","templated":true}]}}