{"id":20193,"date":"2025-01-14T17:19:17","date_gmt":"2025-01-14T15:19:17","guid":{"rendered":"https:\/\/appleplug.ro\/?post_type=product&#038;p=20193"},"modified":"2025-08-29T10:15:12","modified_gmt":"2025-08-29T07:15:12","slug":"samsung-galaxy-s24-ultra-256","status":"publish","type":"product","link":"https:\/\/appleplug.ro\/hu\/product\/samsung-galaxy-s24-ultra-256\/","title":{"rendered":"Samsung Galaxy S24 Ultra 256Gb Titanium Violet Excelent\u0103"},"content":{"rendered":"<p><strong>Fedezze fel a cs\u00facstechnol\u00f3gi\u00e1t k\u00fcl\u00f6nleges \u00e1ron a <a href=\"https:\/\/appleplug.ro\/hu\/product-category\/telefoane\/samsung\/\"><em>Samsung Galaxy S24 Ultra haszn\u00e1lt<\/em><\/a>, El\u00e9rhet\u0151 most az Apple Plug \u00e1ruh\u00e1zban<\/strong><\/p>\n<p>A Samsung Galaxy S24 Ultra S.H. m\u00e1r kaphat\u00f3 az Apple Plug, a min\u0151s\u00e9gi mobilk\u00e9sz\u00fcl\u00e9kek megb\u00edzhat\u00f3 online \u00e1ruh\u00e1z\u00e1ban. A garanci\u00e1val egy\u00fctt biztos lehet benne, hogy kiv\u00e1l\u00f3 \u00e1llapotban l\u00e9v\u0151, kiv\u00e1l\u00f3 teljes\u00edtm\u00e9ny\u0171 term\u00e9ket kap.<\/p>\n<p><strong>A Samsung Galaxy S24 Ultra S. H. megv\u00e1s\u00e1rl\u00e1s\u00e1nak el\u0151nyei.<\/strong><\/p>\n<p><strong>Kiv\u00e9teles teljes\u00edtm\u00e9ny<\/strong><\/p>\n<p>Ha egy haszn\u00e1lt Samsung Galaxy S24 Ultra mellett d\u00f6nt, akkor megfizethet\u0151bb \u00e1ron \u00e9lvezheti a cs\u00facsteljes\u00edtm\u00e9nyt. Ez az okostelefon tov\u00e1bbra is gyors \u00e9s kiel\u00e9g\u00edt\u0151 \u00e9lm\u00e9nyt ny\u00fajt, \u00edgy t\u00f6k\u00e9letesen megfelel minden digit\u00e1lis ig\u00e9nyednek, a t\u00f6bbfeladatos munkav\u00e9gz\u00e9st\u0151l kezdve a j\u00e1t\u00e9kokon \u00e1t a f\u00e9nyk\u00e9pez\u00e9sig.<\/p>\n<p><strong>Legjobb megb\u00edzhat\u00f3s\u00e1g<\/strong><\/p>\n<p>A Samsung Galaxy S24 Ultra m\u00e9g haszn\u00e1lt k\u00e9sz\u00fcl\u00e9kk\u00e9nt is elismert a megb\u00edzhat\u00f3s\u00e1g\u00e1r\u00f3l. Az Apple Plug minden telefont gondosan ellen\u0151riz, \u00e9s a mell\u00e9kelt garanci\u00e1val biztos\u00edtja, hogy kifog\u00e1stalan \u00e1llapot\u00fa term\u00e9ket kapjon.<\/p>\n<p><strong>Jelent\u0151s megtakar\u00edt\u00e1sok<\/strong><\/p>\n<p>Haszn\u00e1lt Samsung Galaxy S24 Ultra v\u00e1s\u00e1rl\u00e1s\u00e1val jelent\u0151s p\u00e9nzt takar\u00edthat meg an\u00e9lk\u00fcl, hogy a min\u0151s\u00e9g vagy a teljes\u00edtm\u00e9ny rov\u00e1s\u00e1ra menne. Ez egy okos m\u00f3dja annak, hogy hozz\u00e1f\u00e9rjen a Samsung cs\u00facstechnol\u00f3gi\u00e1j\u00e1hoz an\u00e9lk\u00fcl, hogy kifizetn\u00e9 egy \u00faj k\u00e9sz\u00fcl\u00e9k teljes \u00e1r\u00e1t.<\/p>\n<p><strong>Garancia tartalmazza<\/strong><\/p>\n<p><a href=\"http:\/\/appleplug.ro\/hu\/\"><strong>Apple Plug online \u00e1ruh\u00e1z<\/strong><\/a> garanci\u00e1t v\u00e1llal minden haszn\u00e1lt k\u00e9sz\u00fcl\u00e9kre, bele\u00e9rtve a Samsung Galaxy S24 Ultra k\u00e9sz\u00fcl\u00e9ket is. Ez biztos\u00edtja \u00d6nnek a nyugalmat, hogy v\u00e1s\u00e1rl\u00e1sa v\u00e9dett, \u00e9s hogy b\u00e1rmilyen probl\u00e9ma eset\u00e9n sz\u00e1m\u00edthat a felk\u00edn\u00e1lt t\u00e1mogat\u00e1sra.<\/p>\n<p><strong>K\u00f6vetkeztet\u00e9s<\/strong><\/p>\n<p>A Samsung Galaxy S24 Ultra S.H. megb\u00edzhat\u00f3 k\u00e9sz\u00fcl\u00e9ket kap megfizethet\u0151 \u00e1ron, nagyszer\u0171 teljes\u00edtm\u00e9nnyel \u00e9s kiv\u00e1l\u00f3 felhaszn\u00e1l\u00f3i \u00e9lm\u00e9nnyel. Ne hagyd ki a lehet\u0151s\u00e9get, hogy kihaszn\u00e1ld ezt az aj\u00e1nlatot, \u00e9s \u00e9lvezd a Samsung technol\u00f3gi\u00e1t k\u00e9nyelmes \u00e9s k\u00f6lts\u00e9ghat\u00e9kony m\u00f3don!<\/p>\n<p>Tapasztalja meg a Samsung design innov\u00e1ci\u00f3j\u00e1t \u00e9s eleganci\u00e1j\u00e1t a <a href=\"https:\/\/appleplug.ro\/hu\/product-category\/telefoane\/samsung\/\"><strong>Samsung Galaxy S24 Ultra haszn\u00e1lt k\u00e9zb\u0151l<\/strong><\/a> az Apple Plug-t\u00f3l. Haszn\u00e1lja ki ezt az akci\u00f3t most, \u00e9s szerezzen be egy kiv\u00e1l\u00f3 min\u0151s\u00e9g\u0171 k\u00e9sz\u00fcl\u00e9ket kedvez\u0151 \u00e1ron!<\/p>","protected":false},"excerpt":{"rendered":"<div style=\"display: none\"><\/div>\n<p>\ud83d\udd0c Samsung Galaxy S24 Ultra<br \/>\n- kiv\u00e1l\u00f3 \u00e1llapot 9,5\/10<br \/>\n&#8211; 256GB\/12Gb<br \/>\n&#8211; titanium violet<br \/>\n- esetleges visszav\u00e1s\u00e1rl\u00e1s<\/p>","protected":false},"featured_media":28729,"comment_status":"open","ping_status":"closed","template":"","meta":{"_glsr_average":0,"_glsr_ranking":0,"_glsr_reviews":0},"product_brand":[],"product_cat":[78,110],"product_tag":[],"class_list":{"0":"post-20193","1":"product","2":"type-product","3":"status-publish","4":"has-post-thumbnail","6":"product_cat-samsung","7":"product_cat-telefoane-android","9":"first","10":"outofstock","11":"sale","12":"taxable","13":"shipping-taxable","14":"purchasable","15":"product-type-simple"},"yoast_head":"<!-- This site is optimized with the Yoast SEO plugin v27.4 - https:\/\/yoast.com\/product\/yoast-seo-wordpress\/ -->\n<title>Samsung Galaxy S24 Ultra 256Gb Titanium Violet Excelent\u0103 - Apple Plug<\/title>\n<meta name=\"description\" content=\"Samsung Galaxy S24 Ultra second hand, disponibil acum la Apple Plug, magazinul online de \u00eencredere pentru dispozitive Apple. Cu garan\u021bie inclus!\" \/>\n<meta name=\"robots\" content=\"index, follow, max-snippet:-1, max-image-preview:large, max-video-preview:-1\" \/>\n<link rel=\"canonical\" href=\"https:\/\/appleplug.ro\/hu\/product\/samsung-galaxy-s24-ultra-256\/\" \/>\n<meta property=\"og:locale\" content=\"hu_HU\" \/>\n<meta property=\"og:type\" content=\"article\" \/>\n<meta property=\"og:title\" content=\"Samsung Galaxy S24 Ultra 256Gb Titanium Violet Excelent\u0103 - Apple Plug\" \/>\n<meta property=\"og:description\" content=\"Samsung Galaxy S24 Ultra second hand, disponibil acum la Apple Plug, magazinul online de \u00eencredere pentru dispozitive Apple. Cu garan\u021bie inclus!\" \/>\n<meta property=\"og:url\" content=\"https:\/\/appleplug.ro\/hu\/product\/samsung-galaxy-s24-ultra-256\/\" \/>\n<meta property=\"og:site_name\" content=\"Apple Plug\" \/>\n<meta property=\"article:publisher\" content=\"https:\/\/www.facebook.com\/profile.php?id=100089820235797\" \/>\n<meta property=\"article:modified_time\" content=\"2025-08-29T07:15:12+00:00\" \/>\n<meta property=\"og:image\" content=\"https:\/\/i0.wp.com\/appleplug.ro\/wp-content\/uploads\/2025\/01\/samsung-galaxy-s24-ultra-second-hand-folosit-cu-garantie-la-un-pret-special-de-la-Apple-Plug-3.jpg?fit=2000%2C2000&ssl=1\" \/>\n\t<meta property=\"og:image:width\" content=\"2000\" \/>\n\t<meta property=\"og:image:height\" content=\"2000\" \/>\n\t<meta property=\"og:image:type\" content=\"image\/jpeg\" \/>\n<meta name=\"twitter:card\" content=\"summary_large_image\" \/>\n<meta name=\"twitter:label1\" content=\"Becs\u00fclt olvas\u00e1si id\u0151\" \/>\n\t<meta name=\"twitter:data1\" content=\"2 perc\" \/>\n<script type=\"application\/ld+json\" class=\"yoast-schema-graph\">{\"@context\":\"https:\\\/\\\/schema.org\",\"@graph\":[{\"@type\":\"WebPage\",\"@id\":\"https:\\\/\\\/appleplug.ro\\\/product\\\/samsung-galaxy-s24-ultra-256\\\/\",\"url\":\"https:\\\/\\\/appleplug.ro\\\/product\\\/samsung-galaxy-s24-ultra-256\\\/\",\"name\":\"Samsung Galaxy S24 Ultra 256Gb Titanium Violet Excelent\u0103 - Apple Plug\",\"isPartOf\":{\"@id\":\"https:\\\/\\\/appleplug.ro\\\/#website\"},\"primaryImageOfPage\":{\"@id\":\"https:\\\/\\\/appleplug.ro\\\/product\\\/samsung-galaxy-s24-ultra-256\\\/#primaryimage\"},\"image\":{\"@id\":\"https:\\\/\\\/appleplug.ro\\\/product\\\/samsung-galaxy-s24-ultra-256\\\/#primaryimage\"},\"thumbnailUrl\":\"https:\\\/\\\/i0.wp.com\\\/appleplug.ro\\\/wp-content\\\/uploads\\\/2025\\\/01\\\/samsung-galaxy-s24-ultra-second-hand-folosit-cu-garantie-la-un-pret-special-de-la-Apple-Plug-3.jpg?fit=2000%2C2000&ssl=1\",\"datePublished\":\"2025-01-14T15:19:17+00:00\",\"dateModified\":\"2025-08-29T07:15:12+00:00\",\"description\":\"Samsung Galaxy S24 Ultra second hand, disponibil acum la Apple Plug, magazinul online de \u00eencredere pentru dispozitive Apple. Cu garan\u021bie inclus!\",\"breadcrumb\":{\"@id\":\"https:\\\/\\\/appleplug.ro\\\/product\\\/samsung-galaxy-s24-ultra-256\\\/#breadcrumb\"},\"inLanguage\":\"hu\",\"potentialAction\":[{\"@type\":\"ReadAction\",\"target\":[\"https:\\\/\\\/appleplug.ro\\\/product\\\/samsung-galaxy-s24-ultra-256\\\/\"]}]},{\"@type\":\"ImageObject\",\"inLanguage\":\"hu\",\"@id\":\"https:\\\/\\\/appleplug.ro\\\/product\\\/samsung-galaxy-s24-ultra-256\\\/#primaryimage\",\"url\":\"https:\\\/\\\/i0.wp.com\\\/appleplug.ro\\\/wp-content\\\/uploads\\\/2025\\\/01\\\/samsung-galaxy-s24-ultra-second-hand-folosit-cu-garantie-la-un-pret-special-de-la-Apple-Plug-3.jpg?fit=2000%2C2000&ssl=1\",\"contentUrl\":\"https:\\\/\\\/i0.wp.com\\\/appleplug.ro\\\/wp-content\\\/uploads\\\/2025\\\/01\\\/samsung-galaxy-s24-ultra-second-hand-folosit-cu-garantie-la-un-pret-special-de-la-Apple-Plug-3.jpg?fit=2000%2C2000&ssl=1\",\"width\":2000,\"height\":2000,\"caption\":\"samsung-galaxy-s24-ultra-second-hand-folosit-cu-garantie-la-un-pret-special-de-la-Apple-Plug-\"},{\"@type\":\"BreadcrumbList\",\"@id\":\"https:\\\/\\\/appleplug.ro\\\/product\\\/samsung-galaxy-s24-ultra-256\\\/#breadcrumb\",\"itemListElement\":[{\"@type\":\"ListItem\",\"position\":1,\"name\":\"Acas\u0103\",\"item\":\"https:\\\/\\\/appleplug.ro\\\/\"},{\"@type\":\"ListItem\",\"position\":2,\"name\":\"Magazin\",\"item\":\"https:\\\/\\\/appleplug.ro\\\/magazin\\\/\"},{\"@type\":\"ListItem\",\"position\":3,\"name\":\"Samsung Galaxy S24 Ultra 256Gb Titanium Violet Excelent\u0103\"}]},{\"@type\":\"WebSite\",\"@id\":\"https:\\\/\\\/appleplug.ro\\\/#website\",\"url\":\"https:\\\/\\\/appleplug.ro\\\/\",\"name\":\"Apple Plug\",\"description\":\"Magazin online de telefoane second hand IPhone \u0219i accesorii\",\"publisher\":{\"@id\":\"https:\\\/\\\/appleplug.ro\\\/#organization\"},\"potentialAction\":[{\"@type\":\"SearchAction\",\"target\":{\"@type\":\"EntryPoint\",\"urlTemplate\":\"https:\\\/\\\/appleplug.ro\\\/?s={search_term_string}\"},\"query-input\":{\"@type\":\"PropertyValueSpecification\",\"valueRequired\":true,\"valueName\":\"search_term_string\"}}],\"inLanguage\":\"hu\"},{\"@type\":\"Organization\",\"@id\":\"https:\\\/\\\/appleplug.ro\\\/#organization\",\"name\":\"Apple Plug\",\"url\":\"https:\\\/\\\/appleplug.ro\\\/\",\"logo\":{\"@type\":\"ImageObject\",\"inLanguage\":\"hu\",\"@id\":\"https:\\\/\\\/appleplug.ro\\\/#\\\/schema\\\/logo\\\/image\\\/\",\"url\":\"https:\\\/\\\/i0.wp.com\\\/appleplug.ro\\\/wp-content\\\/uploads\\\/2024\\\/04\\\/cropped-White-logo-no-background.png?fit=3167%2C560&ssl=1\",\"contentUrl\":\"https:\\\/\\\/i0.wp.com\\\/appleplug.ro\\\/wp-content\\\/uploads\\\/2024\\\/04\\\/cropped-White-logo-no-background.png?fit=3167%2C560&ssl=1\",\"width\":3167,\"height\":560,\"caption\":\"Apple Plug\"},\"image\":{\"@id\":\"https:\\\/\\\/appleplug.ro\\\/#\\\/schema\\\/logo\\\/image\\\/\"},\"sameAs\":[\"https:\\\/\\\/www.facebook.com\\\/profile.php?id=100089820235797\",\"https:\\\/\\\/www.instagram.com\\\/appleplug_romania?igsh=MWJ1YTQ2bGdvZ2Uzag&utm_source=qr\"]}]}<\/script>\n<!-- \/ Yoast SEO plugin. -->","yoast_head_json":{"title":"Samsung Galaxy S24 Ultra 256Gb Titanium Violet Excelent\u0103 - Apple Plug","description":"Samsung Galaxy S24 Ultra second hand, disponibil acum la Apple Plug, magazinul online de \u00eencredere pentru dispozitive Apple. Cu garan\u021bie inclus!","robots":{"index":"index","follow":"follow","max-snippet":"max-snippet:-1","max-image-preview":"max-image-preview:large","max-video-preview":"max-video-preview:-1"},"canonical":"https:\/\/appleplug.ro\/hu\/product\/samsung-galaxy-s24-ultra-256\/","og_locale":"hu_HU","og_type":"article","og_title":"Samsung Galaxy S24 Ultra 256Gb Titanium Violet Excelent\u0103 - Apple Plug","og_description":"Samsung Galaxy S24 Ultra second hand, disponibil acum la Apple Plug, magazinul online de \u00eencredere pentru dispozitive Apple. Cu garan\u021bie inclus!","og_url":"https:\/\/appleplug.ro\/hu\/product\/samsung-galaxy-s24-ultra-256\/","og_site_name":"Apple Plug","article_publisher":"https:\/\/www.facebook.com\/profile.php?id=100089820235797","article_modified_time":"2025-08-29T07:15:12+00:00","og_image":[{"width":2000,"height":2000,"url":"https:\/\/i0.wp.com\/appleplug.ro\/wp-content\/uploads\/2025\/01\/samsung-galaxy-s24-ultra-second-hand-folosit-cu-garantie-la-un-pret-special-de-la-Apple-Plug-3.jpg?fit=2000%2C2000&ssl=1","type":"image\/jpeg"}],"twitter_card":"summary_large_image","twitter_misc":{"Becs\u00fclt olvas\u00e1si id\u0151":"2 perc"},"schema":{"@context":"https:\/\/schema.org","@graph":[{"@type":"WebPage","@id":"https:\/\/appleplug.ro\/product\/samsung-galaxy-s24-ultra-256\/","url":"https:\/\/appleplug.ro\/product\/samsung-galaxy-s24-ultra-256\/","name":"Samsung Galaxy S24 Ultra 256Gb Titanium Violet Excelent\u0103 - Apple Plug","isPartOf":{"@id":"https:\/\/appleplug.ro\/#website"},"primaryImageOfPage":{"@id":"https:\/\/appleplug.ro\/product\/samsung-galaxy-s24-ultra-256\/#primaryimage"},"image":{"@id":"https:\/\/appleplug.ro\/product\/samsung-galaxy-s24-ultra-256\/#primaryimage"},"thumbnailUrl":"https:\/\/i0.wp.com\/appleplug.ro\/wp-content\/uploads\/2025\/01\/samsung-galaxy-s24-ultra-second-hand-folosit-cu-garantie-la-un-pret-special-de-la-Apple-Plug-3.jpg?fit=2000%2C2000&ssl=1","datePublished":"2025-01-14T15:19:17+00:00","dateModified":"2025-08-29T07:15:12+00:00","description":"Samsung Galaxy S24 Ultra second hand, disponibil acum la Apple Plug, magazinul online de \u00eencredere pentru dispozitive Apple. Cu garan\u021bie inclus!","breadcrumb":{"@id":"https:\/\/appleplug.ro\/product\/samsung-galaxy-s24-ultra-256\/#breadcrumb"},"inLanguage":"hu","potentialAction":[{"@type":"ReadAction","target":["https:\/\/appleplug.ro\/product\/samsung-galaxy-s24-ultra-256\/"]}]},{"@type":"ImageObject","inLanguage":"hu","@id":"https:\/\/appleplug.ro\/product\/samsung-galaxy-s24-ultra-256\/#primaryimage","url":"https:\/\/i0.wp.com\/appleplug.ro\/wp-content\/uploads\/2025\/01\/samsung-galaxy-s24-ultra-second-hand-folosit-cu-garantie-la-un-pret-special-de-la-Apple-Plug-3.jpg?fit=2000%2C2000&ssl=1","contentUrl":"https:\/\/i0.wp.com\/appleplug.ro\/wp-content\/uploads\/2025\/01\/samsung-galaxy-s24-ultra-second-hand-folosit-cu-garantie-la-un-pret-special-de-la-Apple-Plug-3.jpg?fit=2000%2C2000&ssl=1","width":2000,"height":2000,"caption":"samsung-galaxy-s24-ultra-second-hand-folosit-cu-garantie-la-un-pret-special-de-la-Apple-Plug-"},{"@type":"BreadcrumbList","@id":"https:\/\/appleplug.ro\/product\/samsung-galaxy-s24-ultra-256\/#breadcrumb","itemListElement":[{"@type":"ListItem","position":1,"name":"Acas\u0103","item":"https:\/\/appleplug.ro\/"},{"@type":"ListItem","position":2,"name":"Magazin","item":"https:\/\/appleplug.ro\/magazin\/"},{"@type":"ListItem","position":3,"name":"Samsung Galaxy S24 Ultra 256Gb Titanium Violet Excelent\u0103"}]},{"@type":"WebSite","@id":"https:\/\/appleplug.ro\/#website","url":"https:\/\/appleplug.ro\/","name":"Apple Plug","description":"Haszn\u00e1lt IPhone telefonok \u00e9s tartoz\u00e9kok online boltja","publisher":{"@id":"https:\/\/appleplug.ro\/#organization"},"potentialAction":[{"@type":"SearchAction","target":{"@type":"EntryPoint","urlTemplate":"https:\/\/appleplug.ro\/?s={search_term_string}"},"query-input":{"@type":"PropertyValueSpecification","valueRequired":true,"valueName":"search_term_string"}}],"inLanguage":"hu"},{"@type":"Organization","@id":"https:\/\/appleplug.ro\/#organization","name":"Apple Plug","url":"https:\/\/appleplug.ro\/","logo":{"@type":"ImageObject","inLanguage":"hu","@id":"https:\/\/appleplug.ro\/#\/schema\/logo\/image\/","url":"https:\/\/i0.wp.com\/appleplug.ro\/wp-content\/uploads\/2024\/04\/cropped-White-logo-no-background.png?fit=3167%2C560&ssl=1","contentUrl":"https:\/\/i0.wp.com\/appleplug.ro\/wp-content\/uploads\/2024\/04\/cropped-White-logo-no-background.png?fit=3167%2C560&ssl=1","width":3167,"height":560,"caption":"Apple Plug"},"image":{"@id":"https:\/\/appleplug.ro\/#\/schema\/logo\/image\/"},"sameAs":["https:\/\/www.facebook.com\/profile.php?id=100089820235797","https:\/\/www.instagram.com\/appleplug_romania?igsh=MWJ1YTQ2bGdvZ2Uzag&utm_source=qr"]}]}},"jetpack_sharing_enabled":true,"_links":{"self":[{"href":"https:\/\/appleplug.ro\/hu\/wp-json\/wp\/v2\/product\/20193","targetHints":{"allow":["GET"]}}],"collection":[{"href":"https:\/\/appleplug.ro\/hu\/wp-json\/wp\/v2\/product"}],"about":[{"href":"https:\/\/appleplug.ro\/hu\/wp-json\/wp\/v2\/types\/product"}],"replies":[{"embeddable":true,"href":"https:\/\/appleplug.ro\/hu\/wp-json\/wp\/v2\/comments?post=20193"}],"wp:featuredmedia":[{"embeddable":true,"href":"https:\/\/appleplug.ro\/hu\/wp-json\/wp\/v2\/media\/28729"}],"wp:attachment":[{"href":"https:\/\/appleplug.ro\/hu\/wp-json\/wp\/v2\/media?parent=20193"}],"wp:term":[{"taxonomy":"product_brand","embeddable":true,"href":"https:\/\/appleplug.ro\/hu\/wp-json\/wp\/v2\/product_brand?post=20193"},{"taxonomy":"product_cat","embeddable":true,"href":"https:\/\/appleplug.ro\/hu\/wp-json\/wp\/v2\/product_cat?post=20193"},{"taxonomy":"product_tag","embeddable":true,"href":"https:\/\/appleplug.ro\/hu\/wp-json\/wp\/v2\/product_tag?post=20193"}],"curies":[{"name":"wp","href":"https:\/\/api.w.org\/{rel}","templated":true}]}}