{"id":20082,"date":"2025-01-09T23:08:09","date_gmt":"2025-01-09T21:08:09","guid":{"rendered":"https:\/\/appleplug.ro\/?post_type=product&#038;p=20082"},"modified":"2025-07-13T10:29:50","modified_gmt":"2025-07-13T07:29:50","slug":"iphone-x-silver","status":"publish","type":"product","link":"https:\/\/appleplug.ro\/hu\/product\/iphone-x-silver\/","title":{"rendered":"iPhone X 100% 256Gb Silver Foarte Bun"},"content":{"rendered":"<h3 class=\"title\" data-v-91da3d00=\"\">M\u0171szaki adatok<\/h3>\n<ul class=\"list-unstyled specs-container all-specs\" data-v-91da3d00=\"\">\n<li class=\"flex-column flex-lg-row spec d-flex\" data-v-91da3d00=\"\">\n<h5 class=\"spec-title\" data-v-91da3d00=\"\">SIM-helyek<\/h5>\n<ul class=\"specs-list list-inline list-unstyled d-inline\" data-v-91da3d00=\"\">\n<li class=\"list-inline-item\" data-v-91da3d00=\"\">Egyetlen SIM-k\u00e1rtya<\/li>\n<li class=\"flex-column flex-lg-row spec d-flex\" data-v-91da3d00=\"\">\n<h5 class=\"spec-title\" data-v-91da3d00=\"\">SIM-t\u00edpus<\/h5>\n<ul class=\"specs-list list-inline list-unstyled d-inline\" data-v-91da3d00=\"\">\n<li class=\"list-inline-item\" data-v-91da3d00=\"\">Nano-SIM, Electronic SIM card (eSIM)<\/li>\n<li class=\"flex-column flex-lg-row spec d-flex\" data-v-91da3d00=\"\">\n<h5 class=\"spec-title\" data-v-91da3d00=\"\">RAM mem\u00f3ria<\/h5>\n<ul class=\"specs-list list-inline list-unstyled d-inline\" data-v-91da3d00=\"\">\n<li class=\"list-inline-item\" data-v-91da3d00=\"\">4 GB<\/li>\n<li class=\"flex-column flex-lg-row spec d-flex\" data-v-91da3d00=\"\">\n<h5 class=\"spec-title\" data-v-91da3d00=\"\">Bels\u0151 mem\u00f3ria<\/h5>\n<ul class=\"specs-list list-inline list-unstyled d-inline\" data-v-91da3d00=\"\">\n<li class=\"list-inline-item\" data-v-91da3d00=\"\">256 GB<\/li>\n<li class=\"flex-column flex-lg-row spec d-flex\" data-v-91da3d00=\"\">\n<h5 class=\"spec-title\" data-v-91da3d00=\"\">Micro-SD t\u00e1mogat\u00e1s<\/h5>\n<ul class=\"specs-list list-inline list-unstyled d-inline\" data-v-91da3d00=\"\">\n<li class=\"list-inline-item\" data-v-91da3d00=\"\">Nem<\/li>\n<li class=\"flex-column flex-lg-row spec d-flex\" data-v-91da3d00=\"\">\n<h5 class=\"spec-title\" data-v-91da3d00=\"\">Processzor modell<\/h5>\n<ul class=\"specs-list list-inline list-unstyled d-inline\" data-v-91da3d00=\"\">\n<li class=\"list-inline-item\" data-v-91da3d00=\"\">Hexa-core<\/li>\n<li class=\"flex-column flex-lg-row spec d-flex\" data-v-91da3d00=\"\">\n<h5 class=\"spec-title\" data-v-91da3d00=\"\">Frekvencia processzor<\/h5>\n<ul class=\"specs-list list-inline list-unstyled d-inline\" data-v-91da3d00=\"\">\n<li class=\"list-inline-item\" data-v-91da3d00=\"\">2&#215;2.5 GHz Vortex + 4&#215;1.6 GHz Tempest<\/li>\n<li class=\"flex-column flex-lg-row spec d-flex\" data-v-91da3d00=\"\">\n<h5 class=\"spec-title\" data-v-91da3d00=\"\">Oper\u00e1ci\u00f3s rendszer<\/h5>\n<ul class=\"specs-list list-inline list-unstyled d-inline\" data-v-91da3d00=\"\">\n<li class=\"list-inline-item\" data-v-91da3d00=\"\">iOS 16<\/li>\n<li class=\"flex-column flex-lg-row spec d-flex\" data-v-91da3d00=\"\">\n<h5 class=\"spec-title\" data-v-91da3d00=\"\">F\u0151 fogad\u00e1s kijelz\u0151<\/h5>\n<ul class=\"specs-list list-inline list-unstyled d-inline\" data-v-91da3d00=\"\">\n<li class=\"list-inline-item\" data-v-91da3d00=\"\">Super Retina OLED capacitive touchscreen, 16M culori<\/li>\n<li class=\"flex-column flex-lg-row spec d-flex\" data-v-91da3d00=\"\">\n<h5 class=\"spec-title\" data-v-91da3d00=\"\">Felbont\u00e1s (pixel)<\/h5>\n<ul class=\"specs-list list-inline list-unstyled d-inline\" data-v-91da3d00=\"\">\n<li class=\"list-inline-item\" data-v-91da3d00=\"\">1242 x 2688<\/li>\n<li class=\"flex-column flex-lg-row spec d-flex\" data-v-91da3d00=\"\">\n<h5 class=\"spec-title\" data-v-91da3d00=\"\">Kik\u00f6t\u0151k<\/h5>\n<ul class=\"specs-list list-inline list-unstyled d-inline\" data-v-91da3d00=\"\">\n<li class=\"list-inline-item\" data-v-91da3d00=\"\">Fara Jack<\/li>\n<li class=\"flex-column flex-lg-row spec d-flex\" data-v-91da3d00=\"\">\n<h5 class=\"spec-title\" data-v-91da3d00=\"\">Bluetooth<\/h5>\n<ul class=\"specs-list list-inline list-unstyled d-inline\" data-v-91da3d00=\"\">\n<li class=\"list-inline-item\" data-v-91da3d00=\"\">A  c\u00edmr\u0151l<\/li>\n<li class=\"flex-column flex-lg-row spec d-flex\" data-v-91da3d00=\"\">\n<h5 class=\"spec-title\" data-v-91da3d00=\"\">WiFi<\/h5>\n<ul class=\"specs-list list-inline list-unstyled d-inline\" data-v-91da3d00=\"\">\n<li class=\"list-inline-item\" data-v-91da3d00=\"\">A  c\u00edmr\u0151l<\/li>\n<li class=\"flex-column flex-lg-row spec d-flex\" data-v-91da3d00=\"\">\n<h5 class=\"spec-title\" data-v-91da3d00=\"\">NFC<\/h5>\n<ul class=\"specs-list list-inline list-unstyled d-inline\" data-v-91da3d00=\"\">\n<li class=\"list-inline-item\" data-v-91da3d00=\"\">A  c\u00edmr\u0151l<\/li>\n<li class=\"flex-column flex-lg-row spec d-flex\" data-v-91da3d00=\"\">\n<h5 class=\"spec-title\" data-v-91da3d00=\"\">Akkumul\u00e1tor<\/h5>\n<ul class=\"specs-list list-inline list-unstyled d-inline\" data-v-91da3d00=\"\">\n<li class=\"list-inline-item\" data-v-91da3d00=\"\">Li-Ion 3174 mAh<\/li>\n<li class=\"flex-column flex-lg-row spec d-flex\" data-v-91da3d00=\"\">\n<h5 class=\"spec-title\" data-v-91da3d00=\"\">H\u00e1ts\u00f3 kamera<\/h5>\n<ul class=\"specs-list list-inline list-unstyled d-inline\" data-v-91da3d00=\"\">\n<li class=\"list-inline-item\" data-v-91da3d00=\"\">Kett\u0151s kamera<span class=\"comma\" data-v-91da3d00=\"\">,<\/span><\/li>\n<li class=\"list-inline-item\" data-v-91da3d00=\"\">12 MP, f\/1.8, 26mm<span class=\"comma\" data-v-91da3d00=\"\">,<\/span><\/li>\n<li class=\"list-inline-item\" data-v-91da3d00=\"\">12 MP, f\/2.4, 52mm, 2x zoom optic<\/li>\n<li class=\"flex-column flex-lg-row spec d-flex\" data-v-91da3d00=\"\">\n<h5 class=\"spec-title\" data-v-91da3d00=\"\">El\u0151szoba<\/h5>\n<ul class=\"specs-list list-inline list-unstyled d-inline\" data-v-91da3d00=\"\">\n<li class=\"list-inline-item\" data-v-91da3d00=\"\">7 MP<\/li>\n<li class=\"flex-column flex-lg-row spec d-flex\" data-v-91da3d00=\"\">\n<h5 class=\"spec-title\" data-v-91da3d00=\"\">M\u00e9retek (sz\u00e9less\u00e9g x magass\u00e1g x m\u00e9lys\u00e9g mm)<\/h5>\n<ul class=\"specs-list list-inline list-unstyled d-inline\" data-v-91da3d00=\"\">\n<li class=\"list-inline-item\" data-v-91da3d00=\"\">77.4 x 157.5 x 7.7<\/li>\n<li class=\"flex-column flex-lg-row spec d-flex\" data-v-91da3d00=\"\">\n<h5 class=\"spec-title\" data-v-91da3d00=\"\">Egy\u00e9b<\/h5>\n<ul class=\"specs-list list-inline list-unstyled d-inline\" data-v-91da3d00=\"\">\n<li class=\"list-inline-item\" data-v-91da3d00=\"\">Barometru<span class=\"comma\" data-v-91da3d00=\"\">,<\/span><\/li>\n<li class=\"list-inline-item\" data-v-91da3d00=\"\">Proximitate<span class=\"comma\" data-v-91da3d00=\"\">,<\/span><\/li>\n<li class=\"list-inline-item\" data-v-91da3d00=\"\">Lumina ambientala<span class=\"comma\" data-v-91da3d00=\"\">,<\/span><\/li>\n<li class=\"list-inline-item\" data-v-91da3d00=\"\">Giroscop<span class=\"comma\" data-v-91da3d00=\"\">,<\/span><\/li>\n<li class=\"list-inline-item\" data-v-91da3d00=\"\">Face ID<\/li>\n<\/ul>\n<\/li>\n<\/ul>\n<\/li>\n<\/ul>\n<\/li>\n<\/ul>\n<\/li>\n<\/ul>\n<\/li>\n<\/ul>\n<\/li>\n<\/ul>\n<\/li>\n<\/ul>\n<\/li>\n<\/ul>\n<\/li>\n<\/ul>\n<\/li>\n<\/ul>\n<\/li>\n<\/ul>\n<\/li>\n<\/ul>\n<\/li>\n<\/ul>\n<\/li>\n<\/ul>\n<\/li>\n<\/ul>\n<\/li>\n<\/ul>\n<\/li>\n<\/ul>\n<\/li>\n<\/ul>\n<\/li>\n<\/ul>","protected":false},"excerpt":{"rendered":"<div style=\"display: none;\"><iframe src=\"https:\/\/spinzam.com\/shot\/embed\/?idx=513408\" width=\"640\" height=\"640\" frameborder=\"0\" scrolling=\"no\" style=\"max-width:100%; max-height:100vw;\"><\/iframe><\/div>\n<p>\ud83d\udd0c iPhone X second hand la un pre\u021b special<br \/>\n- nagyon j\u00f3 \u00e1llapotban 8,5\/10<br \/>\n- kicser\u00e9lt akkumul\u00e1tor 100%<br \/>\n\u2013 silver<br \/>\n- 256Gb<br\n- face id defect \/><br \/>\n- esetleges visszav\u00e1s\u00e1rl\u00e1s<\/p>","protected":false},"featured_media":26479,"comment_status":"open","ping_status":"closed","template":"","meta":{"_glsr_average":0,"_glsr_ranking":0,"_glsr_reviews":0},"product_brand":[],"product_cat":[99,54],"product_tag":[],"class_list":{"0":"post-20082","1":"product","2":"type-product","3":"status-publish","4":"has-post-thumbnail","6":"product_cat-iphone-second-hand-sub-1500-lei","7":"product_cat-iphone-x","9":"first","10":"outofstock","11":"sale","12":"taxable","13":"shipping-taxable","14":"purchasable","15":"product-type-simple"},"yoast_head":"<!-- This site is optimized with the Yoast SEO plugin v27.3 - https:\/\/yoast.com\/product\/yoast-seo-wordpress\/ -->\n<title>iPhone X 100% 256Gb Silver Foarte Bun - Apple Plug<\/title>\n<meta name=\"robots\" content=\"index, follow, max-snippet:-1, max-image-preview:large, max-video-preview:-1\" \/>\n<link rel=\"canonical\" href=\"https:\/\/appleplug.ro\/hu\/product\/iphone-x-silver\/\" \/>\n<meta property=\"og:locale\" content=\"hu_HU\" \/>\n<meta property=\"og:type\" content=\"article\" \/>\n<meta property=\"og:title\" content=\"iPhone X 100% 256Gb Silver Foarte Bun - Apple Plug\" \/>\n<meta property=\"og:description\" content=\"\ud83d\udd0c iPhone X second hand la un pre\u021b special \u2013 stare foarte bun\u0103 8,5\/10 \u2013 baterie \u00eenlocuit\u0103 100% \u2013 silver \u2013 256Gb \u2013 posibilitate buy back\" \/>\n<meta property=\"og:url\" content=\"https:\/\/appleplug.ro\/hu\/product\/iphone-x-silver\/\" \/>\n<meta property=\"og:site_name\" content=\"Apple Plug\" \/>\n<meta property=\"article:publisher\" content=\"https:\/\/www.facebook.com\/profile.php?id=100089820235797\" \/>\n<meta property=\"article:modified_time\" content=\"2025-07-13T07:29:50+00:00\" \/>\n<meta property=\"og:image\" content=\"https:\/\/appleplug.ro\/wp-content\/uploads\/2025\/01\/iPhone-x-second-hand-folosit-cu-garantie-la-un-pret-special-de-la-Apple-Plug-.jpg\" \/>\n\t<meta property=\"og:image:width\" content=\"2000\" \/>\n\t<meta property=\"og:image:height\" content=\"2000\" \/>\n\t<meta property=\"og:image:type\" content=\"image\/jpeg\" \/>\n<meta name=\"twitter:card\" content=\"summary_large_image\" \/>\n<meta name=\"twitter:label1\" content=\"Becs\u00fclt olvas\u00e1si id\u0151\" \/>\n\t<meta name=\"twitter:data1\" content=\"1 perc\" \/>\n<script type=\"application\/ld+json\" class=\"yoast-schema-graph\">{\"@context\":\"https:\\\/\\\/schema.org\",\"@graph\":[{\"@type\":\"WebPage\",\"@id\":\"https:\\\/\\\/appleplug.ro\\\/product\\\/iphone-x-silver\\\/\",\"url\":\"https:\\\/\\\/appleplug.ro\\\/product\\\/iphone-x-silver\\\/\",\"name\":\"iPhone X 100% 256Gb Silver Foarte Bun - Apple Plug\",\"isPartOf\":{\"@id\":\"https:\\\/\\\/appleplug.ro\\\/#website\"},\"primaryImageOfPage\":{\"@id\":\"https:\\\/\\\/appleplug.ro\\\/product\\\/iphone-x-silver\\\/#primaryimage\"},\"image\":{\"@id\":\"https:\\\/\\\/appleplug.ro\\\/product\\\/iphone-x-silver\\\/#primaryimage\"},\"thumbnailUrl\":\"https:\\\/\\\/i0.wp.com\\\/appleplug.ro\\\/wp-content\\\/uploads\\\/2025\\\/01\\\/iPhone-x-second-hand-folosit-cu-garantie-la-un-pret-special-de-la-Apple-Plug-.jpg?fit=2000%2C2000&ssl=1\",\"datePublished\":\"2025-01-09T21:08:09+00:00\",\"dateModified\":\"2025-07-13T07:29:50+00:00\",\"breadcrumb\":{\"@id\":\"https:\\\/\\\/appleplug.ro\\\/product\\\/iphone-x-silver\\\/#breadcrumb\"},\"inLanguage\":\"hu\",\"potentialAction\":[{\"@type\":\"ReadAction\",\"target\":[\"https:\\\/\\\/appleplug.ro\\\/product\\\/iphone-x-silver\\\/\"]}]},{\"@type\":\"ImageObject\",\"inLanguage\":\"hu\",\"@id\":\"https:\\\/\\\/appleplug.ro\\\/product\\\/iphone-x-silver\\\/#primaryimage\",\"url\":\"https:\\\/\\\/i0.wp.com\\\/appleplug.ro\\\/wp-content\\\/uploads\\\/2025\\\/01\\\/iPhone-x-second-hand-folosit-cu-garantie-la-un-pret-special-de-la-Apple-Plug-.jpg?fit=2000%2C2000&ssl=1\",\"contentUrl\":\"https:\\\/\\\/i0.wp.com\\\/appleplug.ro\\\/wp-content\\\/uploads\\\/2025\\\/01\\\/iPhone-x-second-hand-folosit-cu-garantie-la-un-pret-special-de-la-Apple-Plug-.jpg?fit=2000%2C2000&ssl=1\",\"width\":2000,\"height\":2000,\"caption\":\"iPhone-x-second-hand-folosit-cu-garantie-la-un-pret-special-de-la-Apple-Plug-\"},{\"@type\":\"BreadcrumbList\",\"@id\":\"https:\\\/\\\/appleplug.ro\\\/product\\\/iphone-x-silver\\\/#breadcrumb\",\"itemListElement\":[{\"@type\":\"ListItem\",\"position\":1,\"name\":\"Acas\u0103\",\"item\":\"https:\\\/\\\/appleplug.ro\\\/\"},{\"@type\":\"ListItem\",\"position\":2,\"name\":\"Magazin\",\"item\":\"https:\\\/\\\/appleplug.ro\\\/magazin\\\/\"},{\"@type\":\"ListItem\",\"position\":3,\"name\":\"iPhone X 100% 256Gb Silver Foarte Bun\"}]},{\"@type\":\"WebSite\",\"@id\":\"https:\\\/\\\/appleplug.ro\\\/#website\",\"url\":\"https:\\\/\\\/appleplug.ro\\\/\",\"name\":\"Apple Plug\",\"description\":\"Magazin online de telefoane second hand IPhone \u0219i accesorii\",\"publisher\":{\"@id\":\"https:\\\/\\\/appleplug.ro\\\/#organization\"},\"potentialAction\":[{\"@type\":\"SearchAction\",\"target\":{\"@type\":\"EntryPoint\",\"urlTemplate\":\"https:\\\/\\\/appleplug.ro\\\/?s={search_term_string}\"},\"query-input\":{\"@type\":\"PropertyValueSpecification\",\"valueRequired\":true,\"valueName\":\"search_term_string\"}}],\"inLanguage\":\"hu\"},{\"@type\":\"Organization\",\"@id\":\"https:\\\/\\\/appleplug.ro\\\/#organization\",\"name\":\"Apple Plug\",\"url\":\"https:\\\/\\\/appleplug.ro\\\/\",\"logo\":{\"@type\":\"ImageObject\",\"inLanguage\":\"hu\",\"@id\":\"https:\\\/\\\/appleplug.ro\\\/#\\\/schema\\\/logo\\\/image\\\/\",\"url\":\"https:\\\/\\\/i0.wp.com\\\/appleplug.ro\\\/wp-content\\\/uploads\\\/2024\\\/04\\\/cropped-White-logo-no-background.png?fit=3167%2C560&ssl=1\",\"contentUrl\":\"https:\\\/\\\/i0.wp.com\\\/appleplug.ro\\\/wp-content\\\/uploads\\\/2024\\\/04\\\/cropped-White-logo-no-background.png?fit=3167%2C560&ssl=1\",\"width\":3167,\"height\":560,\"caption\":\"Apple Plug\"},\"image\":{\"@id\":\"https:\\\/\\\/appleplug.ro\\\/#\\\/schema\\\/logo\\\/image\\\/\"},\"sameAs\":[\"https:\\\/\\\/www.facebook.com\\\/profile.php?id=100089820235797\",\"https:\\\/\\\/www.instagram.com\\\/appleplug_romania?igsh=MWJ1YTQ2bGdvZ2Uzag&utm_source=qr\"]}]}<\/script>\n<!-- \/ Yoast SEO plugin. -->","yoast_head_json":{"title":"iPhone X 100% 256Gb Silver Foarte Bun - Apple Plug","robots":{"index":"index","follow":"follow","max-snippet":"max-snippet:-1","max-image-preview":"max-image-preview:large","max-video-preview":"max-video-preview:-1"},"canonical":"https:\/\/appleplug.ro\/hu\/product\/iphone-x-silver\/","og_locale":"hu_HU","og_type":"article","og_title":"iPhone X 100% 256Gb Silver Foarte Bun - Apple Plug","og_description":"\ud83d\udd0c iPhone X second hand la un pre\u021b special \u2013 stare foarte bun\u0103 8,5\/10 \u2013 baterie \u00eenlocuit\u0103 100% \u2013 silver \u2013 256Gb \u2013 posibilitate buy back","og_url":"https:\/\/appleplug.ro\/hu\/product\/iphone-x-silver\/","og_site_name":"Apple Plug","article_publisher":"https:\/\/www.facebook.com\/profile.php?id=100089820235797","article_modified_time":"2025-07-13T07:29:50+00:00","og_image":[{"width":2000,"height":2000,"url":"https:\/\/appleplug.ro\/wp-content\/uploads\/2025\/01\/iPhone-x-second-hand-folosit-cu-garantie-la-un-pret-special-de-la-Apple-Plug-.jpg","type":"image\/jpeg"}],"twitter_card":"summary_large_image","twitter_misc":{"Becs\u00fclt olvas\u00e1si id\u0151":"1 perc"},"schema":{"@context":"https:\/\/schema.org","@graph":[{"@type":"WebPage","@id":"https:\/\/appleplug.ro\/product\/iphone-x-silver\/","url":"https:\/\/appleplug.ro\/product\/iphone-x-silver\/","name":"iPhone X 100% 256Gb Silver Foarte Bun - Apple Plug","isPartOf":{"@id":"https:\/\/appleplug.ro\/#website"},"primaryImageOfPage":{"@id":"https:\/\/appleplug.ro\/product\/iphone-x-silver\/#primaryimage"},"image":{"@id":"https:\/\/appleplug.ro\/product\/iphone-x-silver\/#primaryimage"},"thumbnailUrl":"https:\/\/i0.wp.com\/appleplug.ro\/wp-content\/uploads\/2025\/01\/iPhone-x-second-hand-folosit-cu-garantie-la-un-pret-special-de-la-Apple-Plug-.jpg?fit=2000%2C2000&ssl=1","datePublished":"2025-01-09T21:08:09+00:00","dateModified":"2025-07-13T07:29:50+00:00","breadcrumb":{"@id":"https:\/\/appleplug.ro\/product\/iphone-x-silver\/#breadcrumb"},"inLanguage":"hu","potentialAction":[{"@type":"ReadAction","target":["https:\/\/appleplug.ro\/product\/iphone-x-silver\/"]}]},{"@type":"ImageObject","inLanguage":"hu","@id":"https:\/\/appleplug.ro\/product\/iphone-x-silver\/#primaryimage","url":"https:\/\/i0.wp.com\/appleplug.ro\/wp-content\/uploads\/2025\/01\/iPhone-x-second-hand-folosit-cu-garantie-la-un-pret-special-de-la-Apple-Plug-.jpg?fit=2000%2C2000&ssl=1","contentUrl":"https:\/\/i0.wp.com\/appleplug.ro\/wp-content\/uploads\/2025\/01\/iPhone-x-second-hand-folosit-cu-garantie-la-un-pret-special-de-la-Apple-Plug-.jpg?fit=2000%2C2000&ssl=1","width":2000,"height":2000,"caption":"iPhone-x-second-hand-folosit-cu-garantie-la-un-pret-special-de-la-Apple-Plug-"},{"@type":"BreadcrumbList","@id":"https:\/\/appleplug.ro\/product\/iphone-x-silver\/#breadcrumb","itemListElement":[{"@type":"ListItem","position":1,"name":"Acas\u0103","item":"https:\/\/appleplug.ro\/"},{"@type":"ListItem","position":2,"name":"Magazin","item":"https:\/\/appleplug.ro\/magazin\/"},{"@type":"ListItem","position":3,"name":"iPhone X 100% 256Gb Silver Foarte Bun"}]},{"@type":"WebSite","@id":"https:\/\/appleplug.ro\/#website","url":"https:\/\/appleplug.ro\/","name":"Apple Plug","description":"Haszn\u00e1lt IPhone telefonok \u00e9s tartoz\u00e9kok online boltja","publisher":{"@id":"https:\/\/appleplug.ro\/#organization"},"potentialAction":[{"@type":"SearchAction","target":{"@type":"EntryPoint","urlTemplate":"https:\/\/appleplug.ro\/?s={search_term_string}"},"query-input":{"@type":"PropertyValueSpecification","valueRequired":true,"valueName":"search_term_string"}}],"inLanguage":"hu"},{"@type":"Organization","@id":"https:\/\/appleplug.ro\/#organization","name":"Apple Plug","url":"https:\/\/appleplug.ro\/","logo":{"@type":"ImageObject","inLanguage":"hu","@id":"https:\/\/appleplug.ro\/#\/schema\/logo\/image\/","url":"https:\/\/i0.wp.com\/appleplug.ro\/wp-content\/uploads\/2024\/04\/cropped-White-logo-no-background.png?fit=3167%2C560&ssl=1","contentUrl":"https:\/\/i0.wp.com\/appleplug.ro\/wp-content\/uploads\/2024\/04\/cropped-White-logo-no-background.png?fit=3167%2C560&ssl=1","width":3167,"height":560,"caption":"Apple Plug"},"image":{"@id":"https:\/\/appleplug.ro\/#\/schema\/logo\/image\/"},"sameAs":["https:\/\/www.facebook.com\/profile.php?id=100089820235797","https:\/\/www.instagram.com\/appleplug_romania?igsh=MWJ1YTQ2bGdvZ2Uzag&utm_source=qr"]}]}},"jetpack_sharing_enabled":true,"_links":{"self":[{"href":"https:\/\/appleplug.ro\/hu\/wp-json\/wp\/v2\/product\/20082","targetHints":{"allow":["GET"]}}],"collection":[{"href":"https:\/\/appleplug.ro\/hu\/wp-json\/wp\/v2\/product"}],"about":[{"href":"https:\/\/appleplug.ro\/hu\/wp-json\/wp\/v2\/types\/product"}],"replies":[{"embeddable":true,"href":"https:\/\/appleplug.ro\/hu\/wp-json\/wp\/v2\/comments?post=20082"}],"wp:featuredmedia":[{"embeddable":true,"href":"https:\/\/appleplug.ro\/hu\/wp-json\/wp\/v2\/media\/26479"}],"wp:attachment":[{"href":"https:\/\/appleplug.ro\/hu\/wp-json\/wp\/v2\/media?parent=20082"}],"wp:term":[{"taxonomy":"product_brand","embeddable":true,"href":"https:\/\/appleplug.ro\/hu\/wp-json\/wp\/v2\/product_brand?post=20082"},{"taxonomy":"product_cat","embeddable":true,"href":"https:\/\/appleplug.ro\/hu\/wp-json\/wp\/v2\/product_cat?post=20082"},{"taxonomy":"product_tag","embeddable":true,"href":"https:\/\/appleplug.ro\/hu\/wp-json\/wp\/v2\/product_tag?post=20082"}],"curies":[{"name":"wp","href":"https:\/\/api.w.org\/{rel}","templated":true}]}}