{"id":19597,"date":"2025-01-02T14:23:00","date_gmt":"2025-01-02T12:23:00","guid":{"rendered":"https:\/\/appleplug.ro\/?post_type=product&#038;p=19597"},"modified":"2025-10-21T14:08:53","modified_gmt":"2025-10-21T11:08:53","slug":"husa-iphone-16-guess-hardcase-4g-flower-print-magsafe","status":"publish","type":"product","link":"https:\/\/appleplug.ro\/hu\/product\/husa-iphone-16-guess-hardcase-4g-flower-print-magsafe\/","title":{"rendered":"Guess iPhone 16 Pro -Hardcase 4G Vir\u00e1g nyomtat\u00e1s Flower Print Vir\u00e1g nyomtat\u00e1s MagSafe"},"content":{"rendered":"<h2><strong>Guess megk\u00fcl\u00f6nb\u00f6ztet\u0151 design: elegancia \u00e9s eredetis\u00e9g<\/strong><\/h2>\n<p>A bor\u00edt\u00f3 egyik legszembet\u0171n\u0151bb tulajdons\u00e1ga a modern vir\u00e1gos design, amely a Guess v\u00e9djegy\u00e9nek sz\u00e1m\u00edt\u00f3 ikonikus 4G mint\u00e1val p\u00e1rosul. A vir\u00e1gmint\u00e1s mint\u00e1zat frissess\u00e9get \u00e9s vitalit\u00e1st k\u00f6lcs\u00f6n\u00f6z, m\u00edg a klasszikus fekete h\u00e1tt\u00e9r eleganci\u00e1t \u00e9s sokoldal\u00fas\u00e1got k\u00f6lcs\u00f6n\u00f6z. Ez a kombin\u00e1ci\u00f3 alkalmass\u00e1 teszi a tasakot b\u00e1rmilyen alkalomra, legyen sz\u00f3 ak\u00e1r szakmai k\u00f6rnyezetr\u0151l, ak\u00e1r egy alkalmi tal\u00e1lkoz\u00f3r\u00f3l.<\/p>\n<hr \/>\n<h2><strong>Kiv\u00e1l\u00f3 min\u0151s\u00e9g\u0171 anyagok: tart\u00f3ss\u00e1g \u00e9s st\u00edlus<\/strong><\/h2>\n<p>A pr\u00e9mium min\u0151s\u00e9g\u0171 anyagokb\u00f3l k\u00e9sz\u00fclt Guess Hardcase 4G maxim\u00e1lis v\u00e9delmet \u00e9s kifog\u00e1stalan megjelen\u00e9st biztos\u00edt. A kiv\u00e1l\u00f3 min\u0151s\u00e9g\u0171 kem\u00e9ny m\u0171anyag karc- \u00e9s \u00fct\u00e9s\u00e1ll\u00f3, \u00edgy megv\u00e9di telefonodat a mindennapi kop\u00e1st\u00f3l. A f\u00e9nyes kivitel a vizu\u00e1lis diz\u00e1jnt is feldobja, \u00edgy f\u00e9ny\u0171z\u0151 megjelen\u00e9st k\u00f6lcs\u00f6n\u00f6z neki.<\/p>\n<hr \/>\n<h2><strong>MagSafe kompatibilit\u00e1s: a legkorszer\u0171bb technol\u00f3gia<\/strong><\/h2>\n<p>A tok teljes m\u00e9rt\u00e9kben kompatibilis a MagSafe technol\u00f3gi\u00e1val, ami azt jelenti, hogy a felhaszn\u00e1l\u00f3k a tok elt\u00e1vol\u00edt\u00e1sa n\u00e9lk\u00fcl \u00e9lvezhetik a gyors \u00e9s hat\u00e9kony t\u00f6lt\u00e9s el\u0151nyeit. A be\u00e9p\u00edtett m\u00e1gnesess\u00e9g pontos illeszked\u00e9st \u00e9s optim\u00e1lis m\u0171k\u00f6d\u00e9st biztos\u00edt a MagSafe tartoz\u00e9kokkal, bele\u00e9rtve az aut\u00f3s tart\u00f3kat \u00e9s a k\u00fcls\u0151 akkumul\u00e1torokat. Ez a szint\u0171 kompatibilit\u00e1s leegyszer\u0171s\u00edti a felhaszn\u00e1l\u00f3k \u00e9let\u00e9t, \u00e9s kompromisszumok n\u00e9lk\u00fcli felhaszn\u00e1l\u00f3i \u00e9lm\u00e9nyt ny\u00fajt.<\/p>\n<hr \/>\n<h2><strong>Pr\u00e9mium v\u00e9delem a Guess Hardcase-t\u0151l<\/strong><\/h2>\n<p>A massz\u00edv kialak\u00edt\u00e1ssal \u00e9s a megemelt \u00e9lekkel a tok teljes v\u00e9delmet ny\u00fajt iPhone 16 k\u00e9sz\u00fcl\u00e9kednek. Megakad\u00e1lyozza a karcol\u00e1sokat, \u00fct\u0151d\u00e9seket \u00e9s egy\u00e9b fizikai s\u00e9r\u00fcl\u00e9seket, amelyek a mindennapi haszn\u00e1lat sor\u00e1n el\u0151fordulhatnak. R\u00e1ad\u00e1sul a merev h\u00e1tlap \u00e9s a meger\u0151s\u00edtett sarkok extra szil\u00e1rds\u00e1got biztos\u00edtanak, \u00edgy m\u00e9g s\u00falyos \u00fctk\u00f6z\u00e9sek eset\u00e9n is megv\u00e9dik k\u00e9sz\u00fcl\u00e9kedet.<\/p>\n<hr \/>\n<h3><strong>Gyakran ism\u00e9telt k\u00e9rd\u00e9sek<\/strong><\/h3>\n<p>A tok kompatibilis az \u00f6sszes iPhone 16 modellel?<br \/>\nIgen, a tokot kifejezetten az iPhone 16 k\u00e9sz\u00fcl\u00e9khez tervezt\u00e9k, \u00e9s t\u00f6k\u00e9letesen illeszkedik az iPhone 16 k\u00e9sz\u00fcl\u00e9khez.<\/p>\n<p>Hogyan m\u0171k\u00f6dik a MagSafe ezzel a tasakkal?<br \/>\nA tok be\u00e9p\u00edtett m\u00e1gnesekkel rendelkezik, amelyek t\u00f6k\u00e9letesen illeszkednek az iPhone MagSafe rendszer\u00e9hez, \u00e9s er\u0151s m\u00e1gneses tart\u00e1st biztos\u00edtanak.<\/p>\n<p>K\u00f6nnyen tiszt\u00edthat\u00f3 a burkolat?<br \/>\nIgen, a f\u00e9nyes anyag lehet\u0151v\u00e9 teszi a gyors tiszt\u00edt\u00e1st egy nedves ruh\u00e1val, \u00e9s \u00edgy mindig \u00fajnak t\u0171nik.<\/p>\n<p>A nyomtatott vir\u00e1gmint\u00e1zat strapab\u00edr\u00f3?<br \/>\nIgen, a kiv\u00e1l\u00f3 min\u0151s\u00e9g\u0171 nyomtat\u00e1s biztos\u00edtja a tart\u00f3ss\u00e1got \u00e9s a karc\u00e1ll\u00f3s\u00e1got.<\/p>\n<p>V\u00e9d a fed\u00e9l az es\u00e9sek ellen?<br \/>\nIgen, massz\u00edv kialak\u00edt\u00e1s\u00e1nak \u00e9s meger\u0151s\u00edtett sarkainak k\u00f6sz\u00f6nhet\u0151en a fed\u00e9l hat\u00e9kony v\u00e9delmet ny\u00fajt az es\u00e9sekkel szemben.<\/p>\n<p>Haszn\u00e1lhatok tov\u00e1bbi MagSafe tartoz\u00e9kokat ezzel a tokkal?<br \/>\nAbszol\u00fat, a fed\u00e9l kompatibilis az \u00f6sszes MagSafe tartoz\u00e9kkal, bele\u00e9rtve az aut\u00f3s tart\u00f3kat \u00e9s a vezet\u00e9k n\u00e9lk\u00fcli t\u00f6lt\u0151ket is.<\/p>\n<h2><\/h2>\n<p><strong>tok iPhone 16 Guess - Hardcase 4G Vir\u00e1g nyomtat\u00e1s Vir\u00e1g nyomtat\u00e1s MagSafe (fekete)<\/strong> t\u00f6bb mint egy kieg\u00e9sz\u00edt\u0151 - ez a st\u00edlusod \u00e9s szem\u00e9lyis\u00e9ged kiterjeszt\u00e9se. Eleg\u00e1ns kialak\u00edt\u00e1s\u00e1val, pr\u00e9mium min\u0151s\u00e9g\u0171 anyagaival \u00e9s MagSafe-kompatibilit\u00e1s\u00e1val ez a tok kiv\u00e1l\u00f3 v\u00e9delmet \u00e9s egyedi megjelen\u00e9st k\u00edn\u00e1l. Ha a divatot \u00e9s a technol\u00f3gi\u00e1t szeretn\u00e9 \u00f6tv\u00f6zni, ez az ide\u00e1lis v\u00e1laszt\u00e1s az \u00d6n sz\u00e1m\u00e1ra.<\/p>","protected":false},"excerpt":{"rendered":"<h2><strong>iPhone 16 tok Guess - Hardcase 4G Vir\u00e1g nyomtat\u00e1s Vir\u00e1g MagSafe<\/strong><\/h2>\n<p>Az okostelefon-kieg\u00e9sz\u00edt\u0151k ipara mindig is az innov\u00e1ci\u00f3 \u00e9s a st\u00edlus helye volt, \u00e9s <strong><a href=\"https:\/\/appleplug.ro\/hu\/iphone-16\/\">iPhone 16 Sejt\u00e9s tok<\/a> - Hardcase 4G vir\u00e1gmint\u00e1s MagSafe (fekete)<\/strong> \u00fagy poz\u00edcion\u00e1lja mag\u00e1t, mint az egyik legst\u00edlusosabb el\u00e9rhet\u0151 opci\u00f3. Ez a tok nemcsak fejlett v\u00e9delmet ny\u00fajt a k\u00e9sz\u00fcl\u00e9k\u00e9nek, hanem \u00f6sszet\u00e9veszthetetlen diz\u00e1jnj\u00e1val a kifinomults\u00e1g elem\u00e9t is hozz\u00e1teszi. A Guess m\u00e1rka \u00f6tv\u00f6zi a divat hagyom\u00e1nyait a legmodernebb technol\u00f3gi\u00e1val, \u00edgy egy olyan tokot hozva l\u00e9tre, amely egyszerre felel meg a gyakorlati \u00e9s eszt\u00e9tikai ig\u00e9nyeknek.<\/p>","protected":false},"featured_media":19600,"comment_status":"open","ping_status":"closed","template":"","meta":{"_glsr_average":0,"_glsr_ranking":0,"_glsr_reviews":0},"product_brand":[],"product_cat":[77,334,312],"product_tag":[],"class_list":{"0":"post-19597","1":"product","2":"type-product","3":"status-publish","4":"has-post-thumbnail","6":"product_cat-accesorii","7":"product_cat-husa-iphone-16-pro","8":"product_cat-huse","10":"first","11":"outofstock","12":"taxable","13":"shipping-taxable","14":"purchasable","15":"product-type-simple"},"yoast_head":"<!-- This site is optimized with the Yoast SEO plugin v27.4 - https:\/\/yoast.com\/product\/yoast-seo-wordpress\/ -->\n<title>Husa iPhone 16 pro Guess<\/title>\n<meta name=\"description\" content=\"Alege Husa iPhone 16 Pro Guess - Hardcase 4G Flower Print MagSafe pentru protec\u021bie premium \u0219i design iconic 4G cu imprimeu floral elegant.\" \/>\n<meta name=\"robots\" content=\"index, follow, max-snippet:-1, max-image-preview:large, max-video-preview:-1\" \/>\n<link rel=\"canonical\" href=\"https:\/\/appleplug.ro\/hu\/product\/husa-iphone-16-guess-hardcase-4g-flower-print-magsafe\/\" \/>\n<meta property=\"og:locale\" content=\"hu_HU\" \/>\n<meta property=\"og:type\" content=\"article\" \/>\n<meta property=\"og:title\" content=\"Husa iPhone 16 pro Guess\" \/>\n<meta property=\"og:description\" content=\"Alege Husa iPhone 16 Pro Guess - Hardcase 4G Flower Print MagSafe pentru protec\u021bie premium \u0219i design iconic 4G cu imprimeu floral elegant.\" \/>\n<meta property=\"og:url\" content=\"https:\/\/appleplug.ro\/hu\/product\/husa-iphone-16-guess-hardcase-4g-flower-print-magsafe\/\" \/>\n<meta property=\"og:site_name\" content=\"Apple Plug\" \/>\n<meta property=\"article:publisher\" content=\"https:\/\/www.facebook.com\/profile.php?id=100089820235797\" \/>\n<meta property=\"article:modified_time\" content=\"2025-10-21T11:08:53+00:00\" \/>\n<meta property=\"og:image\" content=\"https:\/\/appleplug.ro\/wp-content\/uploads\/2025\/01\/husa-iphone-16-pro.jpg\" \/>\n\t<meta property=\"og:image:width\" content=\"1000\" \/>\n\t<meta property=\"og:image:height\" content=\"1000\" \/>\n\t<meta property=\"og:image:type\" content=\"image\/jpeg\" \/>\n<meta name=\"twitter:card\" content=\"summary_large_image\" \/>\n<meta name=\"twitter:label1\" content=\"Becs\u00fclt olvas\u00e1si id\u0151\" \/>\n\t<meta name=\"twitter:data1\" content=\"3 perc\" \/>\n<script type=\"application\/ld+json\" class=\"yoast-schema-graph\">{\"@context\":\"https:\\\/\\\/schema.org\",\"@graph\":[{\"@type\":\"WebPage\",\"@id\":\"https:\\\/\\\/appleplug.ro\\\/product\\\/husa-iphone-16-guess-hardcase-4g-flower-print-magsafe\\\/\",\"url\":\"https:\\\/\\\/appleplug.ro\\\/product\\\/husa-iphone-16-guess-hardcase-4g-flower-print-magsafe\\\/\",\"name\":\"Husa iPhone 16 pro Guess\",\"isPartOf\":{\"@id\":\"https:\\\/\\\/appleplug.ro\\\/#website\"},\"primaryImageOfPage\":{\"@id\":\"https:\\\/\\\/appleplug.ro\\\/product\\\/husa-iphone-16-guess-hardcase-4g-flower-print-magsafe\\\/#primaryimage\"},\"image\":{\"@id\":\"https:\\\/\\\/appleplug.ro\\\/product\\\/husa-iphone-16-guess-hardcase-4g-flower-print-magsafe\\\/#primaryimage\"},\"thumbnailUrl\":\"https:\\\/\\\/i0.wp.com\\\/appleplug.ro\\\/wp-content\\\/uploads\\\/2025\\\/01\\\/husa-iphone-16-pro.jpg?fit=1000%2C1000&ssl=1\",\"datePublished\":\"2025-01-02T12:23:00+00:00\",\"dateModified\":\"2025-10-21T11:08:53+00:00\",\"description\":\"Alege Husa iPhone 16 Pro Guess - Hardcase 4G Flower Print MagSafe pentru protec\u021bie premium \u0219i design iconic 4G cu imprimeu floral elegant.\",\"breadcrumb\":{\"@id\":\"https:\\\/\\\/appleplug.ro\\\/product\\\/husa-iphone-16-guess-hardcase-4g-flower-print-magsafe\\\/#breadcrumb\"},\"inLanguage\":\"hu\",\"potentialAction\":[{\"@type\":\"ReadAction\",\"target\":[\"https:\\\/\\\/appleplug.ro\\\/product\\\/husa-iphone-16-guess-hardcase-4g-flower-print-magsafe\\\/\"]}]},{\"@type\":\"ImageObject\",\"inLanguage\":\"hu\",\"@id\":\"https:\\\/\\\/appleplug.ro\\\/product\\\/husa-iphone-16-guess-hardcase-4g-flower-print-magsafe\\\/#primaryimage\",\"url\":\"https:\\\/\\\/i0.wp.com\\\/appleplug.ro\\\/wp-content\\\/uploads\\\/2025\\\/01\\\/husa-iphone-16-pro.jpg?fit=1000%2C1000&ssl=1\",\"contentUrl\":\"https:\\\/\\\/i0.wp.com\\\/appleplug.ro\\\/wp-content\\\/uploads\\\/2025\\\/01\\\/husa-iphone-16-pro.jpg?fit=1000%2C1000&ssl=1\",\"width\":1000,\"height\":1000,\"caption\":\"husa iphone 16 pro\"},{\"@type\":\"BreadcrumbList\",\"@id\":\"https:\\\/\\\/appleplug.ro\\\/product\\\/husa-iphone-16-guess-hardcase-4g-flower-print-magsafe\\\/#breadcrumb\",\"itemListElement\":[{\"@type\":\"ListItem\",\"position\":1,\"name\":\"Acas\u0103\",\"item\":\"https:\\\/\\\/appleplug.ro\\\/\"},{\"@type\":\"ListItem\",\"position\":2,\"name\":\"Magazin\",\"item\":\"https:\\\/\\\/appleplug.ro\\\/magazin\\\/\"},{\"@type\":\"ListItem\",\"position\":3,\"name\":\"Husa iPhone 16 Pro Guess -Hardcase 4G Flower Print MagSafe\"}]},{\"@type\":\"WebSite\",\"@id\":\"https:\\\/\\\/appleplug.ro\\\/#website\",\"url\":\"https:\\\/\\\/appleplug.ro\\\/\",\"name\":\"Apple Plug\",\"description\":\"Magazin online de telefoane second hand IPhone \u0219i accesorii\",\"publisher\":{\"@id\":\"https:\\\/\\\/appleplug.ro\\\/#organization\"},\"potentialAction\":[{\"@type\":\"SearchAction\",\"target\":{\"@type\":\"EntryPoint\",\"urlTemplate\":\"https:\\\/\\\/appleplug.ro\\\/?s={search_term_string}\"},\"query-input\":{\"@type\":\"PropertyValueSpecification\",\"valueRequired\":true,\"valueName\":\"search_term_string\"}}],\"inLanguage\":\"hu\"},{\"@type\":\"Organization\",\"@id\":\"https:\\\/\\\/appleplug.ro\\\/#organization\",\"name\":\"Apple Plug\",\"url\":\"https:\\\/\\\/appleplug.ro\\\/\",\"logo\":{\"@type\":\"ImageObject\",\"inLanguage\":\"hu\",\"@id\":\"https:\\\/\\\/appleplug.ro\\\/#\\\/schema\\\/logo\\\/image\\\/\",\"url\":\"https:\\\/\\\/i0.wp.com\\\/appleplug.ro\\\/wp-content\\\/uploads\\\/2024\\\/04\\\/cropped-White-logo-no-background.png?fit=3167%2C560&ssl=1\",\"contentUrl\":\"https:\\\/\\\/i0.wp.com\\\/appleplug.ro\\\/wp-content\\\/uploads\\\/2024\\\/04\\\/cropped-White-logo-no-background.png?fit=3167%2C560&ssl=1\",\"width\":3167,\"height\":560,\"caption\":\"Apple Plug\"},\"image\":{\"@id\":\"https:\\\/\\\/appleplug.ro\\\/#\\\/schema\\\/logo\\\/image\\\/\"},\"sameAs\":[\"https:\\\/\\\/www.facebook.com\\\/profile.php?id=100089820235797\",\"https:\\\/\\\/www.instagram.com\\\/appleplug_romania?igsh=MWJ1YTQ2bGdvZ2Uzag&utm_source=qr\"]}]}<\/script>\n<!-- \/ Yoast SEO plugin. -->","yoast_head_json":{"title":"Husa iPhone 16 pro Guess","description":"Alege Husa iPhone 16 Pro Guess - Hardcase 4G Flower Print MagSafe pentru protec\u021bie premium \u0219i design iconic 4G cu imprimeu floral elegant.","robots":{"index":"index","follow":"follow","max-snippet":"max-snippet:-1","max-image-preview":"max-image-preview:large","max-video-preview":"max-video-preview:-1"},"canonical":"https:\/\/appleplug.ro\/hu\/product\/husa-iphone-16-guess-hardcase-4g-flower-print-magsafe\/","og_locale":"hu_HU","og_type":"article","og_title":"Husa iPhone 16 pro Guess","og_description":"Alege Husa iPhone 16 Pro Guess - Hardcase 4G Flower Print MagSafe pentru protec\u021bie premium \u0219i design iconic 4G cu imprimeu floral elegant.","og_url":"https:\/\/appleplug.ro\/hu\/product\/husa-iphone-16-guess-hardcase-4g-flower-print-magsafe\/","og_site_name":"Apple Plug","article_publisher":"https:\/\/www.facebook.com\/profile.php?id=100089820235797","article_modified_time":"2025-10-21T11:08:53+00:00","og_image":[{"width":1000,"height":1000,"url":"https:\/\/appleplug.ro\/wp-content\/uploads\/2025\/01\/husa-iphone-16-pro.jpg","type":"image\/jpeg"}],"twitter_card":"summary_large_image","twitter_misc":{"Becs\u00fclt olvas\u00e1si id\u0151":"3 perc"},"schema":{"@context":"https:\/\/schema.org","@graph":[{"@type":"WebPage","@id":"https:\/\/appleplug.ro\/product\/husa-iphone-16-guess-hardcase-4g-flower-print-magsafe\/","url":"https:\/\/appleplug.ro\/product\/husa-iphone-16-guess-hardcase-4g-flower-print-magsafe\/","name":"Husa iPhone 16 pro Guess","isPartOf":{"@id":"https:\/\/appleplug.ro\/#website"},"primaryImageOfPage":{"@id":"https:\/\/appleplug.ro\/product\/husa-iphone-16-guess-hardcase-4g-flower-print-magsafe\/#primaryimage"},"image":{"@id":"https:\/\/appleplug.ro\/product\/husa-iphone-16-guess-hardcase-4g-flower-print-magsafe\/#primaryimage"},"thumbnailUrl":"https:\/\/i0.wp.com\/appleplug.ro\/wp-content\/uploads\/2025\/01\/husa-iphone-16-pro.jpg?fit=1000%2C1000&ssl=1","datePublished":"2025-01-02T12:23:00+00:00","dateModified":"2025-10-21T11:08:53+00:00","description":"Alege Husa iPhone 16 Pro Guess - Hardcase 4G Flower Print MagSafe pentru protec\u021bie premium \u0219i design iconic 4G cu imprimeu floral elegant.","breadcrumb":{"@id":"https:\/\/appleplug.ro\/product\/husa-iphone-16-guess-hardcase-4g-flower-print-magsafe\/#breadcrumb"},"inLanguage":"hu","potentialAction":[{"@type":"ReadAction","target":["https:\/\/appleplug.ro\/product\/husa-iphone-16-guess-hardcase-4g-flower-print-magsafe\/"]}]},{"@type":"ImageObject","inLanguage":"hu","@id":"https:\/\/appleplug.ro\/product\/husa-iphone-16-guess-hardcase-4g-flower-print-magsafe\/#primaryimage","url":"https:\/\/i0.wp.com\/appleplug.ro\/wp-content\/uploads\/2025\/01\/husa-iphone-16-pro.jpg?fit=1000%2C1000&ssl=1","contentUrl":"https:\/\/i0.wp.com\/appleplug.ro\/wp-content\/uploads\/2025\/01\/husa-iphone-16-pro.jpg?fit=1000%2C1000&ssl=1","width":1000,"height":1000,"caption":"husa iphone 16 pro"},{"@type":"BreadcrumbList","@id":"https:\/\/appleplug.ro\/product\/husa-iphone-16-guess-hardcase-4g-flower-print-magsafe\/#breadcrumb","itemListElement":[{"@type":"ListItem","position":1,"name":"Acas\u0103","item":"https:\/\/appleplug.ro\/"},{"@type":"ListItem","position":2,"name":"Magazin","item":"https:\/\/appleplug.ro\/magazin\/"},{"@type":"ListItem","position":3,"name":"Husa iPhone 16 Pro Guess -Hardcase 4G Flower Print MagSafe"}]},{"@type":"WebSite","@id":"https:\/\/appleplug.ro\/#website","url":"https:\/\/appleplug.ro\/","name":"Apple Plug","description":"Haszn\u00e1lt IPhone telefonok \u00e9s tartoz\u00e9kok online boltja","publisher":{"@id":"https:\/\/appleplug.ro\/#organization"},"potentialAction":[{"@type":"SearchAction","target":{"@type":"EntryPoint","urlTemplate":"https:\/\/appleplug.ro\/?s={search_term_string}"},"query-input":{"@type":"PropertyValueSpecification","valueRequired":true,"valueName":"search_term_string"}}],"inLanguage":"hu"},{"@type":"Organization","@id":"https:\/\/appleplug.ro\/#organization","name":"Apple Plug","url":"https:\/\/appleplug.ro\/","logo":{"@type":"ImageObject","inLanguage":"hu","@id":"https:\/\/appleplug.ro\/#\/schema\/logo\/image\/","url":"https:\/\/i0.wp.com\/appleplug.ro\/wp-content\/uploads\/2024\/04\/cropped-White-logo-no-background.png?fit=3167%2C560&ssl=1","contentUrl":"https:\/\/i0.wp.com\/appleplug.ro\/wp-content\/uploads\/2024\/04\/cropped-White-logo-no-background.png?fit=3167%2C560&ssl=1","width":3167,"height":560,"caption":"Apple Plug"},"image":{"@id":"https:\/\/appleplug.ro\/#\/schema\/logo\/image\/"},"sameAs":["https:\/\/www.facebook.com\/profile.php?id=100089820235797","https:\/\/www.instagram.com\/appleplug_romania?igsh=MWJ1YTQ2bGdvZ2Uzag&utm_source=qr"]}]}},"jetpack_sharing_enabled":true,"_links":{"self":[{"href":"https:\/\/appleplug.ro\/hu\/wp-json\/wp\/v2\/product\/19597","targetHints":{"allow":["GET"]}}],"collection":[{"href":"https:\/\/appleplug.ro\/hu\/wp-json\/wp\/v2\/product"}],"about":[{"href":"https:\/\/appleplug.ro\/hu\/wp-json\/wp\/v2\/types\/product"}],"replies":[{"embeddable":true,"href":"https:\/\/appleplug.ro\/hu\/wp-json\/wp\/v2\/comments?post=19597"}],"wp:featuredmedia":[{"embeddable":true,"href":"https:\/\/appleplug.ro\/hu\/wp-json\/wp\/v2\/media\/19600"}],"wp:attachment":[{"href":"https:\/\/appleplug.ro\/hu\/wp-json\/wp\/v2\/media?parent=19597"}],"wp:term":[{"taxonomy":"product_brand","embeddable":true,"href":"https:\/\/appleplug.ro\/hu\/wp-json\/wp\/v2\/product_brand?post=19597"},{"taxonomy":"product_cat","embeddable":true,"href":"https:\/\/appleplug.ro\/hu\/wp-json\/wp\/v2\/product_cat?post=19597"},{"taxonomy":"product_tag","embeddable":true,"href":"https:\/\/appleplug.ro\/hu\/wp-json\/wp\/v2\/product_tag?post=19597"}],"curies":[{"name":"wp","href":"https:\/\/api.w.org\/{rel}","templated":true}]}}