{"id":13177,"date":"2024-07-17T07:54:37","date_gmt":"2024-07-17T04:54:37","guid":{"rendered":"https:\/\/appleplug.ro\/?post_type=product&#038;p=13177"},"modified":"2025-04-14T19:45:03","modified_gmt":"2025-04-14T16:45:03","slug":"samsung-galaxy-s23-nou","status":"publish","type":"product","link":"https:\/\/appleplug.ro\/hu\/product\/samsung-galaxy-s23-nou\/","title":{"rendered":"Samsung Galaxy S23 128Gb Nou\/Sigilat (SM-S911B)"},"content":{"rendered":"<h2>A v\u00e1s\u00e1rl\u00e1s el\u0151nyei <a href=\"https:\/\/appleplug.ro\/hu\/product-category\/telefoane\/samsung\/\"><em>Samsung Galaxy S23 Second Hand<\/em><\/a><\/h2>\n<p>Dac\u0103 \u00ee\u021bi dore\u0219ti s\u0103 experimentezi tehnologia de v\u00e2rf oferit\u0103 de Samsung la un pre\u021b mai accesibil, Samsung Galaxy S23 folosit este o alegere excelent\u0103. Acest smartphone \u00eembin\u0103 performan\u021ba superioar\u0103 cu un design elegant, oferindu-\u021bi o experien\u021b\u0103 premium la un cost redus.<\/p>\n<p>Prin optarea pentru un Samsung Galaxy S23 utilizat, po\u021bi economisi bani f\u0103r\u0103 a compromite calitatea sau performan\u021ba. Este o modalitate inteligent\u0103 de a avea acces la cele mai noi inova\u021bii tehnologice f\u0103r\u0103 a-\u021bi dep\u0103\u0219i bugetul.<\/p>\n<p>Magazinul online de telefoane second hand, Apple Plug, ofer\u0103 garan\u021bie pentru dispozitivele sale, asigur\u00e2ndu-te c\u0103 vei primi un produs \u00een stare excelent\u0103 de func\u021bionare. Cu fiecare achizi\u021bie, ai garan\u021bia c\u0103 investi\u021bia ta este protejat\u0103 \u00eempotriva oric\u0103ror probleme sau defecte.<\/p>\n<p>Cu un Samsung Galaxy S23 S.H., te bucuri de toate avantajele inova\u021biei Samsung la un pre\u021b mai accesibil. Cu un design premium \u0219i func\u021bionalit\u0103\u021bi avansate, acest smartphone este alegerea ideal\u0103 pentru cei care caut\u0103 un dispozitiv fiabil \u0219i performant.<\/p>\n<p>\u00cen concluzie, nu rata oportunitatea de a investi \u00eentr-un Samsung Galaxy S23 S. H.. Cu un pre\u021b mai prietenos \u0219i o garan\u021bie inclus\u0103, po\u021bi fi sigur c\u0103 faci o alegere inteligent\u0103 pentru nevoile tale digitale. Opteaz\u0103 pentru un <a href=\"https:\/\/appleplug.ro\/hu\/product-category\/telefoane\/samsung\/\"><strong>Samsung Galaxy S23 second hand<\/strong><\/a> \u0219i bucur\u0103-te de tehnologia Samsung la un cost accesibil.<\/p>","protected":false},"excerpt":{"rendered":"<p>\ud83d\udd0c Samsung Galaxy S23<br \/>\n- \u00faj\/z\u00e1rt<br \/>\n- 128Gb<br \/>\n- fekete<br \/>\n&#8211; dual sim<br \/>\n&#8211; posbilitate buy back<\/p>","protected":false},"featured_media":22170,"comment_status":"open","ping_status":"closed","template":"","meta":{"_glsr_average":0,"_glsr_ranking":0,"_glsr_reviews":0},"product_brand":[],"product_cat":[16,110],"product_tag":[],"class_list":{"0":"post-13177","1":"product","2":"type-product","3":"status-publish","4":"has-post-thumbnail","6":"product_cat-telefoane","7":"product_cat-telefoane-android","9":"first","10":"outofstock","11":"sale","12":"taxable","13":"shipping-taxable","14":"purchasable","15":"product-type-simple"},"yoast_head":"<!-- This site is optimized with the Yoast SEO plugin v27.4 - https:\/\/yoast.com\/product\/yoast-seo-wordpress\/ -->\n<title>Samsung Galaxy S23 128Gb Nou\/Sigilat (SM-S911B) - Apple Plug<\/title>\n<meta name=\"description\" content=\"Samsung Galaxy S23 second hand, disponibil acum la Apple Plug, magazinul online de \u00eencredere pentru dispozitive Apple. Cu garan\u021bie inclus\" \/>\n<meta name=\"robots\" content=\"index, follow, max-snippet:-1, max-image-preview:large, max-video-preview:-1\" \/>\n<link rel=\"canonical\" href=\"https:\/\/appleplug.ro\/hu\/product\/samsung-galaxy-s23-nou\/\" \/>\n<meta property=\"og:locale\" content=\"hu_HU\" \/>\n<meta property=\"og:type\" content=\"article\" \/>\n<meta property=\"og:title\" content=\"Samsung Galaxy S23 128Gb Nou\/Sigilat (SM-S911B) - Apple Plug\" \/>\n<meta property=\"og:description\" content=\"Samsung Galaxy S23 second hand, disponibil acum la Apple Plug, magazinul online de \u00eencredere pentru dispozitive Apple. Cu garan\u021bie inclus\" \/>\n<meta property=\"og:url\" content=\"https:\/\/appleplug.ro\/hu\/product\/samsung-galaxy-s23-nou\/\" \/>\n<meta property=\"og:site_name\" content=\"Apple Plug\" \/>\n<meta property=\"article:publisher\" content=\"https:\/\/www.facebook.com\/profile.php?id=100089820235797\" \/>\n<meta property=\"article:modified_time\" content=\"2025-04-14T16:45:03+00:00\" \/>\n<meta property=\"og:image\" content=\"https:\/\/appleplug.ro\/wp-content\/uploads\/2024\/07\/uk-galaxy-s23-s911-sm-s911bzkgeub-534791551.webp\" \/>\n\t<meta property=\"og:image:width\" content=\"2052\" \/>\n\t<meta property=\"og:image:height\" content=\"1641\" \/>\n\t<meta property=\"og:image:type\" content=\"image\/webp\" \/>\n<meta name=\"twitter:card\" content=\"summary_large_image\" \/>\n<meta name=\"twitter:label1\" content=\"Becs\u00fclt olvas\u00e1si id\u0151\" \/>\n\t<meta name=\"twitter:data1\" content=\"2 perc\" \/>\n<script type=\"application\/ld+json\" class=\"yoast-schema-graph\">{\"@context\":\"https:\\\/\\\/schema.org\",\"@graph\":[{\"@type\":\"WebPage\",\"@id\":\"https:\\\/\\\/appleplug.ro\\\/product\\\/samsung-galaxy-s23-nou\\\/\",\"url\":\"https:\\\/\\\/appleplug.ro\\\/product\\\/samsung-galaxy-s23-nou\\\/\",\"name\":\"Samsung Galaxy S23 128Gb Nou\\\/Sigilat (SM-S911B) - Apple Plug\",\"isPartOf\":{\"@id\":\"https:\\\/\\\/appleplug.ro\\\/#website\"},\"primaryImageOfPage\":{\"@id\":\"https:\\\/\\\/appleplug.ro\\\/product\\\/samsung-galaxy-s23-nou\\\/#primaryimage\"},\"image\":{\"@id\":\"https:\\\/\\\/appleplug.ro\\\/product\\\/samsung-galaxy-s23-nou\\\/#primaryimage\"},\"thumbnailUrl\":\"https:\\\/\\\/i0.wp.com\\\/appleplug.ro\\\/wp-content\\\/uploads\\\/2024\\\/07\\\/uk-galaxy-s23-s911-sm-s911bzkgeub-534791551.webp?fit=2052%2C1641&ssl=1\",\"datePublished\":\"2024-07-17T04:54:37+00:00\",\"dateModified\":\"2025-04-14T16:45:03+00:00\",\"description\":\"Samsung Galaxy S23 second hand, disponibil acum la Apple Plug, magazinul online de \u00eencredere pentru dispozitive Apple. Cu garan\u021bie inclus\",\"breadcrumb\":{\"@id\":\"https:\\\/\\\/appleplug.ro\\\/product\\\/samsung-galaxy-s23-nou\\\/#breadcrumb\"},\"inLanguage\":\"hu\",\"potentialAction\":[{\"@type\":\"ReadAction\",\"target\":[\"https:\\\/\\\/appleplug.ro\\\/product\\\/samsung-galaxy-s23-nou\\\/\"]}]},{\"@type\":\"ImageObject\",\"inLanguage\":\"hu\",\"@id\":\"https:\\\/\\\/appleplug.ro\\\/product\\\/samsung-galaxy-s23-nou\\\/#primaryimage\",\"url\":\"https:\\\/\\\/i0.wp.com\\\/appleplug.ro\\\/wp-content\\\/uploads\\\/2024\\\/07\\\/uk-galaxy-s23-s911-sm-s911bzkgeub-534791551.webp?fit=2052%2C1641&ssl=1\",\"contentUrl\":\"https:\\\/\\\/i0.wp.com\\\/appleplug.ro\\\/wp-content\\\/uploads\\\/2024\\\/07\\\/uk-galaxy-s23-s911-sm-s911bzkgeub-534791551.webp?fit=2052%2C1641&ssl=1\",\"width\":2052,\"height\":1641},{\"@type\":\"BreadcrumbList\",\"@id\":\"https:\\\/\\\/appleplug.ro\\\/product\\\/samsung-galaxy-s23-nou\\\/#breadcrumb\",\"itemListElement\":[{\"@type\":\"ListItem\",\"position\":1,\"name\":\"Acas\u0103\",\"item\":\"https:\\\/\\\/appleplug.ro\\\/\"},{\"@type\":\"ListItem\",\"position\":2,\"name\":\"Magazin\",\"item\":\"https:\\\/\\\/appleplug.ro\\\/magazin\\\/\"},{\"@type\":\"ListItem\",\"position\":3,\"name\":\"Samsung Galaxy S23 128Gb Nou\\\/Sigilat (SM-S911B)\"}]},{\"@type\":\"WebSite\",\"@id\":\"https:\\\/\\\/appleplug.ro\\\/#website\",\"url\":\"https:\\\/\\\/appleplug.ro\\\/\",\"name\":\"Apple Plug\",\"description\":\"Magazin online de telefoane second hand IPhone \u0219i accesorii\",\"publisher\":{\"@id\":\"https:\\\/\\\/appleplug.ro\\\/#organization\"},\"potentialAction\":[{\"@type\":\"SearchAction\",\"target\":{\"@type\":\"EntryPoint\",\"urlTemplate\":\"https:\\\/\\\/appleplug.ro\\\/?s={search_term_string}\"},\"query-input\":{\"@type\":\"PropertyValueSpecification\",\"valueRequired\":true,\"valueName\":\"search_term_string\"}}],\"inLanguage\":\"hu\"},{\"@type\":\"Organization\",\"@id\":\"https:\\\/\\\/appleplug.ro\\\/#organization\",\"name\":\"Apple Plug\",\"url\":\"https:\\\/\\\/appleplug.ro\\\/\",\"logo\":{\"@type\":\"ImageObject\",\"inLanguage\":\"hu\",\"@id\":\"https:\\\/\\\/appleplug.ro\\\/#\\\/schema\\\/logo\\\/image\\\/\",\"url\":\"https:\\\/\\\/i0.wp.com\\\/appleplug.ro\\\/wp-content\\\/uploads\\\/2024\\\/04\\\/cropped-White-logo-no-background.png?fit=3167%2C560&ssl=1\",\"contentUrl\":\"https:\\\/\\\/i0.wp.com\\\/appleplug.ro\\\/wp-content\\\/uploads\\\/2024\\\/04\\\/cropped-White-logo-no-background.png?fit=3167%2C560&ssl=1\",\"width\":3167,\"height\":560,\"caption\":\"Apple Plug\"},\"image\":{\"@id\":\"https:\\\/\\\/appleplug.ro\\\/#\\\/schema\\\/logo\\\/image\\\/\"},\"sameAs\":[\"https:\\\/\\\/www.facebook.com\\\/profile.php?id=100089820235797\",\"https:\\\/\\\/www.instagram.com\\\/appleplug_romania?igsh=MWJ1YTQ2bGdvZ2Uzag&utm_source=qr\"]}]}<\/script>\n<!-- \/ Yoast SEO plugin. -->","yoast_head_json":{"title":"Samsung Galaxy S23 128Gb Nou\/Sigilat (SM-S911B) - Apple Plug","description":"Samsung Galaxy S23 second hand, disponibil acum la Apple Plug, magazinul online de \u00eencredere pentru dispozitive Apple. Cu garan\u021bie inclus","robots":{"index":"index","follow":"follow","max-snippet":"max-snippet:-1","max-image-preview":"max-image-preview:large","max-video-preview":"max-video-preview:-1"},"canonical":"https:\/\/appleplug.ro\/hu\/product\/samsung-galaxy-s23-nou\/","og_locale":"hu_HU","og_type":"article","og_title":"Samsung Galaxy S23 128Gb Nou\/Sigilat (SM-S911B) - Apple Plug","og_description":"Samsung Galaxy S23 second hand, disponibil acum la Apple Plug, magazinul online de \u00eencredere pentru dispozitive Apple. Cu garan\u021bie inclus","og_url":"https:\/\/appleplug.ro\/hu\/product\/samsung-galaxy-s23-nou\/","og_site_name":"Apple Plug","article_publisher":"https:\/\/www.facebook.com\/profile.php?id=100089820235797","article_modified_time":"2025-04-14T16:45:03+00:00","og_image":[{"width":2052,"height":1641,"url":"https:\/\/appleplug.ro\/wp-content\/uploads\/2024\/07\/uk-galaxy-s23-s911-sm-s911bzkgeub-534791551.webp","type":"image\/webp"}],"twitter_card":"summary_large_image","twitter_misc":{"Becs\u00fclt olvas\u00e1si id\u0151":"2 perc"},"schema":{"@context":"https:\/\/schema.org","@graph":[{"@type":"WebPage","@id":"https:\/\/appleplug.ro\/product\/samsung-galaxy-s23-nou\/","url":"https:\/\/appleplug.ro\/product\/samsung-galaxy-s23-nou\/","name":"Samsung Galaxy S23 128Gb Nou\/Sigilat (SM-S911B) - Apple Plug","isPartOf":{"@id":"https:\/\/appleplug.ro\/#website"},"primaryImageOfPage":{"@id":"https:\/\/appleplug.ro\/product\/samsung-galaxy-s23-nou\/#primaryimage"},"image":{"@id":"https:\/\/appleplug.ro\/product\/samsung-galaxy-s23-nou\/#primaryimage"},"thumbnailUrl":"https:\/\/i0.wp.com\/appleplug.ro\/wp-content\/uploads\/2024\/07\/uk-galaxy-s23-s911-sm-s911bzkgeub-534791551.webp?fit=2052%2C1641&ssl=1","datePublished":"2024-07-17T04:54:37+00:00","dateModified":"2025-04-14T16:45:03+00:00","description":"Samsung Galaxy S23 second hand, disponibil acum la Apple Plug, magazinul online de \u00eencredere pentru dispozitive Apple. Cu garan\u021bie inclus","breadcrumb":{"@id":"https:\/\/appleplug.ro\/product\/samsung-galaxy-s23-nou\/#breadcrumb"},"inLanguage":"hu","potentialAction":[{"@type":"ReadAction","target":["https:\/\/appleplug.ro\/product\/samsung-galaxy-s23-nou\/"]}]},{"@type":"ImageObject","inLanguage":"hu","@id":"https:\/\/appleplug.ro\/product\/samsung-galaxy-s23-nou\/#primaryimage","url":"https:\/\/i0.wp.com\/appleplug.ro\/wp-content\/uploads\/2024\/07\/uk-galaxy-s23-s911-sm-s911bzkgeub-534791551.webp?fit=2052%2C1641&ssl=1","contentUrl":"https:\/\/i0.wp.com\/appleplug.ro\/wp-content\/uploads\/2024\/07\/uk-galaxy-s23-s911-sm-s911bzkgeub-534791551.webp?fit=2052%2C1641&ssl=1","width":2052,"height":1641},{"@type":"BreadcrumbList","@id":"https:\/\/appleplug.ro\/product\/samsung-galaxy-s23-nou\/#breadcrumb","itemListElement":[{"@type":"ListItem","position":1,"name":"Acas\u0103","item":"https:\/\/appleplug.ro\/"},{"@type":"ListItem","position":2,"name":"Magazin","item":"https:\/\/appleplug.ro\/magazin\/"},{"@type":"ListItem","position":3,"name":"Samsung Galaxy S23 128Gb Nou\/Sigilat (SM-S911B)"}]},{"@type":"WebSite","@id":"https:\/\/appleplug.ro\/#website","url":"https:\/\/appleplug.ro\/","name":"Apple Plug","description":"Haszn\u00e1lt IPhone telefonok \u00e9s tartoz\u00e9kok online boltja","publisher":{"@id":"https:\/\/appleplug.ro\/#organization"},"potentialAction":[{"@type":"SearchAction","target":{"@type":"EntryPoint","urlTemplate":"https:\/\/appleplug.ro\/?s={search_term_string}"},"query-input":{"@type":"PropertyValueSpecification","valueRequired":true,"valueName":"search_term_string"}}],"inLanguage":"hu"},{"@type":"Organization","@id":"https:\/\/appleplug.ro\/#organization","name":"Apple Plug","url":"https:\/\/appleplug.ro\/","logo":{"@type":"ImageObject","inLanguage":"hu","@id":"https:\/\/appleplug.ro\/#\/schema\/logo\/image\/","url":"https:\/\/i0.wp.com\/appleplug.ro\/wp-content\/uploads\/2024\/04\/cropped-White-logo-no-background.png?fit=3167%2C560&ssl=1","contentUrl":"https:\/\/i0.wp.com\/appleplug.ro\/wp-content\/uploads\/2024\/04\/cropped-White-logo-no-background.png?fit=3167%2C560&ssl=1","width":3167,"height":560,"caption":"Apple Plug"},"image":{"@id":"https:\/\/appleplug.ro\/#\/schema\/logo\/image\/"},"sameAs":["https:\/\/www.facebook.com\/profile.php?id=100089820235797","https:\/\/www.instagram.com\/appleplug_romania?igsh=MWJ1YTQ2bGdvZ2Uzag&utm_source=qr"]}]}},"jetpack_sharing_enabled":true,"_links":{"self":[{"href":"https:\/\/appleplug.ro\/hu\/wp-json\/wp\/v2\/product\/13177","targetHints":{"allow":["GET"]}}],"collection":[{"href":"https:\/\/appleplug.ro\/hu\/wp-json\/wp\/v2\/product"}],"about":[{"href":"https:\/\/appleplug.ro\/hu\/wp-json\/wp\/v2\/types\/product"}],"replies":[{"embeddable":true,"href":"https:\/\/appleplug.ro\/hu\/wp-json\/wp\/v2\/comments?post=13177"}],"wp:featuredmedia":[{"embeddable":true,"href":"https:\/\/appleplug.ro\/hu\/wp-json\/wp\/v2\/media\/22170"}],"wp:attachment":[{"href":"https:\/\/appleplug.ro\/hu\/wp-json\/wp\/v2\/media?parent=13177"}],"wp:term":[{"taxonomy":"product_brand","embeddable":true,"href":"https:\/\/appleplug.ro\/hu\/wp-json\/wp\/v2\/product_brand?post=13177"},{"taxonomy":"product_cat","embeddable":true,"href":"https:\/\/appleplug.ro\/hu\/wp-json\/wp\/v2\/product_cat?post=13177"},{"taxonomy":"product_tag","embeddable":true,"href":"https:\/\/appleplug.ro\/hu\/wp-json\/wp\/v2\/product_tag?post=13177"}],"curies":[{"name":"wp","href":"https:\/\/api.w.org\/{rel}","templated":true}]}}