{"id":11815,"date":"2024-06-07T12:54:08","date_gmt":"2024-06-07T09:54:08","guid":{"rendered":"https:\/\/appleplug.ro\/?post_type=product&#038;p=11815"},"modified":"2024-06-07T12:58:44","modified_gmt":"2024-06-07T09:58:44","slug":"folie-sticla-camera-iphone-15-pro-max-spigen-glas-tr-optik-albastru","status":"publish","type":"product","link":"https:\/\/appleplug.ro\/hu\/product\/folie-sticla-camera-iphone-15-pro-max-spigen-glas-tr-optik-albastru\/","title":{"rendered":"Spigen Glas.tR Optik iPhone 15 Pro Max kamera\u00fcveg bor\u00edt\u00e1s, k\u00e9k"},"content":{"rendered":"<h3><strong>Ce este o folie de aticl\u0103 pentru camer\u0103?<\/strong><\/h3>\n<p>O folie de sticl\u0103 pentru camer\u0103 este un accesoriu fabricat din sticl\u0103 temperat\u0103 sau alte materiale durabile, proiectat pentru a proteja lentila camerei iPhone-ului t\u0103u. Aceasta previne zg\u00e2rieturile, praful \u0219i alte daune care ar putea afecta calitatea fotografiilor.<\/p>\n<p>&nbsp;<\/p>\n<div class=\"flex-1 overflow-hidden overflow-y-auto\">\n<div class=\"react-scroll-to-bottom--css-ewxms-79elbk h-full\">\n<div class=\"react-scroll-to-bottom--css-ewxms-1n7m0yu\">\n<div class=\"flex flex-col text-sm\">\n<div class=\"w-full text-token-text-primary sm:AIPRM__conversation__response\" dir=\"auto\" data-testid=\"conversation-turn-3\" data-scroll-anchor=\"true\">\n<div class=\"py-2 juice:py-[18px] px-3 text-base md:px-4 m-auto md:px-5 lg:px-1 xl:px-5\">\n<div class=\"mx-auto flex flex-1 gap-3 text-base juice:gap-4 juice:md:gap-6 md:max-w-3xl lg:max-w-[40rem] xl:max-w-[48rem]\">\n<div class=\"group\/conversation-turn relative flex w-full min-w-0 flex-col agent-turn\">\n<div class=\"flex-col gap-1 md:gap-3\">\n<div class=\"flex flex-grow flex-col max-w-full AIPRM__conversation__response\">\n<div class=\"min-h-[20px] text-message flex flex-col items-start whitespace-pre-wrap break-words [.text-message+&amp;]:mt-5 juice:w-full juice:items-end overflow-x-auto gap-2\" dir=\"auto\" data-message-author-role=\"assistant\" data-message-id=\"68d9e4b0-3f62-4f1f-8f51-f27076d1efdf\">\n<div class=\"flex w-full flex-col gap-1 juice:empty:hidden juice:first:pt-[3px]\">\n<div class=\"markdown prose w-full break-words dark:prose-invert light\">\n<h4><strong>Protec\u021bie \u00eempotriva zg\u00e2rieturilor<\/strong><\/h4>\n<p>Principalul avantaj al utiliz\u0103rii unei folii de sticl\u0103 pentru camera <a href=\"https:\/\/appleplug.ro\/\">iPhone 15 Pro Max<\/a> este protec\u021bia eficient\u0103 \u00eempotriva zg\u00e2rieturilor. Astfel, lentila camerei r\u0103m\u00e2ne clar\u0103 \u0219i f\u0103r\u0103 defecte.<\/p>\n<h4><strong>Reducerea reflexiilor \u0219i amprentelor<\/strong><\/h4>\n<p>O folie de sticl\u0103 de calitate va reduce reflexiile \u0219i amprentele, oferind o experien\u021b\u0103 vizual\u0103 mai clar\u0103 \u0219i mai pl\u0103cut\u0103.<\/p>\n<h4><strong>Claritatea imaginilor<\/strong><\/h4>\n<p>Cu o folie de sticl\u0103, calitatea imaginii nu este compromis\u0103. Aceasta permite trecerea luminii f\u0103r\u0103 distorsiuni, asigur\u00e2nd fotografii clare \u0219i detaliate.<\/p>\n<\/div>\n<\/div>\n<\/div>\n<\/div>\n<\/div>\n<\/div>\n<\/div>\n<\/div>\n<\/div>\n<\/div>\n<\/div>\n<div id=\"AIPRM__sidebar\" class=\"2xl:AIPRM__w-7\/12 lg:AIPRM__w-3\/4 md:AIPRM__w-11\/12 AIPRM__w-full AIPRM__h-full AIPRM__bg-white AIPRM__text-gray-700 AIPRM__shadow-lg AIPRM__absolute AIPRM__right-0 AIPRM__overflow-auto AIPRM__z-20 dark:AIPRM__bg-gray-900 dark:AIPRM__text-white AIPRM__ease-in-out AIPRM__duration-300 AIPRM__translate-x-full dark:AIPRM__shadow-gray-600\/50 AIPRM__top-0\">\n<div id=\"AIPRM__sidebar-container\" class=\"AIPRM__relative AIPRM__w-full\" title=\"Close AIPRM sidebar\">\n<div id=\"templates-wrapper\" class=\"AIPRM__mt-6 md:AIPRM__flex AIPRM__items-start AIPRM__text-center AIPRM__gap-2.5 AIPRM__max-w-full AIPRM__m-auto sm:AIPRM__mx-4 AIPRM__text-sm \">\n<div class=\"AIPRM__flex AIPRM__flex-col AIPRM__gap-3.5 AIPRM__flex-1 AIPRM__relative\">\n<div class=\"lg:AIPRM__absolute AIPRM__top-0 AIPRM__right-0 AIPRM__text-right\"><\/div>\n<\/div>\n<\/div>\n<\/div>\n<\/div>\n<\/div>\n<\/div>\n","protected":false},"excerpt":{"rendered":"<h2 class=\"product-title\">[Pachet 2x] Folie sticla camera iPhone 15 Pro Max Spigen Glas.tR Optik, albastru<\/h2>\n","protected":false},"featured_media":11816,"comment_status":"open","ping_status":"closed","template":"","meta":{"_glsr_average":0,"_glsr_ranking":0,"_glsr_reviews":0},"product_brand":[],"product_cat":[77],"product_tag":[],"class_list":{"0":"post-11815","1":"product","2":"type-product","3":"status-publish","4":"has-post-thumbnail","6":"product_cat-accesorii","8":"first","9":"instock","10":"taxable","11":"shipping-taxable","12":"purchasable","13":"product-type-simple"},"yoast_head":"<!-- This site is optimized with the Yoast SEO plugin v27.4 - https:\/\/yoast.com\/product\/yoast-seo-wordpress\/ -->\n<title>Folie sticla camera iPhone 15 Pro Max - Apple Plug<\/title>\n<meta name=\"robots\" content=\"index, follow, max-snippet:-1, max-image-preview:large, max-video-preview:-1\" \/>\n<link rel=\"canonical\" href=\"https:\/\/appleplug.ro\/hu\/product\/folie-sticla-camera-iphone-15-pro-max-spigen-glas-tr-optik-albastru\/\" \/>\n<meta property=\"og:locale\" content=\"hu_HU\" \/>\n<meta property=\"og:type\" content=\"article\" \/>\n<meta property=\"og:title\" content=\"Folie sticla camera iPhone 15 Pro Max - Apple Plug\" \/>\n<meta property=\"og:description\" content=\"[Pachet 2x] Folie sticla camera iPhone 15 Pro Max Spigen Glas.tR Optik, albastru\" \/>\n<meta property=\"og:url\" content=\"https:\/\/appleplug.ro\/hu\/product\/folie-sticla-camera-iphone-15-pro-max-spigen-glas-tr-optik-albastru\/\" \/>\n<meta property=\"og:site_name\" content=\"Apple Plug\" \/>\n<meta property=\"article:publisher\" content=\"https:\/\/www.facebook.com\/profile.php?id=100089820235797\" \/>\n<meta property=\"article:modified_time\" content=\"2024-06-07T09:58:44+00:00\" \/>\n<meta property=\"og:image\" content=\"https:\/\/appleplug.ro\/wp-content\/uploads\/2024\/06\/Folie-sticla-camera-iPhone-15-Pro-Max.jpeg\" \/>\n\t<meta property=\"og:image:width\" content=\"1000\" \/>\n\t<meta property=\"og:image:height\" content=\"1000\" \/>\n\t<meta property=\"og:image:type\" content=\"image\/jpeg\" \/>\n<meta name=\"twitter:card\" content=\"summary_large_image\" \/>\n<meta name=\"twitter:label1\" content=\"Becs\u00fclt olvas\u00e1si id\u0151\" \/>\n\t<meta name=\"twitter:data1\" content=\"1 perc\" \/>\n<script type=\"application\/ld+json\" class=\"yoast-schema-graph\">{\"@context\":\"https:\\\/\\\/schema.org\",\"@graph\":[{\"@type\":\"WebPage\",\"@id\":\"https:\\\/\\\/appleplug.ro\\\/product\\\/folie-sticla-camera-iphone-15-pro-max-spigen-glas-tr-optik-albastru\\\/\",\"url\":\"https:\\\/\\\/appleplug.ro\\\/product\\\/folie-sticla-camera-iphone-15-pro-max-spigen-glas-tr-optik-albastru\\\/\",\"name\":\"Folie sticla camera iPhone 15 Pro Max - Apple Plug\",\"isPartOf\":{\"@id\":\"https:\\\/\\\/appleplug.ro\\\/#website\"},\"primaryImageOfPage\":{\"@id\":\"https:\\\/\\\/appleplug.ro\\\/product\\\/folie-sticla-camera-iphone-15-pro-max-spigen-glas-tr-optik-albastru\\\/#primaryimage\"},\"image\":{\"@id\":\"https:\\\/\\\/appleplug.ro\\\/product\\\/folie-sticla-camera-iphone-15-pro-max-spigen-glas-tr-optik-albastru\\\/#primaryimage\"},\"thumbnailUrl\":\"https:\\\/\\\/i0.wp.com\\\/appleplug.ro\\\/wp-content\\\/uploads\\\/2024\\\/06\\\/Folie-sticla-camera-iPhone-15-Pro-Max.jpeg?fit=1000%2C1000&ssl=1\",\"datePublished\":\"2024-06-07T09:54:08+00:00\",\"dateModified\":\"2024-06-07T09:58:44+00:00\",\"breadcrumb\":{\"@id\":\"https:\\\/\\\/appleplug.ro\\\/product\\\/folie-sticla-camera-iphone-15-pro-max-spigen-glas-tr-optik-albastru\\\/#breadcrumb\"},\"inLanguage\":\"hu\",\"potentialAction\":[{\"@type\":\"ReadAction\",\"target\":[\"https:\\\/\\\/appleplug.ro\\\/product\\\/folie-sticla-camera-iphone-15-pro-max-spigen-glas-tr-optik-albastru\\\/\"]}]},{\"@type\":\"ImageObject\",\"inLanguage\":\"hu\",\"@id\":\"https:\\\/\\\/appleplug.ro\\\/product\\\/folie-sticla-camera-iphone-15-pro-max-spigen-glas-tr-optik-albastru\\\/#primaryimage\",\"url\":\"https:\\\/\\\/i0.wp.com\\\/appleplug.ro\\\/wp-content\\\/uploads\\\/2024\\\/06\\\/Folie-sticla-camera-iPhone-15-Pro-Max.jpeg?fit=1000%2C1000&ssl=1\",\"contentUrl\":\"https:\\\/\\\/i0.wp.com\\\/appleplug.ro\\\/wp-content\\\/uploads\\\/2024\\\/06\\\/Folie-sticla-camera-iPhone-15-Pro-Max.jpeg?fit=1000%2C1000&ssl=1\",\"width\":1000,\"height\":1000,\"caption\":\"Folie sticla camera iPhone 15 Pro Max\"},{\"@type\":\"BreadcrumbList\",\"@id\":\"https:\\\/\\\/appleplug.ro\\\/product\\\/folie-sticla-camera-iphone-15-pro-max-spigen-glas-tr-optik-albastru\\\/#breadcrumb\",\"itemListElement\":[{\"@type\":\"ListItem\",\"position\":1,\"name\":\"Acas\u0103\",\"item\":\"https:\\\/\\\/appleplug.ro\\\/\"},{\"@type\":\"ListItem\",\"position\":2,\"name\":\"Magazin\",\"item\":\"https:\\\/\\\/appleplug.ro\\\/magazin\\\/\"},{\"@type\":\"ListItem\",\"position\":3,\"name\":\"Folie sticla camera iPhone 15 Pro Max Spigen Glas.tR Optik, albastru\"}]},{\"@type\":\"WebSite\",\"@id\":\"https:\\\/\\\/appleplug.ro\\\/#website\",\"url\":\"https:\\\/\\\/appleplug.ro\\\/\",\"name\":\"Apple Plug\",\"description\":\"Magazin online de telefoane second hand IPhone \u0219i accesorii\",\"publisher\":{\"@id\":\"https:\\\/\\\/appleplug.ro\\\/#organization\"},\"potentialAction\":[{\"@type\":\"SearchAction\",\"target\":{\"@type\":\"EntryPoint\",\"urlTemplate\":\"https:\\\/\\\/appleplug.ro\\\/?s={search_term_string}\"},\"query-input\":{\"@type\":\"PropertyValueSpecification\",\"valueRequired\":true,\"valueName\":\"search_term_string\"}}],\"inLanguage\":\"hu\"},{\"@type\":\"Organization\",\"@id\":\"https:\\\/\\\/appleplug.ro\\\/#organization\",\"name\":\"Apple Plug\",\"url\":\"https:\\\/\\\/appleplug.ro\\\/\",\"logo\":{\"@type\":\"ImageObject\",\"inLanguage\":\"hu\",\"@id\":\"https:\\\/\\\/appleplug.ro\\\/#\\\/schema\\\/logo\\\/image\\\/\",\"url\":\"https:\\\/\\\/i0.wp.com\\\/appleplug.ro\\\/wp-content\\\/uploads\\\/2024\\\/04\\\/cropped-White-logo-no-background.png?fit=3167%2C560&ssl=1\",\"contentUrl\":\"https:\\\/\\\/i0.wp.com\\\/appleplug.ro\\\/wp-content\\\/uploads\\\/2024\\\/04\\\/cropped-White-logo-no-background.png?fit=3167%2C560&ssl=1\",\"width\":3167,\"height\":560,\"caption\":\"Apple Plug\"},\"image\":{\"@id\":\"https:\\\/\\\/appleplug.ro\\\/#\\\/schema\\\/logo\\\/image\\\/\"},\"sameAs\":[\"https:\\\/\\\/www.facebook.com\\\/profile.php?id=100089820235797\",\"https:\\\/\\\/www.instagram.com\\\/appleplug_romania?igsh=MWJ1YTQ2bGdvZ2Uzag&utm_source=qr\"]}]}<\/script>\n<!-- \/ Yoast SEO plugin. -->","yoast_head_json":{"title":"Folie sticla camera iPhone 15 Pro Max - Apple Plug","robots":{"index":"index","follow":"follow","max-snippet":"max-snippet:-1","max-image-preview":"max-image-preview:large","max-video-preview":"max-video-preview:-1"},"canonical":"https:\/\/appleplug.ro\/hu\/product\/folie-sticla-camera-iphone-15-pro-max-spigen-glas-tr-optik-albastru\/","og_locale":"hu_HU","og_type":"article","og_title":"Folie sticla camera iPhone 15 Pro Max - Apple Plug","og_description":"[Pachet 2x] Folie sticla camera iPhone 15 Pro Max Spigen Glas.tR Optik, albastru","og_url":"https:\/\/appleplug.ro\/hu\/product\/folie-sticla-camera-iphone-15-pro-max-spigen-glas-tr-optik-albastru\/","og_site_name":"Apple Plug","article_publisher":"https:\/\/www.facebook.com\/profile.php?id=100089820235797","article_modified_time":"2024-06-07T09:58:44+00:00","og_image":[{"width":1000,"height":1000,"url":"https:\/\/appleplug.ro\/wp-content\/uploads\/2024\/06\/Folie-sticla-camera-iPhone-15-Pro-Max.jpeg","type":"image\/jpeg"}],"twitter_card":"summary_large_image","twitter_misc":{"Becs\u00fclt olvas\u00e1si id\u0151":"1 perc"},"schema":{"@context":"https:\/\/schema.org","@graph":[{"@type":"WebPage","@id":"https:\/\/appleplug.ro\/product\/folie-sticla-camera-iphone-15-pro-max-spigen-glas-tr-optik-albastru\/","url":"https:\/\/appleplug.ro\/product\/folie-sticla-camera-iphone-15-pro-max-spigen-glas-tr-optik-albastru\/","name":"Folie sticla camera iPhone 15 Pro Max - Apple Plug","isPartOf":{"@id":"https:\/\/appleplug.ro\/#website"},"primaryImageOfPage":{"@id":"https:\/\/appleplug.ro\/product\/folie-sticla-camera-iphone-15-pro-max-spigen-glas-tr-optik-albastru\/#primaryimage"},"image":{"@id":"https:\/\/appleplug.ro\/product\/folie-sticla-camera-iphone-15-pro-max-spigen-glas-tr-optik-albastru\/#primaryimage"},"thumbnailUrl":"https:\/\/i0.wp.com\/appleplug.ro\/wp-content\/uploads\/2024\/06\/Folie-sticla-camera-iPhone-15-Pro-Max.jpeg?fit=1000%2C1000&ssl=1","datePublished":"2024-06-07T09:54:08+00:00","dateModified":"2024-06-07T09:58:44+00:00","breadcrumb":{"@id":"https:\/\/appleplug.ro\/product\/folie-sticla-camera-iphone-15-pro-max-spigen-glas-tr-optik-albastru\/#breadcrumb"},"inLanguage":"hu","potentialAction":[{"@type":"ReadAction","target":["https:\/\/appleplug.ro\/product\/folie-sticla-camera-iphone-15-pro-max-spigen-glas-tr-optik-albastru\/"]}]},{"@type":"ImageObject","inLanguage":"hu","@id":"https:\/\/appleplug.ro\/product\/folie-sticla-camera-iphone-15-pro-max-spigen-glas-tr-optik-albastru\/#primaryimage","url":"https:\/\/i0.wp.com\/appleplug.ro\/wp-content\/uploads\/2024\/06\/Folie-sticla-camera-iPhone-15-Pro-Max.jpeg?fit=1000%2C1000&ssl=1","contentUrl":"https:\/\/i0.wp.com\/appleplug.ro\/wp-content\/uploads\/2024\/06\/Folie-sticla-camera-iPhone-15-Pro-Max.jpeg?fit=1000%2C1000&ssl=1","width":1000,"height":1000,"caption":"Folie sticla camera iPhone 15 Pro Max"},{"@type":"BreadcrumbList","@id":"https:\/\/appleplug.ro\/product\/folie-sticla-camera-iphone-15-pro-max-spigen-glas-tr-optik-albastru\/#breadcrumb","itemListElement":[{"@type":"ListItem","position":1,"name":"Acas\u0103","item":"https:\/\/appleplug.ro\/"},{"@type":"ListItem","position":2,"name":"Magazin","item":"https:\/\/appleplug.ro\/magazin\/"},{"@type":"ListItem","position":3,"name":"Folie sticla camera iPhone 15 Pro Max Spigen Glas.tR Optik, albastru"}]},{"@type":"WebSite","@id":"https:\/\/appleplug.ro\/#website","url":"https:\/\/appleplug.ro\/","name":"Apple Plug","description":"Haszn\u00e1lt IPhone telefonok \u00e9s tartoz\u00e9kok online boltja","publisher":{"@id":"https:\/\/appleplug.ro\/#organization"},"potentialAction":[{"@type":"SearchAction","target":{"@type":"EntryPoint","urlTemplate":"https:\/\/appleplug.ro\/?s={search_term_string}"},"query-input":{"@type":"PropertyValueSpecification","valueRequired":true,"valueName":"search_term_string"}}],"inLanguage":"hu"},{"@type":"Organization","@id":"https:\/\/appleplug.ro\/#organization","name":"Apple Plug","url":"https:\/\/appleplug.ro\/","logo":{"@type":"ImageObject","inLanguage":"hu","@id":"https:\/\/appleplug.ro\/#\/schema\/logo\/image\/","url":"https:\/\/i0.wp.com\/appleplug.ro\/wp-content\/uploads\/2024\/04\/cropped-White-logo-no-background.png?fit=3167%2C560&ssl=1","contentUrl":"https:\/\/i0.wp.com\/appleplug.ro\/wp-content\/uploads\/2024\/04\/cropped-White-logo-no-background.png?fit=3167%2C560&ssl=1","width":3167,"height":560,"caption":"Apple Plug"},"image":{"@id":"https:\/\/appleplug.ro\/#\/schema\/logo\/image\/"},"sameAs":["https:\/\/www.facebook.com\/profile.php?id=100089820235797","https:\/\/www.instagram.com\/appleplug_romania?igsh=MWJ1YTQ2bGdvZ2Uzag&utm_source=qr"]}]}},"jetpack_sharing_enabled":true,"_links":{"self":[{"href":"https:\/\/appleplug.ro\/hu\/wp-json\/wp\/v2\/product\/11815","targetHints":{"allow":["GET"]}}],"collection":[{"href":"https:\/\/appleplug.ro\/hu\/wp-json\/wp\/v2\/product"}],"about":[{"href":"https:\/\/appleplug.ro\/hu\/wp-json\/wp\/v2\/types\/product"}],"replies":[{"embeddable":true,"href":"https:\/\/appleplug.ro\/hu\/wp-json\/wp\/v2\/comments?post=11815"}],"wp:featuredmedia":[{"embeddable":true,"href":"https:\/\/appleplug.ro\/hu\/wp-json\/wp\/v2\/media\/11816"}],"wp:attachment":[{"href":"https:\/\/appleplug.ro\/hu\/wp-json\/wp\/v2\/media?parent=11815"}],"wp:term":[{"taxonomy":"product_brand","embeddable":true,"href":"https:\/\/appleplug.ro\/hu\/wp-json\/wp\/v2\/product_brand?post=11815"},{"taxonomy":"product_cat","embeddable":true,"href":"https:\/\/appleplug.ro\/hu\/wp-json\/wp\/v2\/product_cat?post=11815"},{"taxonomy":"product_tag","embeddable":true,"href":"https:\/\/appleplug.ro\/hu\/wp-json\/wp\/v2\/product_tag?post=11815"}],"curies":[{"name":"wp","href":"https:\/\/api.w.org\/{rel}","templated":true}]}}