{"id":11070,"date":"2024-05-18T07:54:20","date_gmt":"2024-05-18T04:54:20","guid":{"rendered":"https:\/\/appleplug.ro\/?post_type=product&#038;p=11070"},"modified":"2025-05-21T21:21:44","modified_gmt":"2025-05-21T18:21:44","slug":"folie-iphone-15-spigen-glas-tr-ez-fit-negru","status":"publish","type":"product","link":"https:\/\/appleplug.ro\/hu\/product\/folie-iphone-15-spigen-glas-tr-ez-fit-negru\/","title":{"rendered":"Folie iPhone 15 Spigen Glas.tR EZ Fit, Negru"},"content":{"rendered":"<h2>Protec\u021bie de calitate superioar\u0103 pentru <a href=\"https:\/\/appleplug.ro\/hu\/product-category\/telefoane\/iphone-15\/\">iPhone 15<\/a><\/h2>\n<p>Dac\u0103 de\u021bii noul iPhone 15, \u0219tii c\u00e2t de important este s\u0103-l protejezi \u00eempotriva zg\u00e2rieturilor, loviturilor \u0219i altor daune. Folia de protec\u021bie Spigen este solu\u021bia perfect\u0103 pentru a asigura siguran\u021ba telefonului t\u0103u de ultim\u0103 genera\u021bie.<\/p>\n<h2>Design Durabil \u0219i Elegan\u021b\u0103 \u00eembinat\u0103<\/h2>\n<p>Cu o folie iPhone 15 Spigen, po\u021bi fi sigur c\u0103 telefonul t\u0103u va fi protejat f\u0103r\u0103 s\u0103-\u0219i piard\u0103 din elegan\u021b\u0103. Designul durabil al acestei folii ofer\u0103 o protec\u021bie excelent\u0103 \u00eempotriva zg\u00e2rieturilor \u0219i a loviturilor, \u00een timp ce aspectul s\u0103u elegant se \u00eembin\u0103 perfect cu estetica telefonului t\u0103u.<\/p>\n<h2>Claritate \u0219i sensibilitate excep\u021bionale<\/h2>\n<p>Folie iPhone 15 Spigen ofer\u0103 o claritate excep\u021bional\u0103, astfel \u00eenc\u00e2t s\u0103 po\u021bi continua s\u0103 te bucuri de rezolu\u021bia superb\u0103 a ecranului telefonului t\u0103u. \u00cen plus, sensibilitatea ecranului tactil nu va fi afectat\u0103 \u00een niciun fel, permi\u021b\u00e2ndu-\u021bi s\u0103 folose\u0219ti telefonul cu aceea\u0219i u\u0219urin\u021b\u0103 ca \u0219i \u00eenainte.<\/p>\n<h2>Montaj simplu \u0219i f\u0103r\u0103 Bule<\/h2>\n<p>Cu tehnologia avansat\u0103 de montaj a foliei Spigen, aplicarea acesteia pe ecranul iPhone-ului t\u0103u este un proces simplu \u0219i f\u0103r\u0103 probleme. Nu trebuie s\u0103-\u021bi faci griji cu privire la bulele enervante, deoarece folia se aplic\u0103 perfect, l\u0103s\u00e2nd ecranul telefonului t\u0103u impecabil.<\/p>\n<h2>Rezisten\u021b\u0103 \u0219i Durabilitate testate<\/h2>\n<p>Foliile Spigen sunt supuse unor teste riguroase de rezisten\u021b\u0103 \u0219i durabilitate, astfel \u00eenc\u00e2t s\u0103 po\u021bi avea \u00eencredere c\u0103 telefonul t\u0103u este protejat \u00een cele mai extreme condi\u021bii. Indiferent de situa\u021bie, folia iPhone 15 Spigen \u00ee\u0219i va p\u0103stra integritatea \u0219i va proteja ecranul telefonului t\u0103u.<\/p>","protected":false},"excerpt":{"rendered":"<p>Dac\u0103 \u00ee\u021bi dore\u0219ti cea mai bun\u0103 protec\u021bie pentru noul t\u0103u <a href=\"https:\/\/appleplug.ro\/hu\/product-category\/telefoane\/iphone-15\/\">iPhone 15<\/a>, nu c\u0103uta mai departe dec\u00e2t folia iPhone 15 Spigen. Cu designul s\u0103u durabil, claritatea excep\u021bional\u0103 \u0219i montajul simplu, aceast\u0103 folie este alegerea perfect\u0103 pentru a-\u021bi p\u0103stra telefonul nou-nou\u021b \u00een stare impecabil\u0103. Nu l\u0103sa telefonul t\u0103u expus riscului de daune &#8211; protejeaz\u0103-l cu folia iPhone 15 Spigen ast\u0103zi!<\/p>","protected":false},"featured_media":11068,"comment_status":"open","ping_status":"closed","template":"","meta":{"_glsr_average":0,"_glsr_ranking":0,"_glsr_reviews":0},"product_brand":[],"product_cat":[77],"product_tag":[],"class_list":{"0":"post-11070","1":"product","2":"type-product","3":"status-publish","4":"has-post-thumbnail","6":"product_cat-accesorii","8":"first","9":"outofstock","10":"taxable","11":"shipping-taxable","12":"purchasable","13":"product-type-simple"},"yoast_head":"<!-- This site is optimized with the Yoast SEO plugin v27.4 - https:\/\/yoast.com\/product\/yoast-seo-wordpress\/ -->\n<title>Folie iPhone 15 Spigen Glas.tR EZ Fit, Negru - Apple Plug<\/title>\n<meta name=\"description\" content=\"Folie iPhone 15 Spigen ofer\u0103 o claritate excep\u021bional\u0103, astfel \u00eenc\u00e2t s\u0103 po\u021bi continua s\u0103 te bucuri de rezolu\u021bia superb\u0103 a ecranului telefonului t\u0103u.\" \/>\n<meta name=\"robots\" content=\"index, follow, max-snippet:-1, max-image-preview:large, max-video-preview:-1\" \/>\n<link rel=\"canonical\" href=\"https:\/\/appleplug.ro\/hu\/product\/folie-iphone-15-spigen-glas-tr-ez-fit-negru\/\" \/>\n<meta property=\"og:locale\" content=\"hu_HU\" \/>\n<meta property=\"og:type\" content=\"article\" \/>\n<meta property=\"og:title\" content=\"Folie iPhone 15 Spigen Glas.tR EZ Fit, Negru - Apple Plug\" \/>\n<meta property=\"og:description\" content=\"Folie iPhone 15 Spigen ofer\u0103 o claritate excep\u021bional\u0103, astfel \u00eenc\u00e2t s\u0103 po\u021bi continua s\u0103 te bucuri de rezolu\u021bia superb\u0103 a ecranului telefonului t\u0103u.\" \/>\n<meta property=\"og:url\" content=\"https:\/\/appleplug.ro\/hu\/product\/folie-iphone-15-spigen-glas-tr-ez-fit-negru\/\" \/>\n<meta property=\"og:site_name\" content=\"Apple Plug\" \/>\n<meta property=\"article:publisher\" content=\"https:\/\/www.facebook.com\/profile.php?id=100089820235797\" \/>\n<meta property=\"article:modified_time\" content=\"2025-05-21T18:21:44+00:00\" \/>\n<meta property=\"og:image\" content=\"https:\/\/appleplug.ro\/wp-content\/uploads\/2024\/05\/Folie-iPhone-15-Pro-Spigen-Glas.tR-EZ-Fit-negru.jpeg\" \/>\n\t<meta property=\"og:image:width\" content=\"1000\" \/>\n\t<meta property=\"og:image:height\" content=\"1000\" \/>\n\t<meta property=\"og:image:type\" content=\"image\/jpeg\" \/>\n<meta name=\"twitter:card\" content=\"summary_large_image\" \/>\n<meta name=\"twitter:label1\" content=\"Becs\u00fclt olvas\u00e1si id\u0151\" \/>\n\t<meta name=\"twitter:data1\" content=\"2 perc\" \/>\n<script type=\"application\/ld+json\" class=\"yoast-schema-graph\">{\"@context\":\"https:\\\/\\\/schema.org\",\"@graph\":[{\"@type\":\"WebPage\",\"@id\":\"https:\\\/\\\/appleplug.ro\\\/product\\\/folie-iphone-15-spigen-glas-tr-ez-fit-negru\\\/\",\"url\":\"https:\\\/\\\/appleplug.ro\\\/product\\\/folie-iphone-15-spigen-glas-tr-ez-fit-negru\\\/\",\"name\":\"Folie iPhone 15 Spigen Glas.tR EZ Fit, Negru - Apple Plug\",\"isPartOf\":{\"@id\":\"https:\\\/\\\/appleplug.ro\\\/#website\"},\"primaryImageOfPage\":{\"@id\":\"https:\\\/\\\/appleplug.ro\\\/product\\\/folie-iphone-15-spigen-glas-tr-ez-fit-negru\\\/#primaryimage\"},\"image\":{\"@id\":\"https:\\\/\\\/appleplug.ro\\\/product\\\/folie-iphone-15-spigen-glas-tr-ez-fit-negru\\\/#primaryimage\"},\"thumbnailUrl\":\"https:\\\/\\\/i0.wp.com\\\/appleplug.ro\\\/wp-content\\\/uploads\\\/2024\\\/05\\\/Folie-iPhone-15-Pro-Spigen-Glas.tR-EZ-Fit-negru.jpeg?fit=1000%2C1000&ssl=1\",\"datePublished\":\"2024-05-18T04:54:20+00:00\",\"dateModified\":\"2025-05-21T18:21:44+00:00\",\"description\":\"Folie iPhone 15 Spigen ofer\u0103 o claritate excep\u021bional\u0103, astfel \u00eenc\u00e2t s\u0103 po\u021bi continua s\u0103 te bucuri de rezolu\u021bia superb\u0103 a ecranului telefonului t\u0103u.\",\"breadcrumb\":{\"@id\":\"https:\\\/\\\/appleplug.ro\\\/product\\\/folie-iphone-15-spigen-glas-tr-ez-fit-negru\\\/#breadcrumb\"},\"inLanguage\":\"hu\",\"potentialAction\":[{\"@type\":\"ReadAction\",\"target\":[\"https:\\\/\\\/appleplug.ro\\\/product\\\/folie-iphone-15-spigen-glas-tr-ez-fit-negru\\\/\"]}]},{\"@type\":\"ImageObject\",\"inLanguage\":\"hu\",\"@id\":\"https:\\\/\\\/appleplug.ro\\\/product\\\/folie-iphone-15-spigen-glas-tr-ez-fit-negru\\\/#primaryimage\",\"url\":\"https:\\\/\\\/i0.wp.com\\\/appleplug.ro\\\/wp-content\\\/uploads\\\/2024\\\/05\\\/Folie-iPhone-15-Pro-Spigen-Glas.tR-EZ-Fit-negru.jpeg?fit=1000%2C1000&ssl=1\",\"contentUrl\":\"https:\\\/\\\/i0.wp.com\\\/appleplug.ro\\\/wp-content\\\/uploads\\\/2024\\\/05\\\/Folie-iPhone-15-Pro-Spigen-Glas.tR-EZ-Fit-negru.jpeg?fit=1000%2C1000&ssl=1\",\"width\":1000,\"height\":1000,\"caption\":\"Folie iPhone 15 Pro Spigen Glas.tR EZ Fit, negru\"},{\"@type\":\"BreadcrumbList\",\"@id\":\"https:\\\/\\\/appleplug.ro\\\/product\\\/folie-iphone-15-spigen-glas-tr-ez-fit-negru\\\/#breadcrumb\",\"itemListElement\":[{\"@type\":\"ListItem\",\"position\":1,\"name\":\"Acas\u0103\",\"item\":\"https:\\\/\\\/appleplug.ro\\\/\"},{\"@type\":\"ListItem\",\"position\":2,\"name\":\"Magazin\",\"item\":\"https:\\\/\\\/appleplug.ro\\\/magazin\\\/\"},{\"@type\":\"ListItem\",\"position\":3,\"name\":\"Folie iPhone 15 Spigen Glas.tR EZ Fit, Negru\"}]},{\"@type\":\"WebSite\",\"@id\":\"https:\\\/\\\/appleplug.ro\\\/#website\",\"url\":\"https:\\\/\\\/appleplug.ro\\\/\",\"name\":\"Apple Plug\",\"description\":\"Magazin online de telefoane second hand IPhone \u0219i accesorii\",\"publisher\":{\"@id\":\"https:\\\/\\\/appleplug.ro\\\/#organization\"},\"potentialAction\":[{\"@type\":\"SearchAction\",\"target\":{\"@type\":\"EntryPoint\",\"urlTemplate\":\"https:\\\/\\\/appleplug.ro\\\/?s={search_term_string}\"},\"query-input\":{\"@type\":\"PropertyValueSpecification\",\"valueRequired\":true,\"valueName\":\"search_term_string\"}}],\"inLanguage\":\"hu\"},{\"@type\":\"Organization\",\"@id\":\"https:\\\/\\\/appleplug.ro\\\/#organization\",\"name\":\"Apple Plug\",\"url\":\"https:\\\/\\\/appleplug.ro\\\/\",\"logo\":{\"@type\":\"ImageObject\",\"inLanguage\":\"hu\",\"@id\":\"https:\\\/\\\/appleplug.ro\\\/#\\\/schema\\\/logo\\\/image\\\/\",\"url\":\"https:\\\/\\\/i0.wp.com\\\/appleplug.ro\\\/wp-content\\\/uploads\\\/2024\\\/04\\\/cropped-White-logo-no-background.png?fit=3167%2C560&ssl=1\",\"contentUrl\":\"https:\\\/\\\/i0.wp.com\\\/appleplug.ro\\\/wp-content\\\/uploads\\\/2024\\\/04\\\/cropped-White-logo-no-background.png?fit=3167%2C560&ssl=1\",\"width\":3167,\"height\":560,\"caption\":\"Apple Plug\"},\"image\":{\"@id\":\"https:\\\/\\\/appleplug.ro\\\/#\\\/schema\\\/logo\\\/image\\\/\"},\"sameAs\":[\"https:\\\/\\\/www.facebook.com\\\/profile.php?id=100089820235797\",\"https:\\\/\\\/www.instagram.com\\\/appleplug_romania?igsh=MWJ1YTQ2bGdvZ2Uzag&utm_source=qr\"]}]}<\/script>\n<!-- \/ Yoast SEO plugin. -->","yoast_head_json":{"title":"Folie iPhone 15 Spigen Glas.tR EZ Fit, Negru - Apple Plug","description":"Folie iPhone 15 Spigen ofer\u0103 o claritate excep\u021bional\u0103, astfel \u00eenc\u00e2t s\u0103 po\u021bi continua s\u0103 te bucuri de rezolu\u021bia superb\u0103 a ecranului telefonului t\u0103u.","robots":{"index":"index","follow":"follow","max-snippet":"max-snippet:-1","max-image-preview":"max-image-preview:large","max-video-preview":"max-video-preview:-1"},"canonical":"https:\/\/appleplug.ro\/hu\/product\/folie-iphone-15-spigen-glas-tr-ez-fit-negru\/","og_locale":"hu_HU","og_type":"article","og_title":"Folie iPhone 15 Spigen Glas.tR EZ Fit, Negru - Apple Plug","og_description":"Folie iPhone 15 Spigen ofer\u0103 o claritate excep\u021bional\u0103, astfel \u00eenc\u00e2t s\u0103 po\u021bi continua s\u0103 te bucuri de rezolu\u021bia superb\u0103 a ecranului telefonului t\u0103u.","og_url":"https:\/\/appleplug.ro\/hu\/product\/folie-iphone-15-spigen-glas-tr-ez-fit-negru\/","og_site_name":"Apple Plug","article_publisher":"https:\/\/www.facebook.com\/profile.php?id=100089820235797","article_modified_time":"2025-05-21T18:21:44+00:00","og_image":[{"width":1000,"height":1000,"url":"https:\/\/appleplug.ro\/wp-content\/uploads\/2024\/05\/Folie-iPhone-15-Pro-Spigen-Glas.tR-EZ-Fit-negru.jpeg","type":"image\/jpeg"}],"twitter_card":"summary_large_image","twitter_misc":{"Becs\u00fclt olvas\u00e1si id\u0151":"2 perc"},"schema":{"@context":"https:\/\/schema.org","@graph":[{"@type":"WebPage","@id":"https:\/\/appleplug.ro\/product\/folie-iphone-15-spigen-glas-tr-ez-fit-negru\/","url":"https:\/\/appleplug.ro\/product\/folie-iphone-15-spigen-glas-tr-ez-fit-negru\/","name":"Folie iPhone 15 Spigen Glas.tR EZ Fit, Negru - Apple Plug","isPartOf":{"@id":"https:\/\/appleplug.ro\/#website"},"primaryImageOfPage":{"@id":"https:\/\/appleplug.ro\/product\/folie-iphone-15-spigen-glas-tr-ez-fit-negru\/#primaryimage"},"image":{"@id":"https:\/\/appleplug.ro\/product\/folie-iphone-15-spigen-glas-tr-ez-fit-negru\/#primaryimage"},"thumbnailUrl":"https:\/\/i0.wp.com\/appleplug.ro\/wp-content\/uploads\/2024\/05\/Folie-iPhone-15-Pro-Spigen-Glas.tR-EZ-Fit-negru.jpeg?fit=1000%2C1000&ssl=1","datePublished":"2024-05-18T04:54:20+00:00","dateModified":"2025-05-21T18:21:44+00:00","description":"Folie iPhone 15 Spigen ofer\u0103 o claritate excep\u021bional\u0103, astfel \u00eenc\u00e2t s\u0103 po\u021bi continua s\u0103 te bucuri de rezolu\u021bia superb\u0103 a ecranului telefonului t\u0103u.","breadcrumb":{"@id":"https:\/\/appleplug.ro\/product\/folie-iphone-15-spigen-glas-tr-ez-fit-negru\/#breadcrumb"},"inLanguage":"hu","potentialAction":[{"@type":"ReadAction","target":["https:\/\/appleplug.ro\/product\/folie-iphone-15-spigen-glas-tr-ez-fit-negru\/"]}]},{"@type":"ImageObject","inLanguage":"hu","@id":"https:\/\/appleplug.ro\/product\/folie-iphone-15-spigen-glas-tr-ez-fit-negru\/#primaryimage","url":"https:\/\/i0.wp.com\/appleplug.ro\/wp-content\/uploads\/2024\/05\/Folie-iPhone-15-Pro-Spigen-Glas.tR-EZ-Fit-negru.jpeg?fit=1000%2C1000&ssl=1","contentUrl":"https:\/\/i0.wp.com\/appleplug.ro\/wp-content\/uploads\/2024\/05\/Folie-iPhone-15-Pro-Spigen-Glas.tR-EZ-Fit-negru.jpeg?fit=1000%2C1000&ssl=1","width":1000,"height":1000,"caption":"Folie iPhone 15 Pro Spigen Glas.tR EZ Fit, negru"},{"@type":"BreadcrumbList","@id":"https:\/\/appleplug.ro\/product\/folie-iphone-15-spigen-glas-tr-ez-fit-negru\/#breadcrumb","itemListElement":[{"@type":"ListItem","position":1,"name":"Acas\u0103","item":"https:\/\/appleplug.ro\/"},{"@type":"ListItem","position":2,"name":"Magazin","item":"https:\/\/appleplug.ro\/magazin\/"},{"@type":"ListItem","position":3,"name":"Folie iPhone 15 Spigen Glas.tR EZ Fit, Negru"}]},{"@type":"WebSite","@id":"https:\/\/appleplug.ro\/#website","url":"https:\/\/appleplug.ro\/","name":"Apple Plug","description":"Haszn\u00e1lt IPhone telefonok \u00e9s tartoz\u00e9kok online boltja","publisher":{"@id":"https:\/\/appleplug.ro\/#organization"},"potentialAction":[{"@type":"SearchAction","target":{"@type":"EntryPoint","urlTemplate":"https:\/\/appleplug.ro\/?s={search_term_string}"},"query-input":{"@type":"PropertyValueSpecification","valueRequired":true,"valueName":"search_term_string"}}],"inLanguage":"hu"},{"@type":"Organization","@id":"https:\/\/appleplug.ro\/#organization","name":"Apple Plug","url":"https:\/\/appleplug.ro\/","logo":{"@type":"ImageObject","inLanguage":"hu","@id":"https:\/\/appleplug.ro\/#\/schema\/logo\/image\/","url":"https:\/\/i0.wp.com\/appleplug.ro\/wp-content\/uploads\/2024\/04\/cropped-White-logo-no-background.png?fit=3167%2C560&ssl=1","contentUrl":"https:\/\/i0.wp.com\/appleplug.ro\/wp-content\/uploads\/2024\/04\/cropped-White-logo-no-background.png?fit=3167%2C560&ssl=1","width":3167,"height":560,"caption":"Apple Plug"},"image":{"@id":"https:\/\/appleplug.ro\/#\/schema\/logo\/image\/"},"sameAs":["https:\/\/www.facebook.com\/profile.php?id=100089820235797","https:\/\/www.instagram.com\/appleplug_romania?igsh=MWJ1YTQ2bGdvZ2Uzag&utm_source=qr"]}]}},"jetpack_sharing_enabled":true,"_links":{"self":[{"href":"https:\/\/appleplug.ro\/hu\/wp-json\/wp\/v2\/product\/11070","targetHints":{"allow":["GET"]}}],"collection":[{"href":"https:\/\/appleplug.ro\/hu\/wp-json\/wp\/v2\/product"}],"about":[{"href":"https:\/\/appleplug.ro\/hu\/wp-json\/wp\/v2\/types\/product"}],"replies":[{"embeddable":true,"href":"https:\/\/appleplug.ro\/hu\/wp-json\/wp\/v2\/comments?post=11070"}],"wp:featuredmedia":[{"embeddable":true,"href":"https:\/\/appleplug.ro\/hu\/wp-json\/wp\/v2\/media\/11068"}],"wp:attachment":[{"href":"https:\/\/appleplug.ro\/hu\/wp-json\/wp\/v2\/media?parent=11070"}],"wp:term":[{"taxonomy":"product_brand","embeddable":true,"href":"https:\/\/appleplug.ro\/hu\/wp-json\/wp\/v2\/product_brand?post=11070"},{"taxonomy":"product_cat","embeddable":true,"href":"https:\/\/appleplug.ro\/hu\/wp-json\/wp\/v2\/product_cat?post=11070"},{"taxonomy":"product_tag","embeddable":true,"href":"https:\/\/appleplug.ro\/hu\/wp-json\/wp\/v2\/product_tag?post=11070"}],"curies":[{"name":"wp","href":"https:\/\/api.w.org\/{rel}","templated":true}]}}