{"id":10749,"date":"2024-05-11T14:06:09","date_gmt":"2024-05-11T11:06:09","guid":{"rendered":"https:\/\/appleplug.ro\/?post_type=product&#038;p=10749"},"modified":"2024-08-07T09:56:28","modified_gmt":"2024-08-07T06:56:28","slug":"iphone-15-pro-max-sigilat","status":"publish","type":"product","link":"https:\/\/appleplug.ro\/hu\/product\/iphone-15-pro-max-sigilat\/","title":{"rendered":"iPhone 15 Pro Max Sigilat\/Nou"},"content":{"rendered":"<h2>A v\u00e1s\u00e1rl\u00e1s el\u0151nyei<a href=\"https:\/\/appleplug.ro\/hu\/product-category\/telefoane\/iphone-15-pro-max-telefoane\/\"><em> iPhone 15 Pro Max m\u00e1sodk\u00e9zb\u0151l<\/em><\/a><\/h2>\n<p>A haszn\u00e1lt iPhone 15 Pro Max v\u00e1s\u00e1rl\u00e1sa okos d\u00f6nt\u00e9s azok sz\u00e1m\u00e1ra, akik megb\u00edzhat\u00f3 k\u00e9sz\u00fcl\u00e9ket keresnek megfizethet\u0151bb \u00e1ron. A cs\u00facsmin\u0151s\u00e9g\u0171 teljes\u00edtm\u00e9ny \u00e9s a kiemelked\u0151 felhaszn\u00e1l\u00f3i \u00e9lm\u00e9ny r\u00e9v\u00e9n ez a telefon tov\u00e1bbra is jelent\u0151s \u00e9rt\u00e9ket k\u00edn\u00e1l.<\/p>\n<ol>\n<li style=\"list-style-type: none\">\n<ol>\n<li>Megb\u00edzhat\u00f3 teljes\u00edtm\u00e9ny:<\/li>\n<\/ol>\n<\/li>\n<\/ol>\n<p>Performan\u021ba robust\u0103 a iPhone 15 Pro Max este unul dintre principalele sale puncte forte. Cu tehnologia avansat\u0103 \u0219i puterea de procesare remarcabil\u0103, acest dispozitiv asigur\u0103 o experien\u021b\u0103 fluid\u0103 \u0219i satisf\u0103c\u0103toare \u00een orice activitate, de la multitasking la jocuri intensive \u0219i capturarea de imagini \u0219i videoclipuri de \u00eenalt\u0103 calitate.<\/p>\n<ul>\n<li>\n<h4>Garant\u00e1lt megb\u00edzhat\u00f3s\u00e1g:<\/h4>\n<p>Az iPhone 15 Pro Max m\u00e9g haszn\u00e1lt k\u00e9sz\u00fcl\u00e9kk\u00e9nt is a megb\u00edzhat\u00f3s\u00e1g h\u00edrnev\u00e9t \u00e9lvezi. A gondos ellen\u0151rz\u00e9seknek \u00e9s a mell\u00e9kelt garanci\u00e1nak k\u00f6sz\u00f6nhet\u0151en a v\u00e1s\u00e1rl\u00f3k biztosak lehetnek abban, hogy kiv\u00e1l\u00f3an m\u0171k\u00f6d\u0151 term\u00e9ket kapnak, \u00e9s hogy befektet\u00e9s\u00fck hossz\u00fa t\u00e1von v\u00e9dve van.<\/li>\n<li>\n<h4>P\u00e9nzmegtakar\u00edt\u00e1s:<\/h4>\n<p>Haszn\u00e1lt iPhone 15 Pro Max k\u00e9sz\u00fcl\u00e9k v\u00e1s\u00e1rl\u00e1s\u00e1val nagyszer\u0171 m\u00f3dja annak, hogy p\u00e9nzt takar\u00edtson meg a min\u0151s\u00e9g vagy a teljes\u00edtm\u00e9ny fel\u00e1ldoz\u00e1sa n\u00e9lk\u00fcl. Az \u00faj k\u00e9sz\u00fcl\u00e9kekn\u00e9l kedvez\u0151bb \u00e1ron k\u00edn\u00e1l cs\u00e1b\u00edt\u00f3 lehet\u0151s\u00e9get az Apple cs\u00facstechnol\u00f3gi\u00e1j\u00e1hoz val\u00f3 hozz\u00e1f\u00e9r\u00e9sre an\u00e9lk\u00fcl, hogy megrong\u00e1ln\u00e1 a k\u00f6lts\u00e9gvet\u00e9s\u00e9t.<\/li>\n<li>\n<h4>Garanci\u00e1t tartalmaz:<\/h4>\n<p><a href=\"http:\/\/appleplug.ro\/hu\/\"><strong>Online \u00e1ruh\u00e1zunk, Apple Plug,<\/strong><\/a> biztons\u00e1gos \u00e9s k\u00e9nyelmes \u00e9lm\u00e9nyt ny\u00fajt a haszn\u00e1lt iPhone 15 Pro Max v\u00e1s\u00e1rl\u00f3k sz\u00e1m\u00e1ra. A mell\u00e9kelt garanci\u00e1val \u00e9s a rendelkez\u00e9sre \u00e1ll\u00f3 technikai t\u00e1mogat\u00e1ssal a v\u00e1s\u00e1rl\u00f3k biztons\u00e1gban \u00e9rezhetik magukat a v\u00e1s\u00e1rl\u00e1s sor\u00e1n, tudv\u00e1n, hogy b\u00e1rmilyen probl\u00e9ma eset\u00e9n v\u00e9dve vannak.<\/li>\n<\/ul>\n<p>&nbsp;<\/p>\n<p>\u00d6sszefoglalva, a v\u00e1s\u00e1rl\u00e1s egy<a href=\"https:\/\/appleplug.ro\/hu\/product-category\/telefoane\/iphone-15-pro-max-telefoane\/\"><strong> iPhone 15 Pro Max haszn\u00e1ltan<\/strong><\/a> nagyszer\u0171 m\u00f3dja annak, hogy megb\u00edzhat\u00f3 k\u00e9sz\u00fcl\u00e9ket kapjon megfizethet\u0151 \u00e1ron. A kiv\u00e1l\u00f3 teljes\u00edtm\u00e9ny, a garant\u00e1lt megb\u00edzhat\u00f3s\u00e1g \u00e9s a jelent\u0151s megtakar\u00edt\u00e1sok r\u00e9v\u00e9n ez a telefon k\u00e9nyelmes \u00e9s k\u00f6lts\u00e9ghat\u00e9kony v\u00e1laszt\u00e1s mindenkinek, aki \u00e9lvezni szeretn\u00e9 az Apple cs\u00facstechnol\u00f3gi\u00e1j\u00e1t.<\/p>","protected":false},"excerpt":{"rendered":"<p>\ud83d\udd0c iPhone 15 Pro Max<br \/>\n&#8211; sigilat<br \/>\n- 256Gb<br \/>\n- term\u00e9szetes tit\u00e1n<br \/>\n- esetleges visszav\u00e1s\u00e1rl\u00e1s<\/p>","protected":false},"featured_media":13012,"comment_status":"open","ping_status":"closed","template":"","meta":{"_glsr_average":0,"_glsr_ranking":0,"_glsr_reviews":0},"product_brand":[],"product_cat":[15],"product_tag":[],"class_list":{"0":"post-10749","1":"product","2":"type-product","3":"status-publish","4":"has-post-thumbnail","6":"product_cat-reduceri","8":"first","9":"outofstock","10":"taxable","11":"shipping-taxable","12":"purchasable","13":"product-type-simple"},"yoast_head":"<!-- This site is optimized with the Yoast SEO plugin v27.4 - https:\/\/yoast.com\/product\/yoast-seo-wordpress\/ -->\n<title>iPhone 15 Pro Max Sigilat\/Nou second hand - Apple Plug<\/title>\n<meta name=\"description\" content=\"iPhone 15 Pro Max second hand, disponibil acum la Apple Plug, magazinul online de \u00eencredere pentru dispozitive Apple. Cu garan\u021bie inclus!\" \/>\n<meta name=\"robots\" content=\"index, follow, max-snippet:-1, max-image-preview:large, max-video-preview:-1\" \/>\n<link rel=\"canonical\" href=\"https:\/\/appleplug.ro\/hu\/product\/iphone-15-pro-max-sigilat\/\" \/>\n<meta property=\"og:locale\" content=\"hu_HU\" \/>\n<meta property=\"og:type\" content=\"article\" \/>\n<meta property=\"og:title\" content=\"iPhone 15 Pro Max Sigilat\/Nou second hand - Apple Plug\" \/>\n<meta property=\"og:description\" content=\"iPhone 15 Pro Max second hand, disponibil acum la Apple Plug, magazinul online de \u00eencredere pentru dispozitive Apple. Cu garan\u021bie inclus!\" \/>\n<meta property=\"og:url\" content=\"https:\/\/appleplug.ro\/hu\/product\/iphone-15-pro-max-sigilat\/\" \/>\n<meta property=\"og:site_name\" content=\"Apple Plug\" \/>\n<meta property=\"article:publisher\" content=\"https:\/\/www.facebook.com\/profile.php?id=100089820235797\" \/>\n<meta property=\"article:modified_time\" content=\"2024-08-07T06:56:28+00:00\" \/>\n<meta property=\"og:image\" content=\"https:\/\/appleplug.ro\/wp-content\/uploads\/2024\/06\/iphone-15-pro-max-second-hand-cu-garantie-ieftin-pret-1-3-scaled.webp\" \/>\n\t<meta property=\"og:image:width\" content=\"2560\" \/>\n\t<meta property=\"og:image:height\" content=\"2560\" \/>\n\t<meta property=\"og:image:type\" content=\"image\/webp\" \/>\n<meta name=\"twitter:card\" content=\"summary_large_image\" \/>\n<meta name=\"twitter:label1\" content=\"Becs\u00fclt olvas\u00e1si id\u0151\" \/>\n\t<meta name=\"twitter:data1\" content=\"2 perc\" \/>\n<script type=\"application\/ld+json\" class=\"yoast-schema-graph\">{\"@context\":\"https:\\\/\\\/schema.org\",\"@graph\":[{\"@type\":\"WebPage\",\"@id\":\"https:\\\/\\\/appleplug.ro\\\/product\\\/iphone-15-pro-max-sigilat\\\/\",\"url\":\"https:\\\/\\\/appleplug.ro\\\/product\\\/iphone-15-pro-max-sigilat\\\/\",\"name\":\"iPhone 15 Pro Max Sigilat\\\/Nou second hand - Apple Plug\",\"isPartOf\":{\"@id\":\"https:\\\/\\\/appleplug.ro\\\/#website\"},\"primaryImageOfPage\":{\"@id\":\"https:\\\/\\\/appleplug.ro\\\/product\\\/iphone-15-pro-max-sigilat\\\/#primaryimage\"},\"image\":{\"@id\":\"https:\\\/\\\/appleplug.ro\\\/product\\\/iphone-15-pro-max-sigilat\\\/#primaryimage\"},\"thumbnailUrl\":\"https:\\\/\\\/i0.wp.com\\\/appleplug.ro\\\/wp-content\\\/uploads\\\/2024\\\/06\\\/iphone-15-pro-max-second-hand-cu-garantie-ieftin-pret-1-3-scaled.webp?fit=2560%2C2560&ssl=1\",\"datePublished\":\"2024-05-11T11:06:09+00:00\",\"dateModified\":\"2024-08-07T06:56:28+00:00\",\"description\":\"iPhone 15 Pro Max second hand, disponibil acum la Apple Plug, magazinul online de \u00eencredere pentru dispozitive Apple. Cu garan\u021bie inclus!\",\"breadcrumb\":{\"@id\":\"https:\\\/\\\/appleplug.ro\\\/product\\\/iphone-15-pro-max-sigilat\\\/#breadcrumb\"},\"inLanguage\":\"hu\",\"potentialAction\":[{\"@type\":\"ReadAction\",\"target\":[\"https:\\\/\\\/appleplug.ro\\\/product\\\/iphone-15-pro-max-sigilat\\\/\"]}]},{\"@type\":\"ImageObject\",\"inLanguage\":\"hu\",\"@id\":\"https:\\\/\\\/appleplug.ro\\\/product\\\/iphone-15-pro-max-sigilat\\\/#primaryimage\",\"url\":\"https:\\\/\\\/i0.wp.com\\\/appleplug.ro\\\/wp-content\\\/uploads\\\/2024\\\/06\\\/iphone-15-pro-max-second-hand-cu-garantie-ieftin-pret-1-3-scaled.webp?fit=2560%2C2560&ssl=1\",\"contentUrl\":\"https:\\\/\\\/i0.wp.com\\\/appleplug.ro\\\/wp-content\\\/uploads\\\/2024\\\/06\\\/iphone-15-pro-max-second-hand-cu-garantie-ieftin-pret-1-3-scaled.webp?fit=2560%2C2560&ssl=1\",\"width\":2560,\"height\":2560,\"caption\":\"iphone 15 pro max second hand cu garantie ieftin pret\"},{\"@type\":\"BreadcrumbList\",\"@id\":\"https:\\\/\\\/appleplug.ro\\\/product\\\/iphone-15-pro-max-sigilat\\\/#breadcrumb\",\"itemListElement\":[{\"@type\":\"ListItem\",\"position\":1,\"name\":\"Acas\u0103\",\"item\":\"https:\\\/\\\/appleplug.ro\\\/\"},{\"@type\":\"ListItem\",\"position\":2,\"name\":\"Magazin\",\"item\":\"https:\\\/\\\/appleplug.ro\\\/magazin\\\/\"},{\"@type\":\"ListItem\",\"position\":3,\"name\":\"iPhone 15 Pro Max Sigilat\\\/Nou\"}]},{\"@type\":\"WebSite\",\"@id\":\"https:\\\/\\\/appleplug.ro\\\/#website\",\"url\":\"https:\\\/\\\/appleplug.ro\\\/\",\"name\":\"Apple Plug\",\"description\":\"Magazin online de telefoane second hand IPhone \u0219i accesorii\",\"publisher\":{\"@id\":\"https:\\\/\\\/appleplug.ro\\\/#organization\"},\"potentialAction\":[{\"@type\":\"SearchAction\",\"target\":{\"@type\":\"EntryPoint\",\"urlTemplate\":\"https:\\\/\\\/appleplug.ro\\\/?s={search_term_string}\"},\"query-input\":{\"@type\":\"PropertyValueSpecification\",\"valueRequired\":true,\"valueName\":\"search_term_string\"}}],\"inLanguage\":\"hu\"},{\"@type\":\"Organization\",\"@id\":\"https:\\\/\\\/appleplug.ro\\\/#organization\",\"name\":\"Apple Plug\",\"url\":\"https:\\\/\\\/appleplug.ro\\\/\",\"logo\":{\"@type\":\"ImageObject\",\"inLanguage\":\"hu\",\"@id\":\"https:\\\/\\\/appleplug.ro\\\/#\\\/schema\\\/logo\\\/image\\\/\",\"url\":\"https:\\\/\\\/i0.wp.com\\\/appleplug.ro\\\/wp-content\\\/uploads\\\/2024\\\/04\\\/cropped-White-logo-no-background.png?fit=3167%2C560&ssl=1\",\"contentUrl\":\"https:\\\/\\\/i0.wp.com\\\/appleplug.ro\\\/wp-content\\\/uploads\\\/2024\\\/04\\\/cropped-White-logo-no-background.png?fit=3167%2C560&ssl=1\",\"width\":3167,\"height\":560,\"caption\":\"Apple Plug\"},\"image\":{\"@id\":\"https:\\\/\\\/appleplug.ro\\\/#\\\/schema\\\/logo\\\/image\\\/\"},\"sameAs\":[\"https:\\\/\\\/www.facebook.com\\\/profile.php?id=100089820235797\",\"https:\\\/\\\/www.instagram.com\\\/appleplug_romania?igsh=MWJ1YTQ2bGdvZ2Uzag&utm_source=qr\"]}]}<\/script>\n<!-- \/ Yoast SEO plugin. -->","yoast_head_json":{"title":"iPhone 15 Pro Max Sigilat\/Nou second hand - Apple Plug","description":"iPhone 15 Pro Max second hand, disponibil acum la Apple Plug, magazinul online de \u00eencredere pentru dispozitive Apple. Cu garan\u021bie inclus!","robots":{"index":"index","follow":"follow","max-snippet":"max-snippet:-1","max-image-preview":"max-image-preview:large","max-video-preview":"max-video-preview:-1"},"canonical":"https:\/\/appleplug.ro\/hu\/product\/iphone-15-pro-max-sigilat\/","og_locale":"hu_HU","og_type":"article","og_title":"iPhone 15 Pro Max Sigilat\/Nou second hand - Apple Plug","og_description":"iPhone 15 Pro Max second hand, disponibil acum la Apple Plug, magazinul online de \u00eencredere pentru dispozitive Apple. Cu garan\u021bie inclus!","og_url":"https:\/\/appleplug.ro\/hu\/product\/iphone-15-pro-max-sigilat\/","og_site_name":"Apple Plug","article_publisher":"https:\/\/www.facebook.com\/profile.php?id=100089820235797","article_modified_time":"2024-08-07T06:56:28+00:00","og_image":[{"width":2560,"height":2560,"url":"https:\/\/appleplug.ro\/wp-content\/uploads\/2024\/06\/iphone-15-pro-max-second-hand-cu-garantie-ieftin-pret-1-3-scaled.webp","type":"image\/webp"}],"twitter_card":"summary_large_image","twitter_misc":{"Becs\u00fclt olvas\u00e1si id\u0151":"2 perc"},"schema":{"@context":"https:\/\/schema.org","@graph":[{"@type":"WebPage","@id":"https:\/\/appleplug.ro\/product\/iphone-15-pro-max-sigilat\/","url":"https:\/\/appleplug.ro\/product\/iphone-15-pro-max-sigilat\/","name":"iPhone 15 Pro Max Sigilat\/Nou second hand - Apple Plug","isPartOf":{"@id":"https:\/\/appleplug.ro\/#website"},"primaryImageOfPage":{"@id":"https:\/\/appleplug.ro\/product\/iphone-15-pro-max-sigilat\/#primaryimage"},"image":{"@id":"https:\/\/appleplug.ro\/product\/iphone-15-pro-max-sigilat\/#primaryimage"},"thumbnailUrl":"https:\/\/i0.wp.com\/appleplug.ro\/wp-content\/uploads\/2024\/06\/iphone-15-pro-max-second-hand-cu-garantie-ieftin-pret-1-3-scaled.webp?fit=2560%2C2560&ssl=1","datePublished":"2024-05-11T11:06:09+00:00","dateModified":"2024-08-07T06:56:28+00:00","description":"iPhone 15 Pro Max second hand, disponibil acum la Apple Plug, magazinul online de \u00eencredere pentru dispozitive Apple. Cu garan\u021bie inclus!","breadcrumb":{"@id":"https:\/\/appleplug.ro\/product\/iphone-15-pro-max-sigilat\/#breadcrumb"},"inLanguage":"hu","potentialAction":[{"@type":"ReadAction","target":["https:\/\/appleplug.ro\/product\/iphone-15-pro-max-sigilat\/"]}]},{"@type":"ImageObject","inLanguage":"hu","@id":"https:\/\/appleplug.ro\/product\/iphone-15-pro-max-sigilat\/#primaryimage","url":"https:\/\/i0.wp.com\/appleplug.ro\/wp-content\/uploads\/2024\/06\/iphone-15-pro-max-second-hand-cu-garantie-ieftin-pret-1-3-scaled.webp?fit=2560%2C2560&ssl=1","contentUrl":"https:\/\/i0.wp.com\/appleplug.ro\/wp-content\/uploads\/2024\/06\/iphone-15-pro-max-second-hand-cu-garantie-ieftin-pret-1-3-scaled.webp?fit=2560%2C2560&ssl=1","width":2560,"height":2560,"caption":"iphone 15 pro max second hand cu garantie ieftin pret"},{"@type":"BreadcrumbList","@id":"https:\/\/appleplug.ro\/product\/iphone-15-pro-max-sigilat\/#breadcrumb","itemListElement":[{"@type":"ListItem","position":1,"name":"Acas\u0103","item":"https:\/\/appleplug.ro\/"},{"@type":"ListItem","position":2,"name":"Magazin","item":"https:\/\/appleplug.ro\/magazin\/"},{"@type":"ListItem","position":3,"name":"iPhone 15 Pro Max Sigilat\/Nou"}]},{"@type":"WebSite","@id":"https:\/\/appleplug.ro\/#website","url":"https:\/\/appleplug.ro\/","name":"Apple Plug","description":"Haszn\u00e1lt IPhone telefonok \u00e9s tartoz\u00e9kok online boltja","publisher":{"@id":"https:\/\/appleplug.ro\/#organization"},"potentialAction":[{"@type":"SearchAction","target":{"@type":"EntryPoint","urlTemplate":"https:\/\/appleplug.ro\/?s={search_term_string}"},"query-input":{"@type":"PropertyValueSpecification","valueRequired":true,"valueName":"search_term_string"}}],"inLanguage":"hu"},{"@type":"Organization","@id":"https:\/\/appleplug.ro\/#organization","name":"Apple Plug","url":"https:\/\/appleplug.ro\/","logo":{"@type":"ImageObject","inLanguage":"hu","@id":"https:\/\/appleplug.ro\/#\/schema\/logo\/image\/","url":"https:\/\/i0.wp.com\/appleplug.ro\/wp-content\/uploads\/2024\/04\/cropped-White-logo-no-background.png?fit=3167%2C560&ssl=1","contentUrl":"https:\/\/i0.wp.com\/appleplug.ro\/wp-content\/uploads\/2024\/04\/cropped-White-logo-no-background.png?fit=3167%2C560&ssl=1","width":3167,"height":560,"caption":"Apple Plug"},"image":{"@id":"https:\/\/appleplug.ro\/#\/schema\/logo\/image\/"},"sameAs":["https:\/\/www.facebook.com\/profile.php?id=100089820235797","https:\/\/www.instagram.com\/appleplug_romania?igsh=MWJ1YTQ2bGdvZ2Uzag&utm_source=qr"]}]}},"jetpack_sharing_enabled":true,"_links":{"self":[{"href":"https:\/\/appleplug.ro\/hu\/wp-json\/wp\/v2\/product\/10749","targetHints":{"allow":["GET"]}}],"collection":[{"href":"https:\/\/appleplug.ro\/hu\/wp-json\/wp\/v2\/product"}],"about":[{"href":"https:\/\/appleplug.ro\/hu\/wp-json\/wp\/v2\/types\/product"}],"replies":[{"embeddable":true,"href":"https:\/\/appleplug.ro\/hu\/wp-json\/wp\/v2\/comments?post=10749"}],"wp:featuredmedia":[{"embeddable":true,"href":"https:\/\/appleplug.ro\/hu\/wp-json\/wp\/v2\/media\/13012"}],"wp:attachment":[{"href":"https:\/\/appleplug.ro\/hu\/wp-json\/wp\/v2\/media?parent=10749"}],"wp:term":[{"taxonomy":"product_brand","embeddable":true,"href":"https:\/\/appleplug.ro\/hu\/wp-json\/wp\/v2\/product_brand?post=10749"},{"taxonomy":"product_cat","embeddable":true,"href":"https:\/\/appleplug.ro\/hu\/wp-json\/wp\/v2\/product_cat?post=10749"},{"taxonomy":"product_tag","embeddable":true,"href":"https:\/\/appleplug.ro\/hu\/wp-json\/wp\/v2\/product_tag?post=10749"}],"curies":[{"name":"wp","href":"https:\/\/api.w.org\/{rel}","templated":true}]}}