{"id":8658,"date":"2024-04-09T18:08:06","date_gmt":"2024-04-09T17:08:06","guid":{"rendered":"https:\/\/appleplug.ro\/?page_id=8658"},"modified":"2024-04-09T18:11:40","modified_gmt":"2024-04-09T17:11:40","slug":"parere","status":"publish","type":"page","link":"https:\/\/appleplug.ro\/hu\/parere\/","title":{"rendered":"Parere"},"content":{"rendered":"\t\t<div data-elementor-type=\"wp-page\" data-elementor-id=\"8658\" class=\"elementor elementor-8658\" wpc-filter-elementor-widget=\"1\" data-elementor-post-type=\"page\">\n\t\t\t\t<div class=\"elementor-element elementor-element-4ac07b7 e-flex e-con-boxed e-con e-parent\" data-id=\"4ac07b7\" data-element_type=\"container\" data-e-type=\"container\">\n\t\t\t\t\t<div class=\"e-con-inner\">\n\t\t\t\t<div class=\"elementor-element elementor-element-b85fa06 elementor-button-align-stretch elementor-widget elementor-widget-site_reviews_form\" data-id=\"b85fa06\" data-element_type=\"widget\" data-e-type=\"widget\" data-widget_type=\"site_reviews_form.default\">\n\t\t\t\t<div class=\"elementor-widget-container\">\n\t\t\t\t\t<?xml encoding=\"utf-8\"?><div class=\"glsr-elementor-b85fa06 elementor-site-reviews-form\"><div class=\"glsr glsr-default\" id=\"glsr_dn1oixyf\" data-from=\"elementor\" data-shortcode=\"site_reviews_form\" data-hide=\"terms\"><div class=\"glsr-form-wrap\">\n    <form class=\"glsr-form glsr-review-form\" method=\"post\" enctype=\"multipart\/form-data\">\n        <input type=\"hidden\" name=\"site-reviews[_action]\" value=\"submit-review\">\n<input type=\"hidden\" name=\"site-reviews[_nonce]\" value=\"7b2115cf77\">\n<input type=\"hidden\" name=\"site-reviews[_post_id]\" value=\"8658\">\n<input type=\"hidden\" name=\"site-reviews[_referer]\" value=\"\">\n<input type=\"hidden\" name=\"site-reviews[assigned_posts]\" value=\"\">\n<input type=\"hidden\" name=\"site-reviews[assigned_terms]\" value=\"\">\n<input type=\"hidden\" name=\"site-reviews[assigned_users]\" value=\"\">\n<input type=\"hidden\" name=\"site-reviews[excluded]\" value=\"terms\">\n<input type=\"hidden\" name=\"site-reviews[form_id]\" value=\"glsr_dn1oixyf\">\n<input type=\"hidden\" name=\"site-reviews[form_signature]\" value=\"UL6Hm8wI0538i0_GloI9h6cD_s1kGUo-6wiLZTGR56g19VXERQlbz2XXOjmvak3iGJYNYROFDbrmi7uQhN0oE77L5e_RA11I002uUyabnHnQNkDoCQrOAcZtelhIBXwzaAXI9n5f8G5dHbUTQyZjIkOATMzXUSpww1BE8sqeq6gpRU0jpWbOvN6CIYkmTvP8wlhmbSA3KcDneW2vpYZ-hS1oz2TcOjVYKf7F2qvisU4QkqxKMJH-CbvEEXJL9NamwntaIdmOHWMJpVX0rddtYNfn6NsEiTKpdsqMV9vOFkf_94ADerw4HxvRL8i9OClj9CkdqyiOcFFO60tPqUIRbm0BmkOONWyTH2XnjIfw0TgNMOGeT_dBUgZB8ftgGcajwEsSykof6MjuHhw5VdYGPt0zO3TCimsXGUFZFYhpjbQIwouuYM89V4pBfXtWQMhwng\">\n<input type=\"hidden\" name=\"site-reviews[terms_exist]\" value=\"0\">\n<div class=\"glsr-field\" style=\"display:none;\"><label for=\"site-reviews-59cfd086-glsr_dn1oixyf\">Opinia dumneavoastr&#259;<\/label><input type=\"text\" class=\"glsr-input glsr-input-text\" id=\"site-reviews-59cfd086-glsr_dn1oixyf\" name=\"site-reviews[59cfd086]\" value=\"\"><\/div>\n<div class=\"glsr-field glsr-field-rating glsr-required\" data-field=\"rating\" data-type=\"rating\">\n    <label class=\"glsr-label\" for=\"glsr_dn1oixyf-rating\">\n    <span>Evaluarea dvs.<\/span>\n<\/label>\n    <select class=\"browser-default disable-select glsr-select no-wrap no_wrap\" id=\"glsr_dn1oixyf-rating\" name=\"site-reviews[rating]\" required><option value=\"\">Select a Rating<\/option><option value=\"5\">5 Stars<\/option><option value=\"4\">4 Stars<\/option><option value=\"3\">3 Stars<\/option><option value=\"2\">2 Stars<\/option><option value=\"1\">1 Star<\/option><\/select>\n    <div class=\"glsr-field-error\"><\/div>\n<\/div>\n<div class=\"glsr-field glsr-field-text glsr-required\" data-field=\"title\" data-type=\"text\">\n    <label class=\"glsr-label\" for=\"glsr_dn1oixyf-title\">\n    <span>Titlul recenziei dvs.<\/span>\n<\/label>\n    <input type=\"text\" class=\"glsr-input glsr-input-text\" id=\"glsr_dn1oixyf-title\" name=\"site-reviews[title]\" required placeholder=\"Rezuma&#539;i recenzia dvs.\" value=\"\">\n    <div class=\"glsr-field-error\"><\/div>\n<\/div>\n<div class=\"glsr-field glsr-field-textarea glsr-required\" data-field=\"content\" data-type=\"textarea\">\n    <label class=\"glsr-label\" for=\"glsr_dn1oixyf-content\">\n    <span>Opinia dumneavoastr&#259;<\/span>\n<\/label>\n    <textarea class=\"glsr-textarea\" id=\"glsr_dn1oixyf-content\" name=\"site-reviews[content]\" required placeholder=\"Scrie&#539;i-v&#259; recenzia, inclusiv numele produsului pe care l-a&#539;i cump&#259;rat.\" rows=\"5\"><\/textarea>\n    <div class=\"glsr-field-error\"><\/div>\n<\/div>\n<div class=\"glsr-field glsr-field-text glsr-required\" data-field=\"name\" data-type=\"text\">\n    <label class=\"glsr-label\" for=\"glsr_dn1oixyf-name\">\n    <span>Numele dvs.<\/span>\n<\/label>\n    <input type=\"text\" class=\"glsr-input glsr-input-text\" id=\"glsr_dn1oixyf-name\" name=\"site-reviews[name]\" required placeholder=\"Spune-ne numele t&#259;u\" value=\"\">\n    <div class=\"glsr-field-error\"><\/div>\n<\/div>\n<div class=\"glsr-field glsr-field-email glsr-required\" data-field=\"email\" data-type=\"email\">\n    <label class=\"glsr-label\" for=\"glsr_dn1oixyf-email\">\n    <span>Your email<\/span>\n<\/label>\n    <input type=\"email\" class=\"glsr-input glsr-input-email\" id=\"glsr_dn1oixyf-email\" name=\"site-reviews[email]\" required placeholder=\"Spune-ne adresa ta de e-mail\" value=\"\">\n    <div class=\"glsr-field-error\"><\/div>\n<\/div>\n        <div class=\"glsr-form-message\">\n    \n<\/div>\n        <div data-field=\"submit-button\">\n    <div class=\"wp-block-buttons is-layout-flex\">\n        <div class=\"wp-block-button\">\n            <button type=\"submit\" class=\"glsr-button wp-block-button__link wp-element-button\" aria-busy=\"false\" data-loading=\"Submitting, please wait...\">Submit Review<\/button>\n        <\/div>\n    <\/div>\n<\/div>\n    <\/form>\n<\/div><\/div><\/div>\n\t\t\t\t<\/div>\n\t\t\t\t<\/div>\n\t\t\t\t\t<\/div>\n\t\t\t\t<\/div>\n\t\t\t\t<\/div>\n\t\t","protected":false},"excerpt":{"rendered":"<p>Opinia dumneavoastr\u0103 Evaluarea dvs. Select a Rating5 Stars4 Stars3 Stars2 Stars1 Star Titlul recenziei dvs. Opinia dumneavoastr\u0103 Your name Your email Submit your review<\/p>","protected":false},"author":1,"featured_media":0,"parent":0,"menu_order":0,"comment_status":"closed","ping_status":"closed","template":"","meta":{"_glsr_average":0,"_glsr_ranking":0,"_glsr_reviews":0,"footnotes":""},"class_list":["post-8658","page","type-page","status-publish","hentry"],"yoast_head":"<!-- This site is optimized with the Yoast SEO plugin v27.3 - https:\/\/yoast.com\/product\/yoast-seo-wordpress\/ -->\n<title>Parere - Apple Plug<\/title>\n<meta name=\"robots\" content=\"index, follow, max-snippet:-1, max-image-preview:large, max-video-preview:-1\" \/>\n<link rel=\"canonical\" href=\"https:\/\/appleplug.ro\/hu\/parere\/\" \/>\n<meta property=\"og:locale\" content=\"hu_HU\" \/>\n<meta property=\"og:type\" content=\"article\" \/>\n<meta property=\"og:title\" content=\"Parere - Apple Plug\" \/>\n<meta property=\"og:description\" content=\"Opinia dumneavoastr\u0103 Evaluarea dvs. Select a Rating5 Stars4 Stars3 Stars2 Stars1 Star Titlul recenziei dvs. Opinia dumneavoastr\u0103 Your name Your email Submit your review\" \/>\n<meta property=\"og:url\" content=\"https:\/\/appleplug.ro\/hu\/parere\/\" \/>\n<meta property=\"og:site_name\" content=\"Apple Plug\" \/>\n<meta property=\"article:publisher\" content=\"https:\/\/www.facebook.com\/profile.php?id=100089820235797\" \/>\n<meta property=\"article:modified_time\" content=\"2024-04-09T17:11:40+00:00\" \/>\n<meta name=\"twitter:card\" content=\"summary_large_image\" \/>\n<script type=\"application\/ld+json\" class=\"yoast-schema-graph\">{\"@context\":\"https:\\\/\\\/schema.org\",\"@graph\":[{\"@type\":\"WebPage\",\"@id\":\"https:\\\/\\\/appleplug.ro\\\/parere\\\/\",\"url\":\"https:\\\/\\\/appleplug.ro\\\/parere\\\/\",\"name\":\"Parere - Apple Plug\",\"isPartOf\":{\"@id\":\"https:\\\/\\\/appleplug.ro\\\/#website\"},\"datePublished\":\"2024-04-09T17:08:06+00:00\",\"dateModified\":\"2024-04-09T17:11:40+00:00\",\"breadcrumb\":{\"@id\":\"https:\\\/\\\/appleplug.ro\\\/parere\\\/#breadcrumb\"},\"inLanguage\":\"hu\",\"potentialAction\":[{\"@type\":\"ReadAction\",\"target\":[\"https:\\\/\\\/appleplug.ro\\\/parere\\\/\"]}]},{\"@type\":\"BreadcrumbList\",\"@id\":\"https:\\\/\\\/appleplug.ro\\\/parere\\\/#breadcrumb\",\"itemListElement\":[{\"@type\":\"ListItem\",\"position\":1,\"name\":\"Acas\u0103\",\"item\":\"https:\\\/\\\/appleplug.ro\\\/\"},{\"@type\":\"ListItem\",\"position\":2,\"name\":\"Parere\"}]},{\"@type\":\"WebSite\",\"@id\":\"https:\\\/\\\/appleplug.ro\\\/#website\",\"url\":\"https:\\\/\\\/appleplug.ro\\\/\",\"name\":\"Apple Plug\",\"description\":\"Magazin online de telefoane second hand IPhone \u0219i accesorii\",\"publisher\":{\"@id\":\"https:\\\/\\\/appleplug.ro\\\/#organization\"},\"potentialAction\":[{\"@type\":\"SearchAction\",\"target\":{\"@type\":\"EntryPoint\",\"urlTemplate\":\"https:\\\/\\\/appleplug.ro\\\/?s={search_term_string}\"},\"query-input\":{\"@type\":\"PropertyValueSpecification\",\"valueRequired\":true,\"valueName\":\"search_term_string\"}}],\"inLanguage\":\"hu\"},{\"@type\":\"Organization\",\"@id\":\"https:\\\/\\\/appleplug.ro\\\/#organization\",\"name\":\"Apple Plug\",\"url\":\"https:\\\/\\\/appleplug.ro\\\/\",\"logo\":{\"@type\":\"ImageObject\",\"inLanguage\":\"hu\",\"@id\":\"https:\\\/\\\/appleplug.ro\\\/#\\\/schema\\\/logo\\\/image\\\/\",\"url\":\"https:\\\/\\\/i0.wp.com\\\/appleplug.ro\\\/wp-content\\\/uploads\\\/2024\\\/04\\\/cropped-White-logo-no-background.png?fit=3167%2C560&ssl=1\",\"contentUrl\":\"https:\\\/\\\/i0.wp.com\\\/appleplug.ro\\\/wp-content\\\/uploads\\\/2024\\\/04\\\/cropped-White-logo-no-background.png?fit=3167%2C560&ssl=1\",\"width\":3167,\"height\":560,\"caption\":\"Apple Plug\"},\"image\":{\"@id\":\"https:\\\/\\\/appleplug.ro\\\/#\\\/schema\\\/logo\\\/image\\\/\"},\"sameAs\":[\"https:\\\/\\\/www.facebook.com\\\/profile.php?id=100089820235797\",\"https:\\\/\\\/www.instagram.com\\\/appleplug_romania?igsh=MWJ1YTQ2bGdvZ2Uzag&utm_source=qr\"]}]}<\/script>\n<!-- \/ Yoast SEO plugin. -->","yoast_head_json":{"title":"Parere - Apple Plug","robots":{"index":"index","follow":"follow","max-snippet":"max-snippet:-1","max-image-preview":"max-image-preview:large","max-video-preview":"max-video-preview:-1"},"canonical":"https:\/\/appleplug.ro\/hu\/parere\/","og_locale":"hu_HU","og_type":"article","og_title":"Parere - Apple Plug","og_description":"Opinia dumneavoastr\u0103 Evaluarea dvs. Select a Rating5 Stars4 Stars3 Stars2 Stars1 Star Titlul recenziei dvs. Opinia dumneavoastr\u0103 Your name Your email Submit your review","og_url":"https:\/\/appleplug.ro\/hu\/parere\/","og_site_name":"Apple Plug","article_publisher":"https:\/\/www.facebook.com\/profile.php?id=100089820235797","article_modified_time":"2024-04-09T17:11:40+00:00","twitter_card":"summary_large_image","schema":{"@context":"https:\/\/schema.org","@graph":[{"@type":"WebPage","@id":"https:\/\/appleplug.ro\/parere\/","url":"https:\/\/appleplug.ro\/parere\/","name":"Parere - Apple Plug","isPartOf":{"@id":"https:\/\/appleplug.ro\/#website"},"datePublished":"2024-04-09T17:08:06+00:00","dateModified":"2024-04-09T17:11:40+00:00","breadcrumb":{"@id":"https:\/\/appleplug.ro\/parere\/#breadcrumb"},"inLanguage":"hu","potentialAction":[{"@type":"ReadAction","target":["https:\/\/appleplug.ro\/parere\/"]}]},{"@type":"BreadcrumbList","@id":"https:\/\/appleplug.ro\/parere\/#breadcrumb","itemListElement":[{"@type":"ListItem","position":1,"name":"Acas\u0103","item":"https:\/\/appleplug.ro\/"},{"@type":"ListItem","position":2,"name":"Parere"}]},{"@type":"WebSite","@id":"https:\/\/appleplug.ro\/#website","url":"https:\/\/appleplug.ro\/","name":"Apple Plug","description":"Haszn\u00e1lt IPhone telefonok \u00e9s tartoz\u00e9kok online boltja","publisher":{"@id":"https:\/\/appleplug.ro\/#organization"},"potentialAction":[{"@type":"SearchAction","target":{"@type":"EntryPoint","urlTemplate":"https:\/\/appleplug.ro\/?s={search_term_string}"},"query-input":{"@type":"PropertyValueSpecification","valueRequired":true,"valueName":"search_term_string"}}],"inLanguage":"hu"},{"@type":"Organization","@id":"https:\/\/appleplug.ro\/#organization","name":"Apple Plug","url":"https:\/\/appleplug.ro\/","logo":{"@type":"ImageObject","inLanguage":"hu","@id":"https:\/\/appleplug.ro\/#\/schema\/logo\/image\/","url":"https:\/\/i0.wp.com\/appleplug.ro\/wp-content\/uploads\/2024\/04\/cropped-White-logo-no-background.png?fit=3167%2C560&ssl=1","contentUrl":"https:\/\/i0.wp.com\/appleplug.ro\/wp-content\/uploads\/2024\/04\/cropped-White-logo-no-background.png?fit=3167%2C560&ssl=1","width":3167,"height":560,"caption":"Apple Plug"},"image":{"@id":"https:\/\/appleplug.ro\/#\/schema\/logo\/image\/"},"sameAs":["https:\/\/www.facebook.com\/profile.php?id=100089820235797","https:\/\/www.instagram.com\/appleplug_romania?igsh=MWJ1YTQ2bGdvZ2Uzag&utm_source=qr"]}]}},"jetpack_sharing_enabled":true,"_links":{"self":[{"href":"https:\/\/appleplug.ro\/hu\/wp-json\/wp\/v2\/pages\/8658","targetHints":{"allow":["GET"]}}],"collection":[{"href":"https:\/\/appleplug.ro\/hu\/wp-json\/wp\/v2\/pages"}],"about":[{"href":"https:\/\/appleplug.ro\/hu\/wp-json\/wp\/v2\/types\/page"}],"author":[{"embeddable":true,"href":"https:\/\/appleplug.ro\/hu\/wp-json\/wp\/v2\/users\/1"}],"replies":[{"embeddable":true,"href":"https:\/\/appleplug.ro\/hu\/wp-json\/wp\/v2\/comments?post=8658"}],"version-history":[{"count":7,"href":"https:\/\/appleplug.ro\/hu\/wp-json\/wp\/v2\/pages\/8658\/revisions"}],"predecessor-version":[{"id":8666,"href":"https:\/\/appleplug.ro\/hu\/wp-json\/wp\/v2\/pages\/8658\/revisions\/8666"}],"wp:attachment":[{"href":"https:\/\/appleplug.ro\/hu\/wp-json\/wp\/v2\/media?parent=8658"}],"curies":[{"name":"wp","href":"https:\/\/api.w.org\/{rel}","templated":true}]}}