{"id":20273,"date":"2025-01-15T16:16:45","date_gmt":"2025-01-15T14:16:45","guid":{"rendered":"https:\/\/appleplug.ro\/?page_id=20273"},"modified":"2025-01-15T16:23:42","modified_gmt":"2025-01-15T14:23:42","slug":"incarcator-iphone","status":"publish","type":"page","link":"https:\/\/appleplug.ro\/hu\/incarcator-iphone\/","title":{"rendered":"iPhone t\u00f6lt\u0151"},"content":{"rendered":"<div data-elementor-type=\"wp-page\" data-elementor-id=\"20273\" class=\"elementor elementor-20273\" wpc-filter-elementor-widget=\"1\" data-elementor-post-type=\"page\">\n\t\t\t\t<div class=\"elementor-element elementor-element-8859c95 e-flex e-con-boxed e-con e-parent\" data-id=\"8859c95\" data-element_type=\"container\" data-e-type=\"container\">\n\t\t\t\t\t<div class=\"e-con-inner\">\n\t\t\t\t<div class=\"elementor-element elementor-element-772884d elementor-widget elementor-widget-heading\" data-id=\"772884d\" data-element_type=\"widget\" data-e-type=\"widget\" data-widget_type=\"heading.default\">\n\t\t\t\t<div class=\"elementor-widget-container\">\n\t\t\t\t\t<h2 class=\"elementor-heading-title elementor-size-default\">\u00cen\u0103rc\u0103tor iPhone<\/h2>\t\t\t\t<\/div>\n\t\t\t\t<\/div>\n\t\t\t\t\t<\/div>\n\t\t\t\t<\/div>\n\t\t<div class=\"elementor-element elementor-element-cb856a6 e-flex e-con-boxed e-con e-parent\" data-id=\"cb856a6\" data-element_type=\"container\" data-e-type=\"container\">\n\t\t\t\t\t<div class=\"e-con-inner\">\n\t\t\t\t<div class=\"elementor-element elementor-element-3ed2c90 elementor-widget elementor-widget-spacer\" data-id=\"3ed2c90\" data-element_type=\"widget\" data-e-type=\"widget\" data-widget_type=\"spacer.default\">\n\t\t\t\t<div class=\"elementor-widget-container\">\n\t\t\t\t\t\t\t<div class=\"elementor-spacer\">\n\t\t\t<div class=\"elementor-spacer-inner\"><\/div>\n\t\t<\/div>\n\t\t\t\t\t\t<\/div>\n\t\t\t\t<\/div>\n\t\t\t\t\t<\/div>\n\t\t\t\t<\/div>\n\t\t<div class=\"elementor-element elementor-element-2db6aec e-flex e-con-boxed e-con e-parent\" data-id=\"2db6aec\" data-element_type=\"container\" data-e-type=\"container\">\n\t\t\t\t\t<div class=\"e-con-inner\">\n\t\t\t\t<div class=\"elementor-element elementor-element-0fae911 elementor-widget elementor-widget-text-editor\" data-id=\"0fae911\" data-element_type=\"widget\" data-e-type=\"widget\" data-widget_type=\"text-editor.default\">\n\t\t\t\t<div class=\"elementor-widget-container\">\n\t\t\t\t\t\t\t\t\t<p>V\u00e1s\u00e1rl\u00e1s egy <strong>\u00eenc\u0103rc\u0103tor iPhone de la un pre\u021b special de la Apple Plug<\/strong> este o investi\u021bie inteligent\u0103 pentru protec\u021bia \u0219i performan\u021ba dispozitivului t\u0103u. Alege \u00eentotdeauna produse originale pentru a te bucura de o experien\u021b\u0103 de utilizare sigur\u0103 \u0219i eficient\u0103. Cu Apple Plug, ai garan\u021bia calit\u0103\u021bii, siguran\u021bei \u0219i a pre\u021burilor competitive.<\/p>\t\t\t\t\t\t\t\t<\/div>\n\t\t\t\t<\/div>\n\t\t\t\t\t<\/div>\n\t\t\t\t<\/div>\n\t\t<div class=\"elementor-element elementor-element-64d1132 e-flex e-con-boxed e-con e-parent\" data-id=\"64d1132\" data-element_type=\"container\" data-e-type=\"container\">\n\t\t\t\t\t<div class=\"e-con-inner\">\n\t\t\t\t<div class=\"elementor-element elementor-element-8f1ba9a elementor-grid-2 elementor-grid-tablet-3 elementor-grid-mobile-2 elementor-products-grid elementor-wc-products elementor-widget elementor-widget-woocommerce-products\" data-id=\"8f1ba9a\" data-element_type=\"widget\" data-e-type=\"widget\" data-widget_type=\"woocommerce-products.default\">\n\t\t\t\t<div class=\"elementor-widget-container\">\n\t\t\t\t\t<div class=\"woocommerce columns-2\"><div class=\"products row row-small large-columns-2 medium-columns-3 small-columns-2 has-equal-box-heights equalize-box\">\n<div class=\"product-small col has-hover product type-product post-6336 status-publish first instock product_cat-accesorii product_cat-incarcatoare has-post-thumbnail taxable shipping-taxable purchasable product-type-simple\">\n\t<div class=\"col-inner\">\n\t\n<div class=\"badge-container absolute left top z-1\">\n\n<\/div>\n\t<div class=\"product-small box\">\n\t\t<div class=\"box-image\">\n\t\t\t<div class=\"image-none\">\n\t\t\t\t<a href=\"https:\/\/appleplug.ro\/hu\/product\/adaptor-20w-iphone\/\">\n\t\t\t\t\t<img fetchpriority=\"high\" decoding=\"async\" width=\"300\" height=\"300\" src=\"https:\/\/i0.wp.com\/appleplug.ro\/wp-content\/uploads\/2024\/02\/IMG_6698-Photoroom.jpg?resize=300%2C300&amp;ssl=1\" class=\"attachment-woocommerce_thumbnail size-woocommerce_thumbnail wvs-archive-product-image\" alt=\"Adaptor 20W iPhone\" srcset=\"https:\/\/i0.wp.com\/appleplug.ro\/wp-content\/uploads\/2024\/02\/IMG_6698-Photoroom.jpg?w=2000&amp;ssl=1 2000w, https:\/\/i0.wp.com\/appleplug.ro\/wp-content\/uploads\/2024\/02\/IMG_6698-Photoroom.jpg?resize=300%2C300&amp;ssl=1 300w, https:\/\/i0.wp.com\/appleplug.ro\/wp-content\/uploads\/2024\/02\/IMG_6698-Photoroom.jpg?resize=1024%2C1024&amp;ssl=1 1024w, https:\/\/i0.wp.com\/appleplug.ro\/wp-content\/uploads\/2024\/02\/IMG_6698-Photoroom.jpg?resize=150%2C150&amp;ssl=1 150w, https:\/\/i0.wp.com\/appleplug.ro\/wp-content\/uploads\/2024\/02\/IMG_6698-Photoroom.jpg?resize=768%2C768&amp;ssl=1 768w, https:\/\/i0.wp.com\/appleplug.ro\/wp-content\/uploads\/2024\/02\/IMG_6698-Photoroom.jpg?resize=1536%2C1536&amp;ssl=1 1536w, https:\/\/i0.wp.com\/appleplug.ro\/wp-content\/uploads\/2024\/02\/IMG_6698-Photoroom.jpg?resize=12%2C12&amp;ssl=1 12w, https:\/\/i0.wp.com\/appleplug.ro\/wp-content\/uploads\/2024\/02\/IMG_6698-Photoroom.jpg?resize=600%2C600&amp;ssl=1 600w, https:\/\/i0.wp.com\/appleplug.ro\/wp-content\/uploads\/2024\/02\/IMG_6698-Photoroom.jpg?resize=100%2C100&amp;ssl=1 100w\" sizes=\"(max-width: 300px) 100vw, 300px\" \/>\t\t\t\t<\/a>\n\t\t\t<\/div>\n\t\t\t<div class=\"image-tools is-small top right show-on-hover\">\n\t\t\t\t\t\t\t<\/div>\n\t\t\t<div class=\"image-tools is-small hide-for-small bottom left show-on-hover\">\n\t\t\t\t\t\t\t<\/div>\n\t\t\t<div class=\"image-tools grid-tools text-center hide-for-small bottom hover-slide-in show-on-hover\">\n\t\t\t\t<a href=\"#quick-view\" class=\"quick-view\" role=\"button\" data-prod=\"6336\" aria-haspopup=\"dialog\" aria-expanded=\"false\" data-flatsome-role-button>Gyors n\u00e9zet<\/a>\t\t\t<\/div>\n\t\t\t\t\t<\/div>\n\n\t\t<div class=\"box-text box-text-products text-center grid-style-2\">\n\t\t\t<div class=\"title-wrapper\"><p class=\"name product-title woocommerce-loop-product__title\"><a href=\"https:\/\/appleplug.ro\/hu\/product\/adaptor-20w-iphone\/\" class=\"woocommerce-LoopProduct-link woocommerce-loop-product__link\">20W-os iPhone adapter<\/a><\/p><\/div><div class=\"price-wrapper\">\n\t<span class=\"price\"><span class=\"woocommerce-Price-amount amount\"><bdi>99,99&nbsp;<span class=\"woocommerce-Price-currencySymbol\">lei<\/span><\/bdi><\/span><\/span>\n<div class=\"custom-shipping-info\" style=\"margin-top: 7px; line-height: 1.5;\"><div style=\"font-size: 0.85em; color: #555;\"><strong>Livrare:<\/strong> 1-3 zile lucr\u0103toare<\/div><div style=\"font-size: 0.9em; color: #27ae60; font-weight: bold;\">\ud83d\ude9a Transport Gratuit<\/div><\/div><\/div><div class=\"add-to-cart-button\"><a href=\"\/hu\/wp-json\/wp\/v2\/pages\/20273?add-to-cart=6336\" aria-describedby=\"woocommerce_loop_add_to_cart_link_describedby_6336\" data-quantity=\"1\" class=\"primary is-small mb-0 button product_type_simple add_to_cart_button ajax_add_to_cart is-gloss\" data-product_id=\"6336\" data-product_sku=\"\" aria-label=\"Hozz\u00e1ad\u00e1s a kos\u00e1rhoz: \u201cAdaptor 20W iPhone\u201d\" rel=\"nofollow\" data-success_message=\"\u201cAdaptor 20W iPhone\u201d hozz\u00e1 lett adva a kos\u00e1rhoz\" role=\"button\" data-no-translation=\"\" data-trp-gettext=\"\" data-no-translation-aria-label=\"\" data-no-translation-data-success_message=\"\">Hozz\u00e1ad\u00e1s a kos\u00e1rhoz<\/a><\/div>\t<span id=\"woocommerce_loop_add_to_cart_link_describedby_6336\" class=\"screen-reader-text\">\n\t\t\t<\/span>\n\t\t<\/div>\n\t<\/div>\n\t<span class=\"gtm4wp_productdata\" style=\"display:none; visibility:hidden;\" data-gtm4wp_product_data=\"{&quot;internal_id&quot;:6336,&quot;item_id&quot;:6336,&quot;item_name&quot;:&quot;Adaptor 20W iPhone&quot;,&quot;sku&quot;:6336,&quot;price&quot;:99.99,&quot;stocklevel&quot;:null,&quot;stockstatus&quot;:&quot;instock&quot;,&quot;google_business_vertical&quot;:&quot;retail&quot;,&quot;item_category&quot;:&quot;\\u00cenc\\u0103rc\\u0103toare&quot;,&quot;id&quot;:6336,&quot;productlink&quot;:&quot;https:\\\/\\\/appleplug.ro\\\/hu\\\/product\\\/adaptor-20w-iphone\\\/&quot;,&quot;item_list_name&quot;:&quot;General Product List&quot;,&quot;index&quot;:1,&quot;product_type&quot;:&quot;simple&quot;,&quot;item_brand&quot;:&quot;&quot;}\"><\/span><div class=\"tinv-wraper woocommerce tinv-wishlist tinvwl-after-add-to-cart tinvwl-loop-button-wrapper tinvwl-woocommerce_after_shop_loop_item\"\r\n\t data-tinvwl_product_id=\"6336\">\r\n\t<div class=\"tinv-wishlist-clear\"><\/div><a role=\"button\" tabindex=\"0\" name=\"adauga-la-lista-de-dorinte\" aria-label=\"Hozz\u00e1ad\u00e1s a k\u00edv\u00e1ns\u00e1glist\u00e1hoz\" class=\"tinvwl_add_to_wishlist_button tinvwl-icon-heart  tinvwl-position-after tinvwl-loop\" data-tinv-wl-list=\"[]\" data-tinv-wl-product=\"6336\" data-tinv-wl-productvariation=\"0\" data-tinv-wl-productvariations=\"[]\" data-tinv-wl-producttype=\"simple\" data-tinv-wl-action=\"add\"><span class=\"tinvwl_add_to_wishlist-text\">Hozz\u00e1ad\u00e1s a k\u00edv\u00e1ns\u00e1glist\u00e1hoz<\/span><span class=\"tinvwl_remove_from_wishlist-text\">Elt\u00e1vol\u00edt\u00e1s a k\u00edv\u00e1ns\u00e1glist\u00e1r\u00f3l<\/span><\/a><div class=\"tinv-wishlist-clear\"><\/div>\t\t<div\r\n\t\tclass=\"tinvwl-tooltip\">Hozz\u00e1ad\u00e1s a k\u00edv\u00e1ns\u00e1glist\u00e1hoz<\/div>\r\n<\/div>\r\n\t<\/div>\n<\/div><\/div><!-- row -->\n<\/div>\t\t\t\t<\/div>\n\t\t\t\t<\/div>\n\t\t\t\t\t<\/div>\n\t\t\t\t<\/div>\n\t\t<div class=\"elementor-element elementor-element-0a98338 e-flex e-con-boxed e-con e-parent\" data-id=\"0a98338\" data-element_type=\"container\" data-e-type=\"container\">\n\t\t\t\t\t<div class=\"e-con-inner\">\n\t\t\t\t<div class=\"elementor-element elementor-element-a85615e elementor-widget elementor-widget-text-editor\" data-id=\"a85615e\" data-element_type=\"widget\" data-e-type=\"widget\" data-widget_type=\"text-editor.default\">\n\t\t\t\t<div class=\"elementor-widget-container\">\n\t\t\t\t\t\t\t\t\t<h1><strong>\u00cenc\u0103rc\u0103tor iPhone de la un Pre\u021b Special de la Apple Plug<\/strong><\/h1><p>Apple este recunoscut pentru produsele sale de \u00eenalt\u0103 calitate, iar un accesoriu esen\u021bial pentru utilizatorii de iPhone este \u00eenc\u0103rc\u0103torul original. Achizi\u021bionarea unui \u00eenc\u0103rc\u0103tor autentic nu doar c\u0103 protejeaz\u0103 bateria dispozitivului t\u0103u, dar \u00ee\u021bi asigur\u0103 \u0219i o experien\u021b\u0103 sigur\u0103 \u0219i eficient\u0103 de \u00eenc\u0103rcare. \u00cen acest articol vei descoperi cum po\u021bi ob\u021bine un <a href=\"https:\/\/appleplug.ro\/hu\/product\/incarcator-apple-usb-c-fast-charging-20w\/\"><strong>\u00eenc\u0103rc\u0103tor iPhone de la un pre\u021b special de la Apple Plug<\/strong><\/a>, de ce s\u0103 alegi produse originale \u0219i ce beneficii \u00ee\u021bi aduc acestea.<\/p><hr \/><h2><strong>De ce s\u0103 alegi un \u00eenc\u0103rc\u0103tor iPhone original?<\/strong><\/h2><p>Mul\u021bi utilizatori de iPhone se \u00eentreab\u0103 dac\u0103 merit\u0103 s\u0103 investeasc\u0103 \u00eentr-un \u00eenc\u0103rc\u0103tor original sau dac\u0103 pot opta pentru alternative mai ieftine. Alegerea unui produs autentic vine \u00eens\u0103 cu multiple avantaje:<\/p><ul><li><strong>Protec\u021bia dispozitivului:<\/strong> \u00cenc\u0103rc\u0103toarele originale Apple sunt proiectate s\u0103 func\u021bioneze perfect cu dispozitivele iPhone, minimiz\u00e2nd riscul de suprasarcin\u0103 sau scurtcircuit.<\/li><li><strong>Durat\u0103 de via\u021b\u0103 mai lung\u0103 a bateriei:<\/strong> Utilizarea unui \u00eenc\u0103rc\u0103tor neautorizat poate deteriora bateria telefonului pe termen lung.<\/li><li><strong>Vitez\u0103 optim\u0103 de \u00eenc\u0103rcare:<\/strong> \u00cenc\u0103rc\u0103toarele certificate asigur\u0103 o \u00eenc\u0103rcare rapid\u0103 \u0219i eficient\u0103.<\/li><li><strong>Siguran\u021b\u0103:<\/strong> \u00cenc\u0103rc\u0103toarele Apple sunt testate riguros pentru a respecta standardele stricte de siguran\u021b\u0103.<\/li><\/ul><hr \/><h2><strong>Beneficiile achizi\u021bion\u0103rii unui \u00eenc\u0103rc\u0103tor de la Apple Plug<\/strong><\/h2><p><strong>Apple Plug<\/strong> este un partener de \u00eencredere pentru accesorii Apple originale \u0219i ofer\u0103 frecvent promo\u021bii la produsele lor. Iat\u0103 c\u00e2teva motive pentru care merit\u0103 s\u0103 cumperi de la acest distribuitor:<\/p><ul><li><strong>Produse 100% originale:<\/strong> Apple Plug garanteaz\u0103 autenticitatea tuturor produselor sale.<\/li><li><strong>Kiterjesztett garancia:<\/strong> Prime\u0219ti garan\u021bie pentru produsele achizi\u021bionate, ceea ce \u00ee\u021bi ofer\u0103 siguran\u021b\u0103 \u0219i \u00eencredere.<\/li><li><strong>Pre\u021buri speciale:<\/strong> Po\u021bi beneficia de reduceri substan\u021biale la anumite produse, inclusiv la \u00eenc\u0103rc\u0103toarele iPhone.<\/li><li><strong>Livrare rapid\u0103:<\/strong> Apple Plug ofer\u0103 livrare rapid\u0103 \u0219i sigur\u0103 \u00een \u00eentreaga \u021bar\u0103.<\/li><\/ul><hr \/><h2><strong>Ce tipuri de \u00eenc\u0103rc\u0103toare iPhone sunt disponibile?<\/strong><\/h2><p>Atunci c\u00e2nd cau\u021bi un \u00eenc\u0103rc\u0103tor nou pentru iPhone-ul t\u0103u, Apple Plug ofer\u0103 mai multe op\u021biuni pentru a-\u021bi satisface nevoile:<\/p><ul><li><strong><a href=\"https:\/\/appleplug.ro\/hu\/product\/incarcator-apple-usb-c-fast-charging-20w\/\">\u00cenc\u0103rc\u0103toare USB-C de 20W<\/a>:<\/strong> Ideale pentru o \u00eenc\u0103rcare rapid\u0103 \u0219i eficient\u0103.<\/li><li><strong>\u00cenc\u0103rc\u0103toare MagSafe:<\/strong> Perfecte pentru utilizatorii care prefer\u0103 \u00eenc\u0103rcarea wireless.<\/li><li><strong>Cablu Lightning la USB-C:<\/strong> Compatibil cu cele mai recente modele de iPhone.<\/li><li><strong>Seturi complete de \u00eenc\u0103rcare:<\/strong> Include adaptor \u0219i cablu, pentru o solu\u021bie complet\u0103.<\/li><\/ul>\t\t\t\t\t\t\t\t<\/div>\n\t\t\t\t<\/div>\n\t\t\t\t\t<\/div>\n\t\t\t\t<\/div>\n\t\t\t\t<\/div>","protected":false},"excerpt":{"rendered":"<p>\u00cen\u0103rc\u0103tor iPhone Achizi\u021bionarea unui \u00eenc\u0103rc\u0103tor iPhone de la un pre\u021b special de la Apple Plug este o investi\u021bie inteligent\u0103 pentru protec\u021bia \u0219i performan\u021ba dispozitivului t\u0103u. Alege \u00eentotdeauna produse originale pentru a te bucura de o experien\u021b\u0103 de utilizare sigur\u0103 \u0219i eficient\u0103. Cu Apple Plug, ai garan\u021bia calit\u0103\u021bii, siguran\u021bei \u0219i a pre\u021burilor competitive. \u00cenc\u0103rc\u0103tor iPhone de [&#8230;]\n","protected":false},"author":57,"featured_media":11749,"parent":0,"menu_order":0,"comment_status":"closed","ping_status":"closed","template":"","meta":{"_glsr_average":0,"_glsr_ranking":0,"_glsr_reviews":0,"footnotes":""},"class_list":["post-20273","page","type-page","status-publish","has-post-thumbnail","hentry"],"yoast_head":"<!-- This site is optimized with the Yoast SEO plugin v27.3 - https:\/\/yoast.com\/product\/yoast-seo-wordpress\/ -->\n<title>\u00cenc\u0103rc\u0103tor iPhone - Apple Plug<\/title>\n<meta name=\"robots\" content=\"index, follow, max-snippet:-1, max-image-preview:large, max-video-preview:-1\" \/>\n<link rel=\"canonical\" href=\"https:\/\/appleplug.ro\/hu\/incarcator-iphone\/\" \/>\n<meta property=\"og:locale\" content=\"hu_HU\" \/>\n<meta property=\"og:type\" content=\"article\" \/>\n<meta property=\"og:title\" content=\"\u00cenc\u0103rc\u0103tor iPhone - Apple Plug\" \/>\n<meta property=\"og:description\" content=\"\u00cen\u0103rc\u0103tor iPhone Achizi\u021bionarea unui \u00eenc\u0103rc\u0103tor iPhone de la un pre\u021b special de la Apple Plug este o investi\u021bie inteligent\u0103 pentru protec\u021bia \u0219i performan\u021ba dispozitivului t\u0103u. Alege \u00eentotdeauna produse originale pentru a te bucura de o experien\u021b\u0103 de utilizare sigur\u0103 \u0219i eficient\u0103. Cu Apple Plug, ai garan\u021bia calit\u0103\u021bii, siguran\u021bei \u0219i a pre\u021burilor competitive. \u00cenc\u0103rc\u0103tor iPhone de [...]\" \/>\n<meta property=\"og:url\" content=\"https:\/\/appleplug.ro\/hu\/incarcator-iphone\/\" \/>\n<meta property=\"og:site_name\" content=\"Apple Plug\" \/>\n<meta property=\"article:publisher\" content=\"https:\/\/www.facebook.com\/profile.php?id=100089820235797\" \/>\n<meta property=\"article:modified_time\" content=\"2025-01-15T14:23:42+00:00\" \/>\n<meta property=\"og:image\" content=\"https:\/\/appleplug.ro\/wp-content\/uploads\/2024\/06\/Incarcator-Apple-A2347-USB-C-Fast-Charging-20W.jpeg\" \/>\n\t<meta property=\"og:image:width\" content=\"1000\" \/>\n\t<meta property=\"og:image:height\" content=\"1000\" \/>\n\t<meta property=\"og:image:type\" content=\"image\/jpeg\" \/>\n<meta name=\"twitter:card\" content=\"summary_large_image\" \/>\n<meta name=\"twitter:label1\" content=\"Becs\u00fclt olvas\u00e1si id\u0151\" \/>\n\t<meta name=\"twitter:data1\" content=\"4 perc\" \/>\n<script type=\"application\/ld+json\" class=\"yoast-schema-graph\">{\"@context\":\"https:\\\/\\\/schema.org\",\"@graph\":[{\"@type\":\"WebPage\",\"@id\":\"https:\\\/\\\/appleplug.ro\\\/incarcator-iphone\\\/\",\"url\":\"https:\\\/\\\/appleplug.ro\\\/incarcator-iphone\\\/\",\"name\":\"\u00cenc\u0103rc\u0103tor iPhone - Apple Plug\",\"isPartOf\":{\"@id\":\"https:\\\/\\\/appleplug.ro\\\/#website\"},\"primaryImageOfPage\":{\"@id\":\"https:\\\/\\\/appleplug.ro\\\/incarcator-iphone\\\/#primaryimage\"},\"image\":{\"@id\":\"https:\\\/\\\/appleplug.ro\\\/incarcator-iphone\\\/#primaryimage\"},\"thumbnailUrl\":\"https:\\\/\\\/i0.wp.com\\\/appleplug.ro\\\/wp-content\\\/uploads\\\/2024\\\/06\\\/Incarcator-Apple-A2347-USB-C-Fast-Charging-20W.jpeg?fit=1000%2C1000&ssl=1\",\"datePublished\":\"2025-01-15T14:16:45+00:00\",\"dateModified\":\"2025-01-15T14:23:42+00:00\",\"breadcrumb\":{\"@id\":\"https:\\\/\\\/appleplug.ro\\\/incarcator-iphone\\\/#breadcrumb\"},\"inLanguage\":\"hu\",\"potentialAction\":[{\"@type\":\"ReadAction\",\"target\":[\"https:\\\/\\\/appleplug.ro\\\/incarcator-iphone\\\/\"]}]},{\"@type\":\"ImageObject\",\"inLanguage\":\"hu\",\"@id\":\"https:\\\/\\\/appleplug.ro\\\/incarcator-iphone\\\/#primaryimage\",\"url\":\"https:\\\/\\\/i0.wp.com\\\/appleplug.ro\\\/wp-content\\\/uploads\\\/2024\\\/06\\\/Incarcator-Apple-A2347-USB-C-Fast-Charging-20W.jpeg?fit=1000%2C1000&ssl=1\",\"contentUrl\":\"https:\\\/\\\/i0.wp.com\\\/appleplug.ro\\\/wp-content\\\/uploads\\\/2024\\\/06\\\/Incarcator-Apple-A2347-USB-C-Fast-Charging-20W.jpeg?fit=1000%2C1000&ssl=1\",\"width\":1000,\"height\":1000,\"caption\":\"Incarcator Apple A2347 USB-C Fast Charging 20W\"},{\"@type\":\"BreadcrumbList\",\"@id\":\"https:\\\/\\\/appleplug.ro\\\/incarcator-iphone\\\/#breadcrumb\",\"itemListElement\":[{\"@type\":\"ListItem\",\"position\":1,\"name\":\"Acas\u0103\",\"item\":\"https:\\\/\\\/appleplug.ro\\\/\"},{\"@type\":\"ListItem\",\"position\":2,\"name\":\"\u00cenc\u0103rc\u0103tor iPhone\"}]},{\"@type\":\"WebSite\",\"@id\":\"https:\\\/\\\/appleplug.ro\\\/#website\",\"url\":\"https:\\\/\\\/appleplug.ro\\\/\",\"name\":\"Apple Plug\",\"description\":\"Magazin online de telefoane second hand IPhone \u0219i accesorii\",\"publisher\":{\"@id\":\"https:\\\/\\\/appleplug.ro\\\/#organization\"},\"potentialAction\":[{\"@type\":\"SearchAction\",\"target\":{\"@type\":\"EntryPoint\",\"urlTemplate\":\"https:\\\/\\\/appleplug.ro\\\/?s={search_term_string}\"},\"query-input\":{\"@type\":\"PropertyValueSpecification\",\"valueRequired\":true,\"valueName\":\"search_term_string\"}}],\"inLanguage\":\"hu\"},{\"@type\":\"Organization\",\"@id\":\"https:\\\/\\\/appleplug.ro\\\/#organization\",\"name\":\"Apple Plug\",\"url\":\"https:\\\/\\\/appleplug.ro\\\/\",\"logo\":{\"@type\":\"ImageObject\",\"inLanguage\":\"hu\",\"@id\":\"https:\\\/\\\/appleplug.ro\\\/#\\\/schema\\\/logo\\\/image\\\/\",\"url\":\"https:\\\/\\\/i0.wp.com\\\/appleplug.ro\\\/wp-content\\\/uploads\\\/2024\\\/04\\\/cropped-White-logo-no-background.png?fit=3167%2C560&ssl=1\",\"contentUrl\":\"https:\\\/\\\/i0.wp.com\\\/appleplug.ro\\\/wp-content\\\/uploads\\\/2024\\\/04\\\/cropped-White-logo-no-background.png?fit=3167%2C560&ssl=1\",\"width\":3167,\"height\":560,\"caption\":\"Apple Plug\"},\"image\":{\"@id\":\"https:\\\/\\\/appleplug.ro\\\/#\\\/schema\\\/logo\\\/image\\\/\"},\"sameAs\":[\"https:\\\/\\\/www.facebook.com\\\/profile.php?id=100089820235797\",\"https:\\\/\\\/www.instagram.com\\\/appleplug_romania?igsh=MWJ1YTQ2bGdvZ2Uzag&utm_source=qr\"]}]}<\/script>\n<!-- \/ Yoast SEO plugin. -->","yoast_head_json":{"title":"\u00cenc\u0103rc\u0103tor iPhone - Apple Plug","robots":{"index":"index","follow":"follow","max-snippet":"max-snippet:-1","max-image-preview":"max-image-preview:large","max-video-preview":"max-video-preview:-1"},"canonical":"https:\/\/appleplug.ro\/hu\/incarcator-iphone\/","og_locale":"hu_HU","og_type":"article","og_title":"\u00cenc\u0103rc\u0103tor iPhone - Apple Plug","og_description":"\u00cen\u0103rc\u0103tor iPhone Achizi\u021bionarea unui \u00eenc\u0103rc\u0103tor iPhone de la un pre\u021b special de la Apple Plug este o investi\u021bie inteligent\u0103 pentru protec\u021bia \u0219i performan\u021ba dispozitivului t\u0103u. Alege \u00eentotdeauna produse originale pentru a te bucura de o experien\u021b\u0103 de utilizare sigur\u0103 \u0219i eficient\u0103. Cu Apple Plug, ai garan\u021bia calit\u0103\u021bii, siguran\u021bei \u0219i a pre\u021burilor competitive. \u00cenc\u0103rc\u0103tor iPhone de [...]","og_url":"https:\/\/appleplug.ro\/hu\/incarcator-iphone\/","og_site_name":"Apple Plug","article_publisher":"https:\/\/www.facebook.com\/profile.php?id=100089820235797","article_modified_time":"2025-01-15T14:23:42+00:00","og_image":[{"width":1000,"height":1000,"url":"https:\/\/appleplug.ro\/wp-content\/uploads\/2024\/06\/Incarcator-Apple-A2347-USB-C-Fast-Charging-20W.jpeg","type":"image\/jpeg"}],"twitter_card":"summary_large_image","twitter_misc":{"Becs\u00fclt olvas\u00e1si id\u0151":"4 perc"},"schema":{"@context":"https:\/\/schema.org","@graph":[{"@type":"WebPage","@id":"https:\/\/appleplug.ro\/incarcator-iphone\/","url":"https:\/\/appleplug.ro\/incarcator-iphone\/","name":"\u00cenc\u0103rc\u0103tor iPhone - Apple Plug","isPartOf":{"@id":"https:\/\/appleplug.ro\/#website"},"primaryImageOfPage":{"@id":"https:\/\/appleplug.ro\/incarcator-iphone\/#primaryimage"},"image":{"@id":"https:\/\/appleplug.ro\/incarcator-iphone\/#primaryimage"},"thumbnailUrl":"https:\/\/i0.wp.com\/appleplug.ro\/wp-content\/uploads\/2024\/06\/Incarcator-Apple-A2347-USB-C-Fast-Charging-20W.jpeg?fit=1000%2C1000&ssl=1","datePublished":"2025-01-15T14:16:45+00:00","dateModified":"2025-01-15T14:23:42+00:00","breadcrumb":{"@id":"https:\/\/appleplug.ro\/incarcator-iphone\/#breadcrumb"},"inLanguage":"hu","potentialAction":[{"@type":"ReadAction","target":["https:\/\/appleplug.ro\/incarcator-iphone\/"]}]},{"@type":"ImageObject","inLanguage":"hu","@id":"https:\/\/appleplug.ro\/incarcator-iphone\/#primaryimage","url":"https:\/\/i0.wp.com\/appleplug.ro\/wp-content\/uploads\/2024\/06\/Incarcator-Apple-A2347-USB-C-Fast-Charging-20W.jpeg?fit=1000%2C1000&ssl=1","contentUrl":"https:\/\/i0.wp.com\/appleplug.ro\/wp-content\/uploads\/2024\/06\/Incarcator-Apple-A2347-USB-C-Fast-Charging-20W.jpeg?fit=1000%2C1000&ssl=1","width":1000,"height":1000,"caption":"Incarcator Apple A2347 USB-C Fast Charging 20W"},{"@type":"BreadcrumbList","@id":"https:\/\/appleplug.ro\/incarcator-iphone\/#breadcrumb","itemListElement":[{"@type":"ListItem","position":1,"name":"Acas\u0103","item":"https:\/\/appleplug.ro\/"},{"@type":"ListItem","position":2,"name":"\u00cenc\u0103rc\u0103tor iPhone"}]},{"@type":"WebSite","@id":"https:\/\/appleplug.ro\/#website","url":"https:\/\/appleplug.ro\/","name":"Apple Plug","description":"Haszn\u00e1lt IPhone telefonok \u00e9s tartoz\u00e9kok online boltja","publisher":{"@id":"https:\/\/appleplug.ro\/#organization"},"potentialAction":[{"@type":"SearchAction","target":{"@type":"EntryPoint","urlTemplate":"https:\/\/appleplug.ro\/?s={search_term_string}"},"query-input":{"@type":"PropertyValueSpecification","valueRequired":true,"valueName":"search_term_string"}}],"inLanguage":"hu"},{"@type":"Organization","@id":"https:\/\/appleplug.ro\/#organization","name":"Apple Plug","url":"https:\/\/appleplug.ro\/","logo":{"@type":"ImageObject","inLanguage":"hu","@id":"https:\/\/appleplug.ro\/#\/schema\/logo\/image\/","url":"https:\/\/i0.wp.com\/appleplug.ro\/wp-content\/uploads\/2024\/04\/cropped-White-logo-no-background.png?fit=3167%2C560&ssl=1","contentUrl":"https:\/\/i0.wp.com\/appleplug.ro\/wp-content\/uploads\/2024\/04\/cropped-White-logo-no-background.png?fit=3167%2C560&ssl=1","width":3167,"height":560,"caption":"Apple Plug"},"image":{"@id":"https:\/\/appleplug.ro\/#\/schema\/logo\/image\/"},"sameAs":["https:\/\/www.facebook.com\/profile.php?id=100089820235797","https:\/\/www.instagram.com\/appleplug_romania?igsh=MWJ1YTQ2bGdvZ2Uzag&utm_source=qr"]}]}},"jetpack_sharing_enabled":true,"_links":{"self":[{"href":"https:\/\/appleplug.ro\/hu\/wp-json\/wp\/v2\/pages\/20273","targetHints":{"allow":["GET"]}}],"collection":[{"href":"https:\/\/appleplug.ro\/hu\/wp-json\/wp\/v2\/pages"}],"about":[{"href":"https:\/\/appleplug.ro\/hu\/wp-json\/wp\/v2\/types\/page"}],"author":[{"embeddable":true,"href":"https:\/\/appleplug.ro\/hu\/wp-json\/wp\/v2\/users\/57"}],"replies":[{"embeddable":true,"href":"https:\/\/appleplug.ro\/hu\/wp-json\/wp\/v2\/comments?post=20273"}],"version-history":[{"count":10,"href":"https:\/\/appleplug.ro\/hu\/wp-json\/wp\/v2\/pages\/20273\/revisions"}],"predecessor-version":[{"id":20286,"href":"https:\/\/appleplug.ro\/hu\/wp-json\/wp\/v2\/pages\/20273\/revisions\/20286"}],"wp:featuredmedia":[{"embeddable":true,"href":"https:\/\/appleplug.ro\/hu\/wp-json\/wp\/v2\/media\/11749"}],"wp:attachment":[{"href":"https:\/\/appleplug.ro\/hu\/wp-json\/wp\/v2\/media?parent=20273"}],"curies":[{"name":"wp","href":"https:\/\/api.w.org\/{rel}","templated":true}]}}