{"id":20013,"date":"2025-01-08T16:42:04","date_gmt":"2025-01-08T14:42:04","guid":{"rendered":"https:\/\/appleplug.ro\/?page_id=20013"},"modified":"2025-02-02T21:08:53","modified_gmt":"2025-02-02T19:08:53","slug":"huse-si-folii-pentru-seria-iphone-13","status":"publish","type":"page","link":"https:\/\/appleplug.ro\/hu\/huse-si-folii-pentru-seria-iphone-13\/","title":{"rendered":"huse \u0219i folii pentru seria iPhone 13"},"content":{"rendered":"\t\t<div data-elementor-type=\"wp-page\" data-elementor-id=\"20013\" class=\"elementor elementor-20013\" wpc-filter-elementor-widget=\"1\" data-elementor-post-type=\"page\">\n\t\t\t\t<div class=\"elementor-element elementor-element-330ecb5 e-flex e-con-boxed e-con e-parent\" data-id=\"330ecb5\" data-element_type=\"container\" data-e-type=\"container\">\n\t\t\t\t\t<div class=\"e-con-inner\">\n\t\t\t\t<div class=\"elementor-element elementor-element-115ce68 elementor-widget elementor-widget-heading\" data-id=\"115ce68\" data-element_type=\"widget\" data-e-type=\"widget\" data-widget_type=\"heading.default\">\n\t\t\t\t<div class=\"elementor-widget-container\">\n\t\t\t\t\t<h2 class=\"elementor-heading-title elementor-size-default\">huse \u0219i folii pentru iPhone 13, 13 Mini, 13 Pro \u0219i 13 Pro Max\u200b\u200b<\/h2>\t\t\t\t<\/div>\n\t\t\t\t<\/div>\n\t\t\t\t\t<\/div>\n\t\t\t\t<\/div>\n\t\t<div class=\"elementor-element elementor-element-24d2ba0 e-flex e-con-boxed e-con e-parent\" data-id=\"24d2ba0\" data-element_type=\"container\" data-e-type=\"container\">\n\t\t\t\t\t<div class=\"e-con-inner\">\n\t\t\t\t<div class=\"elementor-element elementor-element-1f16085 elementor-widget elementor-widget-spacer\" data-id=\"1f16085\" data-element_type=\"widget\" data-e-type=\"widget\" data-widget_type=\"spacer.default\">\n\t\t\t\t<div class=\"elementor-widget-container\">\n\t\t\t\t\t\t\t<div class=\"elementor-spacer\">\n\t\t\t<div class=\"elementor-spacer-inner\"><\/div>\n\t\t<\/div>\n\t\t\t\t\t\t<\/div>\n\t\t\t\t<\/div>\n\t\t\t\t\t<\/div>\n\t\t\t\t<\/div>\n\t\t<div class=\"elementor-element elementor-element-baf0a80 e-flex e-con-boxed e-con e-parent\" data-id=\"baf0a80\" data-element_type=\"container\" data-e-type=\"container\">\n\t\t\t\t\t<div class=\"e-con-inner\">\n\t\t\t\t<div class=\"elementor-element elementor-element-d3f24d5 elementor-widget elementor-widget-text-editor\" data-id=\"d3f24d5\" data-element_type=\"widget\" data-e-type=\"widget\" data-widget_type=\"text-editor.default\">\n\t\t\t\t<div class=\"elementor-widget-container\">\n\t\t\t\t\t\t\t\t\t<p>Dac\u0103 ai un <a href=\"https:\/\/appleplug.ro\/iphone-13\/\"><strong>iPhone 13, 13 Mini, 13 Pro sau 13 Pro Max<\/strong><\/a>, cu siguran\u021b\u0103 vrei s\u0103-l protejezi c\u00e2t mai bine. La <strong>Apple Plug<\/strong>, g\u0103se\u0219ti <strong>huse rezistente \u0219i folii premium<\/strong>, perfecte pentru a-\u021bi men\u021bine telefonul \u00een siguran\u021b\u0103, f\u0103r\u0103 s\u0103 afecteze aspectul elegant.<\/p>\t\t\t\t\t\t\t\t<\/div>\n\t\t\t\t<\/div>\n\t\t\t\t\t<\/div>\n\t\t\t\t<\/div>\n\t\t<div class=\"elementor-element elementor-element-a04f493 e-flex e-con-boxed e-con e-parent\" data-id=\"a04f493\" data-element_type=\"container\" data-e-type=\"container\">\n\t\t\t\t\t<div class=\"e-con-inner\">\n\t\t\t\t\t<\/div>\n\t\t\t\t<\/div>\n\t\t<div class=\"elementor-element elementor-element-17e292f e-flex e-con-boxed e-con e-parent\" data-id=\"17e292f\" data-element_type=\"container\" data-e-type=\"container\">\n\t\t\t\t\t<div class=\"e-con-inner\">\n\t\t\t\t<div class=\"elementor-element elementor-element-0101a98 elementor-widget elementor-widget-text-editor\" data-id=\"0101a98\" data-element_type=\"widget\" data-e-type=\"widget\" data-widget_type=\"text-editor.default\">\n\t\t\t\t<div class=\"elementor-widget-container\">\n\t\t\t\t\t\t\t\t\t<div class=\"flex max-w-full flex-col flex-grow AIPRM__conversation__response\"><div class=\"min-h-8 text-message flex w-full flex-col items-end gap-2 whitespace-normal break-words text-start [.text-message+&amp;]:mt-5\" dir=\"auto\" data-message-author-role=\"assistant\" data-message-id=\"790999a9-86c3-44a2-beab-0ced8d2bb567\" data-message-model-slug=\"gpt-4o\"><div class=\"flex w-full flex-col gap-1 empty:hidden first:pt-[3px]\"><div class=\"markdown prose w-full break-words dark:prose-invert light\"><h3>\ud83d\udcf1 <strong>Huse pentru <a href=\"https:\/\/appleplug.ro\/iphone-13\/\">iPhone 13, 13 Mini, 13 Pro \u0219i 13 Pro Max<\/a><\/strong><\/h3><p><strong>1. Ce tipuri de huse sunt disponibile pentru seria iPhone 13?<\/strong><br \/>\ud83d\udccc La Apple Plug g\u0103se\u0219ti:<\/p><ul><li><strong>Huse din silicon<\/strong> \u2013 flexibile, moi \u0219i pl\u0103cute la atingere<\/li><li><strong>Huse transparente<\/strong> \u2013 protec\u021bie discret\u0103, f\u0103r\u0103 s\u0103 ascund\u0103 designul telefonului<\/li><li><strong>Huse MagSafe<\/strong> \u2013 compatibile cu tehnologia MagSafe pentru \u00eenc\u0103rcare rapid\u0103 \u0219i accesorii Apple<\/li><li><strong>Huse rugged (anti-\u0219oc)<\/strong> \u2013 cu protec\u021bie \u00eent\u0103rit\u0103 la col\u021buri pentru rezisten\u021b\u0103 maxim\u0103<\/li><li><strong>Huse din piele<\/strong> \u2013 premium, elegante \u0219i confortabile<\/li><\/ul><p><strong>2. O hus\u0103 de iPhone 13 se potrive\u0219te pe iPhone 13 Mini?<\/strong><br \/>\ud83d\udccc <strong>Nu<\/strong>, iPhone 13 Mini are un ecran mai mic (<strong>5,4 inci<\/strong>), \u00een timp ce iPhone 13 are <strong>6,1 inci<\/strong>, deci husele nu sunt compatibile \u00eentre ele.<\/p><p><strong>3. Husele pentru iPhone 13 Pro sunt compatibile cu iPhone 13?<\/strong><br \/>\ud83d\udccc <strong>Nu \u00eentotdeauna.<\/strong> De\u0219i ambele au un ecran de <strong>6,1 inci<\/strong>, modulul de camere de pe iPhone 13 Pro este mai mare, a\u0219a c\u0103 ai nevoie de o hus\u0103 special\u0103 pentru acest model.<\/p><p><strong>4. Exist\u0103 huse speciale pentru iPhone 13 Pro Max?<\/strong><br \/>\ud83d\udccc Da, pentru <strong>iPhone 13 Pro Max<\/strong> avem huse ultra-sub\u021biri, dar \u0219i variante robuste, perfecte pentru protec\u021bia total\u0103 a telefonului.<\/p><p><strong>5. Pot \u00eenc\u0103rca telefonul wireless cu o hus\u0103?<\/strong><br \/>\ud83d\udccc <strong>Da<\/strong>, majoritatea huselor sunt compatibile cu \u00eenc\u0103rcarea wireless. Pentru MagSafe, ai nevoie de <strong>o hus\u0103 dedicat\u0103 cu magne\u021bi integra\u021bi<\/strong>.<\/p><h3>\u00a0<\/h3><h3>\ud83d\udee1 <strong>Folie de protec\u021bie pentru iPhone 13, 13 Mini, 13 Pro \u0219i 13 Pro Max<\/strong><\/h3><p><strong>6. Ce tipuri de folii de protec\u021bie sunt disponibile?<\/strong><br \/>\ud83d\udccc La Apple Plug g\u0103se\u0219ti:<\/p><ul><li><strong>Folie din sticl\u0103 securizat\u0103<\/strong> \u2013 ofer\u0103 protec\u021bie \u00eempotriva zg\u00e2rieturilor \u0219i \u0219ocurilor<\/li><li><strong>Folie ceramic\u0103<\/strong> \u2013 mai flexibil\u0103 \u0219i mai rezistent\u0103 la impact<\/li><li><strong>Folie anti-reflexie<\/strong> \u2013 reduce str\u0103lucirea ecranului \u00een lumin\u0103 puternic\u0103<\/li><li><strong>Folie privacy<\/strong> \u2013 protejeaz\u0103 informa\u021biile de privirile indiscrete<\/li><\/ul><p><strong>7. Este necesar\u0103 o folie de protec\u021bie dac\u0103 folosesc o hus\u0103?<\/strong><br \/>\ud83d\udccc <strong>Da<\/strong>, pentru c\u0103 <strong>husa protejeaz\u0103 spatele \u0219i marginile telefonului<\/strong>, dar <strong>ecranul r\u0103m\u00e2ne expus<\/strong> la zg\u00e2rieturi \u0219i lovituri.<\/p><p><strong>8. Foliile afecteaz\u0103 sensibilitatea touch-ului?<\/strong><br \/>\ud83d\udccc <strong>Nu<\/strong>, foliile premium sunt <strong>sub\u021biri \u0219i nu reduc deloc sensibilitatea ecranului<\/strong>.<\/p><p><strong>9. Cum aplic corect folia de protec\u021bie?<\/strong><br \/>\ud83d\udccc Urmeaz\u0103 ace\u0219ti pa\u0219i:<\/p><ol><li>Cur\u0103\u021b\u0103 bine ecranul cu un \u0219erve\u021bel umed \u0219i un puf de praf<\/li><li>Aliniaz\u0103 folia cu marginile ecranului<\/li><li>Aplic\u0103 folia \u00eencet, ap\u0103s\u00e2nd u\u0219or pentru a elimina bulele de aer<\/li><\/ol><p><strong>10. Pot \u00eenlocui folia dac\u0103 se zg\u00e2rie sau se sparge?<\/strong><br \/>\ud83d\udccc <strong>Da<\/strong>, foliile se pot schimba rapid \u0219i u\u0219or. <strong>La Apple Plug, beneficiezi de discount pentru a doua folie!<\/strong><\/p><h3>\u00a0<\/h3><h3>\ud83d\udcb0 <strong>Oferte \u0219i pre\u021buri speciale la Apple Plug<\/strong><\/h3><p><strong>11. Ce oferte sunt disponibile pentru huse \u0219i folii de iPhone 13?<\/strong><br \/>\ud83d\udccc Apple Plug ofer\u0103 <strong>pachete promo\u021bionale<\/strong> cu <strong>reduceri pentru huse + folii<\/strong>.<\/p><p><strong>12. Exist\u0103 reduceri pentru achizi\u021bia mai multor accesorii?<\/strong><br \/>\ud83d\udccc Da, po\u021bi beneficia de <strong>discount la achizi\u021bia a dou\u0103 sau mai multe accesorii<\/strong>.<\/p><p><strong>13. Husele \u0219i foliile sunt originale Apple?<\/strong><br \/>\ud83d\udccc Apple Plug ofer\u0103 at\u00e2t <strong>huse originale Apple<\/strong>, c\u00e2t \u0219i variante <strong>third-party premium<\/strong>.<\/p><p><strong>14. Pot returna produsul dac\u0103 nu mi se potrive\u0219te?<\/strong><br \/>\ud83d\udccc Da, Apple Plug ofer\u0103 o <strong>politic\u0103 de retur flexibil\u0103<\/strong>.<\/p><p><strong>15. C\u00e2t dureaz\u0103 livrarea?<\/strong><br \/>\ud83d\udccc <strong>Livrare rapid\u0103 \u00een 24-48 de ore<\/strong> \u00een toat\u0103 Rom\u00e2nia!<\/p><h3>\u00a0<\/h3><h3>\ud83d\ude80 <strong>Protejeaz\u0103-\u021bi iPhone-ul 13 cu stil \u0219i siguran\u021b\u0103!<\/strong><\/h3><p>\ud83d\udce2 <strong>Intr\u0103 acum pe Apple Plug \u0219i descoper\u0103 gama de huse \u0219i folii pentru iPhone 13, 13 Mini, 13 Pro \u0219i 13 Pro Max la cele mai bune pre\u021buri!<\/strong><\/p><\/div><\/div><\/div><\/div>\t\t\t\t\t\t\t\t<\/div>\n\t\t\t\t<\/div>\n\t\t\t\t\t<\/div>\n\t\t\t\t<\/div>\n\t\t\t\t<\/div>\n\t\t","protected":false},"excerpt":{"rendered":"<p>huse \u0219i folii pentru iPhone 13, 13 Mini, 13 Pro \u0219i 13 Pro Max\u200b\u200b Dac\u0103 ai un iPhone 13, 13 Mini, 13 Pro sau 13 Pro Max, cu siguran\u021b\u0103 vrei s\u0103-l protejezi c\u00e2t mai bine. La Apple Plug, g\u0103se\u0219ti huse rezistente \u0219i folii premium, perfecte pentru a-\u021bi men\u021bine telefonul \u00een siguran\u021b\u0103, f\u0103r\u0103 s\u0103 afecteze aspectul [&#8230;]\n","protected":false},"author":57,"featured_media":0,"parent":0,"menu_order":0,"comment_status":"closed","ping_status":"closed","template":"","meta":{"_glsr_average":0,"_glsr_ranking":0,"_glsr_reviews":0,"footnotes":""},"class_list":["post-20013","page","type-page","status-publish","hentry"],"yoast_head":"<!-- This site is optimized with the Yoast SEO plugin v27.3 - https:\/\/yoast.com\/product\/yoast-seo-wordpress\/ -->\n<title>Huse \u0219i folii pentru iPhone 13, 13 Mini, 13 Pro \u0219i 13 Pro Max - Apple Plug<\/title>\n<meta name=\"description\" content=\"Dac\u0103 ai un iPhone 13, 13 Mini, 13 Pro sau 13 Pro Max, cu siguran\u021b\u0103 vrei s\u0103-l protejezi c\u00e2t mai bine.\" \/>\n<meta name=\"robots\" content=\"index, follow, max-snippet:-1, max-image-preview:large, max-video-preview:-1\" \/>\n<link rel=\"canonical\" href=\"https:\/\/appleplug.ro\/hu\/huse-si-folii-pentru-seria-iphone-13\/\" \/>\n<meta property=\"og:locale\" content=\"hu_HU\" \/>\n<meta property=\"og:type\" content=\"article\" \/>\n<meta property=\"og:title\" content=\"Huse \u0219i folii pentru iPhone 13, 13 Mini, 13 Pro \u0219i 13 Pro Max - Apple Plug\" \/>\n<meta property=\"og:description\" content=\"Dac\u0103 ai un iPhone 13, 13 Mini, 13 Pro sau 13 Pro Max, cu siguran\u021b\u0103 vrei s\u0103-l protejezi c\u00e2t mai bine.\" \/>\n<meta property=\"og:url\" content=\"https:\/\/appleplug.ro\/hu\/huse-si-folii-pentru-seria-iphone-13\/\" \/>\n<meta property=\"og:site_name\" content=\"Apple Plug\" \/>\n<meta property=\"article:publisher\" content=\"https:\/\/www.facebook.com\/profile.php?id=100089820235797\" \/>\n<meta property=\"article:modified_time\" content=\"2025-02-02T19:08:53+00:00\" \/>\n<meta name=\"twitter:card\" content=\"summary_large_image\" \/>\n<meta name=\"twitter:label1\" content=\"Becs\u00fclt olvas\u00e1si id\u0151\" \/>\n\t<meta name=\"twitter:data1\" content=\"4 perc\" \/>\n<script type=\"application\/ld+json\" class=\"yoast-schema-graph\">{\"@context\":\"https:\\\/\\\/schema.org\",\"@graph\":[{\"@type\":\"WebPage\",\"@id\":\"https:\\\/\\\/appleplug.ro\\\/huse-si-folii-pentru-seria-iphone-13\\\/\",\"url\":\"https:\\\/\\\/appleplug.ro\\\/huse-si-folii-pentru-seria-iphone-13\\\/\",\"name\":\"Huse \u0219i folii pentru iPhone 13, 13 Mini, 13 Pro \u0219i 13 Pro Max - Apple Plug\",\"isPartOf\":{\"@id\":\"https:\\\/\\\/appleplug.ro\\\/#website\"},\"datePublished\":\"2025-01-08T14:42:04+00:00\",\"dateModified\":\"2025-02-02T19:08:53+00:00\",\"description\":\"Dac\u0103 ai un iPhone 13, 13 Mini, 13 Pro sau 13 Pro Max, cu siguran\u021b\u0103 vrei s\u0103-l protejezi c\u00e2t mai bine.\",\"breadcrumb\":{\"@id\":\"https:\\\/\\\/appleplug.ro\\\/huse-si-folii-pentru-seria-iphone-13\\\/#breadcrumb\"},\"inLanguage\":\"hu\",\"potentialAction\":[{\"@type\":\"ReadAction\",\"target\":[\"https:\\\/\\\/appleplug.ro\\\/huse-si-folii-pentru-seria-iphone-13\\\/\"]}]},{\"@type\":\"BreadcrumbList\",\"@id\":\"https:\\\/\\\/appleplug.ro\\\/huse-si-folii-pentru-seria-iphone-13\\\/#breadcrumb\",\"itemListElement\":[{\"@type\":\"ListItem\",\"position\":1,\"name\":\"Acas\u0103\",\"item\":\"https:\\\/\\\/appleplug.ro\\\/\"},{\"@type\":\"ListItem\",\"position\":2,\"name\":\"huse \u0219i folii pentru seria iPhone 13\"}]},{\"@type\":\"WebSite\",\"@id\":\"https:\\\/\\\/appleplug.ro\\\/#website\",\"url\":\"https:\\\/\\\/appleplug.ro\\\/\",\"name\":\"Apple Plug\",\"description\":\"Magazin online de telefoane second hand IPhone \u0219i accesorii\",\"publisher\":{\"@id\":\"https:\\\/\\\/appleplug.ro\\\/#organization\"},\"potentialAction\":[{\"@type\":\"SearchAction\",\"target\":{\"@type\":\"EntryPoint\",\"urlTemplate\":\"https:\\\/\\\/appleplug.ro\\\/?s={search_term_string}\"},\"query-input\":{\"@type\":\"PropertyValueSpecification\",\"valueRequired\":true,\"valueName\":\"search_term_string\"}}],\"inLanguage\":\"hu\"},{\"@type\":\"Organization\",\"@id\":\"https:\\\/\\\/appleplug.ro\\\/#organization\",\"name\":\"Apple Plug\",\"url\":\"https:\\\/\\\/appleplug.ro\\\/\",\"logo\":{\"@type\":\"ImageObject\",\"inLanguage\":\"hu\",\"@id\":\"https:\\\/\\\/appleplug.ro\\\/#\\\/schema\\\/logo\\\/image\\\/\",\"url\":\"https:\\\/\\\/i0.wp.com\\\/appleplug.ro\\\/wp-content\\\/uploads\\\/2024\\\/04\\\/cropped-White-logo-no-background.png?fit=3167%2C560&ssl=1\",\"contentUrl\":\"https:\\\/\\\/i0.wp.com\\\/appleplug.ro\\\/wp-content\\\/uploads\\\/2024\\\/04\\\/cropped-White-logo-no-background.png?fit=3167%2C560&ssl=1\",\"width\":3167,\"height\":560,\"caption\":\"Apple Plug\"},\"image\":{\"@id\":\"https:\\\/\\\/appleplug.ro\\\/#\\\/schema\\\/logo\\\/image\\\/\"},\"sameAs\":[\"https:\\\/\\\/www.facebook.com\\\/profile.php?id=100089820235797\",\"https:\\\/\\\/www.instagram.com\\\/appleplug_romania?igsh=MWJ1YTQ2bGdvZ2Uzag&utm_source=qr\"]}]}<\/script>\n<!-- \/ Yoast SEO plugin. -->","yoast_head_json":{"title":"Huse \u0219i folii pentru iPhone 13, 13 Mini, 13 Pro \u0219i 13 Pro Max - Apple Plug","description":"Dac\u0103 ai un iPhone 13, 13 Mini, 13 Pro sau 13 Pro Max, cu siguran\u021b\u0103 vrei s\u0103-l protejezi c\u00e2t mai bine.","robots":{"index":"index","follow":"follow","max-snippet":"max-snippet:-1","max-image-preview":"max-image-preview:large","max-video-preview":"max-video-preview:-1"},"canonical":"https:\/\/appleplug.ro\/hu\/huse-si-folii-pentru-seria-iphone-13\/","og_locale":"hu_HU","og_type":"article","og_title":"Huse \u0219i folii pentru iPhone 13, 13 Mini, 13 Pro \u0219i 13 Pro Max - Apple Plug","og_description":"Dac\u0103 ai un iPhone 13, 13 Mini, 13 Pro sau 13 Pro Max, cu siguran\u021b\u0103 vrei s\u0103-l protejezi c\u00e2t mai bine.","og_url":"https:\/\/appleplug.ro\/hu\/huse-si-folii-pentru-seria-iphone-13\/","og_site_name":"Apple Plug","article_publisher":"https:\/\/www.facebook.com\/profile.php?id=100089820235797","article_modified_time":"2025-02-02T19:08:53+00:00","twitter_card":"summary_large_image","twitter_misc":{"Becs\u00fclt olvas\u00e1si id\u0151":"4 perc"},"schema":{"@context":"https:\/\/schema.org","@graph":[{"@type":"WebPage","@id":"https:\/\/appleplug.ro\/huse-si-folii-pentru-seria-iphone-13\/","url":"https:\/\/appleplug.ro\/huse-si-folii-pentru-seria-iphone-13\/","name":"Huse \u0219i folii pentru iPhone 13, 13 Mini, 13 Pro \u0219i 13 Pro Max - Apple Plug","isPartOf":{"@id":"https:\/\/appleplug.ro\/#website"},"datePublished":"2025-01-08T14:42:04+00:00","dateModified":"2025-02-02T19:08:53+00:00","description":"Dac\u0103 ai un iPhone 13, 13 Mini, 13 Pro sau 13 Pro Max, cu siguran\u021b\u0103 vrei s\u0103-l protejezi c\u00e2t mai bine.","breadcrumb":{"@id":"https:\/\/appleplug.ro\/huse-si-folii-pentru-seria-iphone-13\/#breadcrumb"},"inLanguage":"hu","potentialAction":[{"@type":"ReadAction","target":["https:\/\/appleplug.ro\/huse-si-folii-pentru-seria-iphone-13\/"]}]},{"@type":"BreadcrumbList","@id":"https:\/\/appleplug.ro\/huse-si-folii-pentru-seria-iphone-13\/#breadcrumb","itemListElement":[{"@type":"ListItem","position":1,"name":"Acas\u0103","item":"https:\/\/appleplug.ro\/"},{"@type":"ListItem","position":2,"name":"huse \u0219i folii pentru seria iPhone 13"}]},{"@type":"WebSite","@id":"https:\/\/appleplug.ro\/#website","url":"https:\/\/appleplug.ro\/","name":"Apple Plug","description":"Haszn\u00e1lt IPhone telefonok \u00e9s tartoz\u00e9kok online boltja","publisher":{"@id":"https:\/\/appleplug.ro\/#organization"},"potentialAction":[{"@type":"SearchAction","target":{"@type":"EntryPoint","urlTemplate":"https:\/\/appleplug.ro\/?s={search_term_string}"},"query-input":{"@type":"PropertyValueSpecification","valueRequired":true,"valueName":"search_term_string"}}],"inLanguage":"hu"},{"@type":"Organization","@id":"https:\/\/appleplug.ro\/#organization","name":"Apple Plug","url":"https:\/\/appleplug.ro\/","logo":{"@type":"ImageObject","inLanguage":"hu","@id":"https:\/\/appleplug.ro\/#\/schema\/logo\/image\/","url":"https:\/\/i0.wp.com\/appleplug.ro\/wp-content\/uploads\/2024\/04\/cropped-White-logo-no-background.png?fit=3167%2C560&ssl=1","contentUrl":"https:\/\/i0.wp.com\/appleplug.ro\/wp-content\/uploads\/2024\/04\/cropped-White-logo-no-background.png?fit=3167%2C560&ssl=1","width":3167,"height":560,"caption":"Apple Plug"},"image":{"@id":"https:\/\/appleplug.ro\/#\/schema\/logo\/image\/"},"sameAs":["https:\/\/www.facebook.com\/profile.php?id=100089820235797","https:\/\/www.instagram.com\/appleplug_romania?igsh=MWJ1YTQ2bGdvZ2Uzag&utm_source=qr"]}]}},"jetpack_sharing_enabled":true,"_links":{"self":[{"href":"https:\/\/appleplug.ro\/hu\/wp-json\/wp\/v2\/pages\/20013","targetHints":{"allow":["GET"]}}],"collection":[{"href":"https:\/\/appleplug.ro\/hu\/wp-json\/wp\/v2\/pages"}],"about":[{"href":"https:\/\/appleplug.ro\/hu\/wp-json\/wp\/v2\/types\/page"}],"author":[{"embeddable":true,"href":"https:\/\/appleplug.ro\/hu\/wp-json\/wp\/v2\/users\/57"}],"replies":[{"embeddable":true,"href":"https:\/\/appleplug.ro\/hu\/wp-json\/wp\/v2\/comments?post=20013"}],"version-history":[{"count":7,"href":"https:\/\/appleplug.ro\/hu\/wp-json\/wp\/v2\/pages\/20013\/revisions"}],"predecessor-version":[{"id":20724,"href":"https:\/\/appleplug.ro\/hu\/wp-json\/wp\/v2\/pages\/20013\/revisions\/20724"}],"wp:attachment":[{"href":"https:\/\/appleplug.ro\/hu\/wp-json\/wp\/v2\/media?parent=20013"}],"curies":[{"name":"wp","href":"https:\/\/api.w.org\/{rel}","templated":true}]}}