{"id":11,"date":"2024-02-10T11:02:26","date_gmt":"2024-02-10T11:02:26","guid":{"rendered":"https:\/\/appleplug.ro\/contul-meu\/"},"modified":"2024-02-10T11:02:26","modified_gmt":"2024-02-10T11:02:26","slug":"contul-meu","status":"publish","type":"page","link":"https:\/\/appleplug.ro\/hu\/contul-meu\/","title":{"rendered":"Contul meu"},"content":{"rendered":"<div class=\"woocommerce\"><div class=\"woocommerce-notices-wrapper\"><\/div>\n<div class=\"account-container lightbox-inner\">\n\n\t\n\t<div class=\"col2-set row row-divided row-large\" id=\"customer_login\">\n\n\t\t<div class=\"col-1 large-6 col pb-0\">\n\n\t\t\t\n\t\t\t<div class=\"account-login-inner\">\n\n\t\t\t\t<h2 class=\"uppercase h3\" data-no-translation=\"\" data-trp-gettext=\"\">Bejelentkez\u00e9s<\/h2>\n\n\t\t\t\t<form class=\"woocommerce-form woocommerce-form-login login\" method=\"post\" novalidate action=\"\">\n\n\t\t\t\t\t<div id='klarna-identity-button' class='siwk-button' style='width: 100%; max-width: 100%;'><\/div>\n\t\t\t\t\t<p class=\"woocommerce-form-row woocommerce-form-row--wide form-row form-row-wide\">\n\t\t\t\t\t\t<label for=\"username\">Felhaszn\u00e1l\u00f3n\u00e9v vagy e-mail c\u00edm&nbsp;<span class=\"required\" aria-hidden=\"true\">*<\/span><span class=\"screen-reader-text\" data-no-translation=\"\" data-trp-gettext=\"\">K\u00f6telez\u0151<\/span><\/label>\n\t\t\t\t\t\t<input type=\"text\" class=\"woocommerce-Input woocommerce-Input--text input-text\" name=\"username\" id=\"username\" autocomplete=\"username\" value=\"\" required aria-required=\"true\" \/>\t\t\t\t\t<\/p>\n\t\t\t\t\t<p class=\"woocommerce-form-row woocommerce-form-row--wide form-row form-row-wide\">\n\t\t\t\t\t\t<label for=\"password\">Jelsz\u00f3&nbsp;<span class=\"required\" aria-hidden=\"true\">*<\/span><span class=\"screen-reader-text\" data-no-translation=\"\" data-trp-gettext=\"\">K\u00f6telez\u0151<\/span><\/label>\n\t\t\t\t\t\t<input class=\"woocommerce-Input woocommerce-Input--text input-text\" type=\"password\" name=\"password\" id=\"password\" autocomplete=\"current-password\" required aria-required=\"true\" \/>\n\t\t\t\t\t<\/p>\n\n\t\t\t\t\t\n\t\t\t\t\t<p class=\"form-row\">\n\t\t\t\t\t\t<label class=\"woocommerce-form__label woocommerce-form__label-for-checkbox woocommerce-form-login__rememberme\">\n\t\t\t\t\t\t\t<input class=\"woocommerce-form__input woocommerce-form__input-checkbox\" name=\"rememberme\" type=\"checkbox\" id=\"rememberme\" value=\"forever\" \/> <span data-no-translation=\"\" data-trp-gettext=\"\">Eml\u00e9kezz r\u00e1m<\/span>\n\t\t\t\t\t\t<\/label>\n\t\t\t\t\t\t<input type=\"hidden\" id=\"woocommerce-login-nonce\" name=\"woocommerce-login-nonce\" value=\"cec46f00b5\" \/><input type=\"hidden\" name=\"_wp_http_referer\" value=\"\/hu\/wp-json\/wp\/v2\/pages\/11\" \/>\t\t\t\t\t\t<button type=\"submit\" class=\"woocommerce-button button woocommerce-form-login__submit\" name=\"login\" value=\"Bejelentkez\u00e9s\" data-no-translation=\"\" data-trp-gettext=\"\" data-no-translation-value=\"\">Bejelentkez\u00e9s<\/button>\n\t\t\t\t\t<\/p>\n\t\t\t\t\t<p class=\"woocommerce-LostPassword lost_password\">\n\t\t\t\t\t\t<a href=\"https:\/\/appleplug.ro\/hu\/contul-meu\/lost-password\/\" data-no-translation=\"\" data-trp-gettext=\"\">Elfelejtette a jelszav\u00e1t?<\/a>\n\t\t\t\t\t<\/p>\n\n\t\t\t\t\t\n\t\t\t\t<input type=\"hidden\" name=\"trp-form-language\" value=\"hu\"\/><\/form>\n\t\t\t<\/div>\n\n\t\t\t\n\t\t<\/div>\n\n\t\t<div class=\"col-2 large-6 col pb-0\">\n\n\t\t\t<div class=\"account-register-inner\">\n\n\t\t\t\t<h2 class=\"uppercase h3\" data-no-translation=\"\" data-trp-gettext=\"\">Regisztr\u00e1ci\u00f3<\/h2>\n\n\t\t\t\t<form method=\"post\" class=\"woocommerce-form woocommerce-form-register register\" action=\"\"  >\n\n\t\t\t\t\t\n\t\t\t\t\t\n\t\t\t\t\t\t<p class=\"woocommerce-form-row woocommerce-form-row--wide form-row form-row-wide\">\n\t\t\t\t\t\t\t<label for=\"reg_username\">Felhaszn\u00e1l\u00f3n\u00e9v&nbsp;<span class=\"required\" aria-hidden=\"true\">*<\/span><span class=\"screen-reader-text\" data-no-translation=\"\" data-trp-gettext=\"\">K\u00f6telez\u0151<\/span><\/label>\n\t\t\t\t\t\t\t<input type=\"text\" class=\"woocommerce-Input woocommerce-Input--text input-text\" name=\"username\" id=\"reg_username\" autocomplete=\"username\" value=\"\" required aria-required=\"true\" \/>\t\t\t\t\t\t<\/p>\n\n\t\t\t\t\t\n\t\t\t\t\t<p class=\"woocommerce-form-row woocommerce-form-row--wide form-row form-row-wide\">\n\t\t\t\t\t\t<label for=\"reg_email\">E-mail c\u00edm&nbsp;<span class=\"required\" aria-hidden=\"true\">*<\/span><span class=\"screen-reader-text\" data-no-translation=\"\" data-trp-gettext=\"\">K\u00f6telez\u0151<\/span><\/label>\n\t\t\t\t\t\t<input type=\"email\" class=\"woocommerce-Input woocommerce-Input--text input-text\" name=\"email\" id=\"reg_email\" autocomplete=\"email\" value=\"\" required aria-required=\"true\" \/>\t\t\t\t\t<\/p>\n\n\t\t\t\t\t\n\t\t\t\t\t\t<p class=\"woocommerce-form-row woocommerce-form-row--wide form-row form-row-wide\">\n\t\t\t\t\t\t\t<label for=\"reg_password\">Jelsz\u00f3&nbsp;<span class=\"required\" aria-hidden=\"true\">*<\/span><span class=\"screen-reader-text\" data-no-translation=\"\" data-trp-gettext=\"\">K\u00f6telez\u0151<\/span><\/label>\n\t\t\t\t\t\t\t<input type=\"password\" class=\"woocommerce-Input woocommerce-Input--text input-text\" name=\"password\" id=\"reg_password\" autocomplete=\"new-password\" required aria-required=\"true\" \/>\n\t\t\t\t\t\t<\/p>\n\n\t\t\t\t\t\n\t\t\t\t\t<p class=\"form-row form-row-wide mailchimp-newsletter\"><label for=\"mailchimp_woocommerce_newsletter\" class=\"woocommerce-form__label woocommerce-form__label-for-checkbox inline\"><input class=\"woocommerce-form__input woocommerce-form__input-checkbox input-checkbox\" id=\"mailchimp_woocommerce_newsletter\" type=\"checkbox\" name=\"mailchimp_woocommerce_newsletter\" value=\"1\" checked=\"checked\"> <span>Subscribe to our newsletter<\/span><\/label><\/p><div class=\"clear\"><\/div><wc-order-attribution-inputs><\/wc-order-attribution-inputs><div class=\"woocommerce-privacy-policy-text\"><p>Az \u00d6n szem\u00e9lyes adatait arra haszn\u00e1ljuk fel, hogy jav\u00edtsuk az \u00d6n felhaszn\u00e1l\u00f3i \u00e9lm\u00e9ny\u00e9t ezen a weboldalon, hogy kezelj\u00fck a fi\u00f3kj\u00e1hoz val\u00f3 hozz\u00e1f\u00e9r\u00e9st, valamint a k\u00f6vetkez\u0151 pontokban le\u00edrt egy\u00e9b c\u00e9lokra. <a href=\"https:\/\/appleplug.ro\/hu\/politica-de-confidentialitate\/\" class=\"woocommerce-privacy-policy-link\" target=\"_blank\" data-no-translation=\"\" data-trp-gettext=\"\">adatv\u00e9delmi politika<\/a>.<\/p>\n<\/div>\n\t\t\t\t\t<p class=\"woocommerce-form-row form-row\">\n\t\t\t\t\t\t<input type=\"hidden\" id=\"woocommerce-register-nonce\" name=\"woocommerce-register-nonce\" value=\"03e9d1828e\" \/><input type=\"hidden\" name=\"_wp_http_referer\" value=\"\/hu\/wp-json\/wp\/v2\/pages\/11\" \/>\t\t\t\t\t\t<button type=\"submit\" class=\"woocommerce-Button woocommerce-button button woocommerce-form-register__submit\" name=\"register\" value=\"Regisztr\u00e1ci\u00f3\" data-no-translation=\"\" data-trp-gettext=\"\" data-no-translation-value=\"\">Regisztr\u00e1ci\u00f3<\/button>\n\t\t\t\t\t<\/p>\n\n\t\t\t\t\t\n\t\t\t\t<input type=\"hidden\" name=\"trp-form-language\" value=\"hu\"\/><\/form>\n\n\t\t\t<\/div>\n\n\t\t<\/div>\n\n\t<\/div>\n\n<\/div>\n\n<\/div>","protected":false},"excerpt":{"rendered":"","protected":false},"author":1,"featured_media":0,"parent":0,"menu_order":0,"comment_status":"closed","ping_status":"closed","template":"","meta":{"_glsr_average":0,"_glsr_ranking":0,"_glsr_reviews":0,"footnotes":""},"class_list":["post-11","page","type-page","status-publish","hentry"],"yoast_head":"<!-- This site is optimized with the Yoast SEO plugin v27.3 - https:\/\/yoast.com\/product\/yoast-seo-wordpress\/ -->\n<title>Contul meu - Apple Plug<\/title>\n<meta name=\"robots\" content=\"index, follow, max-snippet:-1, max-image-preview:large, max-video-preview:-1\" \/>\n<link rel=\"canonical\" href=\"https:\/\/appleplug.ro\/hu\/contul-meu\/\" \/>\n<meta property=\"og:locale\" content=\"hu_HU\" \/>\n<meta property=\"og:type\" content=\"article\" \/>\n<meta property=\"og:title\" content=\"Contul meu - Apple Plug\" \/>\n<meta property=\"og:url\" content=\"https:\/\/appleplug.ro\/hu\/contul-meu\/\" \/>\n<meta property=\"og:site_name\" content=\"Apple Plug\" \/>\n<meta property=\"article:publisher\" content=\"https:\/\/www.facebook.com\/profile.php?id=100089820235797\" \/>\n<meta name=\"twitter:card\" content=\"summary_large_image\" \/>\n<script type=\"application\/ld+json\" class=\"yoast-schema-graph\">{\"@context\":\"https:\\\/\\\/schema.org\",\"@graph\":[{\"@type\":\"WebPage\",\"@id\":\"https:\\\/\\\/appleplug.ro\\\/contul-meu\\\/\",\"url\":\"https:\\\/\\\/appleplug.ro\\\/contul-meu\\\/\",\"name\":\"Contul meu - Apple Plug\",\"isPartOf\":{\"@id\":\"https:\\\/\\\/appleplug.ro\\\/#website\"},\"datePublished\":\"2024-02-10T11:02:26+00:00\",\"breadcrumb\":{\"@id\":\"https:\\\/\\\/appleplug.ro\\\/contul-meu\\\/#breadcrumb\"},\"inLanguage\":\"hu\",\"potentialAction\":[{\"@type\":\"ReadAction\",\"target\":[\"https:\\\/\\\/appleplug.ro\\\/contul-meu\\\/\"]}]},{\"@type\":\"BreadcrumbList\",\"@id\":\"https:\\\/\\\/appleplug.ro\\\/contul-meu\\\/#breadcrumb\",\"itemListElement\":[{\"@type\":\"ListItem\",\"position\":1,\"name\":\"Acas\u0103\",\"item\":\"https:\\\/\\\/appleplug.ro\\\/\"},{\"@type\":\"ListItem\",\"position\":2,\"name\":\"Contul meu\"}]},{\"@type\":\"WebSite\",\"@id\":\"https:\\\/\\\/appleplug.ro\\\/#website\",\"url\":\"https:\\\/\\\/appleplug.ro\\\/\",\"name\":\"Apple Plug\",\"description\":\"Magazin online de telefoane second hand IPhone \u0219i accesorii\",\"publisher\":{\"@id\":\"https:\\\/\\\/appleplug.ro\\\/#organization\"},\"potentialAction\":[{\"@type\":\"SearchAction\",\"target\":{\"@type\":\"EntryPoint\",\"urlTemplate\":\"https:\\\/\\\/appleplug.ro\\\/?s={search_term_string}\"},\"query-input\":{\"@type\":\"PropertyValueSpecification\",\"valueRequired\":true,\"valueName\":\"search_term_string\"}}],\"inLanguage\":\"hu\"},{\"@type\":\"Organization\",\"@id\":\"https:\\\/\\\/appleplug.ro\\\/#organization\",\"name\":\"Apple Plug\",\"url\":\"https:\\\/\\\/appleplug.ro\\\/\",\"logo\":{\"@type\":\"ImageObject\",\"inLanguage\":\"hu\",\"@id\":\"https:\\\/\\\/appleplug.ro\\\/#\\\/schema\\\/logo\\\/image\\\/\",\"url\":\"https:\\\/\\\/i0.wp.com\\\/appleplug.ro\\\/wp-content\\\/uploads\\\/2024\\\/04\\\/cropped-White-logo-no-background.png?fit=3167%2C560&ssl=1\",\"contentUrl\":\"https:\\\/\\\/i0.wp.com\\\/appleplug.ro\\\/wp-content\\\/uploads\\\/2024\\\/04\\\/cropped-White-logo-no-background.png?fit=3167%2C560&ssl=1\",\"width\":3167,\"height\":560,\"caption\":\"Apple Plug\"},\"image\":{\"@id\":\"https:\\\/\\\/appleplug.ro\\\/#\\\/schema\\\/logo\\\/image\\\/\"},\"sameAs\":[\"https:\\\/\\\/www.facebook.com\\\/profile.php?id=100089820235797\",\"https:\\\/\\\/www.instagram.com\\\/appleplug_romania?igsh=MWJ1YTQ2bGdvZ2Uzag&utm_source=qr\"]}]}<\/script>\n<!-- \/ Yoast SEO plugin. -->","yoast_head_json":{"title":"Fi\u00f3kom - Apple Plug","robots":{"index":"index","follow":"follow","max-snippet":"max-snippet:-1","max-image-preview":"max-image-preview:large","max-video-preview":"max-video-preview:-1"},"canonical":"https:\/\/appleplug.ro\/hu\/contul-meu\/","og_locale":"hu_HU","og_type":"article","og_title":"Contul meu - Apple Plug","og_url":"https:\/\/appleplug.ro\/hu\/contul-meu\/","og_site_name":"Apple Plug","article_publisher":"https:\/\/www.facebook.com\/profile.php?id=100089820235797","twitter_card":"summary_large_image","schema":{"@context":"https:\/\/schema.org","@graph":[{"@type":"WebPage","@id":"https:\/\/appleplug.ro\/contul-meu\/","url":"https:\/\/appleplug.ro\/contul-meu\/","name":"Fi\u00f3kom - Apple Plug","isPartOf":{"@id":"https:\/\/appleplug.ro\/#website"},"datePublished":"2024-02-10T11:02:26+00:00","breadcrumb":{"@id":"https:\/\/appleplug.ro\/contul-meu\/#breadcrumb"},"inLanguage":"hu","potentialAction":[{"@type":"ReadAction","target":["https:\/\/appleplug.ro\/contul-meu\/"]}]},{"@type":"BreadcrumbList","@id":"https:\/\/appleplug.ro\/contul-meu\/#breadcrumb","itemListElement":[{"@type":"ListItem","position":1,"name":"Acas\u0103","item":"https:\/\/appleplug.ro\/"},{"@type":"ListItem","position":2,"name":"Contul meu"}]},{"@type":"WebSite","@id":"https:\/\/appleplug.ro\/#website","url":"https:\/\/appleplug.ro\/","name":"Apple Plug","description":"Haszn\u00e1lt IPhone telefonok \u00e9s tartoz\u00e9kok online boltja","publisher":{"@id":"https:\/\/appleplug.ro\/#organization"},"potentialAction":[{"@type":"SearchAction","target":{"@type":"EntryPoint","urlTemplate":"https:\/\/appleplug.ro\/?s={search_term_string}"},"query-input":{"@type":"PropertyValueSpecification","valueRequired":true,"valueName":"search_term_string"}}],"inLanguage":"hu"},{"@type":"Organization","@id":"https:\/\/appleplug.ro\/#organization","name":"Apple Plug","url":"https:\/\/appleplug.ro\/","logo":{"@type":"ImageObject","inLanguage":"hu","@id":"https:\/\/appleplug.ro\/#\/schema\/logo\/image\/","url":"https:\/\/i0.wp.com\/appleplug.ro\/wp-content\/uploads\/2024\/04\/cropped-White-logo-no-background.png?fit=3167%2C560&ssl=1","contentUrl":"https:\/\/i0.wp.com\/appleplug.ro\/wp-content\/uploads\/2024\/04\/cropped-White-logo-no-background.png?fit=3167%2C560&ssl=1","width":3167,"height":560,"caption":"Apple Plug"},"image":{"@id":"https:\/\/appleplug.ro\/#\/schema\/logo\/image\/"},"sameAs":["https:\/\/www.facebook.com\/profile.php?id=100089820235797","https:\/\/www.instagram.com\/appleplug_romania?igsh=MWJ1YTQ2bGdvZ2Uzag&utm_source=qr"]}]}},"jetpack_sharing_enabled":true,"_links":{"self":[{"href":"https:\/\/appleplug.ro\/hu\/wp-json\/wp\/v2\/pages\/11","targetHints":{"allow":["GET"]}}],"collection":[{"href":"https:\/\/appleplug.ro\/hu\/wp-json\/wp\/v2\/pages"}],"about":[{"href":"https:\/\/appleplug.ro\/hu\/wp-json\/wp\/v2\/types\/page"}],"author":[{"embeddable":true,"href":"https:\/\/appleplug.ro\/hu\/wp-json\/wp\/v2\/users\/1"}],"replies":[{"embeddable":true,"href":"https:\/\/appleplug.ro\/hu\/wp-json\/wp\/v2\/comments?post=11"}],"version-history":[{"count":0,"href":"https:\/\/appleplug.ro\/hu\/wp-json\/wp\/v2\/pages\/11\/revisions"}],"wp:attachment":[{"href":"https:\/\/appleplug.ro\/hu\/wp-json\/wp\/v2\/media?parent=11"}],"curies":[{"name":"wp","href":"https:\/\/api.w.org\/{rel}","templated":true}]}}